{"id":990097,"date":"2025-07-28T00:26:25","date_gmt":"2025-07-28T00:26:25","guid":{"rendered":"https:\/\/agrovetazerbaijan.az\/?post_type=product&#038;p=990097"},"modified":"2025-07-28T00:26:46","modified_gmt":"2025-07-28T00:26:46","slug":"carnaval-premium-boyuk-itl%c9%99r-ucun-yem-quzu-%c9%99ti-il%c9%99","status":"publish","type":"product","link":"https:\/\/agrovetazerbaijan.az\/en\/product\/carnaval-premium-boyuk-itl%c9%99r-ucun-yem-quzu-%c9%99ti-il%c9%99\/","title":{"rendered":"Carnaval Premium Food for Large Dogs \u2013 With Lamb"},"content":{"rendered":"<div class=\"vgblk-rw-wrapper limit-wrapper\">\n<h3 data-start=\"112\" data-end=\"172\">Carnaval Premium Food for Large Dogs \u2013 <strong data-start=\"156\" data-end=\"172\">With Lamb<\/strong><\/h3>\n<p data-start=\"174\" data-end=\"368\"><strong data-start=\"174\" data-end=\"215\">Carnaval Premium Adult Food with Lamb<\/strong> \u2013 a balanced and vitamin-enriched wet dog food with at least 41% lamb. Provides ideal nutrition for healthy and energetic growth.<\/p>\n<h4 data-start=\"370\" data-end=\"386\">\ud83d\udc11 Ingredients:<\/h4>\n<ul data-start=\"387\" data-end=\"493\">\n<li data-start=\"387\" data-end=\"431\">\n<p data-start=\"389\" data-end=\"431\">Meat and meat products (at least 4% lamb)<\/p>\n<\/li>\n<li data-start=\"432\" data-end=\"459\">\n<p data-start=\"434\" data-end=\"459\">Herbal products<\/p>\n<\/li>\n<li data-start=\"460\" data-end=\"493\">\n<p data-start=\"462\" data-end=\"493\">Minerals and vitamin supplements<\/p>\n<\/li>\n<\/ul>\n<h4 data-start=\"495\" data-end=\"519\">\ud83d\udd2c Analytical composition:<\/h4>\n<ul data-start=\"520\" data-end=\"614\">\n<li data-start=\"520\" data-end=\"539\">\n<p data-start=\"522\" data-end=\"539\"><strong data-start=\"522\" data-end=\"532\">Protein:<\/strong> 7.0%<\/p>\n<\/li>\n<li data-start=\"540\" data-end=\"557\">\n<p data-start=\"542\" data-end=\"557\"><strong data-start=\"542\" data-end=\"550\">Oil:<\/strong> 3.0%<\/p>\n<\/li>\n<li data-start=\"558\" data-end=\"575\">\n<p data-start=\"560\" data-end=\"575\"><strong data-start=\"560\" data-end=\"568\">Fiber:<\/strong> 0.4%<\/p>\n<\/li>\n<li data-start=\"576\" data-end=\"593\">\n<p data-start=\"578\" data-end=\"593\"><strong data-start=\"578\" data-end=\"586\">Ash:<\/strong> 3.0%<\/p>\n<\/li>\n<li data-start=\"594\" data-end=\"614\">\n<p data-start=\"596\" data-end=\"614\"><strong data-start=\"596\" data-end=\"608\">Humidity:<\/strong> 82.0%<\/p>\n<\/li>\n<\/ul>\n<hr data-start=\"616\" data-end=\"619\" \/>\n<p data-start=\"621\" data-end=\"712\">This food helps your dog stay healthy and strong by meeting his daily needs.<\/p>\n<\/div>\n<p><!-- .vgblk-rw-wrapper --><\/p>","protected":false},"excerpt":{"rendered":"<p>Carnaval Premium B\u00f6y\u00fck \u0130tl\u0259r \u00fc\u00e7\u00fcn Yem \u2013 Quzu \u018fti il\u0259 Carnaval Premium Adult Food with Lamb \u2013 \u0259n az\u0131 4% quzu \u0259ti t\u0259rkibli, balansla\u015fd\u0131r\u0131lm\u0131\u015f v\u0259 vitaminl\u0259rl\u0259 z\u0259nginl\u0259\u015fdirilmi\u015f ya\u015f it yemidir. Sa\u011flam v\u0259 enerjili b\u00f6y\u00fcm\u0259 \u00fc\u00e7\u00fcn ideal qida t\u0259min edir. \ud83d\udc11 T\u0259rkibi: \u018ft v\u0259 \u0259t m\u0259hsullar\u0131 (\u0259n az\u0131 4% quzu \u0259ti) Bitki m\u0259n\u015f\u0259li m\u0259hsullar Minerallar v\u0259&#8230;<\/p>","protected":false},"featured_media":990098,"comment_status":"open","ping_status":"closed","template":"","meta":{"nf_dc_page":"","_monsterinsights_skip_tracking":false,"_monsterinsights_sitenote_active":false,"_monsterinsights_sitenote_note":"","_monsterinsights_sitenote_category":0},"product_brand":[],"product_cat":[244,58,245],"product_tag":[],"class_list":{"0":"post-990097","1":"product","2":"type-product","3":"status-publish","4":"has-post-thumbnail","6":"product_cat-it-ve-pisik-mehsullari","7":"product_cat-dog","8":"product_cat-yemler","10":"first","11":"instock","12":"shipping-taxable","13":"product-type-simple"},"jetpack_sharing_enabled":true,"_links":{"self":[{"href":"https:\/\/agrovetazerbaijan.az\/en\/wp-json\/wp\/v2\/product\/990097","targetHints":{"allow":["GET"]}}],"collection":[{"href":"https:\/\/agrovetazerbaijan.az\/en\/wp-json\/wp\/v2\/product"}],"about":[{"href":"https:\/\/agrovetazerbaijan.az\/en\/wp-json\/wp\/v2\/types\/product"}],"replies":[{"embeddable":true,"href":"https:\/\/agrovetazerbaijan.az\/en\/wp-json\/wp\/v2\/comments?post=990097"}],"version-history":[{"count":1,"href":"https:\/\/agrovetazerbaijan.az\/en\/wp-json\/wp\/v2\/product\/990097\/revisions"}],"predecessor-version":[{"id":990099,"href":"https:\/\/agrovetazerbaijan.az\/en\/wp-json\/wp\/v2\/product\/990097\/revisions\/990099"}],"wp:featuredmedia":[{"embeddable":true,"href":"https:\/\/agrovetazerbaijan.az\/en\/wp-json\/wp\/v2\/media\/990098"}],"wp:attachment":[{"href":"https:\/\/agrovetazerbaijan.az\/en\/wp-json\/wp\/v2\/media?parent=990097"}],"wp:term":[{"taxonomy":"product_brand","embeddable":true,"href":"https:\/\/agrovetazerbaijan.az\/en\/wp-json\/wp\/v2\/product_brand?post=990097"},{"taxonomy":"product_cat","embeddable":true,"href":"https:\/\/agrovetazerbaijan.az\/en\/wp-json\/wp\/v2\/product_cat?post=990097"},{"taxonomy":"product_tag","embeddable":true,"href":"https:\/\/agrovetazerbaijan.az\/en\/wp-json\/wp\/v2\/product_tag?post=990097"}],"curies":[{"name":"wp","href":"https:\/\/api.w.org\/{rel}","templated":true}]}}