{"id":990094,"date":"2025-07-28T00:24:25","date_gmt":"2025-07-28T00:24:25","guid":{"rendered":"https:\/\/agrovetazerbaijan.az\/?post_type=product&#038;p=990094"},"modified":"2025-07-28T00:24:45","modified_gmt":"2025-07-28T00:24:45","slug":"carnaval-premium-boyuk-pisikl%c9%99r-ucun-yas-yem-quzu-%c9%99ti-il%c9%99","status":"publish","type":"product","link":"https:\/\/agrovetazerbaijan.az\/en\/product\/carnaval-premium-boyuk-pisikl%c9%99r-ucun-yas-yem-quzu-%c9%99ti-il%c9%99\/","title":{"rendered":"Carnaval Premium Wet Food for Large Cats \u2013 With Lamb"},"content":{"rendered":"<div class=\"vgblk-rw-wrapper limit-wrapper\">\n<h3 data-start=\"111\" data-end=\"178\">Carnaval Premium Wet Food for Large Cats \u2013 <strong data-start=\"162\" data-end=\"178\">With Lamb<\/strong><\/h3>\n<p data-start=\"180\" data-end=\"393\"><strong data-start=\"180\" data-end=\"221\">Carnaval Premium Adult Food with Lamb<\/strong> \u2013 a balanced and vitamin-enriched wet food for adults, containing at least 41% lamb. An ideal choice for maintaining health and energy.<\/p>\n<h4 data-start=\"395\" data-end=\"411\">\ud83d\udc11 Ingredients:<\/h4>\n<ul data-start=\"412\" data-end=\"518\">\n<li data-start=\"412\" data-end=\"456\">\n<p data-start=\"414\" data-end=\"456\">Meat and meat products (lamb meat at least 4%)<\/p>\n<\/li>\n<li data-start=\"457\" data-end=\"484\">\n<p data-start=\"459\" data-end=\"484\">Herbal products<\/p>\n<\/li>\n<li data-start=\"485\" data-end=\"518\">\n<p data-start=\"487\" data-end=\"518\">Minerals and vitamin supplements<\/p>\n<\/li>\n<\/ul>\n<h4 data-start=\"520\" data-end=\"550\">\ud83d\udd2c Analytical indicators:<\/h4>\n<ul data-start=\"551\" data-end=\"645\">\n<li data-start=\"551\" data-end=\"570\">\n<p data-start=\"553\" data-end=\"570\"><strong data-start=\"553\" data-end=\"563\">Protein:<\/strong> 7.5%<\/p>\n<\/li>\n<li data-start=\"571\" data-end=\"588\">\n<p data-start=\"573\" data-end=\"588\"><strong data-start=\"573\" data-end=\"581\">Oil:<\/strong> 4.0%<\/p>\n<\/li>\n<li data-start=\"589\" data-end=\"606\">\n<p data-start=\"591\" data-end=\"606\"><strong data-start=\"591\" data-end=\"599\">Fiber:<\/strong> 0.4%<\/p>\n<\/li>\n<li data-start=\"607\" data-end=\"624\">\n<p data-start=\"609\" data-end=\"624\"><strong data-start=\"609\" data-end=\"617\">Ash:<\/strong> 3.0%<\/p>\n<\/li>\n<li data-start=\"625\" data-end=\"645\">\n<p data-start=\"627\" data-end=\"645\"><strong data-start=\"627\" data-end=\"639\">Humidity:<\/strong> 82.0%<\/p>\n<\/li>\n<\/ul>\n<hr data-start=\"647\" data-end=\"650\" \/>\n<p data-start=\"652\" data-end=\"721\">Lamb meat is rich in flavor, natural and suitable for healthy nutrition.<\/p>\n<\/div>\n<p><!-- .vgblk-rw-wrapper --><\/p>","protected":false},"excerpt":{"rendered":"<p>Carnaval Premium B\u00f6y\u00fck Pi\u015fikl\u0259r \u00fc\u00e7\u00fcn Ya\u015f Yem \u2013 Quzu \u018fti il\u0259 Carnaval Premium Adult Food with Lamb \u2013 b\u00f6y\u00fckl\u0259r \u00fc\u00e7\u00fcn haz\u0131rlanm\u0131\u015f, \u0259n az\u0131 4% quzu \u0259ti t\u0259rkibli, balansla\u015fd\u0131r\u0131lm\u0131\u015f v\u0259 vitaminl\u0259rl\u0259 z\u0259nginl\u0259\u015fdirilmi\u015f ya\u015f yem. Sa\u011flaml\u0131q v\u0259 enerji t\u0259min etm\u0259k \u00fc\u00e7\u00fcn ideal se\u00e7imdir. \ud83d\udc11 T\u0259rkibi: \u018ft v\u0259 \u0259t m\u0259hsullar\u0131 (quzu \u0259ti \u0259n az\u0131 4%) Bitki m\u0259n\u015f\u0259li m\u0259hsullar&#8230;<\/p>","protected":false},"featured_media":990095,"comment_status":"open","ping_status":"closed","template":"","meta":{"nf_dc_page":"","_monsterinsights_skip_tracking":false,"_monsterinsights_sitenote_active":false,"_monsterinsights_sitenote_note":"","_monsterinsights_sitenote_category":0},"product_brand":[],"product_cat":[244,51,245],"product_tag":[],"class_list":{"0":"post-990094","1":"product","2":"type-product","3":"status-publish","4":"has-post-thumbnail","6":"product_cat-it-ve-pisik-mehsullari","7":"product_cat-cat","8":"product_cat-yemler","10":"first","11":"instock","12":"shipping-taxable","13":"product-type-simple"},"jetpack_sharing_enabled":true,"_links":{"self":[{"href":"https:\/\/agrovetazerbaijan.az\/en\/wp-json\/wp\/v2\/product\/990094","targetHints":{"allow":["GET"]}}],"collection":[{"href":"https:\/\/agrovetazerbaijan.az\/en\/wp-json\/wp\/v2\/product"}],"about":[{"href":"https:\/\/agrovetazerbaijan.az\/en\/wp-json\/wp\/v2\/types\/product"}],"replies":[{"embeddable":true,"href":"https:\/\/agrovetazerbaijan.az\/en\/wp-json\/wp\/v2\/comments?post=990094"}],"version-history":[{"count":1,"href":"https:\/\/agrovetazerbaijan.az\/en\/wp-json\/wp\/v2\/product\/990094\/revisions"}],"predecessor-version":[{"id":990096,"href":"https:\/\/agrovetazerbaijan.az\/en\/wp-json\/wp\/v2\/product\/990094\/revisions\/990096"}],"wp:featuredmedia":[{"embeddable":true,"href":"https:\/\/agrovetazerbaijan.az\/en\/wp-json\/wp\/v2\/media\/990095"}],"wp:attachment":[{"href":"https:\/\/agrovetazerbaijan.az\/en\/wp-json\/wp\/v2\/media?parent=990094"}],"wp:term":[{"taxonomy":"product_brand","embeddable":true,"href":"https:\/\/agrovetazerbaijan.az\/en\/wp-json\/wp\/v2\/product_brand?post=990094"},{"taxonomy":"product_cat","embeddable":true,"href":"https:\/\/agrovetazerbaijan.az\/en\/wp-json\/wp\/v2\/product_cat?post=990094"},{"taxonomy":"product_tag","embeddable":true,"href":"https:\/\/agrovetazerbaijan.az\/en\/wp-json\/wp\/v2\/product_tag?post=990094"}],"curies":[{"name":"wp","href":"https:\/\/api.w.org\/{rel}","templated":true}]}}