{"id":990091,"date":"2025-07-28T00:21:23","date_gmt":"2025-07-28T00:21:23","guid":{"rendered":"https:\/\/agrovetazerbaijan.az\/?post_type=product&#038;p=990091"},"modified":"2025-07-28T00:21:43","modified_gmt":"2025-07-28T00:21:43","slug":"carnaval-premium-boyuk-pisikl%c9%99r-ucun-yas-yem-somonlu","status":"publish","type":"product","link":"https:\/\/agrovetazerbaijan.az\/en\/product\/carnaval-premium-boyuk-pisikl%c9%99r-ucun-yas-yem-somonlu\/","title":{"rendered":"Carnaval Premium Wet Food for Large Cats \u2013 With Salmon"},"content":{"rendered":"<div class=\"vgblk-rw-wrapper limit-wrapper\">\n<h3 data-start=\"131\" data-end=\"193\">Carnaval Premium Wet Food for Large Cats \u2013 <strong data-start=\"182\" data-end=\"193\">Salmon<\/strong><\/h3>\n<p data-start=\"195\" data-end=\"427\"><strong data-start=\"195\" data-end=\"238\">Carnaval Premium Adult Food with Salmon<\/strong> \u2013 a balanced, protein- and vitamin-enriched, delicious wet food with salmon for adults. Suitable for sensitive digestive systems, it is an ideal choice to supplement the daily diet.<\/p>\n<h4 data-start=\"429\" data-end=\"445\">\ud83d\udc1f Ingredients:<\/h4>\n<ul data-start=\"446\" data-end=\"581\">\n<li data-start=\"446\" data-end=\"469\">\n<p data-start=\"448\" data-end=\"469\">Meat and meat products<\/p>\n<\/li>\n<li data-start=\"470\" data-end=\"519\">\n<p data-start=\"472\" data-end=\"519\">Fish and fish products (<strong data-start=\"499\" data-end=\"516\">salmon meat \u22654%<\/strong>)<\/p>\n<\/li>\n<li data-start=\"520\" data-end=\"547\">\n<p data-start=\"522\" data-end=\"547\">Herbal products<\/p>\n<\/li>\n<li data-start=\"548\" data-end=\"581\">\n<p data-start=\"550\" data-end=\"581\">Minerals and vitamin supplements<\/p>\n<\/li>\n<\/ul>\n<h4 data-start=\"583\" data-end=\"613\">\ud83d\udd2c Analytical indicators:<\/h4>\n<ul data-start=\"614\" data-end=\"708\">\n<li data-start=\"614\" data-end=\"633\">\n<p data-start=\"616\" data-end=\"633\"><strong data-start=\"616\" data-end=\"626\">Protein:<\/strong> 7.5%<\/p>\n<\/li>\n<li data-start=\"634\" data-end=\"651\">\n<p data-start=\"636\" data-end=\"651\"><strong data-start=\"636\" data-end=\"644\">Oil:<\/strong> 4.0%<\/p>\n<\/li>\n<li data-start=\"652\" data-end=\"669\">\n<p data-start=\"654\" data-end=\"669\"><strong data-start=\"654\" data-end=\"662\">Fiber:<\/strong> 0.4%<\/p>\n<\/li>\n<li data-start=\"670\" data-end=\"687\">\n<p data-start=\"672\" data-end=\"687\"><strong data-start=\"672\" data-end=\"680\">Ash:<\/strong> 3.0%<\/p>\n<\/li>\n<li data-start=\"688\" data-end=\"708\">\n<p data-start=\"690\" data-end=\"708\"><strong data-start=\"690\" data-end=\"702\">Humidity:<\/strong> 82.0%<\/p>\n<\/li>\n<\/ul>\n<hr data-start=\"710\" data-end=\"713\" \/>\n<p data-start=\"715\" data-end=\"794\"><strong data-start=\"715\" data-end=\"794\">Delicious salmon flavor + balanced formula = healthy and energetic cat!<\/strong><\/p>\n<p data-start=\"796\" data-end=\"904\" data-is-last-node=\"\" data-is-only-node=\"\">\n<\/div>\n<p><!-- .vgblk-rw-wrapper --><\/p>","protected":false},"excerpt":{"rendered":"<p>Carnaval Premium B\u00f6y\u00fck Pi\u015fikl\u0259r \u00fc\u00e7\u00fcn Ya\u015f Yem \u2013 Somonlu Carnaval Premium Adult Food with Salmon \u2013 b\u00f6y\u00fckl\u0259r \u00fc\u00e7\u00fcn balansla\u015fd\u0131r\u0131lm\u0131\u015f, z\u00fclal v\u0259 vitaminl\u0259rl\u0259 z\u0259nginl\u0259\u015fdirilmi\u015f, somon \u0259tli l\u0259zz\u0259tli ya\u015f yemdir. H\u0259ssas h\u0259zm sistemin\u0259 uy\u011fundur, g\u00fcnd\u0259lik rasionu tamamlamaq \u00fc\u00e7\u00fcn ideal se\u00e7imdir. \ud83d\udc1f T\u0259rkibi: \u018ft v\u0259 \u0259t m\u0259hsullar\u0131 Bal\u0131q v\u0259 bal\u0131q m\u0259hsullar\u0131 (somon \u0259ti \u22654%) Bitki m\u0259n\u015f\u0259li m\u0259hsullar Minerallar&#8230;<\/p>","protected":false},"featured_media":990092,"comment_status":"open","ping_status":"closed","template":"","meta":{"nf_dc_page":"","_monsterinsights_skip_tracking":false,"_monsterinsights_sitenote_active":false,"_monsterinsights_sitenote_note":"","_monsterinsights_sitenote_category":0},"product_brand":[],"product_cat":[244,51,245],"product_tag":[],"class_list":{"0":"post-990091","1":"product","2":"type-product","3":"status-publish","4":"has-post-thumbnail","6":"product_cat-it-ve-pisik-mehsullari","7":"product_cat-cat","8":"product_cat-yemler","10":"first","11":"instock","12":"shipping-taxable","13":"product-type-simple"},"jetpack_sharing_enabled":true,"_links":{"self":[{"href":"https:\/\/agrovetazerbaijan.az\/en\/wp-json\/wp\/v2\/product\/990091","targetHints":{"allow":["GET"]}}],"collection":[{"href":"https:\/\/agrovetazerbaijan.az\/en\/wp-json\/wp\/v2\/product"}],"about":[{"href":"https:\/\/agrovetazerbaijan.az\/en\/wp-json\/wp\/v2\/types\/product"}],"replies":[{"embeddable":true,"href":"https:\/\/agrovetazerbaijan.az\/en\/wp-json\/wp\/v2\/comments?post=990091"}],"version-history":[{"count":1,"href":"https:\/\/agrovetazerbaijan.az\/en\/wp-json\/wp\/v2\/product\/990091\/revisions"}],"predecessor-version":[{"id":990093,"href":"https:\/\/agrovetazerbaijan.az\/en\/wp-json\/wp\/v2\/product\/990091\/revisions\/990093"}],"wp:featuredmedia":[{"embeddable":true,"href":"https:\/\/agrovetazerbaijan.az\/en\/wp-json\/wp\/v2\/media\/990092"}],"wp:attachment":[{"href":"https:\/\/agrovetazerbaijan.az\/en\/wp-json\/wp\/v2\/media?parent=990091"}],"wp:term":[{"taxonomy":"product_brand","embeddable":true,"href":"https:\/\/agrovetazerbaijan.az\/en\/wp-json\/wp\/v2\/product_brand?post=990091"},{"taxonomy":"product_cat","embeddable":true,"href":"https:\/\/agrovetazerbaijan.az\/en\/wp-json\/wp\/v2\/product_cat?post=990091"},{"taxonomy":"product_tag","embeddable":true,"href":"https:\/\/agrovetazerbaijan.az\/en\/wp-json\/wp\/v2\/product_tag?post=990091"}],"curies":[{"name":"wp","href":"https:\/\/api.w.org\/{rel}","templated":true}]}}