{"id":990088,"date":"2025-07-28T00:19:39","date_gmt":"2025-07-28T00:19:39","guid":{"rendered":"https:\/\/agrovetazerbaijan.az\/?post_type=product&#038;p=990088"},"modified":"2025-07-28T00:20:00","modified_gmt":"2025-07-28T00:20:00","slug":"carnaval-premium-boyuk-pisikl%c9%99r-ucun-yas-yem-toyuq-%c9%99tli","status":"publish","type":"product","link":"https:\/\/agrovetazerbaijan.az\/en\/product\/carnaval-premium-boyuk-pisikl%c9%99r-ucun-yas-yem-toyuq-%c9%99tli\/","title":{"rendered":"Carnaval Premium Wet Food for Large Cats \u2013 Chicken"},"content":{"rendered":"<div class=\"vgblk-rw-wrapper limit-wrapper\">\n<h3 data-start=\"160\" data-end=\"225\"><strong data-start=\"164\" data-end=\"225\">Carnaval Premium Wet Food for Large Cats \u2013 Chicken<\/strong><\/h3>\n<p data-start=\"227\" data-end=\"421\">Looking for a tasty and nutritious option for your pet?<br data-start=\"297\" data-end=\"300\" \/><strong data-start=\"300\" data-end=\"348\">Carnaval Premium Adult Cat Food with Chicken<\/strong> \u2013 is a balanced wet food intended for adults.<\/p>\n<h3 data-start=\"423\" data-end=\"443\">\ud83c\udf57 Main ingredients:<\/h3>\n<ul data-start=\"444\" data-end=\"567\">\n<li data-start=\"444\" data-end=\"493\">\n<p data-start=\"446\" data-end=\"493\">Meat and meat products (<strong data-start=\"467\" data-end=\"490\">chicken meat \u2013 min. 4%<\/strong>)<\/p>\n<\/li>\n<li data-start=\"494\" data-end=\"521\">\n<p data-start=\"496\" data-end=\"521\">Herbal products<\/p>\n<\/li>\n<li data-start=\"522\" data-end=\"544\">\n<p data-start=\"524\" data-end=\"544\">Beneficial minerals<\/p>\n<\/li>\n<li data-start=\"545\" data-end=\"567\">\n<p data-start=\"547\" data-end=\"567\">Vitamin complexes<\/p>\n<\/li>\n<\/ul>\n<h3 data-start=\"569\" data-end=\"598\">\ud83d\udd2c Analytical indicators:<\/h3>\n<ul data-start=\"599\" data-end=\"693\">\n<li data-start=\"599\" data-end=\"618\">\n<p data-start=\"601\" data-end=\"618\"><strong data-start=\"601\" data-end=\"611\">Protein:<\/strong> 7.5%<\/p>\n<\/li>\n<li data-start=\"619\" data-end=\"636\">\n<p data-start=\"621\" data-end=\"636\"><strong data-start=\"621\" data-end=\"629\">Oil:<\/strong> 4.0%<\/p>\n<\/li>\n<li data-start=\"637\" data-end=\"654\">\n<p data-start=\"639\" data-end=\"654\"><strong data-start=\"639\" data-end=\"647\">Fiber:<\/strong> 0.4%<\/p>\n<\/li>\n<li data-start=\"655\" data-end=\"672\">\n<p data-start=\"657\" data-end=\"672\"><strong data-start=\"657\" data-end=\"665\">Ash:<\/strong> 3.0%<\/p>\n<\/li>\n<li data-start=\"673\" data-end=\"693\">\n<p data-start=\"675\" data-end=\"693\"><strong data-start=\"675\" data-end=\"687\">Humidity:<\/strong> 82.0%<\/p>\n<\/li>\n<\/ul>\n<hr data-start=\"695\" data-end=\"698\" \/>\n<p data-start=\"700\" data-end=\"865\"><strong data-start=\"700\" data-end=\"761\">A delicious and beneficial formula suitable for sensitive digestive systems!<\/strong><br data-start=\"761\" data-end=\"764\" \/>This food, which meets your cat&#039;s daily needs, is an ideal choice for its health and energy.<\/p>\n<p data-start=\"867\" data-end=\"925\">\ud83d\udecd\ufe0f <strong data-start=\"871\" data-end=\"925\">Choose Carnaval Premium for a healthy start to the day!<\/strong><\/p>\n<\/div>\n<p><!-- .vgblk-rw-wrapper --><\/p>","protected":false},"excerpt":{"rendered":"<p>Carnaval Premium B\u00f6y\u00fck Pi\u015fikl\u0259r \u00fc\u00e7\u00fcn Ya\u015f Yem \u2013 Toyuq \u018ftli Ev heyvan\u0131n\u0131z \u00fc\u00e7\u00fcn h\u0259m dadl\u0131, h\u0259m d\u0259 qidaland\u0131r\u0131c\u0131 se\u00e7im axtar\u0131rs\u0131n\u0131z?Carnaval Premium Adult Cat Food with Chicken \u2013 b\u00f6y\u00fckl\u0259r \u00fc\u00e7\u00fcn n\u0259z\u0259rd\u0259 tutulmu\u015f, balansla\u015fd\u0131r\u0131lm\u0131\u015f t\u0259rkibli ya\u015f yemdir. \ud83c\udf57 \u018fsas t\u0259rkibi: \u018ft v\u0259 \u0259t m\u0259hsullar\u0131 (toyuq \u0259ti \u2013 min. 4%) Bitki m\u0259n\u015f\u0259li m\u0259hsullar Faydal\u0131 minerallar Vitamin kompleksl\u0259ri \ud83d\udd2c&#8230;<\/p>","protected":false},"featured_media":990089,"comment_status":"open","ping_status":"closed","template":"","meta":{"nf_dc_page":"","_monsterinsights_skip_tracking":false,"_monsterinsights_sitenote_active":false,"_monsterinsights_sitenote_note":"","_monsterinsights_sitenote_category":0},"product_brand":[],"product_cat":[244,51,245],"product_tag":[],"class_list":{"0":"post-990088","1":"product","2":"type-product","3":"status-publish","4":"has-post-thumbnail","6":"product_cat-it-ve-pisik-mehsullari","7":"product_cat-cat","8":"product_cat-yemler","10":"first","11":"instock","12":"shipping-taxable","13":"product-type-simple"},"jetpack_sharing_enabled":true,"_links":{"self":[{"href":"https:\/\/agrovetazerbaijan.az\/en\/wp-json\/wp\/v2\/product\/990088","targetHints":{"allow":["GET"]}}],"collection":[{"href":"https:\/\/agrovetazerbaijan.az\/en\/wp-json\/wp\/v2\/product"}],"about":[{"href":"https:\/\/agrovetazerbaijan.az\/en\/wp-json\/wp\/v2\/types\/product"}],"replies":[{"embeddable":true,"href":"https:\/\/agrovetazerbaijan.az\/en\/wp-json\/wp\/v2\/comments?post=990088"}],"version-history":[{"count":1,"href":"https:\/\/agrovetazerbaijan.az\/en\/wp-json\/wp\/v2\/product\/990088\/revisions"}],"predecessor-version":[{"id":990090,"href":"https:\/\/agrovetazerbaijan.az\/en\/wp-json\/wp\/v2\/product\/990088\/revisions\/990090"}],"wp:featuredmedia":[{"embeddable":true,"href":"https:\/\/agrovetazerbaijan.az\/en\/wp-json\/wp\/v2\/media\/990089"}],"wp:attachment":[{"href":"https:\/\/agrovetazerbaijan.az\/en\/wp-json\/wp\/v2\/media?parent=990088"}],"wp:term":[{"taxonomy":"product_brand","embeddable":true,"href":"https:\/\/agrovetazerbaijan.az\/en\/wp-json\/wp\/v2\/product_brand?post=990088"},{"taxonomy":"product_cat","embeddable":true,"href":"https:\/\/agrovetazerbaijan.az\/en\/wp-json\/wp\/v2\/product_cat?post=990088"},{"taxonomy":"product_tag","embeddable":true,"href":"https:\/\/agrovetazerbaijan.az\/en\/wp-json\/wp\/v2\/product_tag?post=990088"}],"curies":[{"name":"wp","href":"https:\/\/api.w.org\/{rel}","templated":true}]}}