{"id":990085,"date":"2025-07-28T00:17:56","date_gmt":"2025-07-28T00:17:56","guid":{"rendered":"https:\/\/agrovetazerbaijan.az\/?post_type=product&#038;p=990085"},"modified":"2025-07-28T00:18:16","modified_gmt":"2025-07-28T00:18:16","slug":"carnaval-premium-boyuk-pisikl%c9%99r-ucun-yas-yem-mal-%c9%99tli","status":"publish","type":"product","link":"https:\/\/agrovetazerbaijan.az\/en\/product\/carnaval-premium-boyuk-pisikl%c9%99r-ucun-yas-yem-mal-%c9%99tli\/","title":{"rendered":"Carnaval Premium Wet Food for Large Cats \u2013 Beef"},"content":{"rendered":"<div class=\"vgblk-rw-wrapper limit-wrapper\">\n<h3 data-start=\"193\" data-end=\"256\"><strong data-start=\"197\" data-end=\"256\">Carnaval Premium Wet Food for Large Cats \u2013 Beef<\/strong><\/h3>\n<p data-start=\"258\" data-end=\"456\">B\u00f6y\u00fck pi\u015fikl\u0259rin g\u00fcnd\u0259lik ehtiyaclar\u0131na uy\u011fun olaraq haz\u0131rlanm\u0131\u015f <strong data-start=\"323\" data-end=\"368\">Carnaval Premium Adult Cat Food with Beef<\/strong>, y\u00fcks\u0259k keyfiyy\u0259tli t\u0259rkibi v\u0259 l\u0259zz\u0259tli dad\u0131 il\u0259 ev heyvan\u0131n\u0131z\u0131n sevimli yem\u0259yi olacaq.<\/p>\n<h3 data-start=\"458\" data-end=\"478\">\ud83e\udd69 \u018fsas t\u0259rkibi:<\/h3>\n<ul data-start=\"479\" data-end=\"592\">\n<li data-start=\"479\" data-end=\"529\">\n<p data-start=\"481\" data-end=\"529\">Meat and meat products (<strong data-start=\"502\" data-end=\"526\">mal \u0259ti \u2013 minimum 4%<\/strong>)<\/p>\n<\/li>\n<li data-start=\"530\" data-end=\"557\">\n<p data-start=\"532\" data-end=\"557\">Herbal products<\/p>\n<\/li>\n<li data-start=\"558\" data-end=\"572\">\n<p data-start=\"560\" data-end=\"572\">Minerallar<\/p>\n<\/li>\n<li data-start=\"573\" data-end=\"592\">\n<p data-start=\"575\" data-end=\"592\">Vitamin \u0259lav\u0259l\u0259ri<\/p>\n<\/li>\n<\/ul>\n<h3 data-start=\"594\" data-end=\"623\">\ud83d\udd2c Analytical indicators:<\/h3>\n<ul data-start=\"624\" data-end=\"732\">\n<li data-start=\"624\" data-end=\"643\">\n<p data-start=\"626\" data-end=\"643\"><strong data-start=\"626\" data-end=\"636\">Protein:<\/strong> 7.5%<\/p>\n<\/li>\n<li data-start=\"644\" data-end=\"661\">\n<p data-start=\"646\" data-end=\"661\"><strong data-start=\"646\" data-end=\"654\">Oil:<\/strong> 4.0%<\/p>\n<\/li>\n<li data-start=\"662\" data-end=\"693\">\n<p data-start=\"664\" data-end=\"693\"><strong data-start=\"664\" data-end=\"686\">Xam sel\u00fcloz (lif):<\/strong> 0.4%<\/p>\n<\/li>\n<li data-start=\"694\" data-end=\"711\">\n<p data-start=\"696\" data-end=\"711\"><strong data-start=\"696\" data-end=\"704\">Ash:<\/strong> 3.0%<\/p>\n<\/li>\n<li data-start=\"712\" data-end=\"732\">\n<p data-start=\"714\" data-end=\"732\"><strong data-start=\"714\" data-end=\"726\">Humidity:<\/strong> 82.0%<\/p>\n<\/li>\n<\/ul>\n<hr data-start=\"734\" data-end=\"737\" \/>\n<p data-start=\"739\" data-end=\"849\"><strong data-start=\"739\" data-end=\"779\">Carnaval Premium Mal \u018ftli Pi\u015fik Yemi<\/strong> \u2013 sa\u011flam v\u0259 enerjili pi\u015fikl\u0259r \u00fc\u00e7\u00fcn balansla\u015fd\u0131r\u0131lm\u0131\u015f g\u00fcnd\u0259lik rasion!<\/p>\n<p data-start=\"851\" data-end=\"884\">\ud83d\uded2 <strong data-start=\"854\" data-end=\"884\">T\u0259z\u0259, l\u0259zz\u0259tli v\u0259 faydal\u0131!<\/strong><\/p>\n<\/div>\n<p><!-- .vgblk-rw-wrapper --><\/p>","protected":false},"excerpt":{"rendered":"<p>Carnaval Premium B\u00f6y\u00fck Pi\u015fikl\u0259r \u00fc\u00e7\u00fcn Ya\u015f Yem \u2013 Mal \u018ftli B\u00f6y\u00fck pi\u015fikl\u0259rin g\u00fcnd\u0259lik ehtiyaclar\u0131na uy\u011fun olaraq haz\u0131rlanm\u0131\u015f Carnaval Premium Adult Cat Food with Beef, y\u00fcks\u0259k keyfiyy\u0259tli t\u0259rkibi v\u0259 l\u0259zz\u0259tli dad\u0131 il\u0259 ev heyvan\u0131n\u0131z\u0131n sevimli yem\u0259yi olacaq. \ud83e\udd69 \u018fsas t\u0259rkibi: \u018ft v\u0259 \u0259t m\u0259hsullar\u0131 (mal \u0259ti \u2013 minimum 4%) Bitki m\u0259n\u015f\u0259li m\u0259hsullar Minerallar Vitamin \u0259lav\u0259l\u0259ri \ud83d\udd2c&#8230;<\/p>","protected":false},"featured_media":990086,"comment_status":"open","ping_status":"closed","template":"","meta":{"nf_dc_page":"","_monsterinsights_skip_tracking":false,"_monsterinsights_sitenote_active":false,"_monsterinsights_sitenote_note":"","_monsterinsights_sitenote_category":0},"product_brand":[],"product_cat":[244,51,245],"product_tag":[],"class_list":{"0":"post-990085","1":"product","2":"type-product","3":"status-publish","4":"has-post-thumbnail","6":"product_cat-it-ve-pisik-mehsullari","7":"product_cat-cat","8":"product_cat-yemler","10":"first","11":"instock","12":"shipping-taxable","13":"product-type-simple"},"jetpack_sharing_enabled":true,"_links":{"self":[{"href":"https:\/\/agrovetazerbaijan.az\/en\/wp-json\/wp\/v2\/product\/990085","targetHints":{"allow":["GET"]}}],"collection":[{"href":"https:\/\/agrovetazerbaijan.az\/en\/wp-json\/wp\/v2\/product"}],"about":[{"href":"https:\/\/agrovetazerbaijan.az\/en\/wp-json\/wp\/v2\/types\/product"}],"replies":[{"embeddable":true,"href":"https:\/\/agrovetazerbaijan.az\/en\/wp-json\/wp\/v2\/comments?post=990085"}],"version-history":[{"count":1,"href":"https:\/\/agrovetazerbaijan.az\/en\/wp-json\/wp\/v2\/product\/990085\/revisions"}],"predecessor-version":[{"id":990087,"href":"https:\/\/agrovetazerbaijan.az\/en\/wp-json\/wp\/v2\/product\/990085\/revisions\/990087"}],"wp:featuredmedia":[{"embeddable":true,"href":"https:\/\/agrovetazerbaijan.az\/en\/wp-json\/wp\/v2\/media\/990086"}],"wp:attachment":[{"href":"https:\/\/agrovetazerbaijan.az\/en\/wp-json\/wp\/v2\/media?parent=990085"}],"wp:term":[{"taxonomy":"product_brand","embeddable":true,"href":"https:\/\/agrovetazerbaijan.az\/en\/wp-json\/wp\/v2\/product_brand?post=990085"},{"taxonomy":"product_cat","embeddable":true,"href":"https:\/\/agrovetazerbaijan.az\/en\/wp-json\/wp\/v2\/product_cat?post=990085"},{"taxonomy":"product_tag","embeddable":true,"href":"https:\/\/agrovetazerbaijan.az\/en\/wp-json\/wp\/v2\/product_tag?post=990085"}],"curies":[{"name":"wp","href":"https:\/\/api.w.org\/{rel}","templated":true}]}}