{"id":990078,"date":"2025-07-28T00:12:03","date_gmt":"2025-07-28T00:12:03","guid":{"rendered":"https:\/\/agrovetazerbaijan.az\/?post_type=product&#038;p=990078"},"modified":"2025-07-28T00:12:22","modified_gmt":"2025-07-28T00:12:22","slug":"carnaval-premium-boyuk-itl%c9%99r-ucun-quru-yem-quzu-%c9%99tli","status":"publish","type":"product","link":"https:\/\/agrovetazerbaijan.az\/en\/product\/carnaval-premium-boyuk-itl%c9%99r-ucun-quru-yem-quzu-%c9%99tli\/","title":{"rendered":"Carnaval Premium Dry Food for Large Dogs \u2013 Lamb"},"content":{"rendered":"<div class=\"vgblk-rw-wrapper limit-wrapper\">\n<p data-start=\"166\" data-end=\"224\"><strong data-start=\"166\" data-end=\"224\">Carnaval Premium Dry Food for Large Dogs \u2013 Lamb<\/strong><\/p>\n<p data-start=\"226\" data-end=\"551\"><strong data-start=\"226\" data-end=\"271\">Carnaval Premium Adult Dog Food with Lamb<\/strong> \u2013 high quality, designed for adults <strong data-start=\"325\" data-end=\"344\">lamb protein<\/strong> It is a balanced dry dog food enriched with. It provides your dog with the vitamins, minerals and amino acids they need daily, supporting their health, energy levels and overall well-being.<\/p>\n<h3 data-start=\"553\" data-end=\"582\">\ud83d\udc15 Main ingredients:<\/h3>\n<ul data-start=\"583\" data-end=\"801\">\n<li data-start=\"583\" data-end=\"622\">\n<p data-start=\"585\" data-end=\"622\">Wheat, processed lamb protein<\/p>\n<\/li>\n<li data-start=\"623\" data-end=\"664\">\n<p data-start=\"625\" data-end=\"664\">Corn, processed animal protein<\/p>\n<\/li>\n<li data-start=\"665\" data-end=\"691\">\n<p data-start=\"667\" data-end=\"691\">Wheat bran, Bonkolit<\/p>\n<\/li>\n<li data-start=\"692\" data-end=\"713\">\n<p data-start=\"694\" data-end=\"713\">Animal fat, rice<\/p>\n<\/li>\n<li data-start=\"714\" data-end=\"744\">\n<p data-start=\"716\" data-end=\"744\">Dried sugar beet<\/p>\n<\/li>\n<li data-start=\"745\" data-end=\"766\">\n<p data-start=\"747\" data-end=\"766\">Liver aroma<\/p>\n<\/li>\n<li data-start=\"767\" data-end=\"793\">\n<p data-start=\"769\" data-end=\"793\">Dried brewer&#039;s yeast<\/p>\n<\/li>\n<li data-start=\"794\" data-end=\"801\">\n<p data-start=\"796\" data-end=\"801\">Salt<\/p>\n<\/li>\n<\/ul>\n<h3 data-start=\"803\" data-end=\"827\">\ud83e\uddea Mineral substances:<\/h3>\n<p data-start=\"828\" data-end=\"897\">Calcium, phosphorus, sodium, iodine, zinc, copper, iron, potassium chloride, selenium<\/p>\n<h3 data-start=\"899\" data-end=\"917\">\ud83d\udc8a Vitamins:<\/h3>\n<p data-start=\"918\" data-end=\"1028\">Vitamin A, D3, E, C, B1, B2, B3 (niacin), B6, B7 (biotin), B9 (folic acid), B12, K, choline, calcium pantothenate<\/p>\n<h3 data-start=\"1030\" data-end=\"1059\">\ud83d\udd2c Analytical indicators:<\/h3>\n<ul data-start=\"1060\" data-end=\"1147\">\n<li data-start=\"1060\" data-end=\"1082\">\n<p data-start=\"1062\" data-end=\"1082\"><strong data-start=\"1062\" data-end=\"1076\">Crude protein:<\/strong> 21%<\/p>\n<\/li>\n<li data-start=\"1083\" data-end=\"1103\">\n<p data-start=\"1085\" data-end=\"1103\"><strong data-start=\"1085\" data-end=\"1097\">Crude oil:<\/strong> 11%<\/p>\n<\/li>\n<li data-start=\"1104\" data-end=\"1127\">\n<p data-start=\"1106\" data-end=\"1127\"><strong data-start=\"1106\" data-end=\"1122\">Raw cellulose:<\/strong> 4%<\/p>\n<\/li>\n<li data-start=\"1128\" data-end=\"1147\">\n<p data-start=\"1130\" data-end=\"1147\"><strong data-start=\"1130\" data-end=\"1142\">Raw ash:<\/strong> 8%<\/p>\n<\/li>\n<\/ul>\n<h3 data-start=\"1149\" data-end=\"1197\">\ud83e\uddec Additional nutrients (per 1 kg):<\/h3>\n<ul data-start=\"1198\" data-end=\"1307\">\n<li data-start=\"1198\" data-end=\"1226\">\n<p data-start=\"1200\" data-end=\"1226\"><strong data-start=\"1200\" data-end=\"1214\">Vitamin A:<\/strong> 15,000 IU<\/p>\n<\/li>\n<li data-start=\"1227\" data-end=\"1255\">\n<p data-start=\"1229\" data-end=\"1255\"><strong data-start=\"1229\" data-end=\"1244\">Vitamin D3:<\/strong> 1,000 IU<\/p>\n<\/li>\n<li data-start=\"1256\" data-end=\"1281\">\n<p data-start=\"1258\" data-end=\"1281\"><strong data-start=\"1258\" data-end=\"1272\">Vitamin E:<\/strong> 100 mg<\/p>\n<\/li>\n<li data-start=\"1282\" data-end=\"1307\">\n<p data-start=\"1284\" data-end=\"1307\"><strong data-start=\"1284\" data-end=\"1298\">Vitamin C:<\/strong> 100 mg<\/p>\n<\/li>\n<\/ul>\n<hr data-start=\"1309\" data-end=\"1312\" \/>\n<p data-start=\"1314\" data-end=\"1444\"><strong data-start=\"1314\" data-end=\"1348\">Carnaval Premium Lamb Food<\/strong> \u2013 complete and balanced nutrition for adults, a reliable choice for a healthy everyday life.<\/p>\n<p data-start=\"1446\" data-end=\"1482\"><strong data-start=\"1446\" data-end=\"1482\">Tasty, nutritious and healthy!<\/strong><\/p>\n<\/div>\n<p><!-- .vgblk-rw-wrapper --><\/p>","protected":false},"excerpt":{"rendered":"<p>Carnaval Premium B\u00f6y\u00fck \u0130tl\u0259r \u00fc\u00e7\u00fcn Quru Yem \u2013 Quzu \u018ftli Carnaval Premium Adult Dog Food with Lamb \u2013 b\u00f6y\u00fckl\u0259r \u00fc\u00e7\u00fcn n\u0259z\u0259rd\u0259 tutulmu\u015f, y\u00fcks\u0259k keyfiyy\u0259tli quzu \u0259ti z\u00fclal\u0131 il\u0259 z\u0259nginl\u0259\u015fdirilmi\u015f balansla\u015fd\u0131r\u0131lm\u0131\u015f quru it yemidir. \u0130tin g\u00fcnd\u0259lik ehtiyac duydu\u011fu vitamin, mineral v\u0259 amin tur\u015fular\u0131n\u0131 t\u0259min ed\u0259r\u0259k, onun sa\u011flaml\u0131\u011f\u0131n\u0131, enerji s\u0259viyy\u0259sini v\u0259 \u00fcmumi rifah\u0131n\u0131 d\u0259st\u0259kl\u0259yir. \ud83d\udc15 \u018fsas t\u0259rkib&#8230;<\/p>","protected":false},"featured_media":990079,"comment_status":"open","ping_status":"closed","template":"","meta":{"nf_dc_page":"","_monsterinsights_skip_tracking":false,"_monsterinsights_sitenote_active":false,"_monsterinsights_sitenote_note":"","_monsterinsights_sitenote_category":0},"product_brand":[],"product_cat":[244,58,245],"product_tag":[],"class_list":{"0":"post-990078","1":"product","2":"type-product","3":"status-publish","4":"has-post-thumbnail","6":"product_cat-it-ve-pisik-mehsullari","7":"product_cat-dog","8":"product_cat-yemler","10":"first","11":"instock","12":"shipping-taxable","13":"product-type-simple"},"jetpack_sharing_enabled":true,"_links":{"self":[{"href":"https:\/\/agrovetazerbaijan.az\/en\/wp-json\/wp\/v2\/product\/990078","targetHints":{"allow":["GET"]}}],"collection":[{"href":"https:\/\/agrovetazerbaijan.az\/en\/wp-json\/wp\/v2\/product"}],"about":[{"href":"https:\/\/agrovetazerbaijan.az\/en\/wp-json\/wp\/v2\/types\/product"}],"replies":[{"embeddable":true,"href":"https:\/\/agrovetazerbaijan.az\/en\/wp-json\/wp\/v2\/comments?post=990078"}],"version-history":[{"count":2,"href":"https:\/\/agrovetazerbaijan.az\/en\/wp-json\/wp\/v2\/product\/990078\/revisions"}],"predecessor-version":[{"id":990081,"href":"https:\/\/agrovetazerbaijan.az\/en\/wp-json\/wp\/v2\/product\/990078\/revisions\/990081"}],"wp:featuredmedia":[{"embeddable":true,"href":"https:\/\/agrovetazerbaijan.az\/en\/wp-json\/wp\/v2\/media\/990079"}],"wp:attachment":[{"href":"https:\/\/agrovetazerbaijan.az\/en\/wp-json\/wp\/v2\/media?parent=990078"}],"wp:term":[{"taxonomy":"product_brand","embeddable":true,"href":"https:\/\/agrovetazerbaijan.az\/en\/wp-json\/wp\/v2\/product_brand?post=990078"},{"taxonomy":"product_cat","embeddable":true,"href":"https:\/\/agrovetazerbaijan.az\/en\/wp-json\/wp\/v2\/product_cat?post=990078"},{"taxonomy":"product_tag","embeddable":true,"href":"https:\/\/agrovetazerbaijan.az\/en\/wp-json\/wp\/v2\/product_tag?post=990078"}],"curies":[{"name":"wp","href":"https:\/\/api.w.org\/{rel}","templated":true}]}}