{"id":990072,"date":"2025-07-28T00:08:00","date_gmt":"2025-07-28T00:08:00","guid":{"rendered":"https:\/\/agrovetazerbaijan.az\/?post_type=product&#038;p=990072"},"modified":"2025-07-28T00:08:21","modified_gmt":"2025-07-28T00:08:21","slug":"carnaval-premium-boyuk-pisikl%c9%99r-ucun-quru-yem-quzu-%c9%99tli","status":"publish","type":"product","link":"https:\/\/agrovetazerbaijan.az\/en\/product\/carnaval-premium-boyuk-pisikl%c9%99r-ucun-quru-yem-quzu-%c9%99tli\/","title":{"rendered":"Carnaval Premium Dry Food for Large Cats \u2013 Lamb"},"content":{"rendered":"<div class=\"vgblk-rw-wrapper limit-wrapper\">\n<p data-start=\"179\" data-end=\"240\"><strong data-start=\"179\" data-end=\"240\">Carnaval Premium Dry Food for Large Cats \u2013 Lamb<\/strong><\/p>\n<p data-start=\"242\" data-end=\"528\"><strong data-start=\"242\" data-end=\"287\">Carnaval Premium Adult Cat Food with Lamb<\/strong> \u2013 b\u00f6y\u00fckl\u0259r \u00fc\u00e7\u00fcn n\u0259z\u0259rd\u0259 tutulmu\u015f, quzu \u0259ti t\u0259rkibli, z\u0259ngin qida d\u0259y\u0259rin\u0259 malik quru pi\u015fik yemidir. G\u00fccl\u00fc z\u00fclal t\u0259rkibi, balansla\u015fd\u0131r\u0131lm\u0131\u015f vitamin v\u0259 minerallar say\u0259sind\u0259 pi\u015fiyinizin sa\u011flaml\u0131\u011f\u0131n\u0131, enerjisini v\u0259 t\u00fck parlaql\u0131\u011f\u0131n\u0131 d\u0259st\u0259kl\u0259yir.<\/p>\n<h3 data-start=\"530\" data-end=\"559\">\ud83d\udc11 \u018fsas t\u0259rkib hiss\u0259l\u0259ri:<\/h3>\n<ul data-start=\"560\" data-end=\"809\">\n<li data-start=\"560\" data-end=\"597\">\n<p data-start=\"562\" data-end=\"597\">Emal olunmu\u015f heyvan m\u0259n\u015f\u0259li z\u00fclal<\/p>\n<\/li>\n<li data-start=\"598\" data-end=\"637\">\n<p data-start=\"600\" data-end=\"637\">Wheat, processed lamb protein<\/p>\n<\/li>\n<li data-start=\"638\" data-end=\"670\">\n<p data-start=\"640\" data-end=\"670\">Qar\u011f\u0131dal\u0131, qar\u011f\u0131dal\u0131 gluteni<\/p>\n<\/li>\n<li data-start=\"671\" data-end=\"696\">\n<p data-start=\"673\" data-end=\"696\">Heyvan ya\u011f\u0131, Bonkalit<\/p>\n<\/li>\n<li data-start=\"697\" data-end=\"727\">\n<p data-start=\"699\" data-end=\"727\">Dried sugar beet<\/p>\n<\/li>\n<li data-start=\"728\" data-end=\"749\">\n<p data-start=\"730\" data-end=\"749\">Liver aroma<\/p>\n<\/li>\n<li data-start=\"750\" data-end=\"771\">\n<p data-start=\"752\" data-end=\"771\">K\u0259tan toxumu, duz<\/p>\n<\/li>\n<li data-start=\"772\" data-end=\"798\">\n<p data-start=\"774\" data-end=\"798\">Dried brewer&#039;s yeast<\/p>\n<\/li>\n<li data-start=\"799\" data-end=\"809\">\n<p data-start=\"801\" data-end=\"809\">Taurin<\/p>\n<\/li>\n<\/ul>\n<h3 data-start=\"811\" data-end=\"835\">\ud83e\uddea Mineral substances:<\/h3>\n<p data-start=\"836\" data-end=\"905\">Calcium, phosphorus, sodium, iodine, zinc, copper, iron, potassium chloride, selenium<\/p>\n<h3 data-start=\"907\" data-end=\"925\">\ud83d\udc8a Vitamins:<\/h3>\n<p data-start=\"926\" data-end=\"1028\">A, D3, E, C, B1, B2, B3 (niasin), B6, B12, B7 (biotin), B9 (fol tur\u015fusu), K, xolin, kalsium pantotenat<\/p>\n<h3 data-start=\"1030\" data-end=\"1059\">\ud83d\udd2c Analytical indicators:<\/h3>\n<ul data-start=\"1060\" data-end=\"1149\">\n<li data-start=\"1060\" data-end=\"1082\">\n<p data-start=\"1062\" data-end=\"1082\"><strong data-start=\"1062\" data-end=\"1076\">Crude protein:<\/strong> 27%<\/p>\n<\/li>\n<li data-start=\"1083\" data-end=\"1103\">\n<p data-start=\"1085\" data-end=\"1103\"><strong data-start=\"1085\" data-end=\"1097\">Crude oil:<\/strong> 10%<\/p>\n<\/li>\n<li data-start=\"1104\" data-end=\"1129\">\n<p data-start=\"1106\" data-end=\"1129\"><strong data-start=\"1106\" data-end=\"1122\">Raw cellulose:<\/strong> 2.5%<\/p>\n<\/li>\n<li data-start=\"1130\" data-end=\"1149\">\n<p data-start=\"1132\" data-end=\"1149\"><strong data-start=\"1132\" data-end=\"1144\">Raw ash:<\/strong> 8%<\/p>\n<\/li>\n<\/ul>\n<h3 data-start=\"1151\" data-end=\"1199\">\ud83e\uddec Additional nutrients (per 1 kg):<\/h3>\n<ul data-start=\"1200\" data-end=\"1332\">\n<li data-start=\"1200\" data-end=\"1228\">\n<p data-start=\"1202\" data-end=\"1228\"><strong data-start=\"1202\" data-end=\"1216\">Vitamin A:<\/strong> 15,000 IU<\/p>\n<\/li>\n<li data-start=\"1229\" data-end=\"1257\">\n<p data-start=\"1231\" data-end=\"1257\"><strong data-start=\"1231\" data-end=\"1246\">Vitamin D3:<\/strong> 1,000 IU<\/p>\n<\/li>\n<li data-start=\"1258\" data-end=\"1283\">\n<p data-start=\"1260\" data-end=\"1283\"><strong data-start=\"1260\" data-end=\"1274\">Vitamin E:<\/strong> 150 mg<\/p>\n<\/li>\n<li data-start=\"1284\" data-end=\"1309\">\n<p data-start=\"1286\" data-end=\"1309\"><strong data-start=\"1286\" data-end=\"1300\">Vitamin C:<\/strong> 120 mg<\/p>\n<\/li>\n<li data-start=\"1310\" data-end=\"1332\">\n<p data-start=\"1312\" data-end=\"1332\"><strong data-start=\"1312\" data-end=\"1323\">Taurine:<\/strong> 1 000 mg<\/p>\n<\/li>\n<\/ul>\n<hr data-start=\"1334\" data-end=\"1337\" \/>\n<p data-start=\"1339\" data-end=\"1433\"><strong data-start=\"1339\" data-end=\"1373\">Carnaval Premium Lamb Food<\/strong> \u2013 pi\u015fiyinizin z\u00f6vq\u00fcn\u0259 uy\u011fun dad, sa\u011flaml\u0131\u011f\u0131na uy\u011fun t\u0259rkib!<\/p>\n<p data-start=\"1435\" data-end=\"1475\"><strong data-start=\"1435\" data-end=\"1475\">G\u00fcnd\u0259lik qidalanma \u00fc\u00e7\u00fcn ideal se\u00e7im!<\/strong><\/p>\n<\/div>\n<p><!-- .vgblk-rw-wrapper --><\/p>","protected":false},"excerpt":{"rendered":"<p>Carnaval Premium B\u00f6y\u00fck Pi\u015fikl\u0259r \u00fc\u00e7\u00fcn Quru Yem \u2013 Quzu \u018ftli Carnaval Premium Adult Cat Food with Lamb \u2013 b\u00f6y\u00fckl\u0259r \u00fc\u00e7\u00fcn n\u0259z\u0259rd\u0259 tutulmu\u015f, quzu \u0259ti t\u0259rkibli, z\u0259ngin qida d\u0259y\u0259rin\u0259 malik quru pi\u015fik yemidir. G\u00fccl\u00fc z\u00fclal t\u0259rkibi, balansla\u015fd\u0131r\u0131lm\u0131\u015f vitamin v\u0259 minerallar say\u0259sind\u0259 pi\u015fiyinizin sa\u011flaml\u0131\u011f\u0131n\u0131, enerjisini v\u0259 t\u00fck parlaql\u0131\u011f\u0131n\u0131 d\u0259st\u0259kl\u0259yir. \ud83d\udc11 \u018fsas t\u0259rkib hiss\u0259l\u0259ri: Emal olunmu\u015f heyvan m\u0259n\u015f\u0259li&#8230;<\/p>","protected":false},"featured_media":990073,"comment_status":"open","ping_status":"closed","template":"","meta":{"nf_dc_page":"","_monsterinsights_skip_tracking":false,"_monsterinsights_sitenote_active":false,"_monsterinsights_sitenote_note":"","_monsterinsights_sitenote_category":0},"product_brand":[],"product_cat":[244,51,245],"product_tag":[],"class_list":{"0":"post-990072","1":"product","2":"type-product","3":"status-publish","4":"has-post-thumbnail","6":"product_cat-it-ve-pisik-mehsullari","7":"product_cat-cat","8":"product_cat-yemler","10":"first","11":"instock","12":"shipping-taxable","13":"product-type-simple"},"jetpack_sharing_enabled":true,"_links":{"self":[{"href":"https:\/\/agrovetazerbaijan.az\/en\/wp-json\/wp\/v2\/product\/990072","targetHints":{"allow":["GET"]}}],"collection":[{"href":"https:\/\/agrovetazerbaijan.az\/en\/wp-json\/wp\/v2\/product"}],"about":[{"href":"https:\/\/agrovetazerbaijan.az\/en\/wp-json\/wp\/v2\/types\/product"}],"replies":[{"embeddable":true,"href":"https:\/\/agrovetazerbaijan.az\/en\/wp-json\/wp\/v2\/comments?post=990072"}],"version-history":[{"count":1,"href":"https:\/\/agrovetazerbaijan.az\/en\/wp-json\/wp\/v2\/product\/990072\/revisions"}],"predecessor-version":[{"id":990074,"href":"https:\/\/agrovetazerbaijan.az\/en\/wp-json\/wp\/v2\/product\/990072\/revisions\/990074"}],"wp:featuredmedia":[{"embeddable":true,"href":"https:\/\/agrovetazerbaijan.az\/en\/wp-json\/wp\/v2\/media\/990073"}],"wp:attachment":[{"href":"https:\/\/agrovetazerbaijan.az\/en\/wp-json\/wp\/v2\/media?parent=990072"}],"wp:term":[{"taxonomy":"product_brand","embeddable":true,"href":"https:\/\/agrovetazerbaijan.az\/en\/wp-json\/wp\/v2\/product_brand?post=990072"},{"taxonomy":"product_cat","embeddable":true,"href":"https:\/\/agrovetazerbaijan.az\/en\/wp-json\/wp\/v2\/product_cat?post=990072"},{"taxonomy":"product_tag","embeddable":true,"href":"https:\/\/agrovetazerbaijan.az\/en\/wp-json\/wp\/v2\/product_tag?post=990072"}],"curies":[{"name":"wp","href":"https:\/\/api.w.org\/{rel}","templated":true}]}}