{"id":990069,"date":"2025-07-28T00:05:46","date_gmt":"2025-07-28T00:05:46","guid":{"rendered":"https:\/\/agrovetazerbaijan.az\/?post_type=product&#038;p=990069"},"modified":"2025-07-28T00:06:05","modified_gmt":"2025-07-28T00:06:05","slug":"carnaval-premium-gourmet-pisik-yemi-toyuq-%c9%99tli-quru-yem","status":"publish","type":"product","link":"https:\/\/agrovetazerbaijan.az\/en\/product\/carnaval-premium-gourmet-pisik-yemi-toyuq-%c9%99tli-quru-yem\/","title":{"rendered":"Carnaval Premium Gourmet Cat Food \u2013 Chicken (dry food)"},"content":{"rendered":"<div class=\"vgblk-rw-wrapper limit-wrapper\">\n<p data-start=\"171\" data-end=\"234\"><strong data-start=\"171\" data-end=\"234\">Carnaval Premium Gourmet Pi\u015fik Yemi \u2013 Toyuq \u018ftli (quru yem)<\/strong><\/p>\n<p data-start=\"236\" data-end=\"472\"><strong data-start=\"236\" data-end=\"264\">Carnaval Premium Gourmet<\/strong> \u2013 toyuq \u0259tinin dad\u0131 il\u0259 z\u0259nginl\u0259\u015fdirilmi\u015f, balansla\u015fd\u0131r\u0131lm\u0131\u015f v\u0259 qidaland\u0131r\u0131c\u0131 t\u0259rkibli quru pi\u015fik yemidir. Bu yem, pi\u015fiyinizin g\u00fcnd\u0259lik ehtiyac\u0131 olan z\u00fclal, vitamin, mineral v\u0259 amin tur\u015fular\u0131 il\u0259 t\u0259min edir.<\/p>\n<h3 data-start=\"474\" data-end=\"486\">T\u0259rkibi:<\/h3>\n<ul data-start=\"487\" data-end=\"751\">\n<li data-start=\"487\" data-end=\"524\">\n<p data-start=\"489\" data-end=\"524\">Emal olunmu\u015f heyvan m\u0259n\u015f\u0259li z\u00fclal<\/p>\n<\/li>\n<li data-start=\"525\" data-end=\"564\">\n<p data-start=\"527\" data-end=\"564\">Bu\u011fda, qar\u011f\u0131dal\u0131, qar\u011f\u0131dal\u0131 gluteni<\/p>\n<\/li>\n<li data-start=\"565\" data-end=\"580\">\n<p data-start=\"567\" data-end=\"580\">Heyvan ya\u011f\u0131<\/p>\n<\/li>\n<li data-start=\"581\" data-end=\"611\">\n<p data-start=\"583\" data-end=\"611\">Qurudulmu\u015f \u015f\u0259k\u0259r \u00e7u\u011funduru<\/p>\n<\/li>\n<li data-start=\"612\" data-end=\"643\">\n<p data-start=\"614\" data-end=\"643\">Bonkalit, qaraciy\u0259r aromas\u0131<\/p>\n<\/li>\n<li data-start=\"644\" data-end=\"665\">\n<p data-start=\"646\" data-end=\"665\">Duz, k\u0259tan toxumu<\/p>\n<\/li>\n<li data-start=\"666\" data-end=\"692\">\n<p data-start=\"668\" data-end=\"692\">Qurudulmu\u015f piv\u0259 mayas\u0131<\/p>\n<\/li>\n<li data-start=\"693\" data-end=\"703\">\n<p data-start=\"695\" data-end=\"703\">Taurin<\/p>\n<\/li>\n<li data-start=\"704\" data-end=\"751\">\n<p data-start=\"706\" data-end=\"751\">R\u0259ngl\u0259ndiricil\u0259r: E10, E104, E102, E133, E127<\/p>\n<\/li>\n<\/ul>\n<h3 data-start=\"753\" data-end=\"768\">Minerallar:<\/h3>\n<p data-start=\"769\" data-end=\"838\">Kalsium, fosfor, natrium, yod, sink, mis, d\u0259mir, kalium xlorid, selen<\/p>\n<h3 data-start=\"840\" data-end=\"855\">Vitaminl\u0259r:<\/h3>\n<p data-start=\"856\" data-end=\"982\">Vit.A, Vit.D3, Vit.E, Vit.C, Vit.B1, B2, B3 (niasin), B6, B7 (biotin), B9 (fol tur\u015fusu), B12, Vit.K, xolin, kalsium pantotenat<\/p>\n<h3 data-start=\"984\" data-end=\"1010\">Analitik g\u00f6st\u0259ricil\u0259r:<\/h3>\n<ul data-start=\"1011\" data-end=\"1100\">\n<li data-start=\"1011\" data-end=\"1033\">\n<p data-start=\"1013\" data-end=\"1033\"><strong data-start=\"1013\" data-end=\"1027\">Xam z\u00fclal:<\/strong> 27%<\/p>\n<\/li>\n<li data-start=\"1034\" data-end=\"1054\">\n<p data-start=\"1036\" data-end=\"1054\"><strong data-start=\"1036\" data-end=\"1048\">Xam ya\u011f:<\/strong> 10%<\/p>\n<\/li>\n<li data-start=\"1055\" data-end=\"1080\">\n<p data-start=\"1057\" data-end=\"1080\"><strong data-start=\"1057\" data-end=\"1073\">Xam sel\u00fcloz:<\/strong> 2.5%<\/p>\n<\/li>\n<li data-start=\"1081\" data-end=\"1100\">\n<p data-start=\"1083\" data-end=\"1100\"><strong data-start=\"1083\" data-end=\"1095\">Xam k\u00fcl:<\/strong> 8%<\/p>\n<\/li>\n<\/ul>\n<h3 data-start=\"1102\" data-end=\"1147\">\u018flav\u0259 qidaland\u0131r\u0131c\u0131 madd\u0259l\u0259r (1 kq \u00fc\u00e7\u00fcn):<\/h3>\n<ul data-start=\"1148\" data-end=\"1318\">\n<li data-start=\"1148\" data-end=\"1176\">\n<p data-start=\"1150\" data-end=\"1176\"><strong data-start=\"1150\" data-end=\"1164\">Vitamin A:<\/strong> 15 000 IU<\/p>\n<\/li>\n<li data-start=\"1177\" data-end=\"1205\">\n<p data-start=\"1179\" data-end=\"1205\"><strong data-start=\"1179\" data-end=\"1194\">Vitamin D3:<\/strong> 1 000 IU<\/p>\n<\/li>\n<li data-start=\"1206\" data-end=\"1231\">\n<p data-start=\"1208\" data-end=\"1231\"><strong data-start=\"1208\" data-end=\"1222\">Vitamin E:<\/strong> 150 mg<\/p>\n<\/li>\n<li data-start=\"1232\" data-end=\"1257\">\n<p data-start=\"1234\" data-end=\"1257\"><strong data-start=\"1234\" data-end=\"1248\">Vitamin C:<\/strong> 120 mg<\/p>\n<\/li>\n<li data-start=\"1258\" data-end=\"1318\">\n<p data-start=\"1260\" data-end=\"1318\"><strong data-start=\"1260\" data-end=\"1271\">Taurin:<\/strong> [miqdar tam qeyd edilm\u0259yib, \u0259lav\u0259 oluna bil\u0259r]<\/p>\n<\/li>\n<\/ul>\n<hr data-start=\"1320\" data-end=\"1323\" \/>\n<p data-start=\"1325\" data-end=\"1478\">Bu yem pi\u015fiyinizin immun sistemini g\u00fccl\u0259ndirir, d\u0259risini v\u0259 t\u00fck \u00f6rt\u00fcy\u00fcn\u00fc d\u0259st\u0259kl\u0259yir, h\u0259zm sistemin\u0259 uy\u011fun t\u0259rkibi il\u0259 sa\u011flam qidalanma imkan\u0131 yarad\u0131r.<\/p>\n<p data-start=\"1480\" data-end=\"1558\"><strong data-start=\"1480\" data-end=\"1508\">Carnaval Premium Gourmet<\/strong> \u2013 pi\u015fiyinizin h\u0259r loxmas\u0131nda l\u0259zz\u0259t v\u0259 sa\u011flaml\u0131q!<\/p>\n<\/div>\n<p><!-- .vgblk-rw-wrapper --><\/p>\n","protected":false},"excerpt":{"rendered":"<p>Carnaval Premium Gourmet Pi\u015fik Yemi \u2013 Toyuq \u018ftli (quru yem) Carnaval Premium Gourmet \u2013 toyuq \u0259tinin dad\u0131 il\u0259 z\u0259nginl\u0259\u015fdirilmi\u015f, balansla\u015fd\u0131r\u0131lm\u0131\u015f v\u0259 qidaland\u0131r\u0131c\u0131 t\u0259rkibli quru pi\u015fik yemidir. Bu yem, pi\u015fiyinizin g\u00fcnd\u0259lik ehtiyac\u0131 olan z\u00fclal, vitamin, mineral v\u0259 amin tur\u015fular\u0131 il\u0259 t\u0259min edir. T\u0259rkibi: Emal olunmu\u015f heyvan m\u0259n\u015f\u0259li z\u00fclal Bu\u011fda, qar\u011f\u0131dal\u0131, qar\u011f\u0131dal\u0131 gluteni Heyvan ya\u011f\u0131 Qurudulmu\u015f \u015f\u0259k\u0259r&#8230;<\/p>","protected":false},"featured_media":990070,"comment_status":"open","ping_status":"closed","template":"","meta":{"nf_dc_page":"","_monsterinsights_skip_tracking":false,"_monsterinsights_sitenote_active":false,"_monsterinsights_sitenote_note":"","_monsterinsights_sitenote_category":0},"product_brand":[],"product_cat":[244,51,245],"product_tag":[],"class_list":{"0":"post-990069","1":"product","2":"type-product","3":"status-publish","4":"has-post-thumbnail","6":"product_cat-it-ve-pisik-mehsullari","7":"product_cat-cat","8":"product_cat-yemler","10":"first","11":"instock","12":"shipping-taxable","13":"product-type-simple"},"jetpack_sharing_enabled":true,"_links":{"self":[{"href":"https:\/\/agrovetazerbaijan.az\/en\/wp-json\/wp\/v2\/product\/990069","targetHints":{"allow":["GET"]}}],"collection":[{"href":"https:\/\/agrovetazerbaijan.az\/en\/wp-json\/wp\/v2\/product"}],"about":[{"href":"https:\/\/agrovetazerbaijan.az\/en\/wp-json\/wp\/v2\/types\/product"}],"replies":[{"embeddable":true,"href":"https:\/\/agrovetazerbaijan.az\/en\/wp-json\/wp\/v2\/comments?post=990069"}],"version-history":[{"count":1,"href":"https:\/\/agrovetazerbaijan.az\/en\/wp-json\/wp\/v2\/product\/990069\/revisions"}],"predecessor-version":[{"id":990071,"href":"https:\/\/agrovetazerbaijan.az\/en\/wp-json\/wp\/v2\/product\/990069\/revisions\/990071"}],"wp:featuredmedia":[{"embeddable":true,"href":"https:\/\/agrovetazerbaijan.az\/en\/wp-json\/wp\/v2\/media\/990070"}],"wp:attachment":[{"href":"https:\/\/agrovetazerbaijan.az\/en\/wp-json\/wp\/v2\/media?parent=990069"}],"wp:term":[{"taxonomy":"product_brand","embeddable":true,"href":"https:\/\/agrovetazerbaijan.az\/en\/wp-json\/wp\/v2\/product_brand?post=990069"},{"taxonomy":"product_cat","embeddable":true,"href":"https:\/\/agrovetazerbaijan.az\/en\/wp-json\/wp\/v2\/product_cat?post=990069"},{"taxonomy":"product_tag","embeddable":true,"href":"https:\/\/agrovetazerbaijan.az\/en\/wp-json\/wp\/v2\/product_tag?post=990069"}],"curies":[{"name":"wp","href":"https:\/\/api.w.org\/{rel}","templated":true}]}}