{"id":990059,"date":"2025-07-27T23:50:13","date_gmt":"2025-07-27T23:50:13","guid":{"rendered":"https:\/\/agrovetazerbaijan.az\/?post_type=product&#038;p=990059"},"modified":"2025-09-09T08:27:48","modified_gmt":"2025-09-09T08:27:48","slug":"cloverpet-kitten-milk-powder-for-kittens","status":"publish","type":"product","link":"https:\/\/agrovetazerbaijan.az\/en\/product\/cloverpet-kitten-milk-powder-for-kittens\/","title":{"rendered":"CLOVERPET KITTEN MILK POWDER FOR KITTENS"},"content":{"rendered":"<div class=\"vgblk-rw-wrapper limit-wrapper\">\n<p data-start=\"144\" data-end=\"203\"><strong data-start=\"144\" data-end=\"203\">Kitten Milk Powder \u2013 Bala pi\u015fikl\u0259r \u00fc\u00e7\u00fcn s\u00fcd \u0259v\u0259zedicisi<\/strong><\/p>\n<p data-start=\"205\" data-end=\"376\">\ud83d\udc3e <strong data-start=\"208\" data-end=\"230\">Kitten Milk Powder<\/strong> \u2013 t\u0259bii ana s\u00fcd\u00fc n\u00fcmun\u0259 g\u00f6t\u00fcr\u00fcl\u0259r\u0259k haz\u0131rlanm\u0131\u015f, <strong data-start=\"280\" data-end=\"290\">taurine<\/strong>, <strong data-start=\"292\" data-end=\"306\">vitaminl\u0259r<\/strong> and <strong data-start=\"310\" data-end=\"332\">mineral madd\u0259l\u0259rl\u0259<\/strong> z\u0259ngin, y\u00fcks\u0259k qidaland\u0131r\u0131c\u0131 s\u00fcd tozudur.<\/p>\n<p data-start=\"378\" data-end=\"588\">Bu m\u0259hsul, ana s\u00fcd\u00fc kifay\u0259t etm\u0259y\u0259n v\u0259 ya anas\u0131z qalan bala pi\u015fikl\u0259r \u00fc\u00e7\u00fcn ideal tamamlay\u0131c\u0131 yemdir. H\u0259zm\u0259 asan olan t\u0259rkibi say\u0259sind\u0259 yeni do\u011fulmu\u015f pi\u015fikl\u0259rin sa\u011flam b\u00f6y\u00fcm\u0259sini v\u0259 d\u00fczg\u00fcn inki\u015faf\u0131n\u0131 d\u0259st\u0259kl\u0259yir.<\/p>\n<h3 data-start=\"590\" data-end=\"612\">Main advantages:<\/h3>\n<ul data-start=\"613\" data-end=\"855\">\n<li data-start=\"613\" data-end=\"648\">\n<p data-start=\"615\" data-end=\"648\">\u2714 T\u0259bii ana s\u00fcd\u00fcn\u0259 yax\u0131n formul<\/p>\n<\/li>\n<li data-start=\"649\" data-end=\"705\">\n<p data-start=\"651\" data-end=\"705\">\u2714 Taurinl\u0259 z\u0259ngin \u2013 sa\u011flam g\u00f6z v\u0259 \u00fcr\u0259k inki\u015faf\u0131 \u00fc\u00e7\u00fcn<\/p>\n<\/li>\n<li data-start=\"706\" data-end=\"750\">\n<p data-start=\"708\" data-end=\"750\">\u2714 Vitamin v\u0259 minerallarla g\u00fccl\u0259ndirilmi\u015f<\/p>\n<\/li>\n<li data-start=\"751\" data-end=\"803\">\n<p data-start=\"753\" data-end=\"803\">\u2714 Yeni do\u011fulmu\u015fdan etibar\u0259n istifad\u0259 oluna bil\u0259r<\/p>\n<\/li>\n<li data-start=\"804\" data-end=\"855\">\n<p data-start=\"806\" data-end=\"855\">\u2714 H\u0259zm sistemin\u0259 uy\u011funla\u015fd\u0131r\u0131lm\u0131\u015f yum\u015faq t\u0259rkib<\/p>\n<\/li>\n<\/ul>\n<p data-start=\"857\" data-end=\"947\"><strong data-start=\"857\" data-end=\"879\">Kitten Milk Powder<\/strong> \u2013 balan\u0131z\u0131n sa\u011flam v\u0259 g\u00fccl\u00fc b\u00f6y\u00fcm\u0259si \u00fc\u00e7\u00fcn z\u0259ruri qidalanma d\u0259st\u0259yi!<\/p>\n<\/div>\n<p><!-- .vgblk-rw-wrapper --><\/p>","protected":false},"excerpt":{"rendered":"<p>Kitten Milk Powder \u2013 Bala pi\u015fikl\u0259r \u00fc\u00e7\u00fcn s\u00fcd \u0259v\u0259zedicisi \ud83d\udc3e Kitten Milk Powder \u2013 t\u0259bii ana s\u00fcd\u00fc n\u00fcmun\u0259 g\u00f6t\u00fcr\u00fcl\u0259r\u0259k haz\u0131rlanm\u0131\u015f, taurin, vitaminl\u0259r v\u0259 mineral madd\u0259l\u0259rl\u0259 z\u0259ngin, y\u00fcks\u0259k qidaland\u0131r\u0131c\u0131 s\u00fcd tozudur. Bu m\u0259hsul, ana s\u00fcd\u00fc kifay\u0259t etm\u0259y\u0259n v\u0259 ya anas\u0131z qalan bala pi\u015fikl\u0259r \u00fc\u00e7\u00fcn ideal tamamlay\u0131c\u0131 yemdir. H\u0259zm\u0259 asan olan t\u0259rkibi say\u0259sind\u0259 yeni do\u011fulmu\u015f pi\u015fikl\u0259rin sa\u011flam&#8230;<\/p>","protected":false},"featured_media":990060,"comment_status":"open","ping_status":"closed","template":"","meta":{"nf_dc_page":"","_monsterinsights_skip_tracking":false,"_monsterinsights_sitenote_active":false,"_monsterinsights_sitenote_note":"","_monsterinsights_sitenote_category":0},"product_brand":[],"product_cat":[244,160,51],"product_tag":[],"class_list":{"0":"post-990059","1":"product","2":"type-product","3":"status-publish","4":"has-post-thumbnail","6":"product_cat-it-ve-pisik-mehsullari","7":"product_cat-nutrients","8":"product_cat-cat","10":"first","11":"instock","12":"shipping-taxable","13":"product-type-simple"},"jetpack_sharing_enabled":true,"_links":{"self":[{"href":"https:\/\/agrovetazerbaijan.az\/en\/wp-json\/wp\/v2\/product\/990059","targetHints":{"allow":["GET"]}}],"collection":[{"href":"https:\/\/agrovetazerbaijan.az\/en\/wp-json\/wp\/v2\/product"}],"about":[{"href":"https:\/\/agrovetazerbaijan.az\/en\/wp-json\/wp\/v2\/types\/product"}],"replies":[{"embeddable":true,"href":"https:\/\/agrovetazerbaijan.az\/en\/wp-json\/wp\/v2\/comments?post=990059"}],"version-history":[{"count":2,"href":"https:\/\/agrovetazerbaijan.az\/en\/wp-json\/wp\/v2\/product\/990059\/revisions"}],"predecessor-version":[{"id":990062,"href":"https:\/\/agrovetazerbaijan.az\/en\/wp-json\/wp\/v2\/product\/990059\/revisions\/990062"}],"wp:featuredmedia":[{"embeddable":true,"href":"https:\/\/agrovetazerbaijan.az\/en\/wp-json\/wp\/v2\/media\/990060"}],"wp:attachment":[{"href":"https:\/\/agrovetazerbaijan.az\/en\/wp-json\/wp\/v2\/media?parent=990059"}],"wp:term":[{"taxonomy":"product_brand","embeddable":true,"href":"https:\/\/agrovetazerbaijan.az\/en\/wp-json\/wp\/v2\/product_brand?post=990059"},{"taxonomy":"product_cat","embeddable":true,"href":"https:\/\/agrovetazerbaijan.az\/en\/wp-json\/wp\/v2\/product_cat?post=990059"},{"taxonomy":"product_tag","embeddable":true,"href":"https:\/\/agrovetazerbaijan.az\/en\/wp-json\/wp\/v2\/product_tag?post=990059"}],"curies":[{"name":"wp","href":"https:\/\/api.w.org\/{rel}","templated":true}]}}