{"id":990056,"date":"2025-07-27T23:45:39","date_gmt":"2025-07-27T23:45:39","guid":{"rendered":"https:\/\/agrovetazerbaijan.az\/?post_type=product&#038;p=990056"},"modified":"2025-08-11T22:56:12","modified_gmt":"2025-08-11T22:56:12","slug":"clover-pet-cat-repellent-250ml","status":"publish","type":"product","link":"https:\/\/agrovetazerbaijan.az\/en\/product\/clover-pet-cat-repellent-250ml\/","title":{"rendered":"CLOVER PET CAT REPELLENT 250ML"},"content":{"rendered":"<div class=\"vgblk-rw-wrapper limit-wrapper\">\n<p data-start=\"89\" data-end=\"125\"><strong data-start=\"89\" data-end=\"125\">CLOVERPET Cat Repellent \u2013 250 ml<\/strong><\/p>\n<p data-start=\"127\" data-end=\"437\">Evinizin v\u0259 ba\u011f\u0131n\u0131z\u0131n pi\u015fikl\u0259r t\u0259r\u0259find\u0259n z\u0259d\u0259l\u0259nm\u0259sinin qar\u015f\u0131s\u0131n\u0131 almaq \u00fc\u00e7\u00fcn haz\u0131rlanm\u0131\u015f effektiv qoruyucu spreydir. <strong data-start=\"245\" data-end=\"272\">CLOVERPET Cat Repellent<\/strong> x\u00fcsusi t\u0259rkibi say\u0259sind\u0259 pi\u015fikl\u0259rin yax\u0131nla\u015fmas\u0131n\u0131 \u0259ng\u0259ll\u0259yir, eyni zamanda heyvanlar\u0131n sa\u011flaml\u0131\u011f\u0131 \u00fc\u00e7\u00fcn tam t\u0259hl\u00fck\u0259sizdir. \u0130st\u0259nil\u0259n s\u0259thl\u0259rd\u0259 istifad\u0259 edil\u0259 bil\u0259r.<\/p>\n<p data-start=\"439\" data-end=\"458\"><strong data-start=\"439\" data-end=\"456\">Advantages:<\/strong><\/p>\n<ul data-start=\"459\" data-end=\"704\">\n<li data-start=\"459\" data-end=\"516\">\n<p data-start=\"461\" data-end=\"516\">Pi\u015fikl\u0259rin m\u00fc\u0259yy\u0259n sah\u0259l\u0259r\u0259 girm\u0259sinin qar\u015f\u0131s\u0131n\u0131 al\u0131r<\/p>\n<\/li>\n<li data-start=\"517\" data-end=\"565\">\n<p data-start=\"519\" data-end=\"565\">\u0130nsan v\u0259 heyvan sa\u011flaml\u0131\u011f\u0131na z\u0259r\u0259rsiz formul<\/p>\n<\/li>\n<li data-start=\"566\" data-end=\"602\">\n<p data-start=\"568\" data-end=\"602\">Asan t\u0259tbiq olunan sprey format\u0131<\/p>\n<\/li>\n<li data-start=\"603\" data-end=\"637\">\n<p data-start=\"605\" data-end=\"637\">Uzunm\u00fcdd\u0259tli v\u0259 etibarl\u0131 t\u0259sir<\/p>\n<\/li>\n<li data-start=\"638\" data-end=\"704\">\n<p data-start=\"640\" data-end=\"704\">Kimy\u0259vi qoxusu yox, heyvanlar\u0131 narahat ed\u0259n t\u0259bii komponentl\u0259r<\/p>\n<\/li>\n<\/ul>\n<p data-start=\"706\" data-end=\"729\"><strong data-start=\"706\" data-end=\"727\">Instructions for use:<\/strong><\/p>\n<ol data-start=\"730\" data-end=\"870\">\n<li data-start=\"730\" data-end=\"771\">\n<p data-start=\"733\" data-end=\"771\">\u0130stifad\u0259 olunacaq sah\u0259ni t\u0259mizl\u0259yin.<\/p>\n<\/li>\n<li data-start=\"772\" data-end=\"823\">\n<p data-start=\"775\" data-end=\"823\">M\u0259hsulu h\u0259min sah\u0259y\u0259 b\u0259rab\u0259r \u015f\u0259kild\u0259 p\u00fcsk\u00fcr\u00fcn.<\/p>\n<\/li>\n<li data-start=\"824\" data-end=\"870\">\n<p data-start=\"827\" data-end=\"870\">T\u0259siri davam etdikc\u0259 t\u0259tbiqi t\u0259krarlay\u0131n.<\/p>\n<\/li>\n<\/ol>\n<p data-start=\"872\" data-end=\"942\"><strong data-start=\"872\" data-end=\"882\">Volume:<\/strong> 250 ml<br data-start=\"889\" data-end=\"892\" \/><strong data-start=\"892\" data-end=\"905\">Suitable for:<\/strong> Pi\u015fikl\u0259r (a\u00e7\u0131q v\u0259 qapal\u0131 m\u0259kanlarda)<\/p>\n<p data-start=\"944\" data-end=\"1051\">Evinizi v\u0259 ba\u011f\u0131n\u0131z\u0131 pi\u015fikl\u0259rin z\u0259r\u0259rind\u0259n qorumaq \u00fc\u00e7\u00fcn \u2013 <strong data-start=\"1001\" data-end=\"1028\">CLOVERPET Cat Repellent<\/strong> etibarl\u0131 h\u0259ll yoludur!<\/p>\n<\/div>\n<p><!-- .vgblk-rw-wrapper --><\/p>","protected":false},"excerpt":{"rendered":"<p>CLOVERPET Cat Repellent \u2013 250 ml Evinizin v\u0259 ba\u011f\u0131n\u0131z\u0131n pi\u015fikl\u0259r t\u0259r\u0259find\u0259n z\u0259d\u0259l\u0259nm\u0259sinin qar\u015f\u0131s\u0131n\u0131 almaq \u00fc\u00e7\u00fcn haz\u0131rlanm\u0131\u015f effektiv qoruyucu spreydir. CLOVERPET Cat Repellent x\u00fcsusi t\u0259rkibi say\u0259sind\u0259 pi\u015fikl\u0259rin yax\u0131nla\u015fmas\u0131n\u0131 \u0259ng\u0259ll\u0259yir, eyni zamanda heyvanlar\u0131n sa\u011flaml\u0131\u011f\u0131 \u00fc\u00e7\u00fcn tam t\u0259hl\u00fck\u0259sizdir. \u0130st\u0259nil\u0259n s\u0259thl\u0259rd\u0259 istifad\u0259 edil\u0259 bil\u0259r. \u00dcst\u00fcnl\u00fckl\u0259ri: Pi\u015fikl\u0259rin m\u00fc\u0259yy\u0259n sah\u0259l\u0259r\u0259 girm\u0259sinin qar\u015f\u0131s\u0131n\u0131 al\u0131r \u0130nsan v\u0259 heyvan sa\u011flaml\u0131\u011f\u0131na z\u0259r\u0259rsiz formul Asan t\u0259tbiq&#8230;<\/p>","protected":false},"featured_media":990057,"comment_status":"open","ping_status":"closed","template":"","meta":{"nf_dc_page":"","_monsterinsights_skip_tracking":false,"_monsterinsights_sitenote_active":false,"_monsterinsights_sitenote_note":"","_monsterinsights_sitenote_category":0},"product_brand":[],"product_cat":[244,51,247],"product_tag":[],"class_list":{"0":"post-990056","1":"product","2":"type-product","3":"status-publish","4":"has-post-thumbnail","6":"product_cat-it-ve-pisik-mehsullari","7":"product_cat-cat","8":"product_cat-qum-ve-kosmetik-vasiteler","10":"first","11":"instock","12":"shipping-taxable","13":"product-type-simple"},"jetpack_sharing_enabled":true,"_links":{"self":[{"href":"https:\/\/agrovetazerbaijan.az\/en\/wp-json\/wp\/v2\/product\/990056","targetHints":{"allow":["GET"]}}],"collection":[{"href":"https:\/\/agrovetazerbaijan.az\/en\/wp-json\/wp\/v2\/product"}],"about":[{"href":"https:\/\/agrovetazerbaijan.az\/en\/wp-json\/wp\/v2\/types\/product"}],"replies":[{"embeddable":true,"href":"https:\/\/agrovetazerbaijan.az\/en\/wp-json\/wp\/v2\/comments?post=990056"}],"version-history":[{"count":2,"href":"https:\/\/agrovetazerbaijan.az\/en\/wp-json\/wp\/v2\/product\/990056\/revisions"}],"predecessor-version":[{"id":990205,"href":"https:\/\/agrovetazerbaijan.az\/en\/wp-json\/wp\/v2\/product\/990056\/revisions\/990205"}],"wp:featuredmedia":[{"embeddable":true,"href":"https:\/\/agrovetazerbaijan.az\/en\/wp-json\/wp\/v2\/media\/990057"}],"wp:attachment":[{"href":"https:\/\/agrovetazerbaijan.az\/en\/wp-json\/wp\/v2\/media?parent=990056"}],"wp:term":[{"taxonomy":"product_brand","embeddable":true,"href":"https:\/\/agrovetazerbaijan.az\/en\/wp-json\/wp\/v2\/product_brand?post=990056"},{"taxonomy":"product_cat","embeddable":true,"href":"https:\/\/agrovetazerbaijan.az\/en\/wp-json\/wp\/v2\/product_cat?post=990056"},{"taxonomy":"product_tag","embeddable":true,"href":"https:\/\/agrovetazerbaijan.az\/en\/wp-json\/wp\/v2\/product_tag?post=990056"}],"curies":[{"name":"wp","href":"https:\/\/api.w.org\/{rel}","templated":true}]}}