{"id":990050,"date":"2025-07-27T23:38:54","date_gmt":"2025-07-27T23:38:54","guid":{"rendered":"https:\/\/agrovetazerbaijan.az\/?post_type=product&#038;p=990050"},"modified":"2025-08-11T22:53:24","modified_gmt":"2025-08-11T22:53:24","slug":"clover-pet-catnip-sprey-100ml","status":"publish","type":"product","link":"https:\/\/agrovetazerbaijan.az\/en\/product\/clover-pet-catnip-sprey-100ml\/","title":{"rendered":"CLOVER PET CATNIP SPRAY 100ML"},"content":{"rendered":"<div class=\"vgblk-rw-wrapper limit-wrapper\">\n<p data-start=\"88\" data-end=\"123\"><strong data-start=\"88\" data-end=\"123\">CLOVERPET Catnip Spray \u2013 100 ml<\/strong><\/p>\n<p data-start=\"125\" data-end=\"423\">Designed to enhance your cats&#039; play and fun <strong data-start=\"186\" data-end=\"212\">CLOVERPET Catnip Spray<\/strong>, enriched with natural catnip extract. This spray attracts cats&#039; attention, makes them active and happy. At the same time, it helps reduce stress and alleviate behavioral problems.<\/p>\n<p data-start=\"425\" data-end=\"444\"><strong data-start=\"425\" data-end=\"442\">Advantages:<\/strong><\/p>\n<ul data-start=\"445\" data-end=\"690\">\n<li data-start=\"445\" data-end=\"482\">\n<p data-start=\"447\" data-end=\"482\">Enriched with natural catnip extract<\/p>\n<\/li>\n<li data-start=\"483\" data-end=\"535\">\n<p data-start=\"485\" data-end=\"535\">Meets cats&#039; need for play and entertainment<\/p>\n<\/li>\n<li data-start=\"536\" data-end=\"574\">\n<p data-start=\"538\" data-end=\"574\">Supports stress reduction<\/p>\n<\/li>\n<li data-start=\"575\" data-end=\"633\">\n<p data-start=\"577\" data-end=\"633\">Easily applies to any toy or surface<\/p>\n<\/li>\n<li data-start=\"634\" data-end=\"690\">\n<p data-start=\"636\" data-end=\"690\">Harmless and safe formula for animal health<\/p>\n<\/li>\n<\/ul>\n<p data-start=\"692\" data-end=\"715\"><strong data-start=\"692\" data-end=\"713\">Instructions for use:<\/strong><\/p>\n<ol data-start=\"716\" data-end=\"901\">\n<li data-start=\"716\" data-end=\"748\">\n<p data-start=\"719\" data-end=\"748\">Shake the vial well.<\/p>\n<\/li>\n<li data-start=\"749\" data-end=\"834\">\n<p data-start=\"752\" data-end=\"834\">Spray the product on your cat&#039;s toys, comb, or any surface he likes.<\/p>\n<\/li>\n<li data-start=\"835\" data-end=\"901\">\n<p data-start=\"838\" data-end=\"901\">Watch your cat&#039;s reaction and make sure he enjoys it.<\/p>\n<\/li>\n<\/ol>\n<p data-start=\"903\" data-end=\"973\"><strong data-start=\"903\" data-end=\"913\">Volume:<\/strong> 100 ml<br data-start=\"920\" data-end=\"923\" \/><strong data-start=\"923\" data-end=\"936\">Suitable for:<\/strong> Cats (all ages and breeds)<\/p>\n<p data-start=\"975\" data-end=\"1059\">Add more play and joy to your cat&#039;s life \u2013 <strong data-start=\"1028\" data-end=\"1054\">CLOVERPET Catnip Spray<\/strong> with!<\/p>\n<\/div>\n<p><!-- .vgblk-rw-wrapper --><\/p>","protected":false},"excerpt":{"rendered":"<p>CLOVERPET Catnip Sprey \u2013 100 ml Pi\u015fikl\u0259rinizin oyun v\u0259 \u0259yl\u0259nc\u0259sini art\u0131rmaq \u00fc\u00e7\u00fcn haz\u0131rlanm\u0131\u015f CLOVERPET Catnip Sprey, t\u0259bii catnip ekstrakt\u0131 il\u0259 z\u0259nginl\u0259\u015fdirilmi\u015fdir. Bu sprey pi\u015fikl\u0259rin diqq\u0259tini c\u0259lb edir, onlar\u0131 aktiv v\u0259 xo\u015fb\u0259xt edir. Eyni zamanda stresin azald\u0131lmas\u0131na v\u0259 davran\u0131\u015f probleml\u0259rinin y\u00fcng\u00fcll\u0259\u015fm\u0259sin\u0259 k\u00f6m\u0259k edir. \u00dcst\u00fcnl\u00fckl\u0259ri: T\u0259bii catnip ekstrakt\u0131 il\u0259 z\u0259ngin Pi\u015fikl\u0259rin oyun v\u0259 \u0259yl\u0259nc\u0259 ehtiyac\u0131n\u0131 qar\u015f\u0131lay\u0131r Stresin&#8230;<\/p>","protected":false},"featured_media":990051,"comment_status":"open","ping_status":"closed","template":"","meta":{"nf_dc_page":"","_monsterinsights_skip_tracking":false,"_monsterinsights_sitenote_active":false,"_monsterinsights_sitenote_note":"","_monsterinsights_sitenote_category":0},"product_brand":[],"product_cat":[58,244,51,247,16],"product_tag":[],"class_list":{"0":"post-990050","1":"product","2":"type-product","3":"status-publish","4":"has-post-thumbnail","6":"product_cat-dog","7":"product_cat-it-ve-pisik-mehsullari","8":"product_cat-cat","9":"product_cat-qum-ve-kosmetik-vasiteler","10":"product_cat-uncategorized","12":"first","13":"instock","14":"shipping-taxable","15":"product-type-simple"},"jetpack_sharing_enabled":true,"_links":{"self":[{"href":"https:\/\/agrovetazerbaijan.az\/en\/wp-json\/wp\/v2\/product\/990050","targetHints":{"allow":["GET"]}}],"collection":[{"href":"https:\/\/agrovetazerbaijan.az\/en\/wp-json\/wp\/v2\/product"}],"about":[{"href":"https:\/\/agrovetazerbaijan.az\/en\/wp-json\/wp\/v2\/types\/product"}],"replies":[{"embeddable":true,"href":"https:\/\/agrovetazerbaijan.az\/en\/wp-json\/wp\/v2\/comments?post=990050"}],"version-history":[{"count":2,"href":"https:\/\/agrovetazerbaijan.az\/en\/wp-json\/wp\/v2\/product\/990050\/revisions"}],"predecessor-version":[{"id":990203,"href":"https:\/\/agrovetazerbaijan.az\/en\/wp-json\/wp\/v2\/product\/990050\/revisions\/990203"}],"wp:featuredmedia":[{"embeddable":true,"href":"https:\/\/agrovetazerbaijan.az\/en\/wp-json\/wp\/v2\/media\/990051"}],"wp:attachment":[{"href":"https:\/\/agrovetazerbaijan.az\/en\/wp-json\/wp\/v2\/media?parent=990050"}],"wp:term":[{"taxonomy":"product_brand","embeddable":true,"href":"https:\/\/agrovetazerbaijan.az\/en\/wp-json\/wp\/v2\/product_brand?post=990050"},{"taxonomy":"product_cat","embeddable":true,"href":"https:\/\/agrovetazerbaijan.az\/en\/wp-json\/wp\/v2\/product_cat?post=990050"},{"taxonomy":"product_tag","embeddable":true,"href":"https:\/\/agrovetazerbaijan.az\/en\/wp-json\/wp\/v2\/product_tag?post=990050"}],"curies":[{"name":"wp","href":"https:\/\/api.w.org\/{rel}","templated":true}]}}