{"id":990047,"date":"2025-07-27T23:36:26","date_gmt":"2025-07-27T23:36:26","guid":{"rendered":"https:\/\/agrovetazerbaijan.az\/?post_type=product&#038;p=990047"},"modified":"2025-08-17T23:07:23","modified_gmt":"2025-08-17T23:07:23","slug":"cloverpet-parfum-esans-tender-100ml","status":"publish","type":"product","link":"https:\/\/agrovetazerbaijan.az\/en\/product\/cloverpet-parfum-esans-tender-100ml\/","title":{"rendered":"CLOVERPET PERFUME ESSENCE TENDER 100ML"},"content":{"rendered":"<div class=\"vgblk-rw-wrapper limit-wrapper\">\n<h2 data-start=\"59\" data-end=\"106\"><strong data-start=\"62\" data-end=\"104\">Cloverpet Perfume Essence Tender \u2013 100 ml<\/strong><\/h2>\n<p data-start=\"108\" data-end=\"178\">Designed for pets <strong data-start=\"144\" data-end=\"175\">special scented perfume essence<\/strong>.<\/p>\n<ul data-start=\"179\" data-end=\"310\">\n<li data-start=\"179\" data-end=\"212\">\n<p data-start=\"181\" data-end=\"212\">Subtle and long-lasting pleasant scent<\/p>\n<\/li>\n<li data-start=\"213\" data-end=\"270\">\n<p data-start=\"215\" data-end=\"270\">Safe formula suitable for pet hair and skin<\/p>\n<\/li>\n<li data-start=\"271\" data-end=\"310\">\n<p data-start=\"273\" data-end=\"310\">Convenient 100 ml packaging<\/p>\n<\/li>\n<\/ul>\n<p data-start=\"312\" data-end=\"444\"><strong data-start=\"312\" data-end=\"332\">Cloverpet Tender<\/strong> It adds elegance to your pet&#039;s daily care, maintains a pleasant scent and a feeling of cleanliness and freshness for a long time.<\/p>\n<\/div>\n<p><!-- .vgblk-rw-wrapper --><\/p>","protected":false},"excerpt":{"rendered":"<p>Cloverpet Parf\u00fcm Esans Tender \u2013 100 ml Ev heyvanlar\u0131 \u00fc\u00e7\u00fcn n\u0259z\u0259rd\u0259 tutulmu\u015f x\u00fcsusi \u0259tirli parf\u00fcm esans\u0131. \u0130nc\u0259 v\u0259 uzunm\u00fcdd\u0259tli xo\u015f qoxu Heyvan t\u00fckl\u0259rin\u0259 v\u0259 d\u0259risin\u0259 uy\u011fun t\u0259hl\u00fck\u0259siz formula Rahat istifad\u0259li 100 ml qabla\u015fd\u0131rma Cloverpet Tender ev heyvan\u0131n\u0131z\u0131n g\u00fcnd\u0259lik bax\u0131m\u0131na z\u0259riflik qat\u0131r, xo\u015f \u0259tril\u0259 t\u0259mizlik v\u0259 t\u0259rav\u0259t hissini uzun m\u00fcdd\u0259t qoruyur.<\/p>","protected":false},"featured_media":990048,"comment_status":"open","ping_status":"closed","template":"","meta":{"nf_dc_page":"","_monsterinsights_skip_tracking":false,"_monsterinsights_sitenote_active":false,"_monsterinsights_sitenote_note":"","_monsterinsights_sitenote_category":0},"product_brand":[],"product_cat":[244,58,51,247],"product_tag":[],"class_list":{"0":"post-990047","1":"product","2":"type-product","3":"status-publish","4":"has-post-thumbnail","6":"product_cat-it-ve-pisik-mehsullari","7":"product_cat-dog","8":"product_cat-cat","9":"product_cat-qum-ve-kosmetik-vasiteler","11":"first","12":"instock","13":"shipping-taxable","14":"product-type-simple"},"jetpack_sharing_enabled":true,"_links":{"self":[{"href":"https:\/\/agrovetazerbaijan.az\/en\/wp-json\/wp\/v2\/product\/990047","targetHints":{"allow":["GET"]}}],"collection":[{"href":"https:\/\/agrovetazerbaijan.az\/en\/wp-json\/wp\/v2\/product"}],"about":[{"href":"https:\/\/agrovetazerbaijan.az\/en\/wp-json\/wp\/v2\/types\/product"}],"replies":[{"embeddable":true,"href":"https:\/\/agrovetazerbaijan.az\/en\/wp-json\/wp\/v2\/comments?post=990047"}],"version-history":[{"count":2,"href":"https:\/\/agrovetazerbaijan.az\/en\/wp-json\/wp\/v2\/product\/990047\/revisions"}],"predecessor-version":[{"id":990217,"href":"https:\/\/agrovetazerbaijan.az\/en\/wp-json\/wp\/v2\/product\/990047\/revisions\/990217"}],"wp:featuredmedia":[{"embeddable":true,"href":"https:\/\/agrovetazerbaijan.az\/en\/wp-json\/wp\/v2\/media\/990048"}],"wp:attachment":[{"href":"https:\/\/agrovetazerbaijan.az\/en\/wp-json\/wp\/v2\/media?parent=990047"}],"wp:term":[{"taxonomy":"product_brand","embeddable":true,"href":"https:\/\/agrovetazerbaijan.az\/en\/wp-json\/wp\/v2\/product_brand?post=990047"},{"taxonomy":"product_cat","embeddable":true,"href":"https:\/\/agrovetazerbaijan.az\/en\/wp-json\/wp\/v2\/product_cat?post=990047"},{"taxonomy":"product_tag","embeddable":true,"href":"https:\/\/agrovetazerbaijan.az\/en\/wp-json\/wp\/v2\/product_tag?post=990047"}],"curies":[{"name":"wp","href":"https:\/\/api.w.org\/{rel}","templated":true}]}}