{"id":990044,"date":"2025-07-27T23:33:11","date_gmt":"2025-07-27T23:33:11","guid":{"rendered":"https:\/\/agrovetazerbaijan.az\/?post_type=product&#038;p=990044"},"modified":"2025-08-11T22:51:41","modified_gmt":"2025-08-11T22:51:41","slug":"cloverpet-parfum-esans-amor-amor-100ml","status":"publish","type":"product","link":"https:\/\/agrovetazerbaijan.az\/en\/product\/cloverpet-parfum-esans-amor-amor-100ml\/","title":{"rendered":"CLOVERPET PERFUME ESSENCE AMOR AMOR 100ML"},"content":{"rendered":"<div class=\"vgblk-rw-wrapper limit-wrapper\">\n<p data-start=\"98\" data-end=\"143\"><strong data-start=\"98\" data-end=\"143\">CLOVERPET Perfume Essence \u2013 Amor Amor 100 ml<\/strong><\/p>\n<p data-start=\"145\" data-end=\"459\">Specially designed for your pet <strong data-start=\"187\" data-end=\"223\">CLOVERPET Perfume Essence Amor Amor<\/strong>, with its delicate and romantic scent, it gives long-lasting freshness and charm to the fur. The gentle and safe formula is suitable for use without damaging or irritating your pet&#039;s skin. It is an ideal choice for dogs and cats.<\/p>\n<p data-start=\"461\" data-end=\"480\"><strong data-start=\"461\" data-end=\"478\">Advantages:<\/strong><\/p>\n<ul data-start=\"481\" data-end=\"679\">\n<li data-start=\"481\" data-end=\"519\">\n<p data-start=\"483\" data-end=\"519\">Amor Amor \u2013 an elegant and romantic fragrance<\/p>\n<\/li>\n<li data-start=\"520\" data-end=\"554\">\n<p data-start=\"522\" data-end=\"554\">Long-lasting and fresh scent<\/p>\n<\/li>\n<li data-start=\"555\" data-end=\"607\">\n<p data-start=\"557\" data-end=\"607\">Mild composition that does not irritate the skin and hair<\/p>\n<\/li>\n<li data-start=\"608\" data-end=\"645\">\n<p data-start=\"610\" data-end=\"645\">Hypoallergenic and safe formula<\/p>\n<\/li>\n<li data-start=\"646\" data-end=\"679\">\n<p data-start=\"648\" data-end=\"679\">Suitable for daily care<\/p>\n<\/li>\n<\/ul>\n<p data-start=\"681\" data-end=\"704\"><strong data-start=\"681\" data-end=\"702\">Instructions for use:<\/strong><\/p>\n<ol data-start=\"705\" data-end=\"852\">\n<li data-start=\"705\" data-end=\"737\">\n<p data-start=\"708\" data-end=\"737\">Shake the vial well.<\/p>\n<\/li>\n<li data-start=\"738\" data-end=\"802\">\n<p data-start=\"741\" data-end=\"802\">Spray the product onto your pet&#039;s fur from a distance of 15\u201320 cm.<\/p>\n<\/li>\n<li data-start=\"803\" data-end=\"852\">\n<p data-start=\"806\" data-end=\"852\">Avoid touching your eyes, nose, and mouth.<\/p>\n<\/li>\n<\/ol>\n<p data-start=\"854\" data-end=\"928\"><strong data-start=\"854\" data-end=\"864\">Volume:<\/strong> 100 ml<br data-start=\"871\" data-end=\"874\" \/><strong data-start=\"874\" data-end=\"887\">Suitable for:<\/strong> Dogs and cats (for all breeds)<\/p>\n<p data-start=\"930\" data-end=\"1054\">Give your pet&#039;s fur a delicate and romantic freshness \u2013 <strong data-start=\"991\" data-end=\"1027\">CLOVERPET Perfume Essence Amor Amor<\/strong> Experience a different scent with!<\/p>\n<\/div>\n<p><!-- .vgblk-rw-wrapper --><\/p>","protected":false},"excerpt":{"rendered":"<p>CLOVERPET Parf\u00fcm Esans \u2013 Amor Amor 100 ml Heyvan\u0131n\u0131z \u00fc\u00e7\u00fcn x\u00fcsusi olaraq haz\u0131rlanm\u0131\u015f CLOVERPET Parf\u00fcm Esans Amor Amor, z\u0259rif v\u0259 romantik qoxusu il\u0259 t\u00fckl\u0259r\u0259 uzun m\u00fcdd\u0259t davam ed\u0259n t\u0259rav\u0259t v\u0259 cazib\u0259 b\u0259x\u015f edir. Yum\u015faq v\u0259 t\u0259hl\u00fck\u0259siz formul heyvan\u0131n\u0131z\u0131n d\u0259risin\u0259 z\u0259r\u0259r verm\u0259d\u0259n, q\u0131c\u0131q yaratmadan istifad\u0259 \u00fc\u00e7\u00fcn uy\u011fundur. \u0130tl\u0259r v\u0259 pi\u015fikl\u0259r \u00fc\u00e7\u00fcn ideal se\u00e7imdir. \u00dcst\u00fcnl\u00fckl\u0259ri: Amor Amor&#8230;<\/p>","protected":false},"featured_media":990045,"comment_status":"open","ping_status":"closed","template":"","meta":{"nf_dc_page":"","_monsterinsights_skip_tracking":false,"_monsterinsights_sitenote_active":false,"_monsterinsights_sitenote_note":"","_monsterinsights_sitenote_category":0},"product_brand":[],"product_cat":[244,58,51,247],"product_tag":[],"class_list":{"0":"post-990044","1":"product","2":"type-product","3":"status-publish","4":"has-post-thumbnail","6":"product_cat-it-ve-pisik-mehsullari","7":"product_cat-dog","8":"product_cat-cat","9":"product_cat-qum-ve-kosmetik-vasiteler","11":"first","12":"instock","13":"shipping-taxable","14":"product-type-simple"},"jetpack_sharing_enabled":true,"_links":{"self":[{"href":"https:\/\/agrovetazerbaijan.az\/en\/wp-json\/wp\/v2\/product\/990044","targetHints":{"allow":["GET"]}}],"collection":[{"href":"https:\/\/agrovetazerbaijan.az\/en\/wp-json\/wp\/v2\/product"}],"about":[{"href":"https:\/\/agrovetazerbaijan.az\/en\/wp-json\/wp\/v2\/types\/product"}],"replies":[{"embeddable":true,"href":"https:\/\/agrovetazerbaijan.az\/en\/wp-json\/wp\/v2\/comments?post=990044"}],"version-history":[{"count":2,"href":"https:\/\/agrovetazerbaijan.az\/en\/wp-json\/wp\/v2\/product\/990044\/revisions"}],"predecessor-version":[{"id":990202,"href":"https:\/\/agrovetazerbaijan.az\/en\/wp-json\/wp\/v2\/product\/990044\/revisions\/990202"}],"wp:featuredmedia":[{"embeddable":true,"href":"https:\/\/agrovetazerbaijan.az\/en\/wp-json\/wp\/v2\/media\/990045"}],"wp:attachment":[{"href":"https:\/\/agrovetazerbaijan.az\/en\/wp-json\/wp\/v2\/media?parent=990044"}],"wp:term":[{"taxonomy":"product_brand","embeddable":true,"href":"https:\/\/agrovetazerbaijan.az\/en\/wp-json\/wp\/v2\/product_brand?post=990044"},{"taxonomy":"product_cat","embeddable":true,"href":"https:\/\/agrovetazerbaijan.az\/en\/wp-json\/wp\/v2\/product_cat?post=990044"},{"taxonomy":"product_tag","embeddable":true,"href":"https:\/\/agrovetazerbaijan.az\/en\/wp-json\/wp\/v2\/product_tag?post=990044"}],"curies":[{"name":"wp","href":"https:\/\/api.w.org\/{rel}","templated":true}]}}