{"id":990041,"date":"2025-07-27T23:30:10","date_gmt":"2025-07-27T23:30:10","guid":{"rendered":"https:\/\/agrovetazerbaijan.az\/?post_type=product&#038;p=990041"},"modified":"2025-08-11T22:46:42","modified_gmt":"2025-08-11T22:46:42","slug":"cloverpet-parfum-esans-candy-kenzo-100ml","status":"publish","type":"product","link":"https:\/\/agrovetazerbaijan.az\/en\/product\/cloverpet-parfum-esans-candy-kenzo-100ml\/","title":{"rendered":"CLOVERPET PERFUME ESSENCE CANDY KENZO 100ML"},"content":{"rendered":"<div class=\"vgblk-rw-wrapper limit-wrapper\">\n<p data-start=\"102\" data-end=\"151\"><strong data-start=\"102\" data-end=\"149\">CLOVERPET Perfume Essence \u2013 Candy Kenzo 100 ml<\/strong><\/p>\n<p data-start=\"153\" data-end=\"450\">Specially designed for your pet <strong data-start=\"191\" data-end=\"229\">CLOVERPET Perfume Essence Candy Kenzo<\/strong>, with its sweet and attractive scent, it provides long-lasting freshness to the fur. Thanks to its gentle and safe formula, it can be used without irritating your pet&#039;s skin. It is an ideal choice for dogs and cats.<\/p>\n<p data-start=\"452\" data-end=\"471\"><strong data-start=\"452\" data-end=\"469\">Advantages:<\/strong><\/p>\n<ul data-start=\"472\" data-end=\"671\">\n<li data-start=\"472\" data-end=\"513\">\n<p data-start=\"474\" data-end=\"513\">Candy Kenzo \u2013 sweet and seductive fragrance<\/p>\n<\/li>\n<li data-start=\"514\" data-end=\"542\">\n<p data-start=\"516\" data-end=\"542\">Long-lasting scent effect<\/p>\n<\/li>\n<li data-start=\"543\" data-end=\"595\">\n<p data-start=\"545\" data-end=\"595\">Mild composition that does not irritate the skin and hair<\/p>\n<\/li>\n<li data-start=\"596\" data-end=\"633\">\n<p data-start=\"598\" data-end=\"633\">Hypoallergenic and safe formula<\/p>\n<\/li>\n<li data-start=\"634\" data-end=\"671\">\n<p data-start=\"636\" data-end=\"671\">Suitable for daily care<\/p>\n<\/li>\n<\/ul>\n<p data-start=\"673\" data-end=\"696\"><strong data-start=\"673\" data-end=\"694\">Instructions for use:<\/strong><\/p>\n<ol data-start=\"697\" data-end=\"844\">\n<li data-start=\"697\" data-end=\"729\">\n<p data-start=\"700\" data-end=\"729\">Shake the vial well.<\/p>\n<\/li>\n<li data-start=\"730\" data-end=\"794\">\n<p data-start=\"733\" data-end=\"794\">Spray the product onto your pet&#039;s fur from a distance of 15\u201320 cm.<\/p>\n<\/li>\n<li data-start=\"795\" data-end=\"844\">\n<p data-start=\"798\" data-end=\"844\">Avoid touching your eyes, nose, and mouth.<\/p>\n<\/li>\n<\/ol>\n<p data-start=\"846\" data-end=\"920\"><strong data-start=\"846\" data-end=\"856\">Volume:<\/strong> 100 ml<br data-start=\"863\" data-end=\"866\" \/><strong data-start=\"866\" data-end=\"879\">Suitable for:<\/strong> Dogs and cats (for all breeds)<\/p>\n<\/div>\n<p><!-- .vgblk-rw-wrapper --><\/p>","protected":false},"excerpt":{"rendered":"<p>CLOVERPET Parf\u00fcm Esans \u2013 Candy Kenzo 100 ml Ev heyvan\u0131n\u0131z \u00fc\u00e7\u00fcn x\u00fcsusi haz\u0131rlanm\u0131\u015f CLOVERPET Parf\u00fcm Esans Candy Kenzo, \u015firin v\u0259 cazib\u0259dar qoxusu il\u0259 t\u00fckl\u0259r\u0259 uzun m\u00fcdd\u0259t davam ed\u0259n t\u0259rav\u0259t b\u0259x\u015f edir. Yum\u015faq v\u0259 t\u0259hl\u00fck\u0259siz formul say\u0259sind\u0259 heyvan\u0131n\u0131z\u0131n d\u0259risini q\u0131c\u0131qland\u0131rmadan istifad\u0259 edil\u0259 bil\u0259r. \u0130tl\u0259r v\u0259 pi\u015fikl\u0259r \u00fc\u00e7\u00fcn ideal se\u00e7imdir. \u00dcst\u00fcnl\u00fckl\u0259ri: Candy Kenzo \u2013 \u015firin v\u0259 cazib\u0259dar&#8230;<\/p>","protected":false},"featured_media":990042,"comment_status":"open","ping_status":"closed","template":"","meta":{"nf_dc_page":"","_monsterinsights_skip_tracking":false,"_monsterinsights_sitenote_active":false,"_monsterinsights_sitenote_note":"","_monsterinsights_sitenote_category":0},"product_brand":[],"product_cat":[244,58,51,247],"product_tag":[],"class_list":{"0":"post-990041","1":"product","2":"type-product","3":"status-publish","4":"has-post-thumbnail","6":"product_cat-it-ve-pisik-mehsullari","7":"product_cat-dog","8":"product_cat-cat","9":"product_cat-qum-ve-kosmetik-vasiteler","11":"first","12":"instock","13":"shipping-taxable","14":"product-type-simple"},"jetpack_sharing_enabled":true,"_links":{"self":[{"href":"https:\/\/agrovetazerbaijan.az\/en\/wp-json\/wp\/v2\/product\/990041","targetHints":{"allow":["GET"]}}],"collection":[{"href":"https:\/\/agrovetazerbaijan.az\/en\/wp-json\/wp\/v2\/product"}],"about":[{"href":"https:\/\/agrovetazerbaijan.az\/en\/wp-json\/wp\/v2\/types\/product"}],"replies":[{"embeddable":true,"href":"https:\/\/agrovetazerbaijan.az\/en\/wp-json\/wp\/v2\/comments?post=990041"}],"version-history":[{"count":2,"href":"https:\/\/agrovetazerbaijan.az\/en\/wp-json\/wp\/v2\/product\/990041\/revisions"}],"predecessor-version":[{"id":990201,"href":"https:\/\/agrovetazerbaijan.az\/en\/wp-json\/wp\/v2\/product\/990041\/revisions\/990201"}],"wp:featuredmedia":[{"embeddable":true,"href":"https:\/\/agrovetazerbaijan.az\/en\/wp-json\/wp\/v2\/media\/990042"}],"wp:attachment":[{"href":"https:\/\/agrovetazerbaijan.az\/en\/wp-json\/wp\/v2\/media?parent=990041"}],"wp:term":[{"taxonomy":"product_brand","embeddable":true,"href":"https:\/\/agrovetazerbaijan.az\/en\/wp-json\/wp\/v2\/product_brand?post=990041"},{"taxonomy":"product_cat","embeddable":true,"href":"https:\/\/agrovetazerbaijan.az\/en\/wp-json\/wp\/v2\/product_cat?post=990041"},{"taxonomy":"product_tag","embeddable":true,"href":"https:\/\/agrovetazerbaijan.az\/en\/wp-json\/wp\/v2\/product_tag?post=990041"}],"curies":[{"name":"wp","href":"https:\/\/api.w.org\/{rel}","templated":true}]}}