{"id":990038,"date":"2025-07-27T23:26:36","date_gmt":"2025-07-27T23:26:36","guid":{"rendered":"https:\/\/agrovetazerbaijan.az\/?post_type=product&#038;p=990038"},"modified":"2025-08-11T22:39:27","modified_gmt":"2025-08-11T22:39:27","slug":"cloverpet-parfum-esans-tutti-frutti-100ml","status":"publish","type":"product","link":"https:\/\/agrovetazerbaijan.az\/en\/product\/cloverpet-parfum-esans-tutti-frutti-100ml\/","title":{"rendered":"CLOVERPET PERFUME ESSENCE TUTTI FRUIT 100ML"},"content":{"rendered":"<div class=\"vgblk-rw-wrapper limit-wrapper\">\n<p data-start=\"103\" data-end=\"153\"><strong data-start=\"103\" data-end=\"151\">CLOVERPET Perfume Essence \u2013 Tutti Frutti 100 ml<\/strong><\/p>\n<p data-start=\"155\" data-end=\"477\">Designed to add a special touch to your pet&#039;s cleanliness and freshness <strong data-start=\"236\" data-end=\"275\">CLOVERPET Perfume Essence Tutti Frutti<\/strong>, with a pleasant and sweet fruity scent, it gives the fur a long-lasting fragrance. The mild formula can be used without damaging or irritating your pet&#039;s skin. Suitable for dogs and cats.<\/p>\n<p data-start=\"479\" data-end=\"498\"><strong data-start=\"479\" data-end=\"496\">Advantages:<\/strong><\/p>\n<ul data-start=\"499\" data-end=\"703\">\n<li data-start=\"499\" data-end=\"548\">\n<p data-start=\"501\" data-end=\"548\">Tutti Frutti \u2013 a sweet and refreshing fruit scent<\/p>\n<\/li>\n<li data-start=\"549\" data-end=\"577\">\n<p data-start=\"551\" data-end=\"577\">Long-lasting scent effect<\/p>\n<\/li>\n<li data-start=\"578\" data-end=\"630\">\n<p data-start=\"580\" data-end=\"630\">Mild composition that does not irritate the skin and hair<\/p>\n<\/li>\n<li data-start=\"631\" data-end=\"666\">\n<p data-start=\"633\" data-end=\"666\">Hypoallergenic, safe formula<\/p>\n<\/li>\n<li data-start=\"667\" data-end=\"703\">\n<p data-start=\"669\" data-end=\"703\">Convenient for daily use<\/p>\n<\/li>\n<\/ul>\n<p data-start=\"705\" data-end=\"728\"><strong data-start=\"705\" data-end=\"726\">Instructions for use:<\/strong><\/p>\n<ol data-start=\"729\" data-end=\"871\">\n<li data-start=\"729\" data-end=\"761\">\n<p data-start=\"732\" data-end=\"761\">Shake the vial well.<\/p>\n<\/li>\n<li data-start=\"762\" data-end=\"826\">\n<p data-start=\"765\" data-end=\"826\">Spray the product onto your pet&#039;s fur from a distance of 15\u201320 cm.<\/p>\n<\/li>\n<li data-start=\"827\" data-end=\"871\">\n<p data-start=\"830\" data-end=\"871\">Do not apply to eyes, nose, or mouth.<\/p>\n<\/li>\n<\/ol>\n<p data-start=\"873\" data-end=\"947\"><strong data-start=\"873\" data-end=\"883\">Volume:<\/strong> 100 ml<br data-start=\"890\" data-end=\"893\" \/><strong data-start=\"893\" data-end=\"906\">Suitable for:<\/strong> Dogs and cats (for all breeds)<\/p>\n<p data-start=\"949\" data-end=\"1060\">To maintain freshness and pleasant smell for a long time \u2013 <strong data-start=\"998\" data-end=\"1037\">CLOVERPET Perfume Essence Tutti Frutti<\/strong> always with you!<\/p>\n<\/div>\n<p><!-- .vgblk-rw-wrapper --><\/p>","protected":false},"excerpt":{"rendered":"<p>CLOVERPET Parf\u00fcm Esans \u2013 Tutti Frutti 100 ml Ev heyvan\u0131n\u0131z\u0131n t\u0259mizliyin\u0259 v\u0259 t\u0259rav\u0259tin\u0259 x\u00fcsusi toxunu\u015f qatmaq \u00fc\u00e7\u00fcn haz\u0131rlanm\u0131\u015f CLOVERPET Parf\u00fcm Esans Tutti Frutti, xo\u015f v\u0259 \u015firin meyv\u0259 \u0259tri il\u0259 t\u00fckl\u0259r\u0259 uzun m\u00fcdd\u0259t davam ed\u0259n \u0259tir b\u0259x\u015f edir. Y\u00fcng\u00fcl formul heyvan\u0131n\u0131z\u0131n d\u0259risin\u0259 z\u0259r\u0259r verm\u0259d\u0259n, q\u0131c\u0131q yaratmadan istifad\u0259 oluna bil\u0259r. \u0130tl\u0259r v\u0259 pi\u015fikl\u0259r \u00fc\u00e7\u00fcn uy\u011fundur. \u00dcst\u00fcnl\u00fckl\u0259ri: Tutti&#8230;<\/p>","protected":false},"featured_media":990039,"comment_status":"open","ping_status":"closed","template":"","meta":{"nf_dc_page":"","_monsterinsights_skip_tracking":false,"_monsterinsights_sitenote_active":false,"_monsterinsights_sitenote_note":"","_monsterinsights_sitenote_category":0},"product_brand":[],"product_cat":[244,58,51,247],"product_tag":[],"class_list":{"0":"post-990038","1":"product","2":"type-product","3":"status-publish","4":"has-post-thumbnail","6":"product_cat-it-ve-pisik-mehsullari","7":"product_cat-dog","8":"product_cat-cat","9":"product_cat-qum-ve-kosmetik-vasiteler","11":"first","12":"instock","13":"shipping-taxable","14":"product-type-simple"},"jetpack_sharing_enabled":true,"_links":{"self":[{"href":"https:\/\/agrovetazerbaijan.az\/en\/wp-json\/wp\/v2\/product\/990038","targetHints":{"allow":["GET"]}}],"collection":[{"href":"https:\/\/agrovetazerbaijan.az\/en\/wp-json\/wp\/v2\/product"}],"about":[{"href":"https:\/\/agrovetazerbaijan.az\/en\/wp-json\/wp\/v2\/types\/product"}],"replies":[{"embeddable":true,"href":"https:\/\/agrovetazerbaijan.az\/en\/wp-json\/wp\/v2\/comments?post=990038"}],"version-history":[{"count":2,"href":"https:\/\/agrovetazerbaijan.az\/en\/wp-json\/wp\/v2\/product\/990038\/revisions"}],"predecessor-version":[{"id":990200,"href":"https:\/\/agrovetazerbaijan.az\/en\/wp-json\/wp\/v2\/product\/990038\/revisions\/990200"}],"wp:featuredmedia":[{"embeddable":true,"href":"https:\/\/agrovetazerbaijan.az\/en\/wp-json\/wp\/v2\/media\/990039"}],"wp:attachment":[{"href":"https:\/\/agrovetazerbaijan.az\/en\/wp-json\/wp\/v2\/media?parent=990038"}],"wp:term":[{"taxonomy":"product_brand","embeddable":true,"href":"https:\/\/agrovetazerbaijan.az\/en\/wp-json\/wp\/v2\/product_brand?post=990038"},{"taxonomy":"product_cat","embeddable":true,"href":"https:\/\/agrovetazerbaijan.az\/en\/wp-json\/wp\/v2\/product_cat?post=990038"},{"taxonomy":"product_tag","embeddable":true,"href":"https:\/\/agrovetazerbaijan.az\/en\/wp-json\/wp\/v2\/product_tag?post=990038"}],"curies":[{"name":"wp","href":"https:\/\/api.w.org\/{rel}","templated":true}]}}