{"id":990035,"date":"2025-07-27T23:22:01","date_gmt":"2025-07-27T23:22:01","guid":{"rendered":"https:\/\/agrovetazerbaijan.az\/?post_type=product&#038;p=990035"},"modified":"2025-08-11T22:11:52","modified_gmt":"2025-08-11T22:11:52","slug":"cloverpet-short-feather-shampoo-400ml","status":"publish","type":"product","link":"https:\/\/agrovetazerbaijan.az\/en\/product\/cloverpet-short-feather-shampoo-400ml\/","title":{"rendered":"CLOVERPET SHORT FEATHER SHAMPOO 400ML"},"content":{"rendered":"<div class=\"vgblk-rw-wrapper limit-wrapper\">\n<p data-start=\"127\" data-end=\"184\"><strong data-start=\"127\" data-end=\"182\">CLOVERPET Shampoo for Short Haired Animals \u2013 400 ml<\/strong><\/p>\n<p data-start=\"186\" data-end=\"478\">Specially formulated to help your pet have healthy and shiny fur <strong data-start=\"271\" data-end=\"305\">CLOVERPET Short Feather Shampoo<\/strong>, is an ideal care product for short-haired dogs and cats. Thanks to its gentle formula, it cleanses the skin without irritating it and effectively removes dust and dirt.<\/p>\n<p data-start=\"480\" data-end=\"499\"><strong data-start=\"480\" data-end=\"497\">Advantages:<\/strong><\/p>\n<ul data-start=\"500\" data-end=\"712\">\n<li data-start=\"500\" data-end=\"543\">\n<p data-start=\"502\" data-end=\"543\">Special formula for short-haired animals<\/p>\n<\/li>\n<li data-start=\"544\" data-end=\"596\">\n<p data-start=\"546\" data-end=\"596\">Deeply cleanses the skin and hair roots<\/p>\n<\/li>\n<li data-start=\"597\" data-end=\"639\">\n<p data-start=\"599\" data-end=\"639\">Gives hair shine and softness<\/p>\n<\/li>\n<li data-start=\"640\" data-end=\"681\">\n<p data-start=\"642\" data-end=\"681\">Non-irritating, hypoallergenic ingredient<\/p>\n<\/li>\n<li data-start=\"682\" data-end=\"712\">\n<p data-start=\"684\" data-end=\"712\">Easy to wash and pleasantly scented<\/p>\n<\/li>\n<\/ul>\n<p data-start=\"714\" data-end=\"737\"><strong data-start=\"714\" data-end=\"735\">Instructions for use:<\/strong><\/p>\n<ol data-start=\"738\" data-end=\"926\">\n<li data-start=\"738\" data-end=\"786\">\n<p data-start=\"741\" data-end=\"786\">Wet your pet&#039;s fur with warm water.<\/p>\n<\/li>\n<li data-start=\"787\" data-end=\"870\">\n<p data-start=\"790\" data-end=\"870\">Apply the required amount of shampoo to the hair and lather with gentle massage movements.<\/p>\n<\/li>\n<li data-start=\"871\" data-end=\"926\">\n<p data-start=\"874\" data-end=\"926\">Rinse with plenty of water and repeat if necessary.<\/p>\n<\/li>\n<\/ol>\n<p data-start=\"928\" data-end=\"1006\"><strong data-start=\"928\" data-end=\"938\">Volume:<\/strong> 400 ml<br data-start=\"945\" data-end=\"948\" \/><strong data-start=\"948\" data-end=\"961\">Suitable for:<\/strong> Dogs and cats (for short-haired breeds)<\/p>\n<\/div>\n<p><!-- .vgblk-rw-wrapper --><\/p>","protected":false},"excerpt":{"rendered":"<p>CLOVERPET Q\u0131sa T\u00fckl\u00fc Heyvanlar \u00fc\u00e7\u00fcn \u015eampun \u2013 400 ml Ev heyvan\u0131n\u0131z\u0131n sa\u011flam v\u0259 parlaq t\u00fckl\u0259r\u0259 sahib olmas\u0131 \u00fc\u00e7\u00fcn x\u00fcsusi olaraq haz\u0131rlanm\u0131\u015f CLOVERPET Short Feather \u015eampun, q\u0131sa t\u00fckl\u00fc it v\u0259 pi\u015fikl\u0259r \u00fc\u00e7\u00fcn ideal qulluq vasit\u0259sidir. Yum\u015faq formulu say\u0259sind\u0259 d\u0259rini q\u0131c\u0131qland\u0131rmadan t\u0259mizl\u0259yir, toz v\u0259 kir qat\u0131n\u0131 effektiv \u015f\u0259kild\u0259 aradan qald\u0131r\u0131r. \u00dcst\u00fcnl\u00fckl\u0259ri: Q\u0131sa t\u00fckl\u00fc heyvanlar \u00fc\u00e7\u00fcn x\u00fcsusi formul&#8230;<\/p>","protected":false},"featured_media":990189,"comment_status":"open","ping_status":"closed","template":"","meta":{"nf_dc_page":"","_monsterinsights_skip_tracking":false,"_monsterinsights_sitenote_active":false,"_monsterinsights_sitenote_note":"","_monsterinsights_sitenote_category":0},"product_brand":[],"product_cat":[247,58,244,51],"product_tag":[],"class_list":{"0":"post-990035","1":"product","2":"type-product","3":"status-publish","4":"has-post-thumbnail","6":"product_cat-qum-ve-kosmetik-vasiteler","7":"product_cat-dog","8":"product_cat-it-ve-pisik-mehsullari","9":"product_cat-cat","11":"first","12":"instock","13":"shipping-taxable","14":"product-type-simple"},"jetpack_sharing_enabled":true,"_links":{"self":[{"href":"https:\/\/agrovetazerbaijan.az\/en\/wp-json\/wp\/v2\/product\/990035","targetHints":{"allow":["GET"]}}],"collection":[{"href":"https:\/\/agrovetazerbaijan.az\/en\/wp-json\/wp\/v2\/product"}],"about":[{"href":"https:\/\/agrovetazerbaijan.az\/en\/wp-json\/wp\/v2\/types\/product"}],"replies":[{"embeddable":true,"href":"https:\/\/agrovetazerbaijan.az\/en\/wp-json\/wp\/v2\/comments?post=990035"}],"version-history":[{"count":2,"href":"https:\/\/agrovetazerbaijan.az\/en\/wp-json\/wp\/v2\/product\/990035\/revisions"}],"predecessor-version":[{"id":990190,"href":"https:\/\/agrovetazerbaijan.az\/en\/wp-json\/wp\/v2\/product\/990035\/revisions\/990190"}],"wp:featuredmedia":[{"embeddable":true,"href":"https:\/\/agrovetazerbaijan.az\/en\/wp-json\/wp\/v2\/media\/990189"}],"wp:attachment":[{"href":"https:\/\/agrovetazerbaijan.az\/en\/wp-json\/wp\/v2\/media?parent=990035"}],"wp:term":[{"taxonomy":"product_brand","embeddable":true,"href":"https:\/\/agrovetazerbaijan.az\/en\/wp-json\/wp\/v2\/product_brand?post=990035"},{"taxonomy":"product_cat","embeddable":true,"href":"https:\/\/agrovetazerbaijan.az\/en\/wp-json\/wp\/v2\/product_cat?post=990035"},{"taxonomy":"product_tag","embeddable":true,"href":"https:\/\/agrovetazerbaijan.az\/en\/wp-json\/wp\/v2\/product_tag?post=990035"}],"curies":[{"name":"wp","href":"https:\/\/api.w.org\/{rel}","templated":true}]}}