{"id":990032,"date":"2025-07-27T23:15:02","date_gmt":"2025-07-27T23:15:02","guid":{"rendered":"https:\/\/agrovetazerbaijan.az\/?post_type=product&#038;p=990032"},"modified":"2025-07-27T23:15:26","modified_gmt":"2025-07-27T23:15:26","slug":"cloverpet-derma-care-shampoo-400ml","status":"publish","type":"product","link":"https:\/\/agrovetazerbaijan.az\/en\/product\/cloverpet-derma-care-shampoo-400ml\/","title":{"rendered":"CLOVERPET DERMA CARE SHAMPOO 400ML"},"content":{"rendered":"<div class=\"vgblk-rw-wrapper limit-wrapper\">\n<p data-start=\"141\" data-end=\"218\"><strong data-start=\"141\" data-end=\"218\">Cloverpet Lavender Shampoo \u2013 Hair care shampoo for cats and dogs (400 ml)<\/strong><\/p>\n<p data-start=\"220\" data-end=\"493\"><strong data-start=\"220\" data-end=\"241\">Cloverpet Lavender<\/strong> \u2013 an ideal choice for coat care, designed for all breeds of cats and dogs. Thanks to the natural-based mild detergent complex in its composition, it deeply cleanses the coat, giving it a shiny and healthy appearance without damaging the skin&#039;s natural protective layer.<\/p>\n<h3 data-start=\"495\" data-end=\"517\">Main advantages:<\/h3>\n<ul data-start=\"518\" data-end=\"860\">\n<li data-start=\"518\" data-end=\"560\">\n<p data-start=\"520\" data-end=\"560\">\u2714 Mild cleansers with natural ingredients<\/p>\n<\/li>\n<li data-start=\"561\" data-end=\"602\">\n<p data-start=\"563\" data-end=\"602\">\u2714 Nourishes and moisturizes hair<\/p>\n<\/li>\n<li data-start=\"603\" data-end=\"640\">\n<p data-start=\"605\" data-end=\"640\">\u2714 Prevents hair from tangling<\/p>\n<\/li>\n<li data-start=\"641\" data-end=\"706\">\n<p data-start=\"643\" data-end=\"706\">\u2714 Does not cause irritation to the skin and mucous membranes<\/p>\n<\/li>\n<li data-start=\"707\" data-end=\"756\">\n<p data-start=\"709\" data-end=\"756\">\u2714 Free from dyes and harmful chemicals<\/p>\n<\/li>\n<li data-start=\"757\" data-end=\"824\">\n<p data-start=\"759\" data-end=\"824\">\u2714 Relaxing <strong data-start=\"773\" data-end=\"789\">lavender scent<\/strong> Reduces stress while bathing with<\/p>\n<\/li>\n<li data-start=\"825\" data-end=\"860\">\n<p data-start=\"827\" data-end=\"860\">\u2714 Suitable for daily care<\/p>\n<\/li>\n<\/ul>\n<p data-start=\"862\" data-end=\"997\">Thanks to this shampoo, bathing your pet is no longer stressful \u2013 the natural soothing scent of lavender will turn it into a moment of true relaxation.<\/p>\n<p data-start=\"999\" data-end=\"1027\"><strong data-start=\"999\" data-end=\"1019\">Country of manufacture:<\/strong> Turkey<\/p>\n<p data-start=\"1029\" data-end=\"1120\">Cloverpet Lavender \u2013 natural and safe care to keep fur shiny, soft and healthy!<\/p>\n<\/div>\n<p><!-- .vgblk-rw-wrapper --><\/p>","protected":false},"excerpt":{"rendered":"<p>Cloverpet Lavanda \u015eampun \u2013 Pi\u015fik v\u0259 itl\u0259r \u00fc\u00e7\u00fcn t\u00fck bax\u0131m \u015fampunu (400 ml) Cloverpet Lavanda \u2013 b\u00fct\u00fcn cins pi\u015fik v\u0259 itl\u0259r \u00fc\u00e7\u00fcn n\u0259z\u0259rd\u0259 tutulmu\u015f, t\u00fckl\u0259rin bax\u0131m\u0131 \u00fc\u00e7\u00fcn ideal se\u00e7imdir. T\u0259rkibind\u0259ki t\u0259bii \u0259sasl\u0131 yum\u015faq yuyucu kompleks say\u0259sind\u0259 t\u00fckl\u0259ri d\u0259rind\u0259n t\u0259mizl\u0259yir, d\u0259rinin t\u0259bii qoruyucu qat\u0131n\u0131 pozmadan parlaq v\u0259 sa\u011flam g\u00f6r\u00fcn\u00fc\u015f qazand\u0131r\u0131r. \u018fsas \u00fcst\u00fcnl\u00fckl\u0259ri: \u2714 T\u0259bii t\u0259rkibli yum\u015faq&#8230;<\/p>","protected":false},"featured_media":990033,"comment_status":"open","ping_status":"closed","template":"","meta":{"nf_dc_page":"","_monsterinsights_skip_tracking":false,"_monsterinsights_sitenote_active":false,"_monsterinsights_sitenote_note":"","_monsterinsights_sitenote_category":0},"product_brand":[],"product_cat":[247,58,244,51],"product_tag":[],"class_list":{"0":"post-990032","1":"product","2":"type-product","3":"status-publish","4":"has-post-thumbnail","6":"product_cat-qum-ve-kosmetik-vasiteler","7":"product_cat-dog","8":"product_cat-it-ve-pisik-mehsullari","9":"product_cat-cat","11":"first","12":"instock","13":"shipping-taxable","14":"product-type-simple"},"jetpack_sharing_enabled":true,"_links":{"self":[{"href":"https:\/\/agrovetazerbaijan.az\/en\/wp-json\/wp\/v2\/product\/990032","targetHints":{"allow":["GET"]}}],"collection":[{"href":"https:\/\/agrovetazerbaijan.az\/en\/wp-json\/wp\/v2\/product"}],"about":[{"href":"https:\/\/agrovetazerbaijan.az\/en\/wp-json\/wp\/v2\/types\/product"}],"replies":[{"embeddable":true,"href":"https:\/\/agrovetazerbaijan.az\/en\/wp-json\/wp\/v2\/comments?post=990032"}],"version-history":[{"count":1,"href":"https:\/\/agrovetazerbaijan.az\/en\/wp-json\/wp\/v2\/product\/990032\/revisions"}],"predecessor-version":[{"id":990034,"href":"https:\/\/agrovetazerbaijan.az\/en\/wp-json\/wp\/v2\/product\/990032\/revisions\/990034"}],"wp:featuredmedia":[{"embeddable":true,"href":"https:\/\/agrovetazerbaijan.az\/en\/wp-json\/wp\/v2\/media\/990033"}],"wp:attachment":[{"href":"https:\/\/agrovetazerbaijan.az\/en\/wp-json\/wp\/v2\/media?parent=990032"}],"wp:term":[{"taxonomy":"product_brand","embeddable":true,"href":"https:\/\/agrovetazerbaijan.az\/en\/wp-json\/wp\/v2\/product_brand?post=990032"},{"taxonomy":"product_cat","embeddable":true,"href":"https:\/\/agrovetazerbaijan.az\/en\/wp-json\/wp\/v2\/product_cat?post=990032"},{"taxonomy":"product_tag","embeddable":true,"href":"https:\/\/agrovetazerbaijan.az\/en\/wp-json\/wp\/v2\/product_tag?post=990032"}],"curies":[{"name":"wp","href":"https:\/\/api.w.org\/{rel}","templated":true}]}}