{"id":990030,"date":"2025-07-27T22:58:03","date_gmt":"2025-07-27T22:58:03","guid":{"rendered":"https:\/\/agrovetazerbaijan.az\/?post_type=product&#038;p=990030"},"modified":"2025-08-11T22:37:36","modified_gmt":"2025-08-11T22:37:36","slug":"cloverpet-pupkit-shampoo-400ml","status":"publish","type":"product","link":"https:\/\/agrovetazerbaijan.az\/en\/product\/cloverpet-pupkit-shampoo-400ml\/","title":{"rendered":"CLOVERPET PUP KIT SHAMPOO 400ML"},"content":{"rendered":"<div class=\"vgblk-rw-wrapper limit-wrapper\">\n<p data-start=\"92\" data-end=\"130\"><strong data-start=\"92\" data-end=\"128\">CLOVERPET PupKit Shampoo \u2013 400 ml<\/strong><\/p>\n<p data-start=\"132\" data-end=\"422\">Specially formulated for the sensitive skin and fur of baby dogs <strong data-start=\"202\" data-end=\"229\">CLOVERPET PupKit Shampoo<\/strong>, with its mild and non-irritating formula, it gently cleanses both the skin and the hair roots. Thanks to its natural composition, it gives shine, softness and a pleasant fragrance to your little friend&#039;s hair.<\/p>\n<p data-start=\"424\" data-end=\"443\"><strong data-start=\"424\" data-end=\"441\">Advantages:<\/strong><\/p>\n<ul data-start=\"444\" data-end=\"657\">\n<li data-start=\"444\" data-end=\"501\">\n<p data-start=\"446\" data-end=\"501\">Special formula designed exclusively for puppies<\/p>\n<\/li>\n<li data-start=\"502\" data-end=\"550\">\n<p data-start=\"504\" data-end=\"550\">Non-irritating, hypoallergenic ingredient<\/p>\n<\/li>\n<li data-start=\"551\" data-end=\"589\">\n<p data-start=\"553\" data-end=\"589\">Softens and adds shine to hair<\/p>\n<\/li>\n<li data-start=\"590\" data-end=\"625\">\n<p data-start=\"592\" data-end=\"625\">Gentle cleansing without stinging the eyes<\/p>\n<\/li>\n<li data-start=\"626\" data-end=\"657\">\n<p data-start=\"628\" data-end=\"657\">Suitable for daily care<\/p>\n<\/li>\n<\/ul>\n<p data-start=\"659\" data-end=\"682\"><strong data-start=\"659\" data-end=\"680\">Instructions for use:<\/strong><\/p>\n<ol data-start=\"683\" data-end=\"866\">\n<li data-start=\"683\" data-end=\"728\">\n<p data-start=\"686\" data-end=\"728\">Wet the puppy&#039;s fur with warm water.<\/p>\n<\/li>\n<li data-start=\"729\" data-end=\"812\">\n<p data-start=\"732\" data-end=\"812\">Apply the required amount of shampoo to the hair and lather with gentle massage movements.<\/p>\n<\/li>\n<li data-start=\"813\" data-end=\"866\">\n<p data-start=\"816\" data-end=\"866\">Rinse with plenty of water. Repeat if necessary.<\/p>\n<\/li>\n<\/ol>\n<p data-start=\"868\" data-end=\"935\"><strong data-start=\"868\" data-end=\"878\">Volume:<\/strong> 400 ml<br data-start=\"885\" data-end=\"888\" \/><strong data-start=\"888\" data-end=\"901\">Suitable for:<\/strong> Puppies (all breeds)<\/p>\n<p data-start=\"937\" data-end=\"1042\">For your little friend&#039;s healthy skin and shiny fur \u2013 <strong data-start=\"994\" data-end=\"1021\">CLOVERPET PupKit Shampoo<\/strong> the most elegant choice!<\/p>\n<\/div>\n<p><!-- .vgblk-rw-wrapper --><\/p>","protected":false},"excerpt":{"rendered":"<p>CLOVERPET PupKit \u015eampun \u2013 400 ml K\u00f6rp\u0259 itl\u0259rin h\u0259ssas d\u0259risi v\u0259 t\u00fckl\u0259ri \u00fc\u00e7\u00fcn x\u00fcsusi olaraq haz\u0131rlanm\u0131\u015f CLOVERPET PupKit \u015eampun, yum\u015faq v\u0259 q\u0131c\u0131qland\u0131rmayan formul il\u0259 h\u0259m d\u0259rini, h\u0259m d\u0259 t\u00fck k\u00f6kl\u0259rini inc\u0259 \u015f\u0259kild\u0259 t\u0259mizl\u0259yir. T\u0259bii t\u0259rkibi say\u0259sind\u0259 balaca dostunuzun t\u00fckl\u0259rin\u0259 par\u0131lt\u0131, yum\u015faql\u0131q v\u0259 xo\u015f \u0259tir b\u0259x\u015f edir. \u00dcst\u00fcnl\u00fckl\u0259ri: Yaln\u0131z bala itl\u0259r \u00fc\u00e7\u00fcn n\u0259z\u0259rd\u0259 tutulmu\u015f x\u00fcsusi formul&#8230;<\/p>","protected":false},"featured_media":990198,"comment_status":"open","ping_status":"closed","template":"","meta":{"nf_dc_page":"","_monsterinsights_skip_tracking":false,"_monsterinsights_sitenote_active":false,"_monsterinsights_sitenote_note":"","_monsterinsights_sitenote_category":0},"product_brand":[],"product_cat":[244,58,51,247],"product_tag":[],"class_list":{"0":"post-990030","1":"product","2":"type-product","3":"status-publish","4":"has-post-thumbnail","6":"product_cat-it-ve-pisik-mehsullari","7":"product_cat-dog","8":"product_cat-cat","9":"product_cat-qum-ve-kosmetik-vasiteler","11":"first","12":"instock","13":"shipping-taxable","14":"product-type-simple"},"jetpack_sharing_enabled":true,"_links":{"self":[{"href":"https:\/\/agrovetazerbaijan.az\/en\/wp-json\/wp\/v2\/product\/990030","targetHints":{"allow":["GET"]}}],"collection":[{"href":"https:\/\/agrovetazerbaijan.az\/en\/wp-json\/wp\/v2\/product"}],"about":[{"href":"https:\/\/agrovetazerbaijan.az\/en\/wp-json\/wp\/v2\/types\/product"}],"replies":[{"embeddable":true,"href":"https:\/\/agrovetazerbaijan.az\/en\/wp-json\/wp\/v2\/comments?post=990030"}],"version-history":[{"count":2,"href":"https:\/\/agrovetazerbaijan.az\/en\/wp-json\/wp\/v2\/product\/990030\/revisions"}],"predecessor-version":[{"id":990199,"href":"https:\/\/agrovetazerbaijan.az\/en\/wp-json\/wp\/v2\/product\/990030\/revisions\/990199"}],"wp:featuredmedia":[{"embeddable":true,"href":"https:\/\/agrovetazerbaijan.az\/en\/wp-json\/wp\/v2\/media\/990198"}],"wp:attachment":[{"href":"https:\/\/agrovetazerbaijan.az\/en\/wp-json\/wp\/v2\/media?parent=990030"}],"wp:term":[{"taxonomy":"product_brand","embeddable":true,"href":"https:\/\/agrovetazerbaijan.az\/en\/wp-json\/wp\/v2\/product_brand?post=990030"},{"taxonomy":"product_cat","embeddable":true,"href":"https:\/\/agrovetazerbaijan.az\/en\/wp-json\/wp\/v2\/product_cat?post=990030"},{"taxonomy":"product_tag","embeddable":true,"href":"https:\/\/agrovetazerbaijan.az\/en\/wp-json\/wp\/v2\/product_tag?post=990030"}],"curies":[{"name":"wp","href":"https:\/\/api.w.org\/{rel}","templated":true}]}}