{"id":990027,"date":"2025-07-27T22:53:24","date_gmt":"2025-07-27T22:53:24","guid":{"rendered":"https:\/\/agrovetazerbaijan.az\/?post_type=product&#038;p=990027"},"modified":"2025-07-27T22:53:47","modified_gmt":"2025-07-27T22:53:47","slug":"cloverpet-lavender-shampoo-400ml","status":"publish","type":"product","link":"https:\/\/agrovetazerbaijan.az\/en\/product\/cloverpet-lavender-shampoo-400ml\/","title":{"rendered":"CLOVERPET LAVENDER SHAMPOO 400ML"},"content":{"rendered":"<div class=\"vgblk-rw-wrapper limit-wrapper\">\n<p data-start=\"107\" data-end=\"184\"><strong data-start=\"107\" data-end=\"184\">Cloverpet Lavender Shampoo \u2013 Hair care shampoo for cats and dogs (400 ml)<\/strong><\/p>\n<p data-start=\"186\" data-end=\"406\">Cloverpet Lavender is a hair care shampoo for cats and dogs of all breeds. Thanks to its natural, mild detergent complex, it deeply cleanses the hair while not damaging the skin&#039;s protective barrier.<\/p>\n<p data-start=\"408\" data-end=\"418\">This shampoo:<\/p>\n<p data-start=\"420\" data-end=\"697\">\u2714 Transparent and colorless, contains no dyes<br data-start=\"466\" data-end=\"469\" \/>\u2714 Does not irritate the mucous membrane of the eyes<br data-start=\"511\" data-end=\"514\" \/>\u2714 Nourishes and moisturizes hair<br data-start=\"551\" data-end=\"554\" \/>\u2714 Prevents hair from tangling<br data-start=\"587\" data-end=\"590\" \/>\u2714 Does not irritate the skin, contains natural ingredients<br data-start=\"632\" data-end=\"635\" \/>\u2714 Reduces stress and creates a sense of relaxation with its lavender scent<\/p>\n<p data-start=\"699\" data-end=\"808\">This shampoo, rich in lavender scent, makes bathing a soothing and enjoyable experience for animals.<\/p>\n<p data-start=\"810\" data-end=\"838\"><strong data-start=\"810\" data-end=\"838\">Country of manufacture: Turkey<\/strong><\/p>\n<p data-start=\"840\" data-end=\"929\">Cloverpet Lavender \u2013 the perfect choice for your pet&#039;s healthy, shiny and soft fur!<\/p>\n<\/div>\n<p><!-- .vgblk-rw-wrapper --><\/p>","protected":false},"excerpt":{"rendered":"<p>Cloverpet Lavanda \u015eampun \u2013 Pi\u015fik v\u0259 itl\u0259r \u00fc\u00e7\u00fcn t\u00fck bax\u0131m \u015fampunu (400 ml) Cloverpet Lavanda \u2013 b\u00fct\u00fcn cins pi\u015fik v\u0259 itl\u0259r \u00fc\u00e7\u00fcn n\u0259z\u0259rd\u0259 tutulmu\u015f t\u00fck bax\u0131m \u015fampunudur. T\u0259bii \u0259sasl\u0131 yum\u015faq yuyucu kompleks t\u0259rkibi say\u0259sind\u0259 t\u00fck\u00fc d\u0259rin t\u0259mizl\u0259yir, eyni zamanda d\u0259rinin qoruyucu baryerin\u0259 z\u0259r\u0259r vermir. Bu \u015fampun: \u2714 \u015e\u0259ffaf v\u0259 r\u0259ngsizdir, t\u0259rkibind\u0259 boya yoxdur\u2714 G\u00f6zl\u0259rin selikli&#8230;<\/p>","protected":false},"featured_media":990028,"comment_status":"open","ping_status":"closed","template":"","meta":{"nf_dc_page":"","_monsterinsights_skip_tracking":false,"_monsterinsights_sitenote_active":false,"_monsterinsights_sitenote_note":"","_monsterinsights_sitenote_category":0},"product_brand":[],"product_cat":[244,58,51,247],"product_tag":[],"class_list":{"0":"post-990027","1":"product","2":"type-product","3":"status-publish","4":"has-post-thumbnail","6":"product_cat-it-ve-pisik-mehsullari","7":"product_cat-dog","8":"product_cat-cat","9":"product_cat-qum-ve-kosmetik-vasiteler","11":"first","12":"instock","13":"shipping-taxable","14":"product-type-simple"},"jetpack_sharing_enabled":true,"_links":{"self":[{"href":"https:\/\/agrovetazerbaijan.az\/en\/wp-json\/wp\/v2\/product\/990027","targetHints":{"allow":["GET"]}}],"collection":[{"href":"https:\/\/agrovetazerbaijan.az\/en\/wp-json\/wp\/v2\/product"}],"about":[{"href":"https:\/\/agrovetazerbaijan.az\/en\/wp-json\/wp\/v2\/types\/product"}],"replies":[{"embeddable":true,"href":"https:\/\/agrovetazerbaijan.az\/en\/wp-json\/wp\/v2\/comments?post=990027"}],"version-history":[{"count":1,"href":"https:\/\/agrovetazerbaijan.az\/en\/wp-json\/wp\/v2\/product\/990027\/revisions"}],"predecessor-version":[{"id":990029,"href":"https:\/\/agrovetazerbaijan.az\/en\/wp-json\/wp\/v2\/product\/990027\/revisions\/990029"}],"wp:featuredmedia":[{"embeddable":true,"href":"https:\/\/agrovetazerbaijan.az\/en\/wp-json\/wp\/v2\/media\/990028"}],"wp:attachment":[{"href":"https:\/\/agrovetazerbaijan.az\/en\/wp-json\/wp\/v2\/media?parent=990027"}],"wp:term":[{"taxonomy":"product_brand","embeddable":true,"href":"https:\/\/agrovetazerbaijan.az\/en\/wp-json\/wp\/v2\/product_brand?post=990027"},{"taxonomy":"product_cat","embeddable":true,"href":"https:\/\/agrovetazerbaijan.az\/en\/wp-json\/wp\/v2\/product_cat?post=990027"},{"taxonomy":"product_tag","embeddable":true,"href":"https:\/\/agrovetazerbaijan.az\/en\/wp-json\/wp\/v2\/product_tag?post=990027"}],"curies":[{"name":"wp","href":"https:\/\/api.w.org\/{rel}","templated":true}]}}