{"id":990019,"date":"2025-07-27T22:42:03","date_gmt":"2025-07-27T22:42:03","guid":{"rendered":"https:\/\/agrovetazerbaijan.az\/?post_type=product&#038;p=990019"},"modified":"2025-07-27T22:42:48","modified_gmt":"2025-07-27T22:42:48","slug":"cloverpet-anti-fleatik-shampoo-400ml","status":"publish","type":"product","link":"https:\/\/agrovetazerbaijan.az\/en\/product\/cloverpet-anti-fleatik-shampoo-400ml\/","title":{"rendered":"CLOVERPET ANTI FLEA &amp; TICK SHAMPOO 400ML"},"content":{"rendered":"<div class=\"vgblk-rw-wrapper limit-wrapper\">\n<p data-start=\"116\" data-end=\"212\"><strong data-start=\"116\" data-end=\"212\">Cloverpet Anti Flea &amp; Tick Bio Shampoo \u2013 Against fleas and ticks, for cats and dogs (400 ml)<\/strong><\/p>\n<p data-start=\"214\" data-end=\"336\">Cloverpet Anti Flea &amp; Tick organic shampoo is a natural and effective solution to get rid of harmful parasites on your pets.<\/p>\n<p data-start=\"338\" data-end=\"520\">Thanks to its specially formulated mild and natural formula, this shampoo gently cleanses the fur without irritating the animal&#039;s skin, while also destroying fleas, ticks, and their larvae.<\/p>\n<p data-start=\"522\" data-end=\"699\">Bio shampoo is suitable for cats and dogs over 4 months old. The natural ingredients in its composition revitalize the fur, give a beautiful fragrance and have a soothing effect on the skin.<\/p>\n<p data-start=\"701\" data-end=\"827\">\u2714 Natural ingredients<br data-start=\"715\" data-end=\"718\" \/>\u2714 Effective protection against fleas and ticks<br data-start=\"758\" data-end=\"761\" \/>\u2714 Shiny and healthy coat<br data-start=\"790\" data-end=\"793\" \/>\u2714 Relaxing and pleasant smelling result<\/p>\n<p data-start=\"829\" data-end=\"890\">Choose Cloverpet for your pet&#039;s health and comfort!<\/p>\n<\/div>\n<p><!-- .vgblk-rw-wrapper --><\/p>","protected":false},"excerpt":{"rendered":"<p>Cloverpet Anti Flea &amp; Tick Bio \u015eampun \u2013 Pire v\u0259 g\u0259n\u0259l\u0259r\u0259 qar\u015f\u0131, pi\u015fik v\u0259 itl\u0259r \u00fc\u00e7\u00fcn (400 ml) Cloverpet Anti Flea &amp; Tick bio \u015fampun \u2013 ev heyvanlar\u0131n\u0131za z\u0259r\u0259rli parazitl\u0259rd\u0259n xilas olmaq \u00fc\u00e7\u00fcn t\u0259bii v\u0259 effektiv h\u0259ldir. X\u00fcsusi haz\u0131rlanm\u0131\u015f yum\u015faq v\u0259 t\u0259bii formula say\u0259sind\u0259 bu \u015fampun heyvan\u0131n d\u0259risini q\u0131c\u0131qland\u0131rmadan t\u00fck\u00fc inc\u0259likl\u0259 t\u0259mizl\u0259yir, eyni zamanda pire,&#8230;<\/p>","protected":false},"featured_media":990020,"comment_status":"open","ping_status":"closed","template":"","meta":{"nf_dc_page":"","_monsterinsights_skip_tracking":false,"_monsterinsights_sitenote_active":false,"_monsterinsights_sitenote_note":"","_monsterinsights_sitenote_category":0},"product_brand":[],"product_cat":[244,58,51,247],"product_tag":[],"class_list":{"0":"post-990019","1":"product","2":"type-product","3":"status-publish","4":"has-post-thumbnail","6":"product_cat-it-ve-pisik-mehsullari","7":"product_cat-dog","8":"product_cat-cat","9":"product_cat-qum-ve-kosmetik-vasiteler","11":"first","12":"instock","13":"shipping-taxable","14":"product-type-simple"},"jetpack_sharing_enabled":true,"_links":{"self":[{"href":"https:\/\/agrovetazerbaijan.az\/en\/wp-json\/wp\/v2\/product\/990019","targetHints":{"allow":["GET"]}}],"collection":[{"href":"https:\/\/agrovetazerbaijan.az\/en\/wp-json\/wp\/v2\/product"}],"about":[{"href":"https:\/\/agrovetazerbaijan.az\/en\/wp-json\/wp\/v2\/types\/product"}],"replies":[{"embeddable":true,"href":"https:\/\/agrovetazerbaijan.az\/en\/wp-json\/wp\/v2\/comments?post=990019"}],"version-history":[{"count":1,"href":"https:\/\/agrovetazerbaijan.az\/en\/wp-json\/wp\/v2\/product\/990019\/revisions"}],"predecessor-version":[{"id":990021,"href":"https:\/\/agrovetazerbaijan.az\/en\/wp-json\/wp\/v2\/product\/990019\/revisions\/990021"}],"wp:featuredmedia":[{"embeddable":true,"href":"https:\/\/agrovetazerbaijan.az\/en\/wp-json\/wp\/v2\/media\/990020"}],"wp:attachment":[{"href":"https:\/\/agrovetazerbaijan.az\/en\/wp-json\/wp\/v2\/media?parent=990019"}],"wp:term":[{"taxonomy":"product_brand","embeddable":true,"href":"https:\/\/agrovetazerbaijan.az\/en\/wp-json\/wp\/v2\/product_brand?post=990019"},{"taxonomy":"product_cat","embeddable":true,"href":"https:\/\/agrovetazerbaijan.az\/en\/wp-json\/wp\/v2\/product_cat?post=990019"},{"taxonomy":"product_tag","embeddable":true,"href":"https:\/\/agrovetazerbaijan.az\/en\/wp-json\/wp\/v2\/product_tag?post=990019"}],"curies":[{"name":"wp","href":"https:\/\/api.w.org\/{rel}","templated":true}]}}