{"id":990016,"date":"2025-07-27T22:36:52","date_gmt":"2025-07-27T22:36:52","guid":{"rendered":"https:\/\/agrovetazerbaijan.az\/?post_type=product&#038;p=990016"},"modified":"2025-08-11T22:33:59","modified_gmt":"2025-08-11T22:33:59","slug":"cloverpet-derma-guard-cat","status":"publish","type":"product","link":"https:\/\/agrovetazerbaijan.az\/en\/product\/cloverpet-derma-guard-cat\/","title":{"rendered":"CLOVERPET DERMA GUARD CAT"},"content":{"rendered":"<div class=\"vgblk-rw-wrapper limit-wrapper\">\n<p data-start=\"86\" data-end=\"160\"><strong data-start=\"86\" data-end=\"158\">CLOVERPET Derma Guard Cat \u2013 Pi\u015fikl\u0259r \u00fc\u00e7\u00fcn D\u0259ri v\u0259 T\u00fck Qoruyucu Sprey<\/strong><\/p>\n<p data-start=\"162\" data-end=\"517\">Pi\u015fiyinizin d\u0259risini v\u0259 t\u00fckl\u0259rini sa\u011flam saxlamaq \u00fc\u00e7\u00fcn x\u00fcsusi haz\u0131rlanm\u0131\u015f <strong data-start=\"236\" data-end=\"265\">CLOVERPET Derma Guard Cat<\/strong>, z\u0259rif v\u0259 effektiv formul il\u0259 d\u0259rini qoruyur, qa\u015f\u0131nma v\u0259 q\u0131zart\u0131n\u0131n qar\u015f\u0131s\u0131n\u0131 al\u0131r. Antibakterial t\u0259siri say\u0259sind\u0259 d\u0259rini t\u0259miz saxlay\u0131r, eyni zamanda t\u00fckl\u0259r\u0259 par\u0131lt\u0131 v\u0259 yum\u015faql\u0131q b\u0259x\u015f edir. G\u00fcnd\u0259lik qulluqda v\u0259 h\u0259ssas d\u0259rili pi\u015fikl\u0259r \u00fc\u00e7\u00fcn uy\u011fundur.<\/p>\n<p data-start=\"519\" data-end=\"538\"><strong data-start=\"519\" data-end=\"536\">Advantages:<\/strong><\/p>\n<ul data-start=\"539\" data-end=\"763\">\n<li data-start=\"539\" data-end=\"572\">\n<p data-start=\"541\" data-end=\"572\">D\u0259rini qoruyur v\u0259 n\u0259ml\u0259ndirir<\/p>\n<\/li>\n<li data-start=\"573\" data-end=\"608\">\n<p data-start=\"575\" data-end=\"608\">Reduces itching and irritation<\/p>\n<\/li>\n<li data-start=\"609\" data-end=\"660\">\n<p data-start=\"611\" data-end=\"660\">Antibakterial v\u0259 iltihab\u0259leyhin\u0259 t\u0259sir g\u00f6st\u0259rir<\/p>\n<\/li>\n<li data-start=\"661\" data-end=\"702\">\n<p data-start=\"663\" data-end=\"702\">T\u00fckl\u0259ri yum\u015fald\u0131r v\u0259 daha parlaq edir<\/p>\n<\/li>\n<li data-start=\"703\" data-end=\"763\">\n<p data-start=\"705\" data-end=\"763\">Z\u0259r\u0259rli kimy\u0259vi madd\u0259l\u0259rd\u0259n azadd\u0131r, hipoallergen t\u0259rkib<\/p>\n<\/li>\n<\/ul>\n<p data-start=\"765\" data-end=\"788\"><strong data-start=\"765\" data-end=\"786\">Instructions for use:<\/strong><\/p>\n<ol data-start=\"789\" data-end=\"1023\">\n<li data-start=\"789\" data-end=\"844\">\n<p data-start=\"792\" data-end=\"844\">Flakonu istifad\u0259 etm\u0259d\u0259n \u0259vv\u0259l yax\u015f\u0131ca \u00e7alxalay\u0131n.<\/p>\n<\/li>\n<li data-start=\"845\" data-end=\"917\">\n<p data-start=\"848\" data-end=\"917\">M\u0259hsulu pi\u015fiyinizin d\u0259risin\u0259 v\u0259 t\u00fckl\u0259rin\u0259 b\u0259rab\u0259r \u015f\u0259kild\u0259 p\u00fcsk\u00fcr\u00fcn.<\/p>\n<\/li>\n<li data-start=\"918\" data-end=\"974\">\n<p data-start=\"921\" data-end=\"974\">Enhance the effect by spreading it by hand or with a soft comb.<\/p>\n<\/li>\n<li data-start=\"975\" data-end=\"1023\">\n<p data-start=\"978\" data-end=\"1023\">Do not spray in the eyes, nose, or mouth area.<\/p>\n<\/li>\n<\/ol>\n<p data-start=\"1025\" data-end=\"1129\"><strong data-start=\"1025\" data-end=\"1035\">Volume:<\/strong> Varies by manufacturer package<br data-start=\"1068\" data-end=\"1071\" \/><strong data-start=\"1071\" data-end=\"1084\">Suitable for:<\/strong> Pi\u015fikl\u0259r (b\u00fct\u00fcn cins v\u0259 ya\u015f qruplar\u0131 \u00fc\u00e7\u00fcn)<\/p>\n<p data-start=\"1131\" data-end=\"1248\">Pi\u015fiyinizin d\u0259risini v\u0259 t\u00fckl\u0259rini sa\u011flam v\u0259 parlaq saxlamaq \u00fc\u00e7\u00fcn \u2013 <strong data-start=\"1198\" data-end=\"1227\">CLOVERPET Derma Guard Cat<\/strong> h\u0259r g\u00fcn yan\u0131n\u0131zda!<\/p>\n<\/div>\n<p><!-- .vgblk-rw-wrapper --><\/p>","protected":false},"excerpt":{"rendered":"<p>CLOVERPET Derma Guard Cat \u2013 Pi\u015fikl\u0259r \u00fc\u00e7\u00fcn D\u0259ri v\u0259 T\u00fck Qoruyucu Sprey Pi\u015fiyinizin d\u0259risini v\u0259 t\u00fckl\u0259rini sa\u011flam saxlamaq \u00fc\u00e7\u00fcn x\u00fcsusi haz\u0131rlanm\u0131\u015f CLOVERPET Derma Guard Cat, z\u0259rif v\u0259 effektiv formul il\u0259 d\u0259rini qoruyur, qa\u015f\u0131nma v\u0259 q\u0131zart\u0131n\u0131n qar\u015f\u0131s\u0131n\u0131 al\u0131r. Antibakterial t\u0259siri say\u0259sind\u0259 d\u0259rini t\u0259miz saxlay\u0131r, eyni zamanda t\u00fckl\u0259r\u0259 par\u0131lt\u0131 v\u0259 yum\u015faql\u0131q b\u0259x\u015f edir. G\u00fcnd\u0259lik qulluqda v\u0259 h\u0259ssas&#8230;<\/p>","protected":false},"featured_media":990017,"comment_status":"open","ping_status":"closed","template":"","meta":{"nf_dc_page":"","_monsterinsights_skip_tracking":false,"_monsterinsights_sitenote_active":false,"_monsterinsights_sitenote_note":"","_monsterinsights_sitenote_category":0},"product_brand":[],"product_cat":[244,246,51],"product_tag":[],"class_list":{"0":"post-990016","1":"product","2":"type-product","3":"status-publish","4":"has-post-thumbnail","6":"product_cat-it-ve-pisik-mehsullari","7":"product_cat-dermanlar","8":"product_cat-cat","10":"first","11":"instock","12":"shipping-taxable","13":"product-type-simple"},"jetpack_sharing_enabled":true,"_links":{"self":[{"href":"https:\/\/agrovetazerbaijan.az\/en\/wp-json\/wp\/v2\/product\/990016","targetHints":{"allow":["GET"]}}],"collection":[{"href":"https:\/\/agrovetazerbaijan.az\/en\/wp-json\/wp\/v2\/product"}],"about":[{"href":"https:\/\/agrovetazerbaijan.az\/en\/wp-json\/wp\/v2\/types\/product"}],"replies":[{"embeddable":true,"href":"https:\/\/agrovetazerbaijan.az\/en\/wp-json\/wp\/v2\/comments?post=990016"}],"version-history":[{"count":2,"href":"https:\/\/agrovetazerbaijan.az\/en\/wp-json\/wp\/v2\/product\/990016\/revisions"}],"predecessor-version":[{"id":990196,"href":"https:\/\/agrovetazerbaijan.az\/en\/wp-json\/wp\/v2\/product\/990016\/revisions\/990196"}],"wp:featuredmedia":[{"embeddable":true,"href":"https:\/\/agrovetazerbaijan.az\/en\/wp-json\/wp\/v2\/media\/990017"}],"wp:attachment":[{"href":"https:\/\/agrovetazerbaijan.az\/en\/wp-json\/wp\/v2\/media?parent=990016"}],"wp:term":[{"taxonomy":"product_brand","embeddable":true,"href":"https:\/\/agrovetazerbaijan.az\/en\/wp-json\/wp\/v2\/product_brand?post=990016"},{"taxonomy":"product_cat","embeddable":true,"href":"https:\/\/agrovetazerbaijan.az\/en\/wp-json\/wp\/v2\/product_cat?post=990016"},{"taxonomy":"product_tag","embeddable":true,"href":"https:\/\/agrovetazerbaijan.az\/en\/wp-json\/wp\/v2\/product_tag?post=990016"}],"curies":[{"name":"wp","href":"https:\/\/api.w.org\/{rel}","templated":true}]}}