{"id":990013,"date":"2025-07-27T22:32:33","date_gmt":"2025-07-27T22:32:33","guid":{"rendered":"https:\/\/agrovetazerbaijan.az\/?post_type=product&#038;p=990013"},"modified":"2025-08-11T22:32:01","modified_gmt":"2025-08-11T22:32:01","slug":"cloverpet-derma-guard-dog","status":"publish","type":"product","link":"https:\/\/agrovetazerbaijan.az\/en\/product\/cloverpet-derma-guard-dog\/","title":{"rendered":"CLOVERPET DERMA GUARD DOG"},"content":{"rendered":"<div class=\"vgblk-rw-wrapper limit-wrapper\">\n<p data-start=\"86\" data-end=\"146\"><strong data-start=\"86\" data-end=\"144\">CLOVERPET Derma Guard Dog \u2013 Skin and Coat Protection Spray<\/strong><\/p>\n<p data-start=\"148\" data-end=\"496\">Specially formulated to keep your pet&#039;s skin and coat healthy <strong data-start=\"233\" data-end=\"262\">CLOVERPET Derma Guard Dog<\/strong> is the ideal care product for dogs. The gentle formulation protects the skin, reduces itching and redness, and helps the coat look shinier and healthier. With its antibacterial and soothing effects, it is suitable for daily use.<\/p>\n<p data-start=\"498\" data-end=\"517\"><strong data-start=\"498\" data-end=\"515\">Advantages:<\/strong><\/p>\n<ul data-start=\"518\" data-end=\"710\">\n<li data-start=\"518\" data-end=\"552\">\n<p data-start=\"520\" data-end=\"552\">Creates a protective layer on the skin<\/p>\n<\/li>\n<li data-start=\"553\" data-end=\"588\">\n<p data-start=\"555\" data-end=\"588\">Reduces itching and irritation<\/p>\n<\/li>\n<li data-start=\"589\" data-end=\"631\">\n<p data-start=\"591\" data-end=\"631\">Antibacterial and anti-inflammatory effect<\/p>\n<\/li>\n<li data-start=\"632\" data-end=\"670\">\n<p data-start=\"634\" data-end=\"670\">Softens and adds shine to hair<\/p>\n<\/li>\n<li data-start=\"671\" data-end=\"710\">\n<p data-start=\"673\" data-end=\"710\">Free from harmful chemicals<\/p>\n<\/li>\n<\/ul>\n<p data-start=\"712\" data-end=\"735\"><strong data-start=\"712\" data-end=\"733\">Instructions for use:<\/strong><\/p>\n<ol data-start=\"736\" data-end=\"972\">\n<li data-start=\"736\" data-end=\"792\">\n<p data-start=\"739\" data-end=\"792\">Shake the vial well before use.<\/p>\n<\/li>\n<li data-start=\"793\" data-end=\"866\">\n<p data-start=\"796\" data-end=\"866\">Spray the product evenly onto your pet&#039;s skin and fur.<\/p>\n<\/li>\n<li data-start=\"867\" data-end=\"923\">\n<p data-start=\"870\" data-end=\"923\">Enhance the effect by spreading it by hand or with a soft comb.<\/p>\n<\/li>\n<li data-start=\"924\" data-end=\"972\">\n<p data-start=\"927\" data-end=\"972\">Do not spray in the eyes, nose, or mouth area.<\/p>\n<\/li>\n<\/ol>\n<p data-start=\"974\" data-end=\"1070\"><strong data-start=\"974\" data-end=\"984\">Volume:<\/strong> Varies by manufacturer package<br data-start=\"1017\" data-end=\"1020\" \/><strong data-start=\"1020\" data-end=\"1033\">Suitable for:<\/strong> Dogs (for all breeds and sizes)<\/p>\n<p data-start=\"1072\" data-end=\"1190\">Complete protection for your pet&#039;s skin and fur \u2013 <strong data-start=\"1122\" data-end=\"1151\">CLOVERPET Derma Guard Dog<\/strong> Health and comfort together!<\/p>\n<\/div>\n<p><!-- .vgblk-rw-wrapper --><\/p>","protected":false},"excerpt":{"rendered":"<p>CLOVERPET Derma Guard Dog \u2013 D\u0259ri v\u0259 T\u00fck Qoruyucu Sprey Ev heyvan\u0131n\u0131z\u0131n d\u0259risini v\u0259 t\u00fckl\u0259rini sa\u011flam saxlamaq \u00fc\u00e7\u00fcn x\u00fcsusi olaraq haz\u0131rlanm\u0131\u015f CLOVERPET Derma Guard Dog itl\u0259r \u00fc\u00e7\u00fcn tam ideal qulluq m\u0259hsuludur. Z\u0259rif formulasiya d\u0259rini qoruyur, qa\u015f\u0131nma v\u0259 q\u0131zart\u0131n\u0131 azald\u0131r, t\u00fckl\u0259rin daha parlaq v\u0259 sa\u011flam g\u00f6r\u00fcnm\u0259sin\u0259 k\u00f6m\u0259k edir. Antibakterial v\u0259 sakitl\u0259\u015fdirici t\u0259siri il\u0259 g\u00fcnd\u0259lik istifad\u0259y\u0259 uy\u011fundur&#8230;.<\/p>","protected":false},"featured_media":990014,"comment_status":"open","ping_status":"closed","template":"","meta":{"nf_dc_page":"","_monsterinsights_skip_tracking":false,"_monsterinsights_sitenote_active":false,"_monsterinsights_sitenote_note":"","_monsterinsights_sitenote_category":0},"product_brand":[],"product_cat":[244,246,58],"product_tag":[],"class_list":{"0":"post-990013","1":"product","2":"type-product","3":"status-publish","4":"has-post-thumbnail","6":"product_cat-it-ve-pisik-mehsullari","7":"product_cat-dermanlar","8":"product_cat-dog","10":"first","11":"instock","12":"shipping-taxable","13":"product-type-simple"},"jetpack_sharing_enabled":true,"_links":{"self":[{"href":"https:\/\/agrovetazerbaijan.az\/en\/wp-json\/wp\/v2\/product\/990013","targetHints":{"allow":["GET"]}}],"collection":[{"href":"https:\/\/agrovetazerbaijan.az\/en\/wp-json\/wp\/v2\/product"}],"about":[{"href":"https:\/\/agrovetazerbaijan.az\/en\/wp-json\/wp\/v2\/types\/product"}],"replies":[{"embeddable":true,"href":"https:\/\/agrovetazerbaijan.az\/en\/wp-json\/wp\/v2\/comments?post=990013"}],"version-history":[{"count":2,"href":"https:\/\/agrovetazerbaijan.az\/en\/wp-json\/wp\/v2\/product\/990013\/revisions"}],"predecessor-version":[{"id":990195,"href":"https:\/\/agrovetazerbaijan.az\/en\/wp-json\/wp\/v2\/product\/990013\/revisions\/990195"}],"wp:featuredmedia":[{"embeddable":true,"href":"https:\/\/agrovetazerbaijan.az\/en\/wp-json\/wp\/v2\/media\/990014"}],"wp:attachment":[{"href":"https:\/\/agrovetazerbaijan.az\/en\/wp-json\/wp\/v2\/media?parent=990013"}],"wp:term":[{"taxonomy":"product_brand","embeddable":true,"href":"https:\/\/agrovetazerbaijan.az\/en\/wp-json\/wp\/v2\/product_brand?post=990013"},{"taxonomy":"product_cat","embeddable":true,"href":"https:\/\/agrovetazerbaijan.az\/en\/wp-json\/wp\/v2\/product_cat?post=990013"},{"taxonomy":"product_tag","embeddable":true,"href":"https:\/\/agrovetazerbaijan.az\/en\/wp-json\/wp\/v2\/product_tag?post=990013"}],"curies":[{"name":"wp","href":"https:\/\/api.w.org\/{rel}","templated":true}]}}