{"id":990009,"date":"2025-07-14T22:00:42","date_gmt":"2025-07-14T22:00:42","guid":{"rendered":"https:\/\/agrovetazerbaijan.az\/?post_type=product&#038;p=990009"},"modified":"2025-07-14T22:00:42","modified_gmt":"2025-07-14T22:00:42","slug":"carnaval-premium-adult-cat-food-with-chicken","status":"publish","type":"product","link":"https:\/\/agrovetazerbaijan.az\/en\/product\/carnaval-premium-adult-cat-food-with-chicken\/","title":{"rendered":"Carnaval Premium Adult Cat Food with Chicken"},"content":{"rendered":"<div class=\"vgblk-rw-wrapper limit-wrapper\">\n<p data-start=\"171\" data-end=\"423\"><strong data-start=\"171\" data-end=\"219\">Carnaval Premium Adult Cat Food with Chicken<\/strong><br data-start=\"219\" data-end=\"222\" \/>Toyuq \u0259ti il\u0259 z\u0259nginl\u0259\u015fdirilmi\u015f bu yem, b\u00f6y\u00fcm\u00fc\u015f pi\u015fikl\u0259rin g\u00fcnd\u0259lik enerji v\u0259 qida ehtiyaclar\u0131n\u0131 tam qar\u015f\u0131lay\u0131r. T\u0259rkibind\u0259 y\u00fcks\u0259k keyfiyy\u0259tli toyuq v\u0259 heyvan z\u00fclallar\u0131, tax\u0131llar v\u0259 faydal\u0131 ya\u011flar var.<\/p>\n<ul data-start=\"425\" data-end=\"727\">\n<li data-start=\"425\" data-end=\"443\">\n<p data-start=\"427\" data-end=\"443\"><strong data-start=\"427\" data-end=\"437\">Protein:<\/strong> 27%<\/p>\n<\/li>\n<li data-start=\"444\" data-end=\"460\">\n<p data-start=\"446\" data-end=\"460\"><strong data-start=\"446\" data-end=\"454\">Oil:<\/strong> 10%<\/p>\n<\/li>\n<li data-start=\"461\" data-end=\"562\">\n<p data-start=\"463\" data-end=\"562\"><strong data-start=\"463\" data-end=\"478\">Vitamins:<\/strong> A, D3, E, C, B qrupu vitaminl\u0259ri (B1, B2, B3, B6, B7, B9, B12), K vitamini, kolin<\/p>\n<\/li>\n<li data-start=\"563\" data-end=\"643\">\n<p data-start=\"565\" data-end=\"643\"><strong data-start=\"565\" data-end=\"580\">Minerals:<\/strong> Kalsium, fosfor, yod, sink, mis, d\u0259mir, selen, kalium xlorid<\/p>\n<\/li>\n<li data-start=\"644\" data-end=\"727\">\n<p data-start=\"646\" data-end=\"727\"><strong data-start=\"646\" data-end=\"659\">Extras:<\/strong> Taurin (1000 mg\/kg) \u2013 sa\u011flam \u00fcr\u0259k v\u0259 g\u00f6z funksiyas\u0131 \u00fc\u00e7\u00fcn vacibdir<\/p>\n<\/li>\n<\/ul>\n<p data-start=\"729\" data-end=\"849\">Pi\u015fiyinizin d\u0259risini, t\u00fckl\u0259rini v\u0259 \u00fcmumi sa\u011flaml\u0131\u011f\u0131n\u0131 qoruyur, enerji s\u0259viyy\u0259sini art\u0131r\u0131r v\u0259 h\u0259zm sistemini d\u0259st\u0259kl\u0259yir.<\/p>\n<\/div>\n<p><!-- .vgblk-rw-wrapper --><\/p>","protected":false},"excerpt":{"rendered":"<p>Carnaval Premium Adult Cat Food with ChickenToyuq \u0259ti il\u0259 z\u0259nginl\u0259\u015fdirilmi\u015f bu yem, b\u00f6y\u00fcm\u00fc\u015f pi\u015fikl\u0259rin g\u00fcnd\u0259lik enerji v\u0259 qida ehtiyaclar\u0131n\u0131 tam qar\u015f\u0131lay\u0131r. T\u0259rkibind\u0259 y\u00fcks\u0259k keyfiyy\u0259tli toyuq v\u0259 heyvan z\u00fclallar\u0131, tax\u0131llar v\u0259 faydal\u0131 ya\u011flar var. Z\u00fclal: 27% Ya\u011f: 10% Vitaminl\u0259r: A, D3, E, C, B qrupu vitaminl\u0259ri (B1, B2, B3, B6, B7, B9, B12), K vitamini, kolin&#8230;<\/p>","protected":false},"featured_media":990010,"comment_status":"closed","ping_status":"closed","template":"","meta":{"nf_dc_page":"","_monsterinsights_skip_tracking":false,"_monsterinsights_sitenote_active":false,"_monsterinsights_sitenote_note":"","_monsterinsights_sitenote_category":0},"product_brand":[],"product_cat":[244,51,245],"product_tag":[],"class_list":{"0":"post-990009","1":"product","2":"type-product","3":"status-publish","4":"has-post-thumbnail","6":"product_cat-it-ve-pisik-mehsullari","7":"product_cat-cat","8":"product_cat-yemler","10":"first","11":"instock","12":"shipping-taxable","13":"product-type-simple"},"jetpack_sharing_enabled":true,"_links":{"self":[{"href":"https:\/\/agrovetazerbaijan.az\/en\/wp-json\/wp\/v2\/product\/990009","targetHints":{"allow":["GET"]}}],"collection":[{"href":"https:\/\/agrovetazerbaijan.az\/en\/wp-json\/wp\/v2\/product"}],"about":[{"href":"https:\/\/agrovetazerbaijan.az\/en\/wp-json\/wp\/v2\/types\/product"}],"replies":[{"embeddable":true,"href":"https:\/\/agrovetazerbaijan.az\/en\/wp-json\/wp\/v2\/comments?post=990009"}],"version-history":[{"count":1,"href":"https:\/\/agrovetazerbaijan.az\/en\/wp-json\/wp\/v2\/product\/990009\/revisions"}],"predecessor-version":[{"id":990011,"href":"https:\/\/agrovetazerbaijan.az\/en\/wp-json\/wp\/v2\/product\/990009\/revisions\/990011"}],"wp:featuredmedia":[{"embeddable":true,"href":"https:\/\/agrovetazerbaijan.az\/en\/wp-json\/wp\/v2\/media\/990010"}],"wp:attachment":[{"href":"https:\/\/agrovetazerbaijan.az\/en\/wp-json\/wp\/v2\/media?parent=990009"}],"wp:term":[{"taxonomy":"product_brand","embeddable":true,"href":"https:\/\/agrovetazerbaijan.az\/en\/wp-json\/wp\/v2\/product_brand?post=990009"},{"taxonomy":"product_cat","embeddable":true,"href":"https:\/\/agrovetazerbaijan.az\/en\/wp-json\/wp\/v2\/product_cat?post=990009"},{"taxonomy":"product_tag","embeddable":true,"href":"https:\/\/agrovetazerbaijan.az\/en\/wp-json\/wp\/v2\/product_tag?post=990009"}],"curies":[{"name":"wp","href":"https:\/\/api.w.org\/{rel}","templated":true}]}}