{"id":990005,"date":"2025-07-14T21:51:59","date_gmt":"2025-07-14T21:51:59","guid":{"rendered":"https:\/\/agrovetazerbaijan.az\/?post_type=product&#038;p=990005"},"modified":"2025-07-14T21:57:40","modified_gmt":"2025-07-14T21:57:40","slug":"carnaval-premium-kitten-food-with-chicken","status":"publish","type":"product","link":"https:\/\/agrovetazerbaijan.az\/en\/product\/carnaval-premium-kitten-food-with-chicken\/","title":{"rendered":"Carnaval Premium Kitten Food with Chicken"},"content":{"rendered":"<div class=\"vgblk-rw-wrapper limit-wrapper\">\n<p data-start=\"141\" data-end=\"392\">Toyuq \u0259tli pi\u015fik yemi, pi\u015fikl\u0259rin sa\u011flam b\u00f6y\u00fcm\u0259si \u00fc\u00e7\u00fcn x\u00fcsusi haz\u0131rlan\u0131b. \u0130\u00e7ind\u0259 y\u00fcks\u0259k keyfiyy\u0259tli heyvan z\u00fclallar\u0131, bu\u011fda, qoyun z\u00fclal\u0131, qar\u011f\u0131dal\u0131, heyvan ya\u011f\u0131 v\u0259 m\u00fcxt\u0259lif vitaminl\u0259r, minerallar var.<\/p>\n<ul data-start=\"394\" data-end=\"717\">\n<li data-start=\"394\" data-end=\"412\">\n<p data-start=\"396\" data-end=\"412\"><strong data-start=\"396\" data-end=\"406\">Protein:<\/strong> 30%<\/p>\n<\/li>\n<li data-start=\"413\" data-end=\"429\">\n<p data-start=\"415\" data-end=\"429\"><strong data-start=\"415\" data-end=\"423\">Oil:<\/strong> 12%<\/p>\n<\/li>\n<li data-start=\"430\" data-end=\"532\">\n<p data-start=\"432\" data-end=\"532\"><strong data-start=\"432\" data-end=\"447\">Vitamins:<\/strong> A, D3, E, C, B qrupu vitaminl\u0259ri (B1, B2, B3, B6, B7, B9, B12), K vitamini, koline<\/p>\n<\/li>\n<li data-start=\"533\" data-end=\"626\">\n<p data-start=\"535\" data-end=\"626\"><strong data-start=\"535\" data-end=\"550\">Minerals:<\/strong> Kalsium, fosfor, natrium, yod, sink, mis, kalium, xlorid, d\u0259mir, selenyum<\/p>\n<\/li>\n<li data-start=\"627\" data-end=\"717\">\n<p data-start=\"629\" data-end=\"717\"><strong data-start=\"629\" data-end=\"642\">Extras:<\/strong> Taurin (1000 mg\/kg) \u2013 pi\u015fikl\u0259rin \u00fcr\u0259k v\u0259 g\u00f6rm\u0259 sa\u011flaml\u0131\u011f\u0131 \u00fc\u00e7\u00fcn vacibdir.<\/p>\n<\/li>\n<\/ul>\n<p data-start=\"719\" data-end=\"808\">Pi\u015fikl\u0259rin enerjisini art\u0131r\u0131r, immunitetini g\u00fccl\u0259ndirir v\u0259 sa\u011flam inki\u015faf\u0131n\u0131 d\u0259st\u0259kl\u0259yir.<\/p>\n<\/div>\n<p><!-- .vgblk-rw-wrapper --><\/p>","protected":false},"excerpt":{"rendered":"<p>Toyuq \u0259tli pi\u015fik yemi, pi\u015fikl\u0259rin sa\u011flam b\u00f6y\u00fcm\u0259si \u00fc\u00e7\u00fcn x\u00fcsusi haz\u0131rlan\u0131b. \u0130\u00e7ind\u0259 y\u00fcks\u0259k keyfiyy\u0259tli heyvan z\u00fclallar\u0131, bu\u011fda, qoyun z\u00fclal\u0131, qar\u011f\u0131dal\u0131, heyvan ya\u011f\u0131 v\u0259 m\u00fcxt\u0259lif vitaminl\u0259r, minerallar var. Z\u00fclal: 30% Ya\u011f: 12% Vitaminl\u0259r: A, D3, E, C, B qrupu vitaminl\u0259ri (B1, B2, B3, B6, B7, B9, B12), K vitamini, koline Minerallar: Kalsium, fosfor, natrium, yod, sink, mis,&#8230;<\/p>","protected":false},"featured_media":990008,"comment_status":"closed","ping_status":"closed","template":"","meta":{"nf_dc_page":"","_monsterinsights_skip_tracking":false,"_monsterinsights_sitenote_active":false,"_monsterinsights_sitenote_note":"","_monsterinsights_sitenote_category":0},"product_brand":[],"product_cat":[244,51,245],"product_tag":[],"class_list":{"0":"post-990005","1":"product","2":"type-product","3":"status-publish","4":"has-post-thumbnail","6":"product_cat-it-ve-pisik-mehsullari","7":"product_cat-cat","8":"product_cat-yemler","10":"first","11":"instock","12":"shipping-taxable","13":"product-type-simple"},"jetpack_sharing_enabled":true,"_links":{"self":[{"href":"https:\/\/agrovetazerbaijan.az\/en\/wp-json\/wp\/v2\/product\/990005","targetHints":{"allow":["GET"]}}],"collection":[{"href":"https:\/\/agrovetazerbaijan.az\/en\/wp-json\/wp\/v2\/product"}],"about":[{"href":"https:\/\/agrovetazerbaijan.az\/en\/wp-json\/wp\/v2\/types\/product"}],"replies":[{"embeddable":true,"href":"https:\/\/agrovetazerbaijan.az\/en\/wp-json\/wp\/v2\/comments?post=990005"}],"version-history":[{"count":1,"href":"https:\/\/agrovetazerbaijan.az\/en\/wp-json\/wp\/v2\/product\/990005\/revisions"}],"predecessor-version":[{"id":990007,"href":"https:\/\/agrovetazerbaijan.az\/en\/wp-json\/wp\/v2\/product\/990005\/revisions\/990007"}],"wp:featuredmedia":[{"embeddable":true,"href":"https:\/\/agrovetazerbaijan.az\/en\/wp-json\/wp\/v2\/media\/990008"}],"wp:attachment":[{"href":"https:\/\/agrovetazerbaijan.az\/en\/wp-json\/wp\/v2\/media?parent=990005"}],"wp:term":[{"taxonomy":"product_brand","embeddable":true,"href":"https:\/\/agrovetazerbaijan.az\/en\/wp-json\/wp\/v2\/product_brand?post=990005"},{"taxonomy":"product_cat","embeddable":true,"href":"https:\/\/agrovetazerbaijan.az\/en\/wp-json\/wp\/v2\/product_cat?post=990005"},{"taxonomy":"product_tag","embeddable":true,"href":"https:\/\/agrovetazerbaijan.az\/en\/wp-json\/wp\/v2\/product_tag?post=990005"}],"curies":[{"name":"wp","href":"https:\/\/api.w.org\/{rel}","templated":true}]}}