{"id":989986,"date":"2025-07-14T21:17:35","date_gmt":"2025-07-14T21:17:35","guid":{"rendered":"https:\/\/agrovetazerbaijan.az\/?post_type=product&#038;p=989986"},"modified":"2025-09-09T08:21:38","modified_gmt":"2025-09-09T08:21:38","slug":"cloverpet-multi-vit-paste-taurin-and-extra-malt-for-cats","status":"publish","type":"product","link":"https:\/\/agrovetazerbaijan.az\/en\/product\/cloverpet-multi-vit-paste-taurin-and-extra-malt-for-cats\/","title":{"rendered":"CLOVERPET MULTI-VIT PASTE TAURINE AND EXTRA MALT FOR CATS"},"content":{"rendered":"<div class=\"vgblk-rw-wrapper limit-wrapper\">\n<h2 data-start=\"87\" data-end=\"143\"><strong data-start=\"90\" data-end=\"141\">CLOVER PET \u2013 Pi\u015fikl\u0259r \u00fc\u00e7\u00fcn Multivitamin Pastas\u0131<\/strong><\/h2>\n<p data-start=\"144\" data-end=\"183\"><strong data-start=\"144\" data-end=\"181\">(Kediler \u0130\u00e7in Multivitamin Pasta)<\/strong><\/p>\n<h3 data-start=\"185\" data-end=\"211\"><strong data-start=\"189\" data-end=\"209\">Ingredient List:<\/strong><\/h3>\n<ul data-start=\"212\" data-end=\"322\">\n<li data-start=\"212\" data-end=\"230\">\n<p data-start=\"214\" data-end=\"230\">Malt extract<\/p>\n<\/li>\n<li data-start=\"231\" data-end=\"244\">\n<p data-start=\"233\" data-end=\"244\">Oatmeal<\/p>\n<\/li>\n<li data-start=\"245\" data-end=\"262\">\n<p data-start=\"247\" data-end=\"262\">Vegetable oils<\/p>\n<\/li>\n<li data-start=\"263\" data-end=\"277\">\n<p data-start=\"265\" data-end=\"277\">Fish oil<\/p>\n<\/li>\n<li data-start=\"278\" data-end=\"298\">\n<p data-start=\"280\" data-end=\"298\">Carob powder<\/p>\n<\/li>\n<li data-start=\"299\" data-end=\"322\">\n<p data-start=\"301\" data-end=\"322\">Deionized water<\/p>\n<\/li>\n<\/ul>\n<p data-start=\"324\" data-end=\"357\"><strong data-start=\"324\" data-end=\"355\">Other ingredients (per 1 kg):<\/strong><\/p>\n<ul data-start=\"358\" data-end=\"717\">\n<li data-start=\"358\" data-end=\"385\">\n<p data-start=\"360\" data-end=\"385\"><strong data-start=\"360\" data-end=\"374\">Biotin 2%:<\/strong> 2.500 mq<\/p>\n<\/li>\n<li data-start=\"386\" data-end=\"412\">\n<p data-start=\"388\" data-end=\"412\"><strong data-start=\"388\" data-end=\"403\">Vitamin K3:<\/strong> 150 mg<\/p>\n<\/li>\n<li data-start=\"413\" data-end=\"440\">\n<p data-start=\"415\" data-end=\"440\"><strong data-start=\"415\" data-end=\"429\">Vitamin C:<\/strong> 5.000 mq<\/p>\n<\/li>\n<li data-start=\"441\" data-end=\"468\">\n<p data-start=\"443\" data-end=\"468\"><strong data-start=\"443\" data-end=\"457\">Vitamin E:<\/strong> 5.000 mq<\/p>\n<\/li>\n<li data-start=\"469\" data-end=\"495\">\n<p data-start=\"471\" data-end=\"495\"><strong data-start=\"471\" data-end=\"486\">Vitamin B1:<\/strong> 300 mq<\/p>\n<\/li>\n<li data-start=\"496\" data-end=\"522\">\n<p data-start=\"498\" data-end=\"522\"><strong data-start=\"498\" data-end=\"513\">Vitamin B2:<\/strong> 300 mq<\/p>\n<\/li>\n<li data-start=\"523\" data-end=\"549\">\n<p data-start=\"525\" data-end=\"549\"><strong data-start=\"525\" data-end=\"540\">Vitamin B6:<\/strong> 200 mq<\/p>\n<\/li>\n<li data-start=\"550\" data-end=\"580\">\n<p data-start=\"552\" data-end=\"580\"><strong data-start=\"552\" data-end=\"571\">Vitamin B12 1%:<\/strong> 100 mq<\/p>\n<\/li>\n<li data-start=\"581\" data-end=\"601\">\n<p data-start=\"583\" data-end=\"601\"><strong data-start=\"583\" data-end=\"592\">Sink:<\/strong> 200 mq<\/p>\n<\/li>\n<li data-start=\"602\" data-end=\"626\">\n<p data-start=\"604\" data-end=\"626\"><strong data-start=\"604\" data-end=\"615\">Taurine:<\/strong> 2,000 mg<\/p>\n<\/li>\n<li data-start=\"627\" data-end=\"659\">\n<p data-start=\"629\" data-end=\"659\"><strong data-start=\"629\" data-end=\"648\">Sodium Benzoate:<\/strong> 1,000 mg<\/p>\n<\/li>\n<li data-start=\"660\" data-end=\"691\">\n<p data-start=\"662\" data-end=\"691\"><strong data-start=\"662\" data-end=\"680\">Potassium Sorbate:<\/strong> 1,000 mg<\/p>\n<\/li>\n<li data-start=\"692\" data-end=\"717\">\n<p data-start=\"694\" data-end=\"717\"><strong data-start=\"694\" data-end=\"706\">Calcium:<\/strong> 1,000 mg<\/p>\n<\/li>\n<\/ul>\n<hr data-start=\"719\" data-end=\"722\" \/>\n<h3 data-start=\"724\" data-end=\"756\"><strong data-start=\"728\" data-end=\"754\">Analytical Indicators:<\/strong><\/h3>\n<ul data-start=\"757\" data-end=\"872\">\n<li data-start=\"757\" data-end=\"782\">\n<p data-start=\"759\" data-end=\"782\"><strong data-start=\"759\" data-end=\"773\">Crude protein:<\/strong> 27,69%<\/p>\n<\/li>\n<li data-start=\"783\" data-end=\"806\">\n<p data-start=\"785\" data-end=\"806\"><strong data-start=\"785\" data-end=\"797\">Crude oil:<\/strong> 16,16%<\/p>\n<\/li>\n<li data-start=\"807\" data-end=\"829\">\n<p data-start=\"809\" data-end=\"829\"><strong data-start=\"809\" data-end=\"821\">Raw fiber:<\/strong> 1,68%<\/p>\n<\/li>\n<li data-start=\"830\" data-end=\"852\">\n<p data-start=\"832\" data-end=\"852\"><strong data-start=\"832\" data-end=\"844\">Raw ash:<\/strong> 1,82%<\/p>\n<\/li>\n<li data-start=\"853\" data-end=\"872\">\n<p data-start=\"855\" data-end=\"872\"><strong data-start=\"855\" data-end=\"863\">Humidity:<\/strong> 19,56%<\/p>\n<\/li>\n<\/ul>\n<p data-start=\"874\" data-end=\"970\"><strong data-start=\"874\" data-end=\"883\">Note:<\/strong> \u015e\u0259k\u0259r v\u0259 r\u0259ngl\u0259ndirici madd\u0259l\u0259r \u0130\u00c7\u018fRM\u0130R! X\u00fcsusi aromal\u0131, pi\u015fikl\u0259r \u00fc\u00e7\u00fcn \u00e7ox dadl\u0131d\u0131r.<\/p>\n<hr data-start=\"972\" data-end=\"975\" \/>\n<h3 data-start=\"977\" data-end=\"1003\"><strong data-start=\"981\" data-end=\"1001\">Area of use:<\/strong><\/h3>\n<p data-start=\"1004\" data-end=\"1155\">Multivitamin pastas\u0131 \u2013 balaca v\u0259 yetkin pi\u015fikl\u0259rin sa\u011flam qidalanmas\u0131n\u0131 d\u0259st\u0259kl\u0259y\u0259n vitamin, mineral v\u0259 amin tur\u015fular\u0131 il\u0259 z\u0259ngin tamamlay\u0131c\u0131 yemdir.<\/p>\n<h3 data-start=\"1157\" data-end=\"1194\"><strong data-start=\"1161\" data-end=\"1192\">Directions for use and dosage:<\/strong><\/h3>\n<p data-start=\"1195\" data-end=\"1323\">It is given directly or mixed into the feed.<br data-start=\"1246\" data-end=\"1249\" \/>Per day <strong data-start=\"1255\" data-end=\"1265\">2\u20133 cm<\/strong> It is recommended to use and give regularly.<\/p>\n<hr data-start=\"1325\" data-end=\"1328\" \/>\n<h3 data-start=\"1330\" data-end=\"1371\"><strong data-start=\"1334\" data-end=\"1369\">Shelf life and storage instructions:<\/strong><\/h3>\n<ul data-start=\"1372\" data-end=\"1573\">\n<li data-start=\"1372\" data-end=\"1414\">\n<p data-start=\"1374\" data-end=\"1414\">From the date of manufacture <strong data-start=\"1403\" data-end=\"1411\">2 years<\/strong>.<\/p>\n<\/li>\n<li data-start=\"1415\" data-end=\"1507\">\n<p data-start=\"1417\" data-end=\"1507\">It should be stored away from sunlight, at room temperature, and out of the reach of children.<\/p>\n<\/li>\n<li data-start=\"1508\" data-end=\"1573\">\n<p data-start=\"1510\" data-end=\"1573\">This product is not a medicine and is not used for therapeutic purposes.<\/p>\n<\/li>\n<\/ul>\n<\/div>\n<p><!-- .vgblk-rw-wrapper --><\/p>","protected":false},"excerpt":{"rendered":"<p>CLOVER PET \u2013 Pi\u015fikl\u0259r \u00fc\u00e7\u00fcn Multivitamin Pastas\u0131 (Kediler \u0130\u00e7in Multivitamin Pasta) T\u0259rkib Siyah\u0131s\u0131: Malt ekstrakt\u0131 Yulaf unu Bitki ya\u011flar\u0131 Bal\u0131q ya\u011f\u0131 Ke\u00e7iboynuzu tozu Deioniz\u0259 edilmi\u015f su Dig\u0259r madd\u0259l\u0259r (1 kq \u00fc\u00e7\u00fcn): Biotin 2%: 2.500 mq Vitamin K3: 150 mq Vitamin C: 5.000 mq Vitamin E: 5.000 mq Vitamin B1: 300 mq Vitamin B2: 300 mq&#8230;<\/p>","protected":false},"featured_media":989987,"comment_status":"closed","ping_status":"closed","template":"","meta":{"nf_dc_page":"","_monsterinsights_skip_tracking":false,"_monsterinsights_sitenote_active":false,"_monsterinsights_sitenote_note":"","_monsterinsights_sitenote_category":0},"product_brand":[],"product_cat":[244,160,51],"product_tag":[],"class_list":{"0":"post-989986","1":"product","2":"type-product","3":"status-publish","4":"has-post-thumbnail","6":"product_cat-it-ve-pisik-mehsullari","7":"product_cat-nutrients","8":"product_cat-cat","10":"first","11":"instock","12":"shipping-taxable","13":"product-type-simple"},"jetpack_sharing_enabled":true,"_links":{"self":[{"href":"https:\/\/agrovetazerbaijan.az\/en\/wp-json\/wp\/v2\/product\/989986","targetHints":{"allow":["GET"]}}],"collection":[{"href":"https:\/\/agrovetazerbaijan.az\/en\/wp-json\/wp\/v2\/product"}],"about":[{"href":"https:\/\/agrovetazerbaijan.az\/en\/wp-json\/wp\/v2\/types\/product"}],"replies":[{"embeddable":true,"href":"https:\/\/agrovetazerbaijan.az\/en\/wp-json\/wp\/v2\/comments?post=989986"}],"version-history":[{"count":3,"href":"https:\/\/agrovetazerbaijan.az\/en\/wp-json\/wp\/v2\/product\/989986\/revisions"}],"predecessor-version":[{"id":990164,"href":"https:\/\/agrovetazerbaijan.az\/en\/wp-json\/wp\/v2\/product\/989986\/revisions\/990164"}],"wp:featuredmedia":[{"embeddable":true,"href":"https:\/\/agrovetazerbaijan.az\/en\/wp-json\/wp\/v2\/media\/989987"}],"wp:attachment":[{"href":"https:\/\/agrovetazerbaijan.az\/en\/wp-json\/wp\/v2\/media?parent=989986"}],"wp:term":[{"taxonomy":"product_brand","embeddable":true,"href":"https:\/\/agrovetazerbaijan.az\/en\/wp-json\/wp\/v2\/product_brand?post=989986"},{"taxonomy":"product_cat","embeddable":true,"href":"https:\/\/agrovetazerbaijan.az\/en\/wp-json\/wp\/v2\/product_cat?post=989986"},{"taxonomy":"product_tag","embeddable":true,"href":"https:\/\/agrovetazerbaijan.az\/en\/wp-json\/wp\/v2\/product_tag?post=989986"}],"curies":[{"name":"wp","href":"https:\/\/api.w.org\/{rel}","templated":true}]}}