{"id":989983,"date":"2025-07-14T21:14:45","date_gmt":"2025-07-14T21:14:45","guid":{"rendered":"https:\/\/agrovetazerbaijan.az\/?post_type=product&#038;p=989983"},"modified":"2025-08-10T22:20:40","modified_gmt":"2025-08-10T22:20:40","slug":"clovervet-plaq-tartar-paste-for-cats-and-dogs","status":"publish","type":"product","link":"https:\/\/agrovetazerbaijan.az\/en\/product\/clovervet-plaq-tartar-paste-for-cats-and-dogs\/","title":{"rendered":"CLOVERVET PLAQUE-TARTAR PASTE FOR CATS AND DOGS"},"content":{"rendered":"<div class=\"vgblk-rw-wrapper limit-wrapper\">\n<h2 data-start=\"96\" data-end=\"140\"><strong data-start=\"99\" data-end=\"138\">CLOVER PET \u2013 Plaq v\u0259 Tartar Pastas\u0131<\/strong><\/h2>\n<p data-start=\"141\" data-end=\"186\"><strong data-start=\"141\" data-end=\"184\">(A\u011f\u0131z Sa\u011fl\u0131\u011f\u0131 \u00fc\u00e7\u00fcn Pi\u015fik v\u0259 \u0130tl\u0259r \u00dc\u00e7\u00fcn)<\/strong><\/p>\n<h3 data-start=\"188\" data-end=\"214\"><strong data-start=\"192\" data-end=\"212\">Ingredient List:<\/strong><\/h3>\n<ul data-start=\"215\" data-end=\"367\">\n<li data-start=\"215\" data-end=\"233\">\n<p data-start=\"217\" data-end=\"233\">Malt extract<\/p>\n<\/li>\n<li data-start=\"234\" data-end=\"247\">\n<p data-start=\"236\" data-end=\"247\">Oatmeal<\/p>\n<\/li>\n<li data-start=\"248\" data-end=\"265\">\n<p data-start=\"250\" data-end=\"265\">Vegetable oils<\/p>\n<\/li>\n<li data-start=\"266\" data-end=\"280\">\n<p data-start=\"268\" data-end=\"280\">Fish oil<\/p>\n<\/li>\n<li data-start=\"281\" data-end=\"301\">\n<p data-start=\"283\" data-end=\"301\">Carob powder<\/p>\n<\/li>\n<li data-start=\"302\" data-end=\"325\">\n<p data-start=\"304\" data-end=\"325\">Deionized water<\/p>\n<\/li>\n<li data-start=\"326\" data-end=\"348\">\n<p data-start=\"328\" data-end=\"348\">Kloreksi ekstrakt\u0131<\/p>\n<\/li>\n<li data-start=\"349\" data-end=\"367\">\n<p data-start=\"351\" data-end=\"367\">Nan\u0259 ekstrakt\u0131<\/p>\n<\/li>\n<\/ul>\n<p data-start=\"369\" data-end=\"402\"><strong data-start=\"369\" data-end=\"400\">Other ingredients (per 1 kg):<\/strong><\/p>\n<ul data-start=\"403\" data-end=\"457\">\n<li data-start=\"403\" data-end=\"429\">\n<p data-start=\"405\" data-end=\"429\"><strong data-start=\"405\" data-end=\"417\">Calcium:<\/strong> 10,000 mq<\/p>\n<\/li>\n<li data-start=\"430\" data-end=\"457\">\n<p data-start=\"432\" data-end=\"457\"><strong data-start=\"432\" data-end=\"446\">Vitamin C:<\/strong> 2,000 mq<\/p>\n<\/li>\n<\/ul>\n<hr data-start=\"459\" data-end=\"462\" \/>\n<h3 data-start=\"464\" data-end=\"496\"><strong data-start=\"468\" data-end=\"494\">Analytical Indicators:<\/strong><\/h3>\n<ul data-start=\"497\" data-end=\"596\">\n<li data-start=\"497\" data-end=\"518\">\n<p data-start=\"499\" data-end=\"518\"><strong data-start=\"499\" data-end=\"513\">Crude protein:<\/strong> 3%<\/p>\n<\/li>\n<li data-start=\"519\" data-end=\"539\">\n<p data-start=\"521\" data-end=\"539\"><strong data-start=\"521\" data-end=\"533\">Crude oil:<\/strong> 38%<\/p>\n<\/li>\n<li data-start=\"540\" data-end=\"559\">\n<p data-start=\"542\" data-end=\"559\"><strong data-start=\"542\" data-end=\"554\">Raw fiber:<\/strong> 3%<\/p>\n<\/li>\n<li data-start=\"560\" data-end=\"579\">\n<p data-start=\"562\" data-end=\"579\"><strong data-start=\"562\" data-end=\"574\">Raw ash:<\/strong> 4%<\/p>\n<\/li>\n<li data-start=\"580\" data-end=\"596\">\n<p data-start=\"582\" data-end=\"596\"><strong data-start=\"582\" data-end=\"590\">Humidity:<\/strong> 22%<\/p>\n<\/li>\n<\/ul>\n<hr data-start=\"598\" data-end=\"601\" \/>\n<h3 data-start=\"603\" data-end=\"629\"><strong data-start=\"607\" data-end=\"627\">Area of use:<\/strong><\/h3>\n<p data-start=\"630\" data-end=\"785\">Pi\u015fik v\u0259 itl\u0259rd\u0259 a\u011f\u0131zdak\u0131 xo\u015fag\u0259lm\u0259z qoxunun v\u0259 tartar y\u0131\u011f\u0131lmas\u0131n\u0131n qar\u015f\u0131s\u0131n\u0131 almaq \u00fc\u00e7\u00fcn x\u00fcsusi formulla haz\u0131rlanm\u0131\u015f, yeyil\u0259 bil\u0259n a\u011f\u0131z bax\u0131m pastas\u0131d\u0131r.<\/p>\n<h3 data-start=\"787\" data-end=\"824\"><strong data-start=\"791\" data-end=\"822\">Directions for use and dosage:<\/strong><\/h3>\n<p data-start=\"825\" data-end=\"953\">It is given directly or mixed into the feed.<br data-start=\"876\" data-end=\"879\" \/>Per day <strong data-start=\"885\" data-end=\"895\">2\u20133 cm<\/strong> It is recommended to use and give regularly.<\/p>\n<hr data-start=\"955\" data-end=\"958\" \/>\n<h3 data-start=\"960\" data-end=\"1001\"><strong data-start=\"964\" data-end=\"999\">Shelf life and storage instructions:<\/strong><\/h3>\n<ul data-start=\"1002\" data-end=\"1203\">\n<li data-start=\"1002\" data-end=\"1044\">\n<p data-start=\"1004\" data-end=\"1044\">From the date of manufacture <strong data-start=\"1033\" data-end=\"1041\">2 years<\/strong>.<\/p>\n<\/li>\n<li data-start=\"1045\" data-end=\"1137\">\n<p data-start=\"1047\" data-end=\"1137\">It should be stored away from sunlight, at room temperature, and out of the reach of children.<\/p>\n<\/li>\n<li data-start=\"1138\" data-end=\"1203\">\n<p data-start=\"1140\" data-end=\"1203\">This product is not a medicine and is not used for therapeutic purposes.<\/p>\n<\/li>\n<\/ul>\n<\/div>\n<p><!-- .vgblk-rw-wrapper --><\/p>","protected":false},"excerpt":{"rendered":"<p>CLOVER PET \u2013 Plaq v\u0259 Tartar Pastas\u0131 (A\u011f\u0131z Sa\u011fl\u0131\u011f\u0131 \u00fc\u00e7\u00fcn Pi\u015fik v\u0259 \u0130tl\u0259r \u00dc\u00e7\u00fcn) T\u0259rkib Siyah\u0131s\u0131: Malt ekstrakt\u0131 Yulaf unu Bitki ya\u011flar\u0131 Bal\u0131q ya\u011f\u0131 Ke\u00e7iboynuzu tozu Deioniz\u0259 edilmi\u015f su Kloreksi ekstrakt\u0131 Nan\u0259 ekstrakt\u0131 Dig\u0259r madd\u0259l\u0259r (1 kq \u00fc\u00e7\u00fcn): Kalsium: 10,000 mq Vitamin C: 2,000 mq Analitik G\u00f6st\u0259ricil\u0259r: Xam z\u00fclal: 3% Xam ya\u011f: 38% Xam lif:&#8230;<\/p>","protected":false},"featured_media":989984,"comment_status":"closed","ping_status":"closed","template":"","meta":{"nf_dc_page":"","_monsterinsights_skip_tracking":false,"_monsterinsights_sitenote_active":false,"_monsterinsights_sitenote_note":"","_monsterinsights_sitenote_category":0},"product_brand":[],"product_cat":[246,58,244,51],"product_tag":[],"class_list":{"0":"post-989983","1":"product","2":"type-product","3":"status-publish","4":"has-post-thumbnail","6":"product_cat-dermanlar","7":"product_cat-dog","8":"product_cat-it-ve-pisik-mehsullari","9":"product_cat-cat","11":"first","12":"instock","13":"shipping-taxable","14":"product-type-simple"},"jetpack_sharing_enabled":true,"_links":{"self":[{"href":"https:\/\/agrovetazerbaijan.az\/en\/wp-json\/wp\/v2\/product\/989983","targetHints":{"allow":["GET"]}}],"collection":[{"href":"https:\/\/agrovetazerbaijan.az\/en\/wp-json\/wp\/v2\/product"}],"about":[{"href":"https:\/\/agrovetazerbaijan.az\/en\/wp-json\/wp\/v2\/types\/product"}],"replies":[{"embeddable":true,"href":"https:\/\/agrovetazerbaijan.az\/en\/wp-json\/wp\/v2\/comments?post=989983"}],"version-history":[{"count":2,"href":"https:\/\/agrovetazerbaijan.az\/en\/wp-json\/wp\/v2\/product\/989983\/revisions"}],"predecessor-version":[{"id":990167,"href":"https:\/\/agrovetazerbaijan.az\/en\/wp-json\/wp\/v2\/product\/989983\/revisions\/990167"}],"wp:featuredmedia":[{"embeddable":true,"href":"https:\/\/agrovetazerbaijan.az\/en\/wp-json\/wp\/v2\/media\/989984"}],"wp:attachment":[{"href":"https:\/\/agrovetazerbaijan.az\/en\/wp-json\/wp\/v2\/media?parent=989983"}],"wp:term":[{"taxonomy":"product_brand","embeddable":true,"href":"https:\/\/agrovetazerbaijan.az\/en\/wp-json\/wp\/v2\/product_brand?post=989983"},{"taxonomy":"product_cat","embeddable":true,"href":"https:\/\/agrovetazerbaijan.az\/en\/wp-json\/wp\/v2\/product_cat?post=989983"},{"taxonomy":"product_tag","embeddable":true,"href":"https:\/\/agrovetazerbaijan.az\/en\/wp-json\/wp\/v2\/product_tag?post=989983"}],"curies":[{"name":"wp","href":"https:\/\/api.w.org\/{rel}","templated":true}]}}