{"id":989976,"date":"2025-07-14T14:31:38","date_gmt":"2025-07-14T14:31:38","guid":{"rendered":"https:\/\/agrovetazerbaijan.az\/?post_type=product&#038;p=989976"},"modified":"2025-09-09T08:31:55","modified_gmt":"2025-09-09T08:31:55","slug":"clover-pet-malt-paste-pisikl%c9%99r-ucun","status":"publish","type":"product","link":"https:\/\/agrovetazerbaijan.az\/en\/product\/clover-pet-malt-paste-pisikl%c9%99r-ucun\/","title":{"rendered":"CLOVER PET Malt Paste \u2013 For Cats"},"content":{"rendered":"<div class=\"vgblk-rw-wrapper limit-wrapper\">\n<h3 data-start=\"124\" data-end=\"171\"><strong data-start=\"128\" data-end=\"169\">CLOVER PET Malt Paste \u2013 For Cats<\/strong><\/h3>\n<p data-start=\"172\" data-end=\"286\"><strong data-start=\"172\" data-end=\"239\">Complementary feed to prevent matting<\/strong><br data-start=\"239\" data-end=\"242\" \/><strong data-start=\"242\" data-end=\"286\">Enriched with Biotin and Calcium<\/strong><\/p>\n<hr data-start=\"288\" data-end=\"291\" \/>\n<h3 data-start=\"293\" data-end=\"321\"><strong data-start=\"297\" data-end=\"319\">Ingredients (per 1 kg):<\/strong><\/h3>\n<ul data-start=\"322\" data-end=\"550\">\n<li data-start=\"322\" data-end=\"340\">\n<p data-start=\"324\" data-end=\"340\">Malt extract<\/p>\n<\/li>\n<li data-start=\"341\" data-end=\"354\">\n<p data-start=\"343\" data-end=\"354\">Oatmeal<\/p>\n<\/li>\n<li data-start=\"355\" data-end=\"372\">\n<p data-start=\"357\" data-end=\"372\">Vegetable oils<\/p>\n<\/li>\n<li data-start=\"373\" data-end=\"387\">\n<p data-start=\"375\" data-end=\"387\">Fish oil<\/p>\n<\/li>\n<li data-start=\"388\" data-end=\"408\">\n<p data-start=\"390\" data-end=\"408\">Goat&#039;s rue powder<\/p>\n<\/li>\n<li data-start=\"409\" data-end=\"424\">\n<p data-start=\"411\" data-end=\"424\">Deionized water<\/p>\n<\/li>\n<li data-start=\"425\" data-end=\"455\">\n<p data-start=\"427\" data-end=\"455\"><strong data-start=\"427\" data-end=\"453\">Biotin (2%) \u2013 5,000 mg<\/strong><\/p>\n<\/li>\n<li data-start=\"456\" data-end=\"482\">\n<p data-start=\"458\" data-end=\"482\"><strong data-start=\"458\" data-end=\"480\">Calcium \u2013 2,000 mg<\/strong><\/p>\n<\/li>\n<li data-start=\"483\" data-end=\"516\">\n<p data-start=\"485\" data-end=\"516\"><strong data-start=\"485\" data-end=\"514\">Sodium benzoate \u2013 1,000 mg<\/strong><\/p>\n<\/li>\n<li data-start=\"517\" data-end=\"550\">\n<p data-start=\"519\" data-end=\"550\"><strong data-start=\"519\" data-end=\"550\">Potassium sorbate \u2013 1,000 mg<\/strong><\/p>\n<\/li>\n<\/ul>\n<hr data-start=\"552\" data-end=\"555\" \/>\n<h3 data-start=\"557\" data-end=\"583\"><strong data-start=\"561\" data-end=\"581\">Analysis Information:<\/strong><\/h3>\n<ul data-start=\"584\" data-end=\"773\">\n<li data-start=\"584\" data-end=\"608\">\n<p data-start=\"586\" data-end=\"608\">Crude protein \u2013 27.69%<\/p>\n<\/li>\n<li data-start=\"609\" data-end=\"629\">\n<p data-start=\"611\" data-end=\"629\">Crude oil \u2013 16.16%<\/p>\n<\/li>\n<li data-start=\"630\" data-end=\"649\">\n<p data-start=\"632\" data-end=\"649\">Raw fiber \u2013 1.68%<\/p>\n<\/li>\n<li data-start=\"650\" data-end=\"669\">\n<p data-start=\"652\" data-end=\"669\">Raw ash \u2013 1.82%<\/p>\n<\/li>\n<li data-start=\"670\" data-end=\"689\">\n<p data-start=\"672\" data-end=\"689\">Humidity \u2013 19.56%<\/p>\n<\/li>\n<li data-start=\"690\" data-end=\"727\">\n<p data-start=\"692\" data-end=\"727\"><strong data-start=\"692\" data-end=\"725\">NO Sugar or Coloring<\/strong><\/p>\n<\/li>\n<li data-start=\"728\" data-end=\"773\">\n<p data-start=\"730\" data-end=\"773\"><strong data-start=\"730\" data-end=\"773\">Specially delicious \u2013 made for cats<\/strong><\/p>\n<\/li>\n<\/ul>\n<hr data-start=\"775\" data-end=\"778\" \/>\n<h3 data-start=\"780\" data-end=\"806\"><strong data-start=\"784\" data-end=\"804\">Area of use:<\/strong><\/h3>\n<p data-start=\"807\" data-end=\"972\">It helps prevent hairballs from becoming entangled and causing digestive problems in babies and adults.<br data-start=\"920\" data-end=\"923\" \/><strong data-start=\"923\" data-end=\"972\">It supports the smooth functioning of the digestive system.<\/strong><\/p>\n<hr data-start=\"974\" data-end=\"977\" \/>\n<h3 data-start=\"979\" data-end=\"1006\"><strong data-start=\"983\" data-end=\"1004\">Instructions for use:<\/strong><\/h3>\n<ul data-start=\"1007\" data-end=\"1112\">\n<li data-start=\"1007\" data-end=\"1023\">\n<p data-start=\"1009\" data-end=\"1023\">2\u20133 cm per day<\/p>\n<\/li>\n<li data-start=\"1024\" data-end=\"1071\">\n<p data-start=\"1026\" data-end=\"1071\">It is given directly or mixed with feed.<\/p>\n<\/li>\n<li data-start=\"1072\" data-end=\"1112\">\n<p data-start=\"1074\" data-end=\"1112\"><strong data-start=\"1074\" data-end=\"1112\">Regular use is recommended.<\/strong><\/p>\n<\/li>\n<\/ul>\n<hr data-start=\"1114\" data-end=\"1117\" \/>\n<h3 data-start=\"1119\" data-end=\"1141\"><strong data-start=\"1123\" data-end=\"1139\">Packaging:<\/strong><\/h3>\n<p data-start=\"1142\" data-end=\"1159\">100 g plastic tube<\/p>\n<h3 data-start=\"1161\" data-end=\"1180\"><strong data-start=\"1165\" data-end=\"1178\">Shelf life:<\/strong><\/h3>\n<p data-start=\"1181\" data-end=\"1305\">2 years (from date of manufacture)<br data-start=\"1216\" data-end=\"1219\" \/><strong data-start=\"1219\" data-end=\"1305\">Store away from sunlight, at room temperature, and out of the reach of children.<\/strong><\/p>\n<h3 data-start=\"1307\" data-end=\"1322\"><strong data-start=\"1311\" data-end=\"1320\">Note:<\/strong><\/h3>\n<p data-start=\"1323\" data-end=\"1417\">This one <strong data-start=\"1330\" data-end=\"1346\">not a medicine<\/strong>, not for therapeutic purposes. Complementary food for cats.<\/p>\n<\/div>\n<p><!-- .vgblk-rw-wrapper --><\/p>","protected":false},"excerpt":{"rendered":"<p>CLOVER PET Malt Pasta \u2013 Pi\u015fikl\u0259r \u00fc\u00e7\u00fcn T\u00fckl\u0259rin yumaq hal\u0131na g\u0259lm\u0259sinin qar\u015f\u0131s\u0131n\u0131 alan tamamlay\u0131c\u0131 yemBiotin v\u0259 Kalsiumla z\u0259nginl\u0259\u015fdirilmi\u015fdir T\u0259rkibi (1 kq-da): Malt ekstrakt\u0131 Yulaf unu Bitki ya\u011flar\u0131 Bal\u0131q ya\u011f\u0131 Ke\u00e7ibuynuzu tozu Deioniz\u0259 su Biotin (2%) \u2013 5 000 mq Kalsium \u2013 2 000 mq Sodium benzoat \u2013 1 000 mq Potassium sorbat \u2013 1 000&#8230;<\/p>","protected":false},"featured_media":989977,"comment_status":"closed","ping_status":"closed","template":"","meta":{"nf_dc_page":"","_monsterinsights_skip_tracking":false,"_monsterinsights_sitenote_active":false,"_monsterinsights_sitenote_note":"","_monsterinsights_sitenote_category":0},"product_brand":[],"product_cat":[244,160,51],"product_tag":[],"class_list":{"0":"post-989976","1":"product","2":"type-product","3":"status-publish","4":"has-post-thumbnail","6":"product_cat-it-ve-pisik-mehsullari","7":"product_cat-nutrients","8":"product_cat-cat","10":"first","11":"instock","12":"shipping-taxable","13":"product-type-simple"},"jetpack_sharing_enabled":true,"_links":{"self":[{"href":"https:\/\/agrovetazerbaijan.az\/en\/wp-json\/wp\/v2\/product\/989976","targetHints":{"allow":["GET"]}}],"collection":[{"href":"https:\/\/agrovetazerbaijan.az\/en\/wp-json\/wp\/v2\/product"}],"about":[{"href":"https:\/\/agrovetazerbaijan.az\/en\/wp-json\/wp\/v2\/types\/product"}],"replies":[{"embeddable":true,"href":"https:\/\/agrovetazerbaijan.az\/en\/wp-json\/wp\/v2\/comments?post=989976"}],"version-history":[{"count":1,"href":"https:\/\/agrovetazerbaijan.az\/en\/wp-json\/wp\/v2\/product\/989976\/revisions"}],"predecessor-version":[{"id":989978,"href":"https:\/\/agrovetazerbaijan.az\/en\/wp-json\/wp\/v2\/product\/989976\/revisions\/989978"}],"wp:featuredmedia":[{"embeddable":true,"href":"https:\/\/agrovetazerbaijan.az\/en\/wp-json\/wp\/v2\/media\/989977"}],"wp:attachment":[{"href":"https:\/\/agrovetazerbaijan.az\/en\/wp-json\/wp\/v2\/media?parent=989976"}],"wp:term":[{"taxonomy":"product_brand","embeddable":true,"href":"https:\/\/agrovetazerbaijan.az\/en\/wp-json\/wp\/v2\/product_brand?post=989976"},{"taxonomy":"product_cat","embeddable":true,"href":"https:\/\/agrovetazerbaijan.az\/en\/wp-json\/wp\/v2\/product_cat?post=989976"},{"taxonomy":"product_tag","embeddable":true,"href":"https:\/\/agrovetazerbaijan.az\/en\/wp-json\/wp\/v2\/product_tag?post=989976"}],"curies":[{"name":"wp","href":"https:\/\/api.w.org\/{rel}","templated":true}]}}