{"id":989972,"date":"2025-07-14T13:39:09","date_gmt":"2025-07-14T13:39:09","guid":{"rendered":"https:\/\/agrovetazerbaijan.az\/?post_type=product&#038;p=989972"},"modified":"2025-07-14T13:39:39","modified_gmt":"2025-07-14T13:39:39","slug":"clover-pet-glukosamin-pasta-pisik-v%c9%99-it-ucun","status":"publish","type":"product","link":"https:\/\/agrovetazerbaijan.az\/en\/product\/clover-pet-glukosamin-pasta-pisik-v%c9%99-it-ucun\/","title":{"rendered":"CLOVER PET Glucosamine Paste (For Cats and Dogs)"},"content":{"rendered":"<div class=\"vgblk-rw-wrapper limit-wrapper\">\n<h3 data-start=\"75\" data-end=\"131\"><strong data-start=\"79\" data-end=\"129\">CLOVER PET Glucosamine Paste (For Cats and Dogs)<\/strong><\/h3>\n<p data-start=\"132\" data-end=\"165\"><strong data-start=\"132\" data-end=\"165\">Complementary feed for joints<\/strong><\/p>\n<p data-start=\"167\" data-end=\"191\"><strong data-start=\"167\" data-end=\"189\">Ingredients (per 1 kg):<\/strong><\/p>\n<ul data-start=\"192\" data-end=\"336\">\n<li data-start=\"192\" data-end=\"221\">\n<p data-start=\"194\" data-end=\"221\">Glucosamine HCl \u2013 9,000 mg<\/p>\n<\/li>\n<li data-start=\"222\" data-end=\"240\">\n<p data-start=\"224\" data-end=\"240\">MSM \u2013 5,000 mg<\/p>\n<\/li>\n<li data-start=\"241\" data-end=\"266\">\n<p data-start=\"243\" data-end=\"266\">Chondroitin \u2013 3,000 mg<\/p>\n<\/li>\n<li data-start=\"267\" data-end=\"292\">\n<p data-start=\"269\" data-end=\"292\">Vitamin C \u2013 4,000 mg<\/p>\n<\/li>\n<li data-start=\"293\" data-end=\"336\">\n<p data-start=\"295\" data-end=\"336\">Calcium, fish oil, malt extract, etc.<\/p>\n<\/li>\n<\/ul>\n<p data-start=\"338\" data-end=\"351\"><strong data-start=\"338\" data-end=\"349\">Analysis:<\/strong><\/p>\n<ul data-start=\"352\" data-end=\"464\">\n<li data-start=\"352\" data-end=\"402\">\n<p data-start=\"354\" data-end=\"402\">Protein 27.7%, Fat 16.2%, Fiber 1.7%, Moisture 19.6%<\/p>\n<\/li>\n<li data-start=\"403\" data-end=\"431\">\n<p data-start=\"405\" data-end=\"431\"><strong data-start=\"405\" data-end=\"429\">NO sugar or dyes<\/strong><\/p>\n<\/li>\n<li data-start=\"432\" data-end=\"464\">\n<p data-start=\"434\" data-end=\"464\"><strong data-start=\"434\" data-end=\"464\">Specially delicious for cats<\/strong><\/p>\n<\/li>\n<\/ul>\n<p data-start=\"466\" data-end=\"481\"><strong data-start=\"466\" data-end=\"479\">Usage:<\/strong><\/p>\n<ul data-start=\"482\" data-end=\"569\">\n<li data-start=\"482\" data-end=\"498\">\n<p data-start=\"484\" data-end=\"498\">2\u20133 cm per day<\/p>\n<\/li>\n<li data-start=\"499\" data-end=\"533\">\n<p data-start=\"501\" data-end=\"533\">Directly or by joining the feed<\/p>\n<\/li>\n<li data-start=\"534\" data-end=\"569\">\n<p data-start=\"536\" data-end=\"569\">Continuous use is recommended.<\/p>\n<\/li>\n<\/ul>\n<p data-start=\"571\" data-end=\"672\"><strong data-start=\"571\" data-end=\"587\">Packaging:<\/strong> 100 g tube<br data-start=\"597\" data-end=\"600\" \/><strong data-start=\"600\" data-end=\"611\">Duration:<\/strong> 2 years<br data-start=\"616\" data-end=\"619\" \/><strong data-start=\"619\" data-end=\"628\">Note:<\/strong> This product is not a medicine, but a complementary feed.<\/p>\n<\/div>\n<p><!-- .vgblk-rw-wrapper --><\/p>","protected":false},"excerpt":{"rendered":"<p>CLOVER PET Glukosamin Pasta (Pi\u015fik v\u0259 \u0130t \u00fc\u00e7\u00fcn) Oynaqlar \u00fc\u00e7\u00fcn tamamlay\u0131c\u0131 yem T\u0259rkibi (1 kq-da): Glukozamin HCl \u2013 9 000 mq MSM \u2013 5 000 mq Xondroitin \u2013 3 000 mq C vitamini \u2013 4 000 mq Kalsium, bal\u0131q ya\u011f\u0131, malt ekstrakt\u0131 v\u0259 s. Analiz: Z\u00fclal 27.7%, Ya\u011f 16.2%, Lif 1.7%, N\u0259mlik 19.6% \u015e\u0259k\u0259r v\u0259&#8230;<\/p>","protected":false},"featured_media":989973,"comment_status":"closed","ping_status":"closed","template":"","meta":{"nf_dc_page":"","_monsterinsights_skip_tracking":false,"_monsterinsights_sitenote_active":false,"_monsterinsights_sitenote_note":"","_monsterinsights_sitenote_category":0},"product_brand":[],"product_cat":[244,246,58,51],"product_tag":[],"class_list":{"0":"post-989972","1":"product","2":"type-product","3":"status-publish","4":"has-post-thumbnail","6":"product_cat-it-ve-pisik-mehsullari","7":"product_cat-dermanlar","8":"product_cat-dog","9":"product_cat-cat","11":"first","12":"instock","13":"shipping-taxable","14":"product-type-simple"},"jetpack_sharing_enabled":true,"_links":{"self":[{"href":"https:\/\/agrovetazerbaijan.az\/en\/wp-json\/wp\/v2\/product\/989972","targetHints":{"allow":["GET"]}}],"collection":[{"href":"https:\/\/agrovetazerbaijan.az\/en\/wp-json\/wp\/v2\/product"}],"about":[{"href":"https:\/\/agrovetazerbaijan.az\/en\/wp-json\/wp\/v2\/types\/product"}],"replies":[{"embeddable":true,"href":"https:\/\/agrovetazerbaijan.az\/en\/wp-json\/wp\/v2\/comments?post=989972"}],"version-history":[{"count":2,"href":"https:\/\/agrovetazerbaijan.az\/en\/wp-json\/wp\/v2\/product\/989972\/revisions"}],"predecessor-version":[{"id":989975,"href":"https:\/\/agrovetazerbaijan.az\/en\/wp-json\/wp\/v2\/product\/989972\/revisions\/989975"}],"wp:featuredmedia":[{"embeddable":true,"href":"https:\/\/agrovetazerbaijan.az\/en\/wp-json\/wp\/v2\/media\/989973"}],"wp:attachment":[{"href":"https:\/\/agrovetazerbaijan.az\/en\/wp-json\/wp\/v2\/media?parent=989972"}],"wp:term":[{"taxonomy":"product_brand","embeddable":true,"href":"https:\/\/agrovetazerbaijan.az\/en\/wp-json\/wp\/v2\/product_brand?post=989972"},{"taxonomy":"product_cat","embeddable":true,"href":"https:\/\/agrovetazerbaijan.az\/en\/wp-json\/wp\/v2\/product_cat?post=989972"},{"taxonomy":"product_tag","embeddable":true,"href":"https:\/\/agrovetazerbaijan.az\/en\/wp-json\/wp\/v2\/product_tag?post=989972"}],"curies":[{"name":"wp","href":"https:\/\/api.w.org\/{rel}","templated":true}]}}