{"id":989932,"date":"2025-07-13T23:00:16","date_gmt":"2025-07-13T23:00:16","guid":{"rendered":"https:\/\/agrovetazerbaijan.az\/?post_type=product&#038;p=989932"},"modified":"2025-07-13T23:00:29","modified_gmt":"2025-07-13T23:00:29","slug":"petline-elegant-adult-cat-pate-with-salmon","status":"publish","type":"product","link":"https:\/\/agrovetazerbaijan.az\/en\/product\/petline-elegant-adult-cat-pate-with-salmon\/","title":{"rendered":"Petline Elegant \u2013 Adult Cat P\u00e2t\u00e9 with Salmon"},"content":{"rendered":"<div class=\"vgblk-rw-wrapper limit-wrapper\">\n<h2 data-start=\"189\" data-end=\"245\">\ud83d\udc31 <strong data-start=\"195\" data-end=\"243\">Petline Elegant \u2013 Adult Cat P\u00e2t\u00e9 with Salmon<\/strong><\/h2>\n<p data-start=\"246\" data-end=\"325\"><strong data-start=\"246\" data-end=\"325\">Grain-Free | Super Premium Wet Food | Delicious &amp; Nutritious for Adult Cats<\/strong><\/p>\n<hr data-start=\"327\" data-end=\"330\" \/>\n<h3 data-start=\"332\" data-end=\"366\">\u2728 <strong data-start=\"338\" data-end=\"366\">Product Features:<\/strong><\/h3>\n<p data-start=\"368\" data-end=\"885\">\u2705 <strong data-start=\"370\" data-end=\"412\">High-quality salmon<\/strong> delicious formula made with<br data-start=\"444\" data-end=\"447\" \/>\u2705 <strong data-start=\"449\" data-end=\"503\">Complete and balanced food for adult cats<\/strong><br data-start=\"503\" data-end=\"506\" \/>\u2705 <strong data-start=\"508\" data-end=\"533\">Grain-Free<\/strong> \u2013 suitable for sensitive and allergy-prone cats<br data-start=\"585\" data-end=\"588\" \/>\u2705 <strong data-start=\"590\" data-end=\"635\">Enriched with natural antioxidants<\/strong> \u2013 helps strengthen immunity<br data-start=\"673\" data-end=\"676\" \/>\u2705 <strong data-start=\"678\" data-end=\"701\">Taurine added<\/strong> \u2013 important for healthy vision and heart function<br data-start=\"749\" data-end=\"752\" \/>\u2705 <strong data-start=\"754\" data-end=\"789\">Soft and delicate texture (p\u00e2t\u00e9)<\/strong> \u2013 ideal choice for picky cats<br data-start=\"824\" data-end=\"827\" \/>\u2705 <strong data-start=\"829\" data-end=\"885\">No artificial colors, flavors or preservatives added<\/strong><\/p>\n<hr data-start=\"887\" data-end=\"890\" \/>\n<h3 data-start=\"892\" data-end=\"919\">\ud83d\udccc <strong data-start=\"899\" data-end=\"919\">About the Product:<\/strong><\/h3>\n<ul data-start=\"921\" data-end=\"1200\">\n<li data-start=\"921\" data-end=\"974\">\n<p data-start=\"923\" data-end=\"974\"><strong data-start=\"923\" data-end=\"938\">Product name:<\/strong> Adult Cat P\u00e2t\u00e9 \u2013 Salmon Selection<\/p>\n<\/li>\n<li data-start=\"975\" data-end=\"1014\">\n<p data-start=\"977\" data-end=\"1014\"><strong data-start=\"977\" data-end=\"1006\">Stock Number:<\/strong> 50203<\/p>\n<\/li>\n<li data-start=\"1015\" data-end=\"1046\">\n<p data-start=\"1017\" data-end=\"1046\"><strong data-start=\"1017\" data-end=\"1027\">Brand:<\/strong> Petline\u00ae Elegant<\/p>\n<\/li>\n<li data-start=\"1047\" data-end=\"1086\">\n<p data-start=\"1049\" data-end=\"1086\"><strong data-start=\"1049\" data-end=\"1061\">Form:<\/strong> Canned p\u00e2t\u00e9 (wet food)<\/p>\n<\/li>\n<li data-start=\"1087\" data-end=\"1137\">\n<p data-start=\"1089\" data-end=\"1137\"><strong data-start=\"1089\" data-end=\"1106\">Target animal:<\/strong> Adult Cats<\/p>\n<\/li>\n<li data-start=\"1138\" data-end=\"1200\">\n<p data-start=\"1140\" data-end=\"1200\"><strong data-start=\"1140\" data-end=\"1151\">Composition:<\/strong> Grain-Free, OptiQuattro technology<\/p>\n<\/li>\n<\/ul>\n<hr data-start=\"1202\" data-end=\"1205\" \/>\n<h3 data-start=\"1207\" data-end=\"1226\">\ud83e\uddea <strong data-start=\"1214\" data-end=\"1226\">Ingredients:<\/strong><\/h3>\n<blockquote data-start=\"1228\" data-end=\"1370\">\n<p data-start=\"1230\" data-end=\"1370\"><strong data-start=\"1230\" data-end=\"1248\">Salmon meat<\/strong>, meat broth, natural fibers, vitamin and mineral complex, <strong data-start=\"1306\" data-end=\"1316\">taurine<\/strong>, gelatinizing agents, <strong data-start=\"1345\" data-end=\"1370\">natural antioxidants<\/strong><\/p>\n<\/blockquote>\n<p data-start=\"1372\" data-end=\"1454\">\ud83d\udccc Artificial sweeteners, colors, and preservatives <strong data-start=\"1431\" data-end=\"1454\">not used.<\/strong><\/p>\n<hr data-start=\"1456\" data-end=\"1459\" \/>\n<h3 data-start=\"1461\" data-end=\"1481\">\ud83d\udc3e <strong data-start=\"1468\" data-end=\"1481\">Compatibility:<\/strong><\/h3>\n<p data-start=\"1483\" data-end=\"1716\">\ud83e\udd63 Suitable for daily use for picky and sensitive cats <strong data-start=\"1548\" data-end=\"1573\">full ration wet food<\/strong><br data-start=\"1573\" data-end=\"1576\" \/>\ud83d\udca7 With extra hydration <strong data-start=\"1601\" data-end=\"1646\">supports urinary tract health<\/strong><br data-start=\"1646\" data-end=\"1649\" \/>\ud83e\udde0 With Taurine <strong data-start=\"1663\" data-end=\"1716\">has a positive effect on eye and brain functions<\/strong><\/p>\n<\/div>\n<p><!-- .vgblk-rw-wrapper --><\/p>","protected":false},"excerpt":{"rendered":"<p>\ud83d\udc31 Petline Elegant \u2013 Adult Cat P\u00e2t\u00e9 with Salmon Grain-Free | Super Premium Wet Food | Delicious &amp; Nutritious for Adult Cats \u2728 M\u0259hsulun X\u00fcsusiyy\u0259tl\u0259ri: \u2705 Y\u00fcks\u0259k keyfiyy\u0259tli q\u0131z\u0131lbal\u0131q (salmon) il\u0259 haz\u0131rlanm\u0131\u015f l\u0259zz\u0259tli formul\u2705 Yetkin pi\u015fikl\u0259r \u00fc\u00e7\u00fcn tam v\u0259 balansla\u015fd\u0131r\u0131lm\u0131\u015f qida\u2705 Tax\u0131ls\u0131z (Grain-Free) \u2013 h\u0259ssas v\u0259 allergiyaya meyilli pi\u015fikl\u0259r \u00fc\u00e7\u00fcn uy\u011fun\u2705 T\u0259bii antioksidantlarla z\u0259nginl\u0259\u015fdirilmi\u015f \u2013&#8230;<\/p>","protected":false},"featured_media":989933,"comment_status":"closed","ping_status":"closed","template":"","meta":{"nf_dc_page":"","_monsterinsights_skip_tracking":false,"_monsterinsights_sitenote_active":false,"_monsterinsights_sitenote_note":"","_monsterinsights_sitenote_category":0},"product_brand":[],"product_cat":[244,51,245],"product_tag":[],"class_list":{"0":"post-989932","1":"product","2":"type-product","3":"status-publish","4":"has-post-thumbnail","6":"product_cat-it-ve-pisik-mehsullari","7":"product_cat-cat","8":"product_cat-yemler","10":"first","11":"instock","12":"shipping-taxable","13":"product-type-simple"},"jetpack_sharing_enabled":true,"_links":{"self":[{"href":"https:\/\/agrovetazerbaijan.az\/en\/wp-json\/wp\/v2\/product\/989932","targetHints":{"allow":["GET"]}}],"collection":[{"href":"https:\/\/agrovetazerbaijan.az\/en\/wp-json\/wp\/v2\/product"}],"about":[{"href":"https:\/\/agrovetazerbaijan.az\/en\/wp-json\/wp\/v2\/types\/product"}],"replies":[{"embeddable":true,"href":"https:\/\/agrovetazerbaijan.az\/en\/wp-json\/wp\/v2\/comments?post=989932"}],"version-history":[{"count":1,"href":"https:\/\/agrovetazerbaijan.az\/en\/wp-json\/wp\/v2\/product\/989932\/revisions"}],"predecessor-version":[{"id":989934,"href":"https:\/\/agrovetazerbaijan.az\/en\/wp-json\/wp\/v2\/product\/989932\/revisions\/989934"}],"wp:featuredmedia":[{"embeddable":true,"href":"https:\/\/agrovetazerbaijan.az\/en\/wp-json\/wp\/v2\/media\/989933"}],"wp:attachment":[{"href":"https:\/\/agrovetazerbaijan.az\/en\/wp-json\/wp\/v2\/media?parent=989932"}],"wp:term":[{"taxonomy":"product_brand","embeddable":true,"href":"https:\/\/agrovetazerbaijan.az\/en\/wp-json\/wp\/v2\/product_brand?post=989932"},{"taxonomy":"product_cat","embeddable":true,"href":"https:\/\/agrovetazerbaijan.az\/en\/wp-json\/wp\/v2\/product_cat?post=989932"},{"taxonomy":"product_tag","embeddable":true,"href":"https:\/\/agrovetazerbaijan.az\/en\/wp-json\/wp\/v2\/product_tag?post=989932"}],"curies":[{"name":"wp","href":"https:\/\/api.w.org\/{rel}","templated":true}]}}