{"id":989928,"date":"2025-07-13T22:57:04","date_gmt":"2025-07-13T22:57:04","guid":{"rendered":"https:\/\/agrovetazerbaijan.az\/?post_type=product&#038;p=989928"},"modified":"2025-07-13T22:57:21","modified_gmt":"2025-07-13T22:57:21","slug":"petline-delicale-adult-cat-pate-with-chicken","status":"publish","type":"product","link":"https:\/\/agrovetazerbaijan.az\/en\/product\/petline-delicale-adult-cat-pate-with-chicken\/","title":{"rendered":"Petline Delicale \u2013 Adult Cat P\u00e2t\u00e9 with Chicken"},"content":{"rendered":"<div class=\"vgblk-rw-wrapper limit-wrapper\">\n<h2 data-start=\"241\" data-end=\"299\">\ud83d\udc31 <strong data-start=\"247\" data-end=\"297\">Petline Delicale \u2013 Adult Cat P\u00e2t\u00e9 with Chicken<\/strong><\/h2>\n<p data-start=\"300\" data-end=\"377\"><strong data-start=\"300\" data-end=\"377\">Grain-Free | Super Premium Wet Food | Gentle Nutrition for Sensitive Cats<\/strong><\/p>\n<hr data-start=\"379\" data-end=\"382\" \/>\n<h3 data-start=\"384\" data-end=\"418\">\u2728 <strong data-start=\"390\" data-end=\"418\">Product Features:<\/strong><\/h3>\n<p data-start=\"420\" data-end=\"968\">\u2705 <strong data-start=\"422\" data-end=\"454\">High quality chicken meat<\/strong> Delicious and nutritious formula made with<br data-start=\"503\" data-end=\"506\" \/>\u2705 <strong data-start=\"508\" data-end=\"567\">&quot;Delicale&quot; recipe suitable for sensitive and picky cats<\/strong><br data-start=\"567\" data-end=\"570\" \/>\u2705 <strong data-start=\"572\" data-end=\"607\">Complete and balanced diet<\/strong> \u2013 meets daily nutritional needs<br data-start=\"648\" data-end=\"651\" \/>\u2705 <strong data-start=\"653\" data-end=\"678\">Grain-Free<\/strong> \u2013 ideal for cats prone to allergies and sensitive digestion<br data-start=\"739\" data-end=\"742\" \/>\u2705 <strong data-start=\"744\" data-end=\"770\">Soft texture (p\u00e2t\u00e9)<\/strong> \u2013 also suitable for difficult-to-chew and elderly cats<br data-start=\"822\" data-end=\"825\" \/>\u2705 <strong data-start=\"827\" data-end=\"851\">Natural ingredients<\/strong> \u2013 without artificial sweeteners, colors and preservatives<br data-start=\"906\" data-end=\"909\" \/>\u2705 <strong data-start=\"911\" data-end=\"936\">Single-serving canned food<\/strong> \u2013 hygienic and easy to use<\/p>\n<hr data-start=\"970\" data-end=\"973\" \/>\n<h3 data-start=\"975\" data-end=\"1002\">\ud83d\udccc <strong data-start=\"982\" data-end=\"1002\">About the Product:<\/strong><\/h3>\n<ul data-start=\"1004\" data-end=\"1275\">\n<li data-start=\"1004\" data-end=\"1058\">\n<p data-start=\"1006\" data-end=\"1058\"><strong data-start=\"1006\" data-end=\"1021\">Product name:<\/strong> Adult Cat P\u00e2t\u00e9 \u2013 Chicken Selection<\/p>\n<\/li>\n<li data-start=\"1099\" data-end=\"1131\">\n<p data-start=\"1101\" data-end=\"1131\"><strong data-start=\"1101\" data-end=\"1111\">Brand:<\/strong> Petline\u00ae Delicale<\/p>\n<\/li>\n<li data-start=\"1132\" data-end=\"1171\">\n<p data-start=\"1134\" data-end=\"1171\"><strong data-start=\"1134\" data-end=\"1146\">Form:<\/strong> Wet food \/ Canned p\u00e2t\u00e9<\/p>\n<\/li>\n<li data-start=\"1172\" data-end=\"1222\">\n<p data-start=\"1174\" data-end=\"1222\"><strong data-start=\"1174\" data-end=\"1191\">Target animal:<\/strong> Adult Cats<\/p>\n<\/li>\n<li data-start=\"1223\" data-end=\"1275\">\n<p data-start=\"1225\" data-end=\"1275\"><strong data-start=\"1225\" data-end=\"1236\">Composition:<\/strong> Grain-Free, Soft texture<\/p>\n<\/li>\n<\/ul>\n<hr data-start=\"1277\" data-end=\"1280\" \/>\n<h3 data-start=\"1282\" data-end=\"1301\">\ud83e\uddea <strong data-start=\"1289\" data-end=\"1301\">Ingredients:<\/strong><\/h3>\n<blockquote data-start=\"1303\" data-end=\"1444\">\n<p data-start=\"1305\" data-end=\"1444\"><strong data-start=\"1305\" data-end=\"1318\">Chicken meat<\/strong>, meat broth, natural fibers, <strong data-start=\"1343\" data-end=\"1378\">vitamin and mineral complex<\/strong>, <strong data-start=\"1380\" data-end=\"1390\">taurine<\/strong>, gelatinizing agents, <strong data-start=\"1419\" data-end=\"1444\">natural antioxidants<\/strong><\/p>\n<\/blockquote>\n<p data-start=\"1446\" data-end=\"1507\">\ud83d\udccc <strong data-start=\"1449\" data-end=\"1507\">No artificial flavors, colors, or preservatives added.<\/strong><\/p>\n<hr data-start=\"1509\" data-end=\"1512\" \/>\n<h3 data-start=\"1514\" data-end=\"1534\">\ud83d\udc3e <strong data-start=\"1521\" data-end=\"1534\">Compatibility:<\/strong><\/h3>\n<p data-start=\"1536\" data-end=\"1742\">\ud83e\udd63 <strong data-start=\"1539\" data-end=\"1597\">Ideal daily wet food for picky and sensitive cats<\/strong><br data-start=\"1597\" data-end=\"1600\" \/>\ud83e\udde0 <strong data-start=\"1603\" data-end=\"1665\">Supports eye and brain functions with its taurine content<\/strong><br data-start=\"1665\" data-end=\"1668\" \/>\ud83d\udca7 <strong data-start=\"1671\" data-end=\"1703\">Provides extra hydration<\/strong> \u2013 great for urinary tract health<\/p>\n<\/div>\n<p><!-- .vgblk-rw-wrapper --><\/p>","protected":false},"excerpt":{"rendered":"<p>\ud83d\udc31 Petline Delicale \u2013 Adult Cat P\u00e2t\u00e9 with Chicken Grain-Free | Super Premium Wet Food | Gentle Nutrition for Sensitive Cats \u2728 M\u0259hsulun X\u00fcsusiyy\u0259tl\u0259ri: \u2705 Y\u00fcks\u0259k keyfiyy\u0259tli toyuq \u0259ti il\u0259 haz\u0131rlanm\u0131\u015f l\u0259zz\u0259tli v\u0259 qidaland\u0131r\u0131c\u0131 formul\u2705 H\u0259ssas v\u0259 se\u00e7ici pi\u015fikl\u0259r \u00fc\u00e7\u00fcn uy\u011fun \u201cDelicale\u201d resepti\u2705 Tam v\u0259 balansla\u015fd\u0131r\u0131lm\u0131\u015f rasion \u2013 g\u00fcnd\u0259lik qida ehtiyaclar\u0131n\u0131 qar\u015f\u0131lay\u0131r\u2705 Tax\u0131ls\u0131z (Grain-Free) \u2013&#8230;<\/p>","protected":false},"featured_media":989929,"comment_status":"closed","ping_status":"closed","template":"","meta":{"nf_dc_page":"","_monsterinsights_skip_tracking":false,"_monsterinsights_sitenote_active":false,"_monsterinsights_sitenote_note":"","_monsterinsights_sitenote_category":0},"product_brand":[],"product_cat":[244,51,245],"product_tag":[],"class_list":{"0":"post-989928","1":"product","2":"type-product","3":"status-publish","4":"has-post-thumbnail","6":"product_cat-it-ve-pisik-mehsullari","7":"product_cat-cat","8":"product_cat-yemler","10":"first","11":"instock","12":"shipping-taxable","13":"product-type-simple"},"jetpack_sharing_enabled":true,"_links":{"self":[{"href":"https:\/\/agrovetazerbaijan.az\/en\/wp-json\/wp\/v2\/product\/989928","targetHints":{"allow":["GET"]}}],"collection":[{"href":"https:\/\/agrovetazerbaijan.az\/en\/wp-json\/wp\/v2\/product"}],"about":[{"href":"https:\/\/agrovetazerbaijan.az\/en\/wp-json\/wp\/v2\/types\/product"}],"replies":[{"embeddable":true,"href":"https:\/\/agrovetazerbaijan.az\/en\/wp-json\/wp\/v2\/comments?post=989928"}],"version-history":[{"count":2,"href":"https:\/\/agrovetazerbaijan.az\/en\/wp-json\/wp\/v2\/product\/989928\/revisions"}],"predecessor-version":[{"id":989931,"href":"https:\/\/agrovetazerbaijan.az\/en\/wp-json\/wp\/v2\/product\/989928\/revisions\/989931"}],"wp:featuredmedia":[{"embeddable":true,"href":"https:\/\/agrovetazerbaijan.az\/en\/wp-json\/wp\/v2\/media\/989929"}],"wp:attachment":[{"href":"https:\/\/agrovetazerbaijan.az\/en\/wp-json\/wp\/v2\/media?parent=989928"}],"wp:term":[{"taxonomy":"product_brand","embeddable":true,"href":"https:\/\/agrovetazerbaijan.az\/en\/wp-json\/wp\/v2\/product_brand?post=989928"},{"taxonomy":"product_cat","embeddable":true,"href":"https:\/\/agrovetazerbaijan.az\/en\/wp-json\/wp\/v2\/product_cat?post=989928"},{"taxonomy":"product_tag","embeddable":true,"href":"https:\/\/agrovetazerbaijan.az\/en\/wp-json\/wp\/v2\/product_tag?post=989928"}],"curies":[{"name":"wp","href":"https:\/\/api.w.org\/{rel}","templated":true}]}}