{"id":989920,"date":"2025-07-13T22:48:53","date_gmt":"2025-07-13T22:48:53","guid":{"rendered":"https:\/\/agrovetazerbaijan.az\/?post_type=product&#038;p=989920"},"modified":"2025-07-13T22:49:06","modified_gmt":"2025-07-13T22:49:06","slug":"petline-sensitive-adult-dog-pate-with-salmon","status":"publish","type":"product","link":"https:\/\/agrovetazerbaijan.az\/en\/product\/petline-sensitive-adult-dog-pate-with-salmon\/","title":{"rendered":"Petline Sensitive \u2013 Adult Dog P\u00e2t\u00e9 with Salmon"},"content":{"rendered":"<div class=\"vgblk-rw-wrapper limit-wrapper\">\n<h2 data-start=\"198\" data-end=\"256\">\ud83d\udc36 <strong data-start=\"204\" data-end=\"254\">Petline Sensitive \u2013 Adult Dog P\u00e2t\u00e9 with Salmon<\/strong><\/h2>\n<p data-start=\"257\" data-end=\"330\"><strong data-start=\"257\" data-end=\"330\">Super Premium Wet Food | Grain-Free | Odor Control &amp; Immunity Support<\/strong><\/p>\n<hr data-start=\"332\" data-end=\"335\" \/>\n<h3 data-start=\"337\" data-end=\"371\">\u2728 <strong data-start=\"343\" data-end=\"371\">Product Features:<\/strong><\/h3>\n<p data-start=\"373\" data-end=\"973\">\u2705 <strong data-start=\"375\" data-end=\"398\">Salmon<\/strong> Delicious and high-quality wet food made with<br data-start=\"453\" data-end=\"456\" \/>\u2705 <strong data-start=\"458\" data-end=\"511\">Complete and balanced diet for adult dogs<\/strong><br data-start=\"511\" data-end=\"514\" \/>\u2705 <strong data-start=\"516\" data-end=\"579\">Suitable for sensitive digestive system and skin \u2013 \u201cSensitive\u201d formula<\/strong><br data-start=\"579\" data-end=\"582\" \/>\u2705 <strong data-start=\"584\" data-end=\"600\">Odor Control<\/strong> \u2013 helps reduce unpleasant odors<br data-start=\"645\" data-end=\"648\" \/>\u2705 <strong data-start=\"650\" data-end=\"673\">Strong immune support<\/strong> \u2013 thanks to natural antioxidants and vitamins<br data-start=\"721\" data-end=\"724\" \/>\u2705 <strong data-start=\"726\" data-end=\"758\">Prebiotics and probiotics<\/strong> \u2013 supports the digestive system<br data-start=\"787\" data-end=\"790\" \/>\u2705 <strong data-start=\"792\" data-end=\"817\">Grain-Free<\/strong> \u2013 suitable for dogs prone to allergic reactions<br data-start=\"869\" data-end=\"872\" \/>\u2705 <strong data-start=\"874\" data-end=\"898\">Natural ingredients<\/strong> \u2013 without artificial colors and preservatives<br data-start=\"935\" data-end=\"938\" \/>\u2705 <strong data-start=\"940\" data-end=\"973\">Practical single-portion canned food<\/strong><\/p>\n<hr data-start=\"975\" data-end=\"978\" \/>\n<h3 data-start=\"980\" data-end=\"1007\">\ud83d\udccc <strong data-start=\"987\" data-end=\"1007\">About the Product:<\/strong><\/h3>\n<ul data-start=\"1009\" data-end=\"1290\">\n<li data-start=\"1009\" data-end=\"1062\">\n<p data-start=\"1011\" data-end=\"1062\"><strong data-start=\"1011\" data-end=\"1026\">Product name:<\/strong> Adult Dog P\u00e2t\u00e9 \u2013 Salmon Selection<\/p>\n<\/li>\n<li data-start=\"1103\" data-end=\"1136\">\n<p data-start=\"1105\" data-end=\"1136\"><strong data-start=\"1105\" data-end=\"1115\">Brand:<\/strong> Petline\u00ae Sensitive<\/p>\n<\/li>\n<li data-start=\"1137\" data-end=\"1176\">\n<p data-start=\"1139\" data-end=\"1176\"><strong data-start=\"1139\" data-end=\"1151\">Form:<\/strong> Wet food \/ Canned p\u00e2t\u00e9<\/p>\n<\/li>\n<li data-start=\"1177\" data-end=\"1224\">\n<p data-start=\"1179\" data-end=\"1224\"><strong data-start=\"1179\" data-end=\"1196\">Target animal:<\/strong> Adult Dogs<\/p>\n<\/li>\n<li data-start=\"1225\" data-end=\"1290\">\n<p data-start=\"1227\" data-end=\"1290\"><strong data-start=\"1227\" data-end=\"1238\">Composition:<\/strong> Grain-Free, Prebiotic + Probiotic formula<\/p>\n<\/li>\n<\/ul>\n<hr data-start=\"1292\" data-end=\"1295\" \/>\n<h3 data-start=\"1297\" data-end=\"1316\">\ud83e\uddea <strong data-start=\"1304\" data-end=\"1316\">Ingredients:<\/strong><\/h3>\n<blockquote data-start=\"1318\" data-end=\"1489\">\n<p data-start=\"1320\" data-end=\"1489\"><strong data-start=\"1320\" data-end=\"1338\">Salmon meat<\/strong>, meat broth, natural fibers, vitamin and mineral complex, <strong data-start=\"1396\" data-end=\"1412\">prebiotics<\/strong>, <strong data-start=\"1414\" data-end=\"1430\">probiotics<\/strong>, taurine, gelatinizing agents, natural antioxidants.<\/p>\n<\/blockquote>\n<p data-start=\"1491\" data-end=\"1565\">\ud83d\udccc <strong data-start=\"1494\" data-end=\"1565\">Does not contain artificial sweeteners, colors, or preservatives.<\/strong><\/p>\n<hr data-start=\"1567\" data-end=\"1570\" \/>\n<h3 data-start=\"1572\" data-end=\"1592\">\ud83d\udc3e <strong data-start=\"1579\" data-end=\"1592\">Compatibility:<\/strong><\/h3>\n<p data-start=\"1594\" data-end=\"1867\">\ud83e\udd63 Those with sensitive digestive systems or skin allergies <strong data-start=\"1675\" data-end=\"1720\">Ideal daily wet food for adult dogs<\/strong><br data-start=\"1720\" data-end=\"1723\" \/>\ud83d\udee1\ufe0f <strong data-start=\"1727\" data-end=\"1785\">Special formula that supports immunity and odor control<\/strong><br data-start=\"1785\" data-end=\"1788\" \/>\ud83d\udca7 Provides extra hydration \u2013 ideal for use with dry food<\/p>\n<\/div>\n<p><!-- .vgblk-rw-wrapper --><\/p>","protected":false},"excerpt":{"rendered":"<p>\ud83d\udc36 Petline Sensitive \u2013 Adult Dog P\u00e2t\u00e9 with Salmon Super Premium Wet Food | Grain-Free | Odor Control &amp; Immunity Support \u2728 M\u0259hsulun X\u00fcsusiyy\u0259tl\u0259ri: \u2705 Q\u0131z\u0131lbal\u0131q (salmon) il\u0259 haz\u0131rlanm\u0131\u015f l\u0259zz\u0259tli v\u0259 y\u00fcks\u0259k keyfiyy\u0259tli ya\u015f yem\u2705 Yetkin itl\u0259r \u00fc\u00e7\u00fcn tam v\u0259 balansla\u015fd\u0131r\u0131lm\u0131\u015f rasion\u2705 H\u0259ssas h\u0259zm sistemi v\u0259 d\u0259ri \u00fc\u00e7\u00fcn uy\u011fun \u2013 \u201cSensitive\u201d formul\u2705 Odor Control \u2013&#8230;<\/p>","protected":false},"featured_media":989921,"comment_status":"closed","ping_status":"closed","template":"","meta":{"nf_dc_page":"","_monsterinsights_skip_tracking":false,"_monsterinsights_sitenote_active":false,"_monsterinsights_sitenote_note":"","_monsterinsights_sitenote_category":0},"product_brand":[],"product_cat":[244,58,245],"product_tag":[],"class_list":{"0":"post-989920","1":"product","2":"type-product","3":"status-publish","4":"has-post-thumbnail","6":"product_cat-it-ve-pisik-mehsullari","7":"product_cat-dog","8":"product_cat-yemler","10":"first","11":"instock","12":"shipping-taxable","13":"product-type-simple"},"jetpack_sharing_enabled":true,"_links":{"self":[{"href":"https:\/\/agrovetazerbaijan.az\/en\/wp-json\/wp\/v2\/product\/989920","targetHints":{"allow":["GET"]}}],"collection":[{"href":"https:\/\/agrovetazerbaijan.az\/en\/wp-json\/wp\/v2\/product"}],"about":[{"href":"https:\/\/agrovetazerbaijan.az\/en\/wp-json\/wp\/v2\/types\/product"}],"replies":[{"embeddable":true,"href":"https:\/\/agrovetazerbaijan.az\/en\/wp-json\/wp\/v2\/comments?post=989920"}],"version-history":[{"count":2,"href":"https:\/\/agrovetazerbaijan.az\/en\/wp-json\/wp\/v2\/product\/989920\/revisions"}],"predecessor-version":[{"id":989923,"href":"https:\/\/agrovetazerbaijan.az\/en\/wp-json\/wp\/v2\/product\/989920\/revisions\/989923"}],"wp:featuredmedia":[{"embeddable":true,"href":"https:\/\/agrovetazerbaijan.az\/en\/wp-json\/wp\/v2\/media\/989921"}],"wp:attachment":[{"href":"https:\/\/agrovetazerbaijan.az\/en\/wp-json\/wp\/v2\/media?parent=989920"}],"wp:term":[{"taxonomy":"product_brand","embeddable":true,"href":"https:\/\/agrovetazerbaijan.az\/en\/wp-json\/wp\/v2\/product_brand?post=989920"},{"taxonomy":"product_cat","embeddable":true,"href":"https:\/\/agrovetazerbaijan.az\/en\/wp-json\/wp\/v2\/product_cat?post=989920"},{"taxonomy":"product_tag","embeddable":true,"href":"https:\/\/agrovetazerbaijan.az\/en\/wp-json\/wp\/v2\/product_tag?post=989920"}],"curies":[{"name":"wp","href":"https:\/\/api.w.org\/{rel}","templated":true}]}}