{"id":989913,"date":"2025-07-13T22:13:57","date_gmt":"2025-07-13T22:13:57","guid":{"rendered":"https:\/\/agrovetazerbaijan.az\/?post_type=product&#038;p=989913"},"modified":"2025-07-13T22:14:11","modified_gmt":"2025-07-13T22:14:11","slug":"petline-serenity-adult-cat-pate-with-lamb","status":"publish","type":"product","link":"https:\/\/agrovetazerbaijan.az\/en\/product\/petline-serenity-adult-cat-pate-with-lamb\/","title":{"rendered":"Petline Serenity \u2013 Adult Cat P\u00e2t\u00e9 with Lamb"},"content":{"rendered":"<div class=\"vgblk-rw-wrapper limit-wrapper\">\n<h2 data-start=\"165\" data-end=\"220\">\ud83d\udc31 <strong data-start=\"171\" data-end=\"218\">Petline Serenity \u2013 Adult Cat P\u00e2t\u00e9 with Lamb<\/strong><\/h2>\n<p data-start=\"221\" data-end=\"282\"><strong data-start=\"221\" data-end=\"282\">Grain-Free | Super Premium Wet Food | Complete &amp; Balanced<\/strong><\/p>\n<hr data-start=\"284\" data-end=\"287\" \/>\n<h3 data-start=\"289\" data-end=\"323\">\u2728 <strong data-start=\"295\" data-end=\"323\">Product Features:<\/strong><\/h3>\n<p data-start=\"325\" data-end=\"735\">\u2705 <strong data-start=\"327\" data-end=\"348\">Delicious lamb meat<\/strong> high-quality wet food made with<br data-start=\"391\" data-end=\"394\" \/>\u2705 <strong data-start=\"396\" data-end=\"415\">Adult cats<\/strong> a complete and balanced source of nutrition for<br data-start=\"458\" data-end=\"461\" \/>\u2705 <strong data-start=\"463\" data-end=\"488\">Grain-Free<\/strong> \u2013 suitable for cats prone to allergies and with sensitive digestive systems<br data-start=\"554\" data-end=\"557\" \/>\u2705 <strong data-start=\"559\" data-end=\"585\">Soft texture (p\u00e2t\u00e9)<\/strong> \u2013 ideal for picky and delicate cats<br data-start=\"623\" data-end=\"626\" \/>\u2705 <strong data-start=\"628\" data-end=\"675\">No artificial coloring or preservatives<\/strong><br data-start=\"675\" data-end=\"678\" \/>\u2705 <strong data-start=\"680\" data-end=\"705\">Single-serving canned food<\/strong> \u2013 comfortable and hygienic use<\/p>\n<hr data-start=\"737\" data-end=\"740\" \/>\n<h3 data-start=\"742\" data-end=\"769\">\ud83d\udccc <strong data-start=\"749\" data-end=\"769\">About the Product:<\/strong><\/h3>\n<ul data-start=\"771\" data-end=\"1027\">\n<li data-start=\"771\" data-end=\"822\">\n<p data-start=\"773\" data-end=\"822\"><strong data-start=\"773\" data-end=\"788\">Product name:<\/strong> Adult Cat P\u00e2t\u00e9 \u2013 Lamb Selection<\/p>\n<\/li>\n<li data-start=\"823\" data-end=\"862\">\n<p data-start=\"825\" data-end=\"862\"><strong data-start=\"825\" data-end=\"854\">Stock Number:<\/strong> 50205<\/p>\n<\/li>\n<li data-start=\"863\" data-end=\"895\">\n<p data-start=\"865\" data-end=\"895\"><strong data-start=\"865\" data-end=\"875\">Brand:<\/strong> Petline\u00ae Serenity<\/p>\n<\/li>\n<li data-start=\"896\" data-end=\"935\">\n<p data-start=\"898\" data-end=\"935\"><strong data-start=\"898\" data-end=\"910\">Form:<\/strong> Wet food (P\u00e2t\u00e9 canned)<\/p>\n<\/li>\n<li data-start=\"936\" data-end=\"986\">\n<p data-start=\"938\" data-end=\"986\"><strong data-start=\"938\" data-end=\"955\">Suitable animal:<\/strong> Adult Cats<\/p>\n<\/li>\n<li data-start=\"987\" data-end=\"1027\">\n<p data-start=\"989\" data-end=\"1027\"><strong data-start=\"989\" data-end=\"1001\">Ingredients:<\/strong> <strong data-start=\"1002\" data-end=\"1027\">Grain-Free<\/strong><\/p>\n<\/li>\n<\/ul>\n<hr data-start=\"1029\" data-end=\"1032\" \/>\n<h3 data-start=\"1034\" data-end=\"1053\">\ud83e\uddea <strong data-start=\"1041\" data-end=\"1053\">Ingredients:<\/strong><\/h3>\n<blockquote data-start=\"1055\" data-end=\"1188\">\n<p data-start=\"1057\" data-end=\"1188\"><strong data-start=\"1057\" data-end=\"1075\">Natural lamb meat<\/strong>, meat broth, natural fibers, mixed vitamins and minerals, taurine, gelatinizing agents, natural antioxidants.<\/p>\n<\/blockquote>\n<p data-start=\"1190\" data-end=\"1252\">\ud83d\udccc Contains no artificial sweeteners, colors or preservatives.<\/p>\n<hr data-start=\"1254\" data-end=\"1257\" \/>\n<h3 data-start=\"1259\" data-end=\"1279\">\ud83d\udc3e <strong data-start=\"1266\" data-end=\"1279\">Compatibility:<\/strong><\/h3>\n<p data-start=\"1281\" data-end=\"1474\">\ud83e\udd63 <strong data-start=\"1284\" data-end=\"1342\">For adult cats with sensitive stomachs and picky taste buds<\/strong> It is a wet food option that can be used every day.<br data-start=\"1391\" data-end=\"1394\" \/>\ud83d\udca7 Increases hydration of the body and supports urinary tract health.<\/p>\n<\/div>\n<p><!-- .vgblk-rw-wrapper --><\/p>","protected":false},"excerpt":{"rendered":"<p>\ud83d\udc31 Petline Serenity \u2013 Adult Cat P\u00e2t\u00e9 with Lamb Grain-Free | Super Premium Wet Food | Complete &amp; Balanced \u2728 M\u0259hsulun X\u00fcsusiyy\u0259tl\u0259ri: \u2705 L\u0259zz\u0259tli quzu \u0259ti il\u0259 haz\u0131rlanm\u0131\u015f y\u00fcks\u0259k keyfiyy\u0259tli ya\u015f yem\u2705 Yetkin pi\u015fikl\u0259r \u00fc\u00e7\u00fcn tam v\u0259 balansla\u015fd\u0131r\u0131lm\u0131\u015f qida m\u0259nb\u0259yi\u2705 Tax\u0131ls\u0131z (Grain-Free) \u2013 allergiyaya meyilli v\u0259 h\u0259ssas h\u0259zm sistemli pi\u015fikl\u0259r \u00fc\u00e7\u00fcn uy\u011fun\u2705 Yum\u015faq tekstura (p\u00e2t\u00e9)&#8230;<\/p>","protected":false},"featured_media":989914,"comment_status":"closed","ping_status":"closed","template":"","meta":{"nf_dc_page":"","_monsterinsights_skip_tracking":false,"_monsterinsights_sitenote_active":false,"_monsterinsights_sitenote_note":"","_monsterinsights_sitenote_category":0},"product_brand":[],"product_cat":[244,51,245],"product_tag":[],"class_list":{"0":"post-989913","1":"product","2":"type-product","3":"status-publish","4":"has-post-thumbnail","6":"product_cat-it-ve-pisik-mehsullari","7":"product_cat-cat","8":"product_cat-yemler","10":"first","11":"instock","12":"shipping-taxable","13":"product-type-simple"},"jetpack_sharing_enabled":true,"_links":{"self":[{"href":"https:\/\/agrovetazerbaijan.az\/en\/wp-json\/wp\/v2\/product\/989913","targetHints":{"allow":["GET"]}}],"collection":[{"href":"https:\/\/agrovetazerbaijan.az\/en\/wp-json\/wp\/v2\/product"}],"about":[{"href":"https:\/\/agrovetazerbaijan.az\/en\/wp-json\/wp\/v2\/types\/product"}],"replies":[{"embeddable":true,"href":"https:\/\/agrovetazerbaijan.az\/en\/wp-json\/wp\/v2\/comments?post=989913"}],"version-history":[{"count":1,"href":"https:\/\/agrovetazerbaijan.az\/en\/wp-json\/wp\/v2\/product\/989913\/revisions"}],"predecessor-version":[{"id":989915,"href":"https:\/\/agrovetazerbaijan.az\/en\/wp-json\/wp\/v2\/product\/989913\/revisions\/989915"}],"wp:featuredmedia":[{"embeddable":true,"href":"https:\/\/agrovetazerbaijan.az\/en\/wp-json\/wp\/v2\/media\/989914"}],"wp:attachment":[{"href":"https:\/\/agrovetazerbaijan.az\/en\/wp-json\/wp\/v2\/media?parent=989913"}],"wp:term":[{"taxonomy":"product_brand","embeddable":true,"href":"https:\/\/agrovetazerbaijan.az\/en\/wp-json\/wp\/v2\/product_brand?post=989913"},{"taxonomy":"product_cat","embeddable":true,"href":"https:\/\/agrovetazerbaijan.az\/en\/wp-json\/wp\/v2\/product_cat?post=989913"},{"taxonomy":"product_tag","embeddable":true,"href":"https:\/\/agrovetazerbaijan.az\/en\/wp-json\/wp\/v2\/product_tag?post=989913"}],"curies":[{"name":"wp","href":"https:\/\/api.w.org\/{rel}","templated":true}]}}