{"id":989910,"date":"2025-07-13T22:11:07","date_gmt":"2025-07-13T22:11:07","guid":{"rendered":"https:\/\/agrovetazerbaijan.az\/?post_type=product&#038;p=989910"},"modified":"2025-07-13T22:11:20","modified_gmt":"2025-07-13T22:11:20","slug":"petline-balance-adult-cat-pate-with-beef-liver","status":"publish","type":"product","link":"https:\/\/agrovetazerbaijan.az\/en\/product\/petline-balance-adult-cat-pate-with-beef-liver\/","title":{"rendered":"Petline Balance \u2013 Adult Cat P\u00e2t\u00e9 with Beef &amp; Liver"},"content":{"rendered":"<div class=\"vgblk-rw-wrapper limit-wrapper\">\n<h2 data-start=\"175\" data-end=\"237\">\ud83d\udc31 <strong data-start=\"181\" data-end=\"235\">Petline Balance \u2013 Adult Cat P\u00e2t\u00e9 with Beef &amp; Liver<\/strong><\/h2>\n<p data-start=\"238\" data-end=\"299\"><strong data-start=\"238\" data-end=\"299\">Grain-Free | Super Premium Wet Food | Complete &amp; Balanced<\/strong><\/p>\n<hr data-start=\"301\" data-end=\"304\" \/>\n<h3 data-start=\"306\" data-end=\"340\"><strong data-start=\"310\" data-end=\"340\">\u2728 Product Features:<\/strong><\/h3>\n<ul data-start=\"342\" data-end=\"748\">\n<li data-start=\"342\" data-end=\"410\">\n<p data-start=\"344\" data-end=\"410\">\u2705 <strong data-start=\"346\" data-end=\"408\">Highly palatable wet food made with beef and liver<\/strong><\/p>\n<\/li>\n<li data-start=\"411\" data-end=\"473\">\n<p data-start=\"413\" data-end=\"473\">\u2705 <strong data-start=\"415\" data-end=\"471\">Complete and balanced formula for adult cats<\/strong><\/p>\n<\/li>\n<li data-start=\"474\" data-end=\"547\">\n<p data-start=\"476\" data-end=\"547\">\u2705 <strong data-start=\"478\" data-end=\"503\">Grain-Free<\/strong> \u2013 ideal for cats prone to allergies<\/p>\n<\/li>\n<li data-start=\"548\" data-end=\"618\">\n<p data-start=\"550\" data-end=\"618\">\u2705 <strong data-start=\"552\" data-end=\"578\">Soft texture (p\u00e2t\u00e9)<\/strong> \u2013 suitable for picky and delicate cats<\/p>\n<\/li>\n<li data-start=\"619\" data-end=\"686\">\n<p data-start=\"621\" data-end=\"686\">\u2705 <strong data-start=\"623\" data-end=\"647\">Natural ingredients<\/strong> \u2013 without artificial colors and preservatives<\/p>\n<\/li>\n<li data-start=\"687\" data-end=\"748\">\n<p data-start=\"689\" data-end=\"748\">\u2705 <strong data-start=\"691\" data-end=\"720\">Single-serving packaging<\/strong> \u2013 fresh and practical nutrition<\/p>\n<\/li>\n<\/ul>\n<hr data-start=\"750\" data-end=\"753\" \/>\n<h3 data-start=\"755\" data-end=\"779\"><strong data-start=\"759\" data-end=\"779\">About the Product:<\/strong><\/h3>\n<ul data-start=\"781\" data-end=\"1034\">\n<li data-start=\"781\" data-end=\"843\">\n<p data-start=\"783\" data-end=\"843\">\ud83d\udccc <strong data-start=\"786\" data-end=\"801\">Product name:<\/strong> Adult Cat P\u00e2t\u00e9 \u2013 Beef &amp; Liver Selection<\/p>\n<\/li>\n<li data-start=\"844\" data-end=\"894\">\n<p data-start=\"846\" data-end=\"894\">\ud83d\udce6 <strong data-start=\"849\" data-end=\"867\">Package form:<\/strong> Canned food \/ P\u00e2t\u00e9 (wet food)<\/p>\n<\/li>\n<li data-start=\"895\" data-end=\"948\">\n<p data-start=\"897\" data-end=\"948\">\ud83d\udc31 <strong data-start=\"900\" data-end=\"917\">Target animal:<\/strong> Adult Cats<\/p>\n<\/li>\n<li data-start=\"949\" data-end=\"991\">\n<p data-start=\"951\" data-end=\"991\">\ud83e\uddfe <strong data-start=\"954\" data-end=\"983\">Stock Number:<\/strong> 50204<\/p>\n<\/li>\n<li data-start=\"992\" data-end=\"1034\">\n<p data-start=\"994\" data-end=\"1034\">\ud83c\udf3e <strong data-start=\"997\" data-end=\"1008\">Composition:<\/strong> <strong data-start=\"1009\" data-end=\"1023\">Grain-Free<\/strong> (Grain-free)<\/p>\n<\/li>\n<\/ul>\n<hr data-start=\"1036\" data-end=\"1039\" \/>\n<h3 data-start=\"1041\" data-end=\"1057\"><strong data-start=\"1045\" data-end=\"1057\">Ingredients:<\/strong><\/h3>\n<blockquote data-start=\"1059\" data-end=\"1203\">\n<p data-start=\"1061\" data-end=\"1203\"><strong data-start=\"1061\" data-end=\"1073\">Veal<\/strong>, <strong data-start=\"1075\" data-end=\"1088\">liver<\/strong>, meat broth, natural fibers, vitamin and mineral complex, gelatinizing agents, taurine, natural antioxidants.<\/p>\n<\/blockquote>\n<p data-start=\"1205\" data-end=\"1257\"><em data-start=\"1205\" data-end=\"1257\">It does not contain any artificial flavors, colors or preservatives.<\/em><\/p>\n<hr data-start=\"1259\" data-end=\"1262\" \/>\n<h3 data-start=\"1264\" data-end=\"1281\"><strong data-start=\"1268\" data-end=\"1281\">Compatibility:<\/strong><\/h3>\n<p data-start=\"1283\" data-end=\"1465\">\ud83e\udd63 Sensitive stomach and picky taste <strong data-start=\"1323\" data-end=\"1347\">for adult cats<\/strong> It is used as a daily wet food.<br data-start=\"1387\" data-end=\"1390\" \/>\ud83d\udca7 <strong data-start=\"1393\" data-end=\"1446\">Increase hydration and protect the urinary tract<\/strong> is a great choice for.<\/p>\n<\/div>\n<p><!-- .vgblk-rw-wrapper --><\/p>","protected":false},"excerpt":{"rendered":"<p>\ud83d\udc31 Petline Balance \u2013 Adult Cat P\u00e2t\u00e9 with Beef &amp; Liver Grain-Free | Super Premium Wet Food | Complete &amp; Balanced \u2728 M\u0259hsulun X\u00fcsusiyy\u0259tl\u0259ri: \u2705 Dana \u0259ti v\u0259 qaraciy\u0259r il\u0259 haz\u0131rlanm\u0131\u015f y\u00fcks\u0259k dadl\u0131 ya\u015f yem \u2705 Yetkin pi\u015fikl\u0259r \u00fc\u00e7\u00fcn tam v\u0259 balansla\u015fd\u0131r\u0131lm\u0131\u015f formul \u2705 Tax\u0131ls\u0131z (Grain-Free) \u2013 allergiyaya meyilli pi\u015fikl\u0259r \u00fc\u00e7\u00fcn ideal \u2705 Yum\u015faq tekstura&#8230;<\/p>","protected":false},"featured_media":989911,"comment_status":"closed","ping_status":"closed","template":"","meta":{"nf_dc_page":"","_monsterinsights_skip_tracking":false,"_monsterinsights_sitenote_active":false,"_monsterinsights_sitenote_note":"","_monsterinsights_sitenote_category":0},"product_brand":[],"product_cat":[244,51,245],"product_tag":[],"class_list":{"0":"post-989910","1":"product","2":"type-product","3":"status-publish","4":"has-post-thumbnail","6":"product_cat-it-ve-pisik-mehsullari","7":"product_cat-cat","8":"product_cat-yemler","10":"first","11":"instock","12":"shipping-taxable","13":"product-type-simple"},"jetpack_sharing_enabled":true,"_links":{"self":[{"href":"https:\/\/agrovetazerbaijan.az\/en\/wp-json\/wp\/v2\/product\/989910","targetHints":{"allow":["GET"]}}],"collection":[{"href":"https:\/\/agrovetazerbaijan.az\/en\/wp-json\/wp\/v2\/product"}],"about":[{"href":"https:\/\/agrovetazerbaijan.az\/en\/wp-json\/wp\/v2\/types\/product"}],"replies":[{"embeddable":true,"href":"https:\/\/agrovetazerbaijan.az\/en\/wp-json\/wp\/v2\/comments?post=989910"}],"version-history":[{"count":1,"href":"https:\/\/agrovetazerbaijan.az\/en\/wp-json\/wp\/v2\/product\/989910\/revisions"}],"predecessor-version":[{"id":989912,"href":"https:\/\/agrovetazerbaijan.az\/en\/wp-json\/wp\/v2\/product\/989910\/revisions\/989912"}],"wp:featuredmedia":[{"embeddable":true,"href":"https:\/\/agrovetazerbaijan.az\/en\/wp-json\/wp\/v2\/media\/989911"}],"wp:attachment":[{"href":"https:\/\/agrovetazerbaijan.az\/en\/wp-json\/wp\/v2\/media?parent=989910"}],"wp:term":[{"taxonomy":"product_brand","embeddable":true,"href":"https:\/\/agrovetazerbaijan.az\/en\/wp-json\/wp\/v2\/product_brand?post=989910"},{"taxonomy":"product_cat","embeddable":true,"href":"https:\/\/agrovetazerbaijan.az\/en\/wp-json\/wp\/v2\/product_cat?post=989910"},{"taxonomy":"product_tag","embeddable":true,"href":"https:\/\/agrovetazerbaijan.az\/en\/wp-json\/wp\/v2\/product_tag?post=989910"}],"curies":[{"name":"wp","href":"https:\/\/api.w.org\/{rel}","templated":true}]}}