{"id":989907,"date":"2025-07-13T22:08:34","date_gmt":"2025-07-13T22:08:34","guid":{"rendered":"https:\/\/agrovetazerbaijan.az\/?post_type=product&#038;p=989907"},"modified":"2025-07-13T22:08:49","modified_gmt":"2025-07-13T22:08:49","slug":"petline-legend-adult-dog-pate-with-lamb","status":"publish","type":"product","link":"https:\/\/agrovetazerbaijan.az\/en\/product\/petline-legend-adult-dog-pate-with-lamb\/","title":{"rendered":"Petline Legend \u2013 Adult Dog P\u00e2t\u00e9 with Lamb"},"content":{"rendered":"<div class=\"vgblk-rw-wrapper limit-wrapper\">\n<h3 data-start=\"294\" data-end=\"328\"><strong data-start=\"298\" data-end=\"328\">\u2728 Product Features:<\/strong><\/h3>\n<ul data-start=\"330\" data-end=\"721\">\n<li data-start=\"330\" data-end=\"385\">\n<p data-start=\"332\" data-end=\"385\">\u2705 <strong data-start=\"334\" data-end=\"383\">Soft and tasty pate made from lamb<\/strong><\/p>\n<\/li>\n<li data-start=\"386\" data-end=\"446\">\n<p data-start=\"388\" data-end=\"446\">\u2705 <strong data-start=\"390\" data-end=\"444\">Complete and balanced wet food for adult dogs<\/strong><\/p>\n<\/li>\n<li data-start=\"447\" data-end=\"536\">\n<p data-start=\"449\" data-end=\"536\">\u2705 <strong data-start=\"451\" data-end=\"475\">Natural ingredients<\/strong> Rich in \u2013 no artificial colors or preservatives<\/p>\n<\/li>\n<li data-start=\"537\" data-end=\"596\">\n<p data-start=\"539\" data-end=\"596\">\u2705 <strong data-start=\"541\" data-end=\"560\">High palatability<\/strong> \u2013 ideal for picky (delicate) dogs<\/p>\n<\/li>\n<li data-start=\"597\" data-end=\"655\">\n<p data-start=\"599\" data-end=\"655\">\u2705 <strong data-start=\"601\" data-end=\"630\">Suitable for a single serving<\/strong> \u2013 practical packaging<\/p>\n<\/li>\n<li data-start=\"656\" data-end=\"721\">\n<p data-start=\"658\" data-end=\"721\">\u2705 <strong data-start=\"660\" data-end=\"721\">Suitable for use with dry food or alone<\/strong><\/p>\n<\/li>\n<\/ul>\n<hr data-start=\"723\" data-end=\"726\" \/>\n<h3 data-start=\"728\" data-end=\"752\"><strong data-start=\"732\" data-end=\"752\">About the Product:<\/strong><\/h3>\n<ul data-start=\"754\" data-end=\"951\">\n<li data-start=\"754\" data-end=\"808\">\n<p data-start=\"756\" data-end=\"808\">\ud83d\udccc <strong data-start=\"759\" data-end=\"774\">Product name:<\/strong> Adult Dog P\u00e2t\u00e9 \u2013 Lamb Selection<\/p>\n<\/li>\n<li data-start=\"809\" data-end=\"859\">\n<p data-start=\"811\" data-end=\"859\">\ud83d\udce6 <strong data-start=\"814\" data-end=\"832\">Package form:<\/strong> Canned food \/ P\u00e2t\u00e9 (wet food)<\/p>\n<\/li>\n<li data-start=\"860\" data-end=\"910\">\n<p data-start=\"862\" data-end=\"910\">\ud83d\udc15 <strong data-start=\"865\" data-end=\"882\">Target animal:<\/strong> Adult Dogs<\/p>\n<\/li>\n<li data-start=\"911\" data-end=\"951\">\n<p data-start=\"913\" data-end=\"951\">\ud83e\uddfe <strong data-start=\"916\" data-end=\"945\">Stock Number:<\/strong> 50214<\/p>\n<\/li>\n<\/ul>\n<hr data-start=\"953\" data-end=\"956\" \/>\n<h3 data-start=\"958\" data-end=\"974\"><strong data-start=\"962\" data-end=\"974\">Ingredients:<\/strong><\/h3>\n<blockquote data-start=\"976\" data-end=\"1104\">\n<p data-start=\"978\" data-end=\"1104\"><strong data-start=\"978\" data-end=\"996\">Natural lamb meat<\/strong>, meat broth, vegetable extracts, vitamins and minerals, gelatinizing agents, natural antioxidants.<\/p>\n<\/blockquote>\n<p data-start=\"1106\" data-end=\"1160\"><em data-start=\"1106\" data-end=\"1160\">It does not contain any artificial flavors, colors or preservatives.<\/em><\/p>\n<hr data-start=\"1162\" data-end=\"1165\" \/>\n<h3 data-start=\"1167\" data-end=\"1184\"><strong data-start=\"1171\" data-end=\"1184\">Compatibility:<\/strong><\/h3>\n<p data-start=\"1186\" data-end=\"1325\">\ud83e\udd63 As a meal alone or <strong data-start=\"1212\" data-end=\"1239\">mixed with dry food<\/strong> can be given. For dogs that are picky and require a delicate taste <strong data-start=\"1296\" data-end=\"1325\">It is an ideal wet food choice.<\/strong><\/p>\n<\/div>\n<p><!-- .vgblk-rw-wrapper --><\/p>","protected":false},"excerpt":{"rendered":"<p>\u2728 M\u0259hsulun X\u00fcsusiyy\u0259tl\u0259ri: \u2705 Quzu \u0259tind\u0259n haz\u0131rlanm\u0131\u015f yum\u015faq v\u0259 dadl\u0131 pate \u2705 Yetkin itl\u0259r \u00fc\u00e7\u00fcn tam v\u0259 balansla\u015fd\u0131r\u0131lm\u0131\u015f ya\u015f yem \u2705 T\u0259bii inqrediyentl\u0259r il\u0259 z\u0259ngin \u2013 he\u00e7 bir s\u00fcni r\u0259ngl\u0259ndirici v\u0259 qoruyucu yoxdur \u2705 Y\u00fcks\u0259k dadl\u0131l\u0131q \u2013 se\u00e7ici (n\u0259zli) itl\u0259r \u00fc\u00e7\u00fcn ideal \u2705 T\u0259k porsiya \u00fc\u00e7\u00fcn uy\u011fundur \u2013 praktiki qabla\u015fd\u0131rma \u2705 Quru yeml\u0259rl\u0259 birg\u0259 v\u0259&#8230;<\/p>","protected":false},"featured_media":989908,"comment_status":"closed","ping_status":"closed","template":"","meta":{"nf_dc_page":"","_monsterinsights_skip_tracking":false,"_monsterinsights_sitenote_active":false,"_monsterinsights_sitenote_note":"","_monsterinsights_sitenote_category":0},"product_brand":[],"product_cat":[244,58,245],"product_tag":[],"class_list":{"0":"post-989907","1":"product","2":"type-product","3":"status-publish","4":"has-post-thumbnail","6":"product_cat-it-ve-pisik-mehsullari","7":"product_cat-dog","8":"product_cat-yemler","10":"first","11":"instock","12":"shipping-taxable","13":"product-type-simple"},"jetpack_sharing_enabled":true,"_links":{"self":[{"href":"https:\/\/agrovetazerbaijan.az\/en\/wp-json\/wp\/v2\/product\/989907","targetHints":{"allow":["GET"]}}],"collection":[{"href":"https:\/\/agrovetazerbaijan.az\/en\/wp-json\/wp\/v2\/product"}],"about":[{"href":"https:\/\/agrovetazerbaijan.az\/en\/wp-json\/wp\/v2\/types\/product"}],"replies":[{"embeddable":true,"href":"https:\/\/agrovetazerbaijan.az\/en\/wp-json\/wp\/v2\/comments?post=989907"}],"version-history":[{"count":1,"href":"https:\/\/agrovetazerbaijan.az\/en\/wp-json\/wp\/v2\/product\/989907\/revisions"}],"predecessor-version":[{"id":989909,"href":"https:\/\/agrovetazerbaijan.az\/en\/wp-json\/wp\/v2\/product\/989907\/revisions\/989909"}],"wp:featuredmedia":[{"embeddable":true,"href":"https:\/\/agrovetazerbaijan.az\/en\/wp-json\/wp\/v2\/media\/989908"}],"wp:attachment":[{"href":"https:\/\/agrovetazerbaijan.az\/en\/wp-json\/wp\/v2\/media?parent=989907"}],"wp:term":[{"taxonomy":"product_brand","embeddable":true,"href":"https:\/\/agrovetazerbaijan.az\/en\/wp-json\/wp\/v2\/product_brand?post=989907"},{"taxonomy":"product_cat","embeddable":true,"href":"https:\/\/agrovetazerbaijan.az\/en\/wp-json\/wp\/v2\/product_cat?post=989907"},{"taxonomy":"product_tag","embeddable":true,"href":"https:\/\/agrovetazerbaijan.az\/en\/wp-json\/wp\/v2\/product_tag?post=989907"}],"curies":[{"name":"wp","href":"https:\/\/api.w.org\/{rel}","templated":true}]}}