{"id":989899,"date":"2025-07-13T12:34:41","date_gmt":"2025-07-13T12:34:41","guid":{"rendered":"https:\/\/agrovetazerbaijan.az\/?post_type=product&#038;p=989899"},"modified":"2025-07-13T12:34:58","modified_gmt":"2025-07-13T12:34:58","slug":"petline-small-mini-adult-lamb-recipe","status":"publish","type":"product","link":"https:\/\/agrovetazerbaijan.az\/en\/product\/petline-small-mini-adult-lamb-recipe\/","title":{"rendered":"Petline Small &amp; Mini Adult \u2013 Lamb Recipe"},"content":{"rendered":"<div class=\"vgblk-rw-wrapper limit-wrapper\">\n<h3 data-start=\"329\" data-end=\"363\"><strong data-start=\"333\" data-end=\"363\">\u2728 Product Features:<\/strong><\/h3>\n<ul data-start=\"365\" data-end=\"796\">\n<li data-start=\"365\" data-end=\"452\">\n<p data-start=\"367\" data-end=\"452\">\u2705 <strong data-start=\"369\" data-end=\"404\">Hydrolyzed lamb protein<\/strong> \u2013 easily digestible, reduces the risk of allergies<\/p>\n<\/li>\n<li data-start=\"453\" data-end=\"507\">\n<p data-start=\"455\" data-end=\"507\">\u2705 <strong data-start=\"457\" data-end=\"505\">Special formula for small and mini breed dogs<\/strong><\/p>\n<\/li>\n<li data-start=\"508\" data-end=\"590\">\n<p data-start=\"510\" data-end=\"590\">\u2705 <strong data-start=\"512\" data-end=\"547\">Low Grain<\/strong> \u2013 gluten-free and suitable for sensitive stomachs<\/p>\n<\/li>\n<li data-start=\"591\" data-end=\"645\">\n<p data-start=\"593\" data-end=\"645\">\u2705 <strong data-start=\"595\" data-end=\"643\">Rich in vitamins and natural antioxidants<\/strong><\/p>\n<\/li>\n<li data-start=\"646\" data-end=\"728\">\n<p data-start=\"648\" data-end=\"728\">\u2705 <strong data-start=\"650\" data-end=\"726\">Enriched with Omega fatty acids for skin and coat health<\/strong><\/p>\n<\/li>\n<li data-start=\"729\" data-end=\"796\">\n<p data-start=\"731\" data-end=\"796\">\u2705 <strong data-start=\"733\" data-end=\"754\">Hypoallergenic food<\/strong> \u2013 suitable for dogs prone to allergies<\/p>\n<\/li>\n<\/ul>\n<hr data-start=\"798\" data-end=\"801\" \/>\n<h3 data-start=\"803\" data-end=\"855\"><strong data-start=\"807\" data-end=\"827\">Analytical Composition:<\/strong> <em data-start=\"828\" data-end=\"855\">(Analytical Constituents)<\/em><\/h3>\n<div class=\"_tableContainer_80l1q_1\">\n<div class=\"_tableWrapper_80l1q_14 group flex w-fit flex-col-reverse\" tabindex=\"-1\">\n<table class=\"w-fit min-w-(--thread-content-width)\" data-start=\"857\" data-end=\"980\">\n<thead data-start=\"857\" data-end=\"876\">\n<tr data-start=\"857\" data-end=\"876\">\n<th data-start=\"857\" data-end=\"865\" data-col-size=\"sm\">Article<\/th>\n<th data-start=\"865\" data-end=\"876\" data-col-size=\"sm\">Quantity<\/th>\n<\/tr>\n<\/thead>\n<tbody data-start=\"897\" data-end=\"980\">\n<tr data-start=\"897\" data-end=\"938\">\n<td data-start=\"897\" data-end=\"931\" data-col-size=\"sm\"><strong data-start=\"899\" data-end=\"914\">Crude Protein<\/strong> (Crude Protein)<\/td>\n<td data-col-size=\"sm\" data-start=\"931\" data-end=\"938\">27%<\/td>\n<\/tr>\n<tr data-start=\"939\" data-end=\"980\">\n<td data-start=\"939\" data-end=\"973\" data-col-size=\"sm\"><strong data-start=\"941\" data-end=\"952\">Crude Oil<\/strong> (Crude Fat)<\/td>\n<td data-col-size=\"sm\" data-start=\"973\" data-end=\"980\">16%<\/td>\n<\/tr>\n<\/tbody>\n<\/table>\n<div class=\"sticky end-(--thread-content-margin) h-0 self-end select-none\">\n<div class=\"absolute end-0 flex items-end\"><\/div>\n<\/div>\n<\/div>\n<\/div>\n<hr data-start=\"982\" data-end=\"985\" \/>\n<h3 data-start=\"987\" data-end=\"1003\"><strong data-start=\"991\" data-end=\"1003\">Ingredients:<\/strong><\/h3>\n<blockquote data-start=\"1005\" data-end=\"1234\">\n<p data-start=\"1007\" data-end=\"1234\"><strong data-start=\"1007\" data-end=\"1037\">Hydrolyzed lamb meat<\/strong>, rice, dried potatoes, fish oil, brewer&#039;s yeast, coconut oil, vitamin and mineral complex, natural antioxidants, prebiotics (FOS &amp; MOS), flaxseed, dried carrots, dried eggs.<\/p>\n<\/blockquote>\n<hr data-start=\"1236\" data-end=\"1239\" \/>\n<h3 data-start=\"1241\" data-end=\"1258\"><strong data-start=\"1245\" data-end=\"1258\">Compatibility:<\/strong><\/h3>\n<p data-start=\"1260\" data-end=\"1364\">\ud83d\udc15\u200d\ud83e\uddba <strong data-start=\"1266\" data-end=\"1306\">For adult small and mini breed dogs<\/strong> \u2013 provides daily energy, health and immune support.<\/p>\n<\/div>\n<p><!-- .vgblk-rw-wrapper --><\/p>","protected":false},"excerpt":{"rendered":"<p>\u2728 M\u0259hsulun X\u00fcsusiyy\u0259tl\u0259ri: \u2705 Hidroliz\u0259 olunmu\u015f quzu proteini \u2013 asan h\u0259zm olunur, allergiya riskini azald\u0131r \u2705 Ki\u00e7ik v\u0259 mini cins itl\u0259r \u00fc\u00e7\u00fcn x\u00fcsusi formula \u2705 A\u015fa\u011f\u0131 tax\u0131l t\u0259rkibi (Low Grain) \u2013 ql\u00fctensiz v\u0259 h\u0259ssas m\u0259d\u0259 \u00fc\u00e7\u00fcn uy\u011fundur \u2705 Vitaminl\u0259r v\u0259 t\u0259bii antioksidantlarla z\u0259ngin \u2705 D\u0259ri v\u0259 t\u00fck sa\u011flaml\u0131\u011f\u0131 \u00fc\u00e7\u00fcn Omeqa ya\u011f tur\u015fular\u0131 il\u0259 z\u0259nginl\u0259\u015fdirilmi\u015fdir \u2705&#8230;<\/p>","protected":false},"featured_media":989900,"comment_status":"closed","ping_status":"closed","template":"","meta":{"nf_dc_page":"","_monsterinsights_skip_tracking":false,"_monsterinsights_sitenote_active":false,"_monsterinsights_sitenote_note":"","_monsterinsights_sitenote_category":0},"product_brand":[],"product_cat":[244,58,245],"product_tag":[],"class_list":{"0":"post-989899","1":"product","2":"type-product","3":"status-publish","4":"has-post-thumbnail","6":"product_cat-it-ve-pisik-mehsullari","7":"product_cat-dog","8":"product_cat-yemler","10":"first","11":"instock","12":"shipping-taxable","13":"product-type-simple"},"jetpack_sharing_enabled":true,"_links":{"self":[{"href":"https:\/\/agrovetazerbaijan.az\/en\/wp-json\/wp\/v2\/product\/989899","targetHints":{"allow":["GET"]}}],"collection":[{"href":"https:\/\/agrovetazerbaijan.az\/en\/wp-json\/wp\/v2\/product"}],"about":[{"href":"https:\/\/agrovetazerbaijan.az\/en\/wp-json\/wp\/v2\/types\/product"}],"replies":[{"embeddable":true,"href":"https:\/\/agrovetazerbaijan.az\/en\/wp-json\/wp\/v2\/comments?post=989899"}],"version-history":[{"count":1,"href":"https:\/\/agrovetazerbaijan.az\/en\/wp-json\/wp\/v2\/product\/989899\/revisions"}],"predecessor-version":[{"id":989901,"href":"https:\/\/agrovetazerbaijan.az\/en\/wp-json\/wp\/v2\/product\/989899\/revisions\/989901"}],"wp:featuredmedia":[{"embeddable":true,"href":"https:\/\/agrovetazerbaijan.az\/en\/wp-json\/wp\/v2\/media\/989900"}],"wp:attachment":[{"href":"https:\/\/agrovetazerbaijan.az\/en\/wp-json\/wp\/v2\/media?parent=989899"}],"wp:term":[{"taxonomy":"product_brand","embeddable":true,"href":"https:\/\/agrovetazerbaijan.az\/en\/wp-json\/wp\/v2\/product_brand?post=989899"},{"taxonomy":"product_cat","embeddable":true,"href":"https:\/\/agrovetazerbaijan.az\/en\/wp-json\/wp\/v2\/product_cat?post=989899"},{"taxonomy":"product_tag","embeddable":true,"href":"https:\/\/agrovetazerbaijan.az\/en\/wp-json\/wp\/v2\/product_tag?post=989899"}],"curies":[{"name":"wp","href":"https:\/\/api.w.org\/{rel}","templated":true}]}}