{"id":989896,"date":"2025-07-13T12:29:46","date_gmt":"2025-07-13T12:29:46","guid":{"rendered":"https:\/\/agrovetazerbaijan.az\/?post_type=product&#038;p=989896"},"modified":"2025-07-13T12:29:59","modified_gmt":"2025-07-13T12:29:59","slug":"petline-puppy-salmon-selection-2","status":"publish","type":"product","link":"https:\/\/agrovetazerbaijan.az\/en\/product\/petline-puppy-salmon-selection-2\/","title":{"rendered":"Petline \u2013 Puppy \u2013 Salmon Selection"},"content":{"rendered":"<div class=\"vgblk-rw-wrapper limit-wrapper\">\n<h2 data-start=\"165\" data-end=\"207\">\ud83d\udc36 <strong data-start=\"171\" data-end=\"205\">Petline Super Premium Dog Food<\/strong><\/h2>\n<h3 data-start=\"208\" data-end=\"242\"><strong data-start=\"212\" data-end=\"240\">Puppy \u2013 Salmon Selection<\/strong><\/h3>\n<p>&nbsp;<\/p>\n<h3 data-start=\"316\" data-end=\"350\"><strong data-start=\"320\" data-end=\"350\">\u2728 Product Features:<\/strong><\/h3>\n<ul data-start=\"352\" data-end=\"771\">\n<li data-start=\"352\" data-end=\"425\">\n<p data-start=\"354\" data-end=\"425\">\u2705 <strong data-start=\"356\" data-end=\"401\">High-quality fish (salmon) protein<\/strong> \u2013 for healthy development<\/p>\n<\/li>\n<li data-start=\"426\" data-end=\"493\">\n<p data-start=\"428\" data-end=\"493\">\u2705 <strong data-start=\"430\" data-end=\"461\">86% animal protein<\/strong> \u2013 ideal for a growing body<\/p>\n<\/li>\n<li data-start=\"494\" data-end=\"573\">\n<p data-start=\"496\" data-end=\"573\">\u2705 <strong data-start=\"498\" data-end=\"516\">Rich in DHA<\/strong> \u2013 supports brain and vision development<\/p>\n<\/li>\n<li data-start=\"574\" data-end=\"638\">\n<p data-start=\"576\" data-end=\"638\">\u2705 <strong data-start=\"578\" data-end=\"606\">Selenium and antioxidants<\/strong> \u2013 strengthens the immune system<\/p>\n<\/li>\n<li data-start=\"639\" data-end=\"710\">\n<p data-start=\"641\" data-end=\"710\">\u2705 <strong data-start=\"643\" data-end=\"672\">Low Grain<\/strong> \u2013 suitable for sensitive digestive systems<\/p>\n<\/li>\n<li data-start=\"711\" data-end=\"771\">\n<p data-start=\"713\" data-end=\"771\">\u2705 <strong data-start=\"715\" data-end=\"771\">Balanced and complete food for puppies during the growth period<\/strong><\/p>\n<\/li>\n<\/ul>\n<hr data-start=\"773\" data-end=\"776\" \/>\n<h3 data-start=\"778\" data-end=\"830\"><strong data-start=\"782\" data-end=\"802\">Analytical Composition:<\/strong> <em data-start=\"803\" data-end=\"830\">(Analytical Constituents)<\/em><\/h3>\n<div class=\"_tableContainer_80l1q_1\">\n<div class=\"_tableWrapper_80l1q_14 group flex w-fit flex-col-reverse\" tabindex=\"-1\">\n<table class=\"w-fit min-w-(--thread-content-width)\" data-start=\"832\" data-end=\"955\">\n<thead data-start=\"832\" data-end=\"851\">\n<tr data-start=\"832\" data-end=\"851\">\n<th data-start=\"832\" data-end=\"840\" data-col-size=\"sm\">Article<\/th>\n<th data-start=\"840\" data-end=\"851\" data-col-size=\"sm\">Quantity<\/th>\n<\/tr>\n<\/thead>\n<tbody data-start=\"872\" data-end=\"955\">\n<tr data-start=\"872\" data-end=\"913\">\n<td data-start=\"872\" data-end=\"906\" data-col-size=\"sm\"><strong data-start=\"874\" data-end=\"889\">Crude Protein<\/strong> (Crude Protein)<\/td>\n<td data-col-size=\"sm\" data-start=\"906\" data-end=\"913\">28%<\/td>\n<\/tr>\n<tr data-start=\"914\" data-end=\"955\">\n<td data-start=\"914\" data-end=\"948\" data-col-size=\"sm\"><strong data-start=\"916\" data-end=\"927\">Crude Oil<\/strong> (Crude Fat)<\/td>\n<td data-col-size=\"sm\" data-start=\"948\" data-end=\"955\">16%<\/td>\n<\/tr>\n<\/tbody>\n<\/table>\n<div class=\"sticky end-(--thread-content-margin) h-0 self-end select-none\">\n<div class=\"absolute end-0 flex items-end\"><\/div>\n<\/div>\n<\/div>\n<\/div>\n<hr data-start=\"957\" data-end=\"960\" \/>\n<h3 data-start=\"962\" data-end=\"978\"><strong data-start=\"966\" data-end=\"978\">Ingredients:<\/strong><\/h3>\n<blockquote data-start=\"980\" data-end=\"1191\">\n<p data-start=\"982\" data-end=\"1191\"><strong data-start=\"982\" data-end=\"1003\">Salmon (fish) flour<\/strong>, rice, dried potatoes, fish oil (source of DHA), brewer&#039;s yeast, vitamins and minerals, selenium, natural antioxidants, FOS &amp; MOS (prebiotics), egg powder, coconut oil, flaxseed.<\/p>\n<\/blockquote>\n<hr data-start=\"1193\" data-end=\"1196\" \/>\n<h3 data-start=\"1198\" data-end=\"1215\"><strong data-start=\"1202\" data-end=\"1215\">Compatibility:<\/strong><\/h3>\n<p data-start=\"1217\" data-end=\"1312\">\ud83d\udc15 <strong data-start=\"1220\" data-end=\"1244\">Puppies<\/strong> for \u2013 provides complete nutrition during the growth period from 2 months.<\/p>\n<\/div>\n<p><!-- .vgblk-rw-wrapper --><\/p>","protected":false},"excerpt":{"rendered":"<p>\ud83d\udc36 Petline Super Premium Dog Food Puppy \u2013 Salmon Selection &nbsp; \u2728 M\u0259hsulun X\u00fcsusiyy\u0259tl\u0259ri: \u2705 Y\u00fcks\u0259k keyfiyy\u0259tli bal\u0131q (somon) proteini \u2013 sa\u011flam inki\u015faf \u00fc\u00e7\u00fcn \u2705 86% heyvani m\u0259n\u015f\u0259li protein \u2013 b\u00f6y\u00fcy\u0259n orqanizm \u00fc\u00e7\u00fcn ideal \u2705 DHA il\u0259 z\u0259ngin \u2013 beyin v\u0259 g\u00f6rm\u0259 qabiliyy\u0259tinin inki\u015faf\u0131n\u0131 d\u0259st\u0259kl\u0259yir \u2705 Selen v\u0259 antioksidantlar \u2013 immun sistemini g\u00fccl\u0259ndirir \u2705 A\u015fa\u011f\u0131&#8230;<\/p>","protected":false},"featured_media":989897,"comment_status":"closed","ping_status":"closed","template":"","meta":{"nf_dc_page":"","_monsterinsights_skip_tracking":false,"_monsterinsights_sitenote_active":false,"_monsterinsights_sitenote_note":"","_monsterinsights_sitenote_category":0},"product_brand":[],"product_cat":[244,58,245],"product_tag":[],"class_list":{"0":"post-989896","1":"product","2":"type-product","3":"status-publish","4":"has-post-thumbnail","6":"product_cat-it-ve-pisik-mehsullari","7":"product_cat-dog","8":"product_cat-yemler","10":"first","11":"instock","12":"shipping-taxable","13":"product-type-simple"},"jetpack_sharing_enabled":true,"_links":{"self":[{"href":"https:\/\/agrovetazerbaijan.az\/en\/wp-json\/wp\/v2\/product\/989896","targetHints":{"allow":["GET"]}}],"collection":[{"href":"https:\/\/agrovetazerbaijan.az\/en\/wp-json\/wp\/v2\/product"}],"about":[{"href":"https:\/\/agrovetazerbaijan.az\/en\/wp-json\/wp\/v2\/types\/product"}],"replies":[{"embeddable":true,"href":"https:\/\/agrovetazerbaijan.az\/en\/wp-json\/wp\/v2\/comments?post=989896"}],"version-history":[{"count":1,"href":"https:\/\/agrovetazerbaijan.az\/en\/wp-json\/wp\/v2\/product\/989896\/revisions"}],"predecessor-version":[{"id":989898,"href":"https:\/\/agrovetazerbaijan.az\/en\/wp-json\/wp\/v2\/product\/989896\/revisions\/989898"}],"wp:featuredmedia":[{"embeddable":true,"href":"https:\/\/agrovetazerbaijan.az\/en\/wp-json\/wp\/v2\/media\/989897"}],"wp:attachment":[{"href":"https:\/\/agrovetazerbaijan.az\/en\/wp-json\/wp\/v2\/media?parent=989896"}],"wp:term":[{"taxonomy":"product_brand","embeddable":true,"href":"https:\/\/agrovetazerbaijan.az\/en\/wp-json\/wp\/v2\/product_brand?post=989896"},{"taxonomy":"product_cat","embeddable":true,"href":"https:\/\/agrovetazerbaijan.az\/en\/wp-json\/wp\/v2\/product_cat?post=989896"},{"taxonomy":"product_tag","embeddable":true,"href":"https:\/\/agrovetazerbaijan.az\/en\/wp-json\/wp\/v2\/product_tag?post=989896"}],"curies":[{"name":"wp","href":"https:\/\/api.w.org\/{rel}","templated":true}]}}