{"id":989893,"date":"2025-07-13T12:24:45","date_gmt":"2025-07-13T12:24:45","guid":{"rendered":"https:\/\/agrovetazerbaijan.az\/?post_type=product&#038;p=989893"},"modified":"2025-07-13T12:25:01","modified_gmt":"2025-07-13T12:25:01","slug":"petline-chicken-recipe-hairball-control","status":"publish","type":"product","link":"https:\/\/agrovetazerbaijan.az\/en\/product\/petline-chicken-recipe-hairball-control\/","title":{"rendered":"Petline \u2013 Chicken Recipe (Hairball Control)"},"content":{"rendered":"<div class=\"vgblk-rw-wrapper limit-wrapper\">\n<h3 data-start=\"333\" data-end=\"367\"><strong data-start=\"337\" data-end=\"367\">\u2728 Product Features:<\/strong><\/h3>\n<ul data-start=\"369\" data-end=\"754\">\n<li data-start=\"369\" data-end=\"436\">\n<p data-start=\"371\" data-end=\"436\">\u2705 <strong data-start=\"373\" data-end=\"434\">Special formula for sterilized (neutered) cats<\/strong><\/p>\n<\/li>\n<li data-start=\"437\" data-end=\"516\">\n<p data-start=\"439\" data-end=\"516\">\u2705 <strong data-start=\"441\" data-end=\"485\">Hairball Control<\/strong> \u2013 Supports the digestive system<\/p>\n<\/li>\n<li data-start=\"517\" data-end=\"571\">\n<p data-start=\"519\" data-end=\"571\">\u2705 <strong data-start=\"521\" data-end=\"569\">Rich in high-quality chicken protein<\/strong><\/p>\n<\/li>\n<li data-start=\"572\" data-end=\"627\">\n<p data-start=\"574\" data-end=\"627\">\u2705 <strong data-start=\"576\" data-end=\"625\">Low fat content \u2013 balance against excess weight<\/strong><\/p>\n<\/li>\n<li data-start=\"628\" data-end=\"693\">\n<p data-start=\"630\" data-end=\"693\">\u2705 <strong data-start=\"632\" data-end=\"662\">Low Grain &amp; Hypoallergenic<\/strong> \u2013 Suitable for sensitive cats<\/p>\n<\/li>\n<li data-start=\"694\" data-end=\"754\">\n<p data-start=\"696\" data-end=\"754\">\u2705 <strong data-start=\"698\" data-end=\"754\">Enhanced immune support with vitamins and minerals<\/strong><\/p>\n<\/li>\n<\/ul>\n<hr data-start=\"756\" data-end=\"759\" \/>\n<h3 data-start=\"761\" data-end=\"813\"><strong data-start=\"765\" data-end=\"785\">Analytical Composition:<\/strong> <em data-start=\"786\" data-end=\"813\">(Analytical Constituents)<\/em><\/h3>\n<div class=\"_tableContainer_80l1q_1\">\n<div class=\"_tableWrapper_80l1q_14 group flex w-fit flex-col-reverse\" tabindex=\"-1\">\n<table class=\"w-fit min-w-(--thread-content-width)\" data-start=\"815\" data-end=\"938\">\n<thead data-start=\"815\" data-end=\"834\">\n<tr data-start=\"815\" data-end=\"834\">\n<th data-start=\"815\" data-end=\"823\" data-col-size=\"sm\">Article<\/th>\n<th data-start=\"823\" data-end=\"834\" data-col-size=\"sm\">Quantity<\/th>\n<\/tr>\n<\/thead>\n<tbody data-start=\"855\" data-end=\"938\">\n<tr data-start=\"855\" data-end=\"896\">\n<td data-start=\"855\" data-end=\"889\" data-col-size=\"sm\"><strong data-start=\"857\" data-end=\"872\">Crude Protein<\/strong> (Crude Protein)<\/td>\n<td data-col-size=\"sm\" data-start=\"889\" data-end=\"896\">34%<\/td>\n<\/tr>\n<tr data-start=\"897\" data-end=\"938\">\n<td data-start=\"897\" data-end=\"931\" data-col-size=\"sm\"><strong data-start=\"899\" data-end=\"910\">Crude Oil<\/strong> (Crude Fat)<\/td>\n<td data-col-size=\"sm\" data-start=\"931\" data-end=\"938\">12%<\/td>\n<\/tr>\n<\/tbody>\n<\/table>\n<div class=\"sticky end-(--thread-content-margin) h-0 self-end select-none\">\n<div class=\"absolute end-0 flex items-end\"><\/div>\n<\/div>\n<\/div>\n<\/div>\n<hr data-start=\"940\" data-end=\"943\" \/>\n<h3 data-start=\"945\" data-end=\"961\"><strong data-start=\"949\" data-end=\"961\">Ingredients:<\/strong><\/h3>\n<blockquote data-start=\"963\" data-end=\"1192\">\n<p data-start=\"965\" data-end=\"1192\"><strong data-start=\"965\" data-end=\"982\">Chicken meat meal<\/strong>, partially hydrolyzed rice, dried potatoes, fish oil, natural fibers (for Hairball Control), brewer&#039;s yeast, vitamin and mineral blend, FOS &amp; MOS (prebiotics), L-carnitine, taurine, antioxidants.<\/p>\n<\/blockquote>\n<hr data-start=\"1194\" data-end=\"1197\" \/>\n<h3 data-start=\"1199\" data-end=\"1216\"><strong data-start=\"1203\" data-end=\"1216\">Compatibility:<\/strong><\/h3>\n<p data-start=\"1218\" data-end=\"1379\">\ud83d\udc3e <strong data-start=\"1221\" data-end=\"1269\">Sterilized (neutered) adult cats<\/strong> for \u2013 a balanced food designed for weight control and hairball prevention.<\/p>\n<hr data-start=\"1381\" data-end=\"1384\" \/>\n<h3 data-start=\"1386\" data-end=\"1409\"><strong data-start=\"1390\" data-end=\"1407\">Package size:<\/strong><\/h3>\n<p data-start=\"1410\" data-end=\"1421\">\ud83d\udce6 <strong data-start=\"1413\" data-end=\"1421\">6 KG<\/strong><\/p>\n<\/div>\n<p><!-- .vgblk-rw-wrapper --><\/p>","protected":false},"excerpt":{"rendered":"<p>\u2728 M\u0259hsulun X\u00fcsusiyy\u0259tl\u0259ri: \u2705 Steriliz\u0259 olunmu\u015f (neutered) pi\u015fikl\u0259r \u00fc\u00e7\u00fcn x\u00fcsusi formula \u2705 T\u00fck yumrular\u0131na qar\u015f\u0131 (Hairball Control) \u2013 H\u0259zm sistemini d\u0259st\u0259kl\u0259yir \u2705 Y\u00fcks\u0259k keyfiyy\u0259tli toyuq proteini il\u0259 z\u0259ngin \u2705 A\u015fa\u011f\u0131 ya\u011f t\u0259rkibi \u2013 art\u0131q \u00e7\u0259kiy\u0259 qar\u015f\u0131 balans \u2705 Low Grain &amp; Hypoallergenic \u2013 H\u0259ssas pi\u015fikl\u0259r \u00fc\u00e7\u00fcn uy\u011fun \u2705 Vitamin v\u0259 minerallarla g\u00fccl\u0259ndirilmi\u015f immun d\u0259st\u0259yi Analitik&#8230;<\/p>","protected":false},"featured_media":989894,"comment_status":"closed","ping_status":"closed","template":"","meta":{"nf_dc_page":"","_monsterinsights_skip_tracking":false,"_monsterinsights_sitenote_active":false,"_monsterinsights_sitenote_note":"","_monsterinsights_sitenote_category":0},"product_brand":[],"product_cat":[245,244,51],"product_tag":[],"class_list":{"0":"post-989893","1":"product","2":"type-product","3":"status-publish","4":"has-post-thumbnail","6":"product_cat-yemler","7":"product_cat-it-ve-pisik-mehsullari","8":"product_cat-cat","10":"first","11":"instock","12":"shipping-taxable","13":"product-type-simple"},"jetpack_sharing_enabled":true,"_links":{"self":[{"href":"https:\/\/agrovetazerbaijan.az\/en\/wp-json\/wp\/v2\/product\/989893","targetHints":{"allow":["GET"]}}],"collection":[{"href":"https:\/\/agrovetazerbaijan.az\/en\/wp-json\/wp\/v2\/product"}],"about":[{"href":"https:\/\/agrovetazerbaijan.az\/en\/wp-json\/wp\/v2\/types\/product"}],"replies":[{"embeddable":true,"href":"https:\/\/agrovetazerbaijan.az\/en\/wp-json\/wp\/v2\/comments?post=989893"}],"version-history":[{"count":1,"href":"https:\/\/agrovetazerbaijan.az\/en\/wp-json\/wp\/v2\/product\/989893\/revisions"}],"predecessor-version":[{"id":989895,"href":"https:\/\/agrovetazerbaijan.az\/en\/wp-json\/wp\/v2\/product\/989893\/revisions\/989895"}],"wp:featuredmedia":[{"embeddable":true,"href":"https:\/\/agrovetazerbaijan.az\/en\/wp-json\/wp\/v2\/media\/989894"}],"wp:attachment":[{"href":"https:\/\/agrovetazerbaijan.az\/en\/wp-json\/wp\/v2\/media?parent=989893"}],"wp:term":[{"taxonomy":"product_brand","embeddable":true,"href":"https:\/\/agrovetazerbaijan.az\/en\/wp-json\/wp\/v2\/product_brand?post=989893"},{"taxonomy":"product_cat","embeddable":true,"href":"https:\/\/agrovetazerbaijan.az\/en\/wp-json\/wp\/v2\/product_cat?post=989893"},{"taxonomy":"product_tag","embeddable":true,"href":"https:\/\/agrovetazerbaijan.az\/en\/wp-json\/wp\/v2\/product_tag?post=989893"}],"curies":[{"name":"wp","href":"https:\/\/api.w.org\/{rel}","templated":true}]}}