{"id":989886,"date":"2025-07-13T09:49:43","date_gmt":"2025-07-13T09:49:43","guid":{"rendered":"https:\/\/agrovetazerbaijan.az\/?post_type=product&#038;p=989886"},"modified":"2025-07-13T09:50:15","modified_gmt":"2025-07-13T09:50:15","slug":"petline-super-premium-cat-food-adult-lamb-recipe","status":"publish","type":"product","link":"https:\/\/agrovetazerbaijan.az\/en\/product\/petline-super-premium-cat-food-adult-lamb-recipe\/","title":{"rendered":"Petline Super Premium Cat Food Adult \u2013 Lamb Recipe"},"content":{"rendered":"<div class=\"vgblk-rw-wrapper limit-wrapper\">\n<h2 data-start=\"159\" data-end=\"201\"><strong data-start=\"165\" data-end=\"199\">Petline Super Premium Cat Food<\/strong><\/h2>\n<h3 data-start=\"202\" data-end=\"231\"><strong data-start=\"206\" data-end=\"229\">Adult \u2013 Lamb Recipe<\/strong><\/h3>\n<p data-start=\"232\" data-end=\"290\"><strong data-start=\"232\" data-end=\"290\">Low Grain | Hypoallergenic Mono Protein | Derma Care<\/strong><\/p>\n<hr data-start=\"292\" data-end=\"295\" \/>\n<h3 data-start=\"297\" data-end=\"331\"><strong data-start=\"301\" data-end=\"331\">\u2728 Product Features:<\/strong><\/h3>\n<ul data-start=\"333\" data-end=\"661\">\n<li data-start=\"333\" data-end=\"373\">\n<p data-start=\"335\" data-end=\"373\">\u2705 <strong data-start=\"337\" data-end=\"371\">Single source of protein \u2013 Lamb<\/strong><\/p>\n<\/li>\n<li data-start=\"374\" data-end=\"436\">\n<p data-start=\"376\" data-end=\"436\">\u2705 <strong data-start=\"378\" data-end=\"402\">Hypoallergenic formula<\/strong> \u2013 Ideal for sensitive cats<\/p>\n<\/li>\n<li data-start=\"437\" data-end=\"479\">\n<p data-start=\"439\" data-end=\"479\">\u2705 <strong data-start=\"441\" data-end=\"477\">Skin and Hair Care with EPA &amp; DHA<\/strong><\/p>\n<\/li>\n<li data-start=\"480\" data-end=\"542\">\n<p data-start=\"482\" data-end=\"542\">\u2705 <strong data-start=\"484\" data-end=\"513\">Low Grain<\/strong> \u2013 Gluten-free and easy to digest<\/p>\n<\/li>\n<li data-start=\"543\" data-end=\"603\">\n<p data-start=\"545\" data-end=\"603\">\u2705 <strong data-start=\"547\" data-end=\"569\">Derma Care system<\/strong> \u2013 Supports skin health<\/p>\n<\/li>\n<li data-start=\"604\" data-end=\"661\">\n<p data-start=\"606\" data-end=\"661\">\u2705 <strong data-start=\"608\" data-end=\"661\">Balanced nutrition rich in vitamins and minerals<\/strong><\/p>\n<\/li>\n<\/ul>\n<hr data-start=\"663\" data-end=\"666\" \/>\n<h3 data-start=\"668\" data-end=\"720\"><strong data-start=\"672\" data-end=\"692\">Analytical Composition:<\/strong> <em data-start=\"693\" data-end=\"720\">(Analytical Constituents)<\/em><\/h3>\n<div class=\"_tableContainer_80l1q_1\">\n<div class=\"_tableWrapper_80l1q_14 group flex w-fit flex-col-reverse\" tabindex=\"-1\">\n<table class=\"w-fit min-w-(--thread-content-width)\" data-start=\"722\" data-end=\"845\">\n<thead data-start=\"722\" data-end=\"741\">\n<tr data-start=\"722\" data-end=\"741\">\n<th data-start=\"722\" data-end=\"730\" data-col-size=\"sm\">Article<\/th>\n<th data-start=\"730\" data-end=\"741\" data-col-size=\"sm\">Quantity<\/th>\n<\/tr>\n<\/thead>\n<tbody data-start=\"762\" data-end=\"845\">\n<tr data-start=\"762\" data-end=\"803\">\n<td data-start=\"762\" data-end=\"796\" data-col-size=\"sm\"><strong data-start=\"764\" data-end=\"779\">Crude Protein<\/strong> (Crude Protein)<\/td>\n<td data-col-size=\"sm\" data-start=\"796\" data-end=\"803\">32%<\/td>\n<\/tr>\n<tr data-start=\"804\" data-end=\"845\">\n<td data-start=\"804\" data-end=\"838\" data-col-size=\"sm\"><strong data-start=\"806\" data-end=\"817\">Crude Oil<\/strong> (Crude Fat)<\/td>\n<td data-col-size=\"sm\" data-start=\"838\" data-end=\"845\">14%<\/td>\n<\/tr>\n<\/tbody>\n<\/table>\n<div class=\"sticky end-(--thread-content-margin) h-0 self-end select-none\">\n<div class=\"absolute end-0 flex items-end\"><\/div>\n<\/div>\n<\/div>\n<\/div>\n<hr data-start=\"847\" data-end=\"850\" \/>\n<h3 data-start=\"852\" data-end=\"868\"><strong data-start=\"856\" data-end=\"868\">Ingredients:<\/strong><\/h3>\n<blockquote data-start=\"870\" data-end=\"1109\">\n<p data-start=\"872\" data-end=\"1109\">A source of monounsaturated protein <strong data-start=\"898\" data-end=\"914\">lamb flour<\/strong>, partially hydrolyzed rice, potatoes, fish oil (source of EPA &amp; DHA), brewer&#039;s yeast, vitamin and mineral complex, FOS &amp; MOS (prebiotics), natural fatty acids that protect the skin and coat.<\/p>\n<\/blockquote>\n<hr data-start=\"1111\" data-end=\"1114\" \/>\n<h3 data-start=\"1116\" data-end=\"1133\"><strong data-start=\"1120\" data-end=\"1133\">Compatibility:<\/strong><\/h3>\n<p data-start=\"1135\" data-end=\"1233\">\ud83d\udc31 <strong data-start=\"1138\" data-end=\"1170\">Adult Cats<\/strong> Balanced and complete food designed for daily nutrition.<\/p>\n<hr data-start=\"1235\" data-end=\"1238\" \/>\n<h3 data-start=\"1240\" data-end=\"1263\"><strong data-start=\"1244\" data-end=\"1261\">Package size:<\/strong><\/h3>\n<p data-start=\"1264\" data-end=\"1277\">\ud83d\udce6 <strong data-start=\"1267\" data-end=\"1277\">1.5 KG<\/strong><\/p>\n<\/div>\n<p><!-- .vgblk-rw-wrapper --><\/p>","protected":false},"excerpt":{"rendered":"<p>Petline Super Premium Cat Food Adult \u2013 Lamb Recipe Low Grain | Hypoallergenic | Mono Protein | Derma Care \u2728 M\u0259hsulun X\u00fcsusiyy\u0259tl\u0259ri: \u2705 T\u0259k protein m\u0259nb\u0259yi \u2013 Quzu \u0259ti \u2705 Hipoallergen formula \u2013 H\u0259ssas pi\u015fikl\u0259r \u00fc\u00e7\u00fcn ideald\u0131r \u2705 EPA &amp; DHA il\u0259 D\u0259ri v\u0259 T\u00fck Bax\u0131m\u0131 \u2705 A\u015fa\u011f\u0131 tax\u0131ll\u0131 (Low Grain) \u2013 Ql\u00fctensiz v\u0259 h\u0259zm\u0259&#8230;<\/p>","protected":false},"featured_media":989887,"comment_status":"closed","ping_status":"closed","template":"","meta":{"nf_dc_page":"","_monsterinsights_skip_tracking":false,"_monsterinsights_sitenote_active":false,"_monsterinsights_sitenote_note":"","_monsterinsights_sitenote_category":0},"product_brand":[],"product_cat":[244,51,245],"product_tag":[],"class_list":{"0":"post-989886","1":"product","2":"type-product","3":"status-publish","4":"has-post-thumbnail","6":"product_cat-it-ve-pisik-mehsullari","7":"product_cat-cat","8":"product_cat-yemler","10":"first","11":"instock","12":"shipping-taxable","13":"product-type-simple"},"jetpack_sharing_enabled":true,"_links":{"self":[{"href":"https:\/\/agrovetazerbaijan.az\/en\/wp-json\/wp\/v2\/product\/989886","targetHints":{"allow":["GET"]}}],"collection":[{"href":"https:\/\/agrovetazerbaijan.az\/en\/wp-json\/wp\/v2\/product"}],"about":[{"href":"https:\/\/agrovetazerbaijan.az\/en\/wp-json\/wp\/v2\/types\/product"}],"replies":[{"embeddable":true,"href":"https:\/\/agrovetazerbaijan.az\/en\/wp-json\/wp\/v2\/comments?post=989886"}],"version-history":[{"count":1,"href":"https:\/\/agrovetazerbaijan.az\/en\/wp-json\/wp\/v2\/product\/989886\/revisions"}],"predecessor-version":[{"id":989888,"href":"https:\/\/agrovetazerbaijan.az\/en\/wp-json\/wp\/v2\/product\/989886\/revisions\/989888"}],"wp:featuredmedia":[{"embeddable":true,"href":"https:\/\/agrovetazerbaijan.az\/en\/wp-json\/wp\/v2\/media\/989887"}],"wp:attachment":[{"href":"https:\/\/agrovetazerbaijan.az\/en\/wp-json\/wp\/v2\/media?parent=989886"}],"wp:term":[{"taxonomy":"product_brand","embeddable":true,"href":"https:\/\/agrovetazerbaijan.az\/en\/wp-json\/wp\/v2\/product_brand?post=989886"},{"taxonomy":"product_cat","embeddable":true,"href":"https:\/\/agrovetazerbaijan.az\/en\/wp-json\/wp\/v2\/product_cat?post=989886"},{"taxonomy":"product_tag","embeddable":true,"href":"https:\/\/agrovetazerbaijan.az\/en\/wp-json\/wp\/v2\/product_tag?post=989886"}],"curies":[{"name":"wp","href":"https:\/\/api.w.org\/{rel}","templated":true}]}}