{"id":989862,"date":"2025-07-11T23:45:51","date_gmt":"2025-07-11T23:45:51","guid":{"rendered":"https:\/\/agrovetazerbaijan.az\/?post_type=product&#038;p=989862"},"modified":"2025-07-11T23:46:05","modified_gmt":"2025-07-11T23:46:05","slug":"petline-adult-gourmet-selection","status":"publish","type":"product","link":"https:\/\/agrovetazerbaijan.az\/en\/product\/petline-adult-gourmet-selection\/","title":{"rendered":"Petline Adult Gourmet Selection"},"content":{"rendered":"<div class=\"vgblk-rw-wrapper limit-wrapper\">\n<h3 data-start=\"150\" data-end=\"191\"><strong data-start=\"154\" data-end=\"189\">Petline Adult Gourmet Selection<\/strong><\/h3>\n<p data-start=\"192\" data-end=\"255\"><strong data-start=\"192\" data-end=\"255\">Super Premium cat food \u2013 Delicious mix for adults<\/strong><\/p>\n<p data-start=\"257\" data-end=\"486\">Petline Adult Gourmet Selection is a special formula that combines various flavors and appeals to your cat&#039;s taste buds. With its high-quality ingredients, it fully meets your cat&#039;s daily energy and nutritional needs.<\/p>\n<p data-start=\"488\" data-end=\"526\"><strong data-start=\"488\" data-end=\"524\">Ingredients (Analytical parameters):<\/strong><\/p>\n<ul data-start=\"527\" data-end=\"572\">\n<li data-start=\"527\" data-end=\"551\">\n<p data-start=\"529\" data-end=\"551\"><strong data-start=\"529\" data-end=\"545\">Crude protein:<\/strong> 32%<\/p>\n<\/li>\n<li data-start=\"552\" data-end=\"572\">\n<p data-start=\"554\" data-end=\"572\"><strong data-start=\"554\" data-end=\"566\">Crude oil:<\/strong> 13%<\/p>\n<\/li>\n<\/ul>\n<p data-start=\"574\" data-end=\"598\"><strong data-start=\"574\" data-end=\"596\">Main advantages:<\/strong><\/p>\n<ul data-start=\"599\" data-end=\"784\">\n<li data-start=\"599\" data-end=\"630\">\n<p data-start=\"601\" data-end=\"630\">Delicious and balanced recipe<\/p>\n<\/li>\n<li data-start=\"631\" data-end=\"696\">\n<p data-start=\"633\" data-end=\"696\">Supporting vitamins for healthy skin and a shiny coat<\/p>\n<\/li>\n<li data-start=\"697\" data-end=\"742\">\n<p data-start=\"699\" data-end=\"742\">Natural ingredients that strengthen the digestive system<\/p>\n<\/li>\n<li data-start=\"743\" data-end=\"784\">\n<p data-start=\"745\" data-end=\"784\">Formula enriched with beta-carotene<\/p>\n<\/li>\n<\/ul>\n<\/div>\n<p><!-- .vgblk-rw-wrapper --><\/p>","protected":false},"excerpt":{"rendered":"<p>Petline Adult Gourmet Selection Super Premium pi\u015fik yem\u0259yi \u2013 B\u00f6y\u00fckl\u0259r \u00fc\u00e7\u00fcn l\u0259zz\u0259tli qar\u0131\u015f\u0131q Petline Adult Gourmet Selection \u2013 m\u00fcxt\u0259lif l\u0259zz\u0259tl\u0259ri bir araya g\u0259tir\u0259n v\u0259 pi\u015fiyinizin dad duy\u011fusunu ox\u015fayan x\u00fcsusi formulad\u0131r. Y\u00fcks\u0259k keyfiyy\u0259tli t\u0259rkibi il\u0259 pi\u015fiyinizin g\u00fcnd\u0259lik enerji v\u0259 qida ehtiyac\u0131n\u0131 tam \u015f\u0259kild\u0259 qar\u015f\u0131lay\u0131r. T\u0259rkibi (Analitik g\u00f6st\u0259ricil\u0259r): Xam protein: 32% Xam ya\u011f: 13% \u018fsas \u00fcst\u00fcnl\u00fckl\u0259ri: L\u0259zz\u0259tli&#8230;<\/p>","protected":false},"featured_media":989863,"comment_status":"closed","ping_status":"closed","template":"","meta":{"nf_dc_page":"","_monsterinsights_skip_tracking":false,"_monsterinsights_sitenote_active":false,"_monsterinsights_sitenote_note":"","_monsterinsights_sitenote_category":0},"product_brand":[],"product_cat":[244,51,245],"product_tag":[],"class_list":{"0":"post-989862","1":"product","2":"type-product","3":"status-publish","4":"has-post-thumbnail","6":"product_cat-it-ve-pisik-mehsullari","7":"product_cat-cat","8":"product_cat-yemler","10":"first","11":"instock","12":"shipping-taxable","13":"product-type-simple"},"jetpack_sharing_enabled":true,"_links":{"self":[{"href":"https:\/\/agrovetazerbaijan.az\/en\/wp-json\/wp\/v2\/product\/989862","targetHints":{"allow":["GET"]}}],"collection":[{"href":"https:\/\/agrovetazerbaijan.az\/en\/wp-json\/wp\/v2\/product"}],"about":[{"href":"https:\/\/agrovetazerbaijan.az\/en\/wp-json\/wp\/v2\/types\/product"}],"replies":[{"embeddable":true,"href":"https:\/\/agrovetazerbaijan.az\/en\/wp-json\/wp\/v2\/comments?post=989862"}],"version-history":[{"count":2,"href":"https:\/\/agrovetazerbaijan.az\/en\/wp-json\/wp\/v2\/product\/989862\/revisions"}],"predecessor-version":[{"id":989865,"href":"https:\/\/agrovetazerbaijan.az\/en\/wp-json\/wp\/v2\/product\/989862\/revisions\/989865"}],"wp:featuredmedia":[{"embeddable":true,"href":"https:\/\/agrovetazerbaijan.az\/en\/wp-json\/wp\/v2\/media\/989863"}],"wp:attachment":[{"href":"https:\/\/agrovetazerbaijan.az\/en\/wp-json\/wp\/v2\/media?parent=989862"}],"wp:term":[{"taxonomy":"product_brand","embeddable":true,"href":"https:\/\/agrovetazerbaijan.az\/en\/wp-json\/wp\/v2\/product_brand?post=989862"},{"taxonomy":"product_cat","embeddable":true,"href":"https:\/\/agrovetazerbaijan.az\/en\/wp-json\/wp\/v2\/product_cat?post=989862"},{"taxonomy":"product_tag","embeddable":true,"href":"https:\/\/agrovetazerbaijan.az\/en\/wp-json\/wp\/v2\/product_tag?post=989862"}],"curies":[{"name":"wp","href":"https:\/\/api.w.org\/{rel}","templated":true}]}}