{"id":989851,"date":"2025-07-11T23:26:49","date_gmt":"2025-07-11T23:26:49","guid":{"rendered":"https:\/\/agrovetazerbaijan.az\/?post_type=product&#038;p=989851"},"modified":"2025-07-11T23:27:02","modified_gmt":"2025-07-11T23:27:02","slug":"petline-adult-seafood-selection","status":"publish","type":"product","link":"https:\/\/agrovetazerbaijan.az\/en\/product\/petline-adult-seafood-selection\/","title":{"rendered":"Petline Adult Seafood Selection"},"content":{"rendered":"<div class=\"vgblk-rw-wrapper limit-wrapper\">\n<h3 data-start=\"152\" data-end=\"193\"><strong data-start=\"156\" data-end=\"191\">Petline Adult Seafood Selection<\/strong><\/h3>\n<p data-start=\"194\" data-end=\"268\"><strong data-start=\"194\" data-end=\"268\">Super Premium cat food \u2013 Seafood option for adult cats<\/strong><\/p>\n<p data-start=\"270\" data-end=\"528\">Petline Adult Seafood Selection is a super premium cat food for adult cats with a high protein and healthy fat balance. The seafood-based formula increases your cat&#039;s appetite, supports muscle development, and keeps their coat shiny.<\/p>\n<p data-start=\"530\" data-end=\"547\"><strong data-start=\"530\" data-end=\"545\">Contains:<\/strong><\/p>\n<ul data-start=\"548\" data-end=\"591\">\n<li data-start=\"548\" data-end=\"572\">\n<p data-start=\"550\" data-end=\"572\"><strong data-start=\"550\" data-end=\"566\">Crude protein:<\/strong> 34%<\/p>\n<\/li>\n<li data-start=\"573\" data-end=\"591\">\n<p data-start=\"575\" data-end=\"591\"><strong data-start=\"575\" data-end=\"587\">Crude oil:<\/strong> 15%<\/p>\n<\/li>\n<\/ul>\n<p data-start=\"593\" data-end=\"613\"><strong data-start=\"593\" data-end=\"611\">Features:<\/strong><\/p>\n<ul data-start=\"614\" data-end=\"787\">\n<li data-start=\"614\" data-end=\"665\">\n<p data-start=\"616\" data-end=\"665\">Delicious and healthy seafood-based ingredient<\/p>\n<\/li>\n<li data-start=\"666\" data-end=\"699\">\n<p data-start=\"668\" data-end=\"699\">Rich protein and fat ratio<\/p>\n<\/li>\n<li data-start=\"700\" data-end=\"735\">\n<p data-start=\"702\" data-end=\"735\">Complete and balanced diet<\/p>\n<\/li>\n<li data-start=\"736\" data-end=\"787\">\n<p data-start=\"738\" data-end=\"787\">Ideal food for an energetic and healthy lifestyle<\/p>\n<\/li>\n<\/ul>\n<\/div>\n<p><!-- .vgblk-rw-wrapper --><\/p>","protected":false},"excerpt":{"rendered":"<p>Petline Adult Seafood Selection Super Premium pi\u015fik yem\u0259yi \u2013 Yetkin pi\u015fikl\u0259r \u00fc\u00e7\u00fcn d\u0259niz m\u0259hsullu se\u00e7im Petline Adult Seafood Selection \u2013 yetkin pi\u015fikl\u0259r \u00fc\u00e7\u00fcn y\u00fcks\u0259k proteinli v\u0259 sa\u011flam ya\u011f balans\u0131na sahib super premium pi\u015fik yem\u0259yidir. D\u0259niz m\u0259hsullar\u0131 \u0259sasl\u0131 t\u0259rkibi pi\u015fiyinizin i\u015ftahas\u0131n\u0131 art\u0131r\u0131r, \u0259z\u0259l\u0259 inki\u015faf\u0131n\u0131 d\u0259st\u0259kl\u0259yir v\u0259 t\u00fck \u00f6rt\u00fcy\u00fcn\u00fc parlaq saxlay\u0131r. T\u0259rkibind\u0259: Xam protein: 34% Xam ya\u011f:&#8230;<\/p>","protected":false},"featured_media":989852,"comment_status":"closed","ping_status":"closed","template":"","meta":{"nf_dc_page":"","_monsterinsights_skip_tracking":false,"_monsterinsights_sitenote_active":false,"_monsterinsights_sitenote_note":"","_monsterinsights_sitenote_category":0},"product_brand":[],"product_cat":[244,51,245],"product_tag":[],"class_list":{"0":"post-989851","1":"product","2":"type-product","3":"status-publish","4":"has-post-thumbnail","6":"product_cat-it-ve-pisik-mehsullari","7":"product_cat-cat","8":"product_cat-yemler","10":"first","11":"instock","12":"shipping-taxable","13":"product-type-simple"},"jetpack_sharing_enabled":true,"_links":{"self":[{"href":"https:\/\/agrovetazerbaijan.az\/en\/wp-json\/wp\/v2\/product\/989851","targetHints":{"allow":["GET"]}}],"collection":[{"href":"https:\/\/agrovetazerbaijan.az\/en\/wp-json\/wp\/v2\/product"}],"about":[{"href":"https:\/\/agrovetazerbaijan.az\/en\/wp-json\/wp\/v2\/types\/product"}],"replies":[{"embeddable":true,"href":"https:\/\/agrovetazerbaijan.az\/en\/wp-json\/wp\/v2\/comments?post=989851"}],"version-history":[{"count":2,"href":"https:\/\/agrovetazerbaijan.az\/en\/wp-json\/wp\/v2\/product\/989851\/revisions"}],"predecessor-version":[{"id":989854,"href":"https:\/\/agrovetazerbaijan.az\/en\/wp-json\/wp\/v2\/product\/989851\/revisions\/989854"}],"wp:featuredmedia":[{"embeddable":true,"href":"https:\/\/agrovetazerbaijan.az\/en\/wp-json\/wp\/v2\/media\/989852"}],"wp:attachment":[{"href":"https:\/\/agrovetazerbaijan.az\/en\/wp-json\/wp\/v2\/media?parent=989851"}],"wp:term":[{"taxonomy":"product_brand","embeddable":true,"href":"https:\/\/agrovetazerbaijan.az\/en\/wp-json\/wp\/v2\/product_brand?post=989851"},{"taxonomy":"product_cat","embeddable":true,"href":"https:\/\/agrovetazerbaijan.az\/en\/wp-json\/wp\/v2\/product_cat?post=989851"},{"taxonomy":"product_tag","embeddable":true,"href":"https:\/\/agrovetazerbaijan.az\/en\/wp-json\/wp\/v2\/product_tag?post=989851"}],"curies":[{"name":"wp","href":"https:\/\/api.w.org\/{rel}","templated":true}]}}