{"id":989847,"date":"2025-07-11T23:21:33","date_gmt":"2025-07-11T23:21:33","guid":{"rendered":"https:\/\/agrovetazerbaijan.az\/?post_type=product&#038;p=989847"},"modified":"2025-07-11T23:23:36","modified_gmt":"2025-07-11T23:23:36","slug":"petline-adult-lamb-selection","status":"publish","type":"product","link":"https:\/\/agrovetazerbaijan.az\/en\/product\/petline-adult-lamb-selection\/","title":{"rendered":"Petline Adult Lamb Selection"},"content":{"rendered":"<div class=\"vgblk-rw-wrapper limit-wrapper\">\n<h3 data-start=\"128\" data-end=\"183\"><strong data-start=\"132\" data-end=\"181\">Petline Serenity Adult Lamb Selection (12 kg)<\/strong><\/h3>\n<p data-start=\"184\" data-end=\"253\"><strong data-start=\"184\" data-end=\"253\">Super Premium cat food \u2013 Lamb option for adult cats<\/strong><\/p>\n<p data-start=\"255\" data-end=\"608\">Petline Serenity Lamb Selection is a high-quality, probiotic-enriched super premium cat food for adult cats. With its lamb-based composition, it is an ideal choice for cats with sensitive digestive systems. Balanced with vitamins and minerals, this food helps to strengthen immunity and maintain healthy skin and fur.<\/p>\n<p data-start=\"610\" data-end=\"627\"><strong data-start=\"610\" data-end=\"625\">Contains:<\/strong><\/p>\n<ul data-start=\"628\" data-end=\"671\">\n<li data-start=\"628\" data-end=\"652\">\n<p data-start=\"630\" data-end=\"652\"><strong data-start=\"630\" data-end=\"646\">Crude protein:<\/strong> 32%<\/p>\n<\/li>\n<li data-start=\"653\" data-end=\"671\">\n<p data-start=\"655\" data-end=\"671\"><strong data-start=\"655\" data-end=\"667\">Crude oil:<\/strong> 13%<\/p>\n<\/li>\n<\/ul>\n<p data-start=\"673\" data-end=\"693\"><strong data-start=\"673\" data-end=\"691\">Features:<\/strong><\/p>\n<ul data-start=\"694\" data-end=\"847\">\n<li data-start=\"694\" data-end=\"732\">\n<p data-start=\"696\" data-end=\"732\">Natural and high-quality ingredients<\/p>\n<\/li>\n<li data-start=\"733\" data-end=\"775\">\n<p data-start=\"735\" data-end=\"775\">Rich in probiotics that aid digestion<\/p>\n<\/li>\n<li data-start=\"776\" data-end=\"810\">\n<p data-start=\"778\" data-end=\"810\">Protects the skin and coat<\/p>\n<\/li>\n<li data-start=\"811\" data-end=\"847\">\n<p data-start=\"813\" data-end=\"847\">Complete and balanced daily nutrition<\/p>\n<\/li>\n<\/ul>\n<\/div>\n<p><!-- .vgblk-rw-wrapper --><\/p>","protected":false},"excerpt":{"rendered":"<p>Petline Serenity Adult Lamb Selection (12 kq) Super Premium pi\u015fik yem\u0259yi \u2013 Yetkin pi\u015fikl\u0259r \u00fc\u00e7\u00fcn quzu \u0259tli se\u00e7im Petline Serenity Lamb Selection \u2013 yetkin pi\u015fikl\u0259r \u00fc\u00e7\u00fcn y\u00fcks\u0259k keyfiyy\u0259tli, probiotikl\u0259rl\u0259 z\u0259nginl\u0259\u015fdirilmi\u015f super premium pi\u015fik yem\u0259yidir. Quzu \u0259ti \u0259sasl\u0131 t\u0259rkibi il\u0259 h\u0259ssas h\u0259zm sistemin\u0259 sahib pi\u015fikl\u0259r \u00fc\u00e7\u00fcn ideal se\u00e7imdir. Vitamin v\u0259 minerallarla balansla\u015fd\u0131r\u0131lm\u0131\u015f bu yem immuniteti g\u00fccl\u0259ndirm\u0259y\u0259,&#8230;<\/p>","protected":false},"featured_media":989848,"comment_status":"closed","ping_status":"closed","template":"","meta":{"nf_dc_page":"","_monsterinsights_skip_tracking":false,"_monsterinsights_sitenote_active":false,"_monsterinsights_sitenote_note":"","_monsterinsights_sitenote_category":0},"product_brand":[],"product_cat":[244,51,245],"product_tag":[],"class_list":{"0":"post-989847","1":"product","2":"type-product","3":"status-publish","4":"has-post-thumbnail","6":"product_cat-it-ve-pisik-mehsullari","7":"product_cat-cat","8":"product_cat-yemler","10":"first","11":"instock","12":"shipping-taxable","13":"product-type-simple"},"jetpack_sharing_enabled":true,"_links":{"self":[{"href":"https:\/\/agrovetazerbaijan.az\/en\/wp-json\/wp\/v2\/product\/989847","targetHints":{"allow":["GET"]}}],"collection":[{"href":"https:\/\/agrovetazerbaijan.az\/en\/wp-json\/wp\/v2\/product"}],"about":[{"href":"https:\/\/agrovetazerbaijan.az\/en\/wp-json\/wp\/v2\/types\/product"}],"replies":[{"embeddable":true,"href":"https:\/\/agrovetazerbaijan.az\/en\/wp-json\/wp\/v2\/comments?post=989847"}],"version-history":[{"count":2,"href":"https:\/\/agrovetazerbaijan.az\/en\/wp-json\/wp\/v2\/product\/989847\/revisions"}],"predecessor-version":[{"id":989850,"href":"https:\/\/agrovetazerbaijan.az\/en\/wp-json\/wp\/v2\/product\/989847\/revisions\/989850"}],"wp:featuredmedia":[{"embeddable":true,"href":"https:\/\/agrovetazerbaijan.az\/en\/wp-json\/wp\/v2\/media\/989848"}],"wp:attachment":[{"href":"https:\/\/agrovetazerbaijan.az\/en\/wp-json\/wp\/v2\/media?parent=989847"}],"wp:term":[{"taxonomy":"product_brand","embeddable":true,"href":"https:\/\/agrovetazerbaijan.az\/en\/wp-json\/wp\/v2\/product_brand?post=989847"},{"taxonomy":"product_cat","embeddable":true,"href":"https:\/\/agrovetazerbaijan.az\/en\/wp-json\/wp\/v2\/product_cat?post=989847"},{"taxonomy":"product_tag","embeddable":true,"href":"https:\/\/agrovetazerbaijan.az\/en\/wp-json\/wp\/v2\/product_tag?post=989847"}],"curies":[{"name":"wp","href":"https:\/\/api.w.org\/{rel}","templated":true}]}}