{"id":989793,"date":"2025-07-10T11:37:05","date_gmt":"2025-07-10T11:37:05","guid":{"rendered":"https:\/\/agrovetazerbaijan.az\/?post_type=product&#038;p=989793"},"modified":"2025-07-10T11:37:23","modified_gmt":"2025-07-10T11:37:23","slug":"carnaval-baby-powder-clumping-cat-litter-pisik-qumu-usaq-pudrasi-2","status":"publish","type":"product","link":"https:\/\/agrovetazerbaijan.az\/en\/product\/carnaval-baby-powder-clumping-cat-litter-pisik-qumu-usaq-pudrasi-2\/","title":{"rendered":"Carnaval Baby Powder Clumping Cat Litter"},"content":{"rendered":"<div class=\"vgblk-rw-wrapper limit-wrapper\">\n<h3 data-start=\"144\" data-end=\"190\"><strong data-start=\"148\" data-end=\"190\">Powder Scented Natural Bentonite Cat Litter<\/strong><\/h3>\n<p data-start=\"192\" data-end=\"460\">Well-known Turkish manufacturer <em data-start=\"225\" data-end=\"244\">Carnaval Pet Food<\/em> This cat litter is made from high-quality bentonite mineral. With its natural, clumping structure and powdery scent, it keeps both your cat comfortable and your home clean.<\/p>\n<p data-start=\"462\" data-end=\"485\"><strong data-start=\"462\" data-end=\"485\">Main features:<\/strong><\/p>\n<ul data-start=\"487\" data-end=\"1150\">\n<li data-start=\"487\" data-end=\"578\">\n<p data-start=\"489\" data-end=\"578\"><strong data-start=\"489\" data-end=\"515\">Naturally assembled formula:<\/strong> It absorbs the liquid effectively by immediately clumping together upon contact with urine.<\/p>\n<\/li>\n<li data-start=\"579\" data-end=\"694\">\n<p data-start=\"581\" data-end=\"694\"><strong data-start=\"581\" data-end=\"620\">Odor-absorbing powder scented particles:<\/strong> It suppresses unpleasant odors and prevents the spread of urine odor.<\/p>\n<\/li>\n<li data-start=\"695\" data-end=\"769\">\n<p data-start=\"697\" data-end=\"769\"><strong data-start=\"697\" data-end=\"720\">Does not stick to paws:<\/strong> Sand does not spread throughout the house, and the floor and furniture remain clean.<\/p>\n<\/li>\n<li data-start=\"770\" data-end=\"873\">\n<p data-start=\"772\" data-end=\"873\"><strong data-start=\"772\" data-end=\"801\">High water retention capacity:<\/strong> It absorbs moisture quickly, ensuring that the container remains dry and hygienic.<\/p>\n<\/li>\n<li data-start=\"874\" data-end=\"963\">\n<p data-start=\"876\" data-end=\"963\"><strong data-start=\"876\" data-end=\"893\">99.5% dust-free:<\/strong> With its gentle composition, it does not interfere with breathing and reduces the risk of allergies.<\/p>\n<\/li>\n<li data-start=\"964\" data-end=\"1050\">\n<p data-start=\"966\" data-end=\"1050\"><strong data-start=\"966\" data-end=\"985\">Easy cleaning:<\/strong> Thanks to the collected sand grains, it is easy to remove the waste.<\/p>\n<\/li>\n<li data-start=\"1051\" data-end=\"1150\">\n<p data-start=\"1053\" data-end=\"1150\"><strong data-start=\"1053\" data-end=\"1094\">100% is natural and environmentally friendly:<\/strong> No chemical additives \u2013 safe for your cat.<\/p>\n<\/li>\n<\/ul>\n<p data-start=\"1152\" data-end=\"1237\"><strong data-start=\"1152\" data-end=\"1176\">Packaging types:<\/strong> 5L, 10L, 20L<br data-start=\"1189\" data-end=\"1192\" \/><strong data-start=\"1192\" data-end=\"1207\">Manufacturer:<\/strong> <em data-start=\"1208\" data-end=\"1227\">Carnaval Pet Food<\/em> \u2013 Turkey<\/p>\n<\/div>\n<p><!-- .vgblk-rw-wrapper --><\/p>","protected":false},"excerpt":{"rendered":"<p>Pudra \u018ftirli T\u0259bii Bentonit Pi\u015fik Qumu T\u00fcrkiy\u0259nin tan\u0131nm\u0131\u015f istehsal\u00e7\u0131s\u0131 Carnaval Pet Food t\u0259r\u0259find\u0259n haz\u0131rlanan bu pi\u015fik qumu y\u00fcks\u0259k keyfiyy\u0259tli bentonit mineral\u0131ndan istehsal edilmi\u015fdir. T\u0259bii, y\u0131\u011f\u0131lan qurulu\u015fu v\u0259 pudra \u0259tirli t\u0259rkibi il\u0259 h\u0259m pi\u015fiyinizin rahatl\u0131\u011f\u0131n\u0131, h\u0259m d\u0259 evinizin t\u0259mizliyini qoruyur. \u018fsas x\u00fcsusiyy\u0259tl\u0259r: T\u0259bii y\u0131\u011f\u0131lan formula: Sidikl\u0259 t\u0259masda d\u0259rhal y\u0131\u011f\u0131laraq mayeni effektiv \u015f\u0259kild\u0259 udur. Qoxu udan pudra&#8230;<\/p>","protected":false},"featured_media":989794,"comment_status":"closed","ping_status":"closed","template":"","meta":{"nf_dc_page":"","_monsterinsights_skip_tracking":false,"_monsterinsights_sitenote_active":false,"_monsterinsights_sitenote_note":"","_monsterinsights_sitenote_category":0},"product_brand":[],"product_cat":[244,51,247],"product_tag":[],"class_list":{"0":"post-989793","1":"product","2":"type-product","3":"status-publish","4":"has-post-thumbnail","6":"product_cat-it-ve-pisik-mehsullari","7":"product_cat-cat","8":"product_cat-qum-ve-kosmetik-vasiteler","10":"first","11":"instock","12":"shipping-taxable","13":"product-type-simple"},"jetpack_sharing_enabled":true,"_links":{"self":[{"href":"https:\/\/agrovetazerbaijan.az\/en\/wp-json\/wp\/v2\/product\/989793","targetHints":{"allow":["GET"]}}],"collection":[{"href":"https:\/\/agrovetazerbaijan.az\/en\/wp-json\/wp\/v2\/product"}],"about":[{"href":"https:\/\/agrovetazerbaijan.az\/en\/wp-json\/wp\/v2\/types\/product"}],"replies":[{"embeddable":true,"href":"https:\/\/agrovetazerbaijan.az\/en\/wp-json\/wp\/v2\/comments?post=989793"}],"version-history":[{"count":1,"href":"https:\/\/agrovetazerbaijan.az\/en\/wp-json\/wp\/v2\/product\/989793\/revisions"}],"predecessor-version":[{"id":989795,"href":"https:\/\/agrovetazerbaijan.az\/en\/wp-json\/wp\/v2\/product\/989793\/revisions\/989795"}],"wp:featuredmedia":[{"embeddable":true,"href":"https:\/\/agrovetazerbaijan.az\/en\/wp-json\/wp\/v2\/media\/989794"}],"wp:attachment":[{"href":"https:\/\/agrovetazerbaijan.az\/en\/wp-json\/wp\/v2\/media?parent=989793"}],"wp:term":[{"taxonomy":"product_brand","embeddable":true,"href":"https:\/\/agrovetazerbaijan.az\/en\/wp-json\/wp\/v2\/product_brand?post=989793"},{"taxonomy":"product_cat","embeddable":true,"href":"https:\/\/agrovetazerbaijan.az\/en\/wp-json\/wp\/v2\/product_cat?post=989793"},{"taxonomy":"product_tag","embeddable":true,"href":"https:\/\/agrovetazerbaijan.az\/en\/wp-json\/wp\/v2\/product_tag?post=989793"}],"curies":[{"name":"wp","href":"https:\/\/api.w.org\/{rel}","templated":true}]}}