{"id":989787,"date":"2025-07-10T11:30:19","date_gmt":"2025-07-10T11:30:19","guid":{"rendered":"https:\/\/agrovetazerbaijan.az\/?post_type=product&#038;p=989787"},"modified":"2025-07-10T11:30:31","modified_gmt":"2025-07-10T11:30:31","slug":"carnaval-natural-clumping-cat-litter-pisik-qumu-natural","status":"publish","type":"product","link":"https:\/\/agrovetazerbaijan.az\/en\/product\/carnaval-natural-clumping-cat-litter-pisik-qumu-natural\/","title":{"rendered":"Carnaval Natural Clumping Cat Litter Cat litter (natural)"},"content":{"rendered":"<div class=\"vgblk-rw-wrapper limit-wrapper\">\n<h3 data-start=\"132\" data-end=\"193\"><strong data-start=\"136\" data-end=\"193\">Natural Bentonite Cat Litter \u2013 Odorless and Convenient to Use<\/strong><\/h3>\n<p data-start=\"195\" data-end=\"420\">This hygienic cat litter is made from high-quality bentonite mineral. <em data-start=\"272\" data-end=\"291\">Carnaval Pet Food<\/em> (Turkey) production. 100% is a natural and environmentally friendly product, distinguished by its compact structure and odor-absorbing ability.<\/p>\n<p data-start=\"422\" data-end=\"448\"><strong data-start=\"422\" data-end=\"448\">Product advantages:<\/strong><\/p>\n<ul data-start=\"449\" data-end=\"1060\">\n<li data-start=\"449\" data-end=\"535\">\n<p data-start=\"451\" data-end=\"535\"><strong data-start=\"451\" data-end=\"476\">Natural stacking structure<\/strong> \u2013 it clumps immediately upon contact with urine and quickly absorbs the liquid.<\/p>\n<\/li>\n<li data-start=\"536\" data-end=\"645\">\n<p data-start=\"538\" data-end=\"645\"><strong data-start=\"538\" data-end=\"570\">Fine particles that absorb odors<\/strong> \u2013 prevents unpleasant odors thanks to natural fragrance components.<\/p>\n<\/li>\n<li data-start=\"646\" data-end=\"713\">\n<p data-start=\"648\" data-end=\"713\"><strong data-start=\"648\" data-end=\"670\">Does not stick to paws<\/strong> \u2013 maintains cleanliness and does not pollute the environment.<\/p>\n<\/li>\n<li data-start=\"714\" data-end=\"776\">\n<p data-start=\"716\" data-end=\"776\"><strong data-start=\"716\" data-end=\"744\">High water retention capacity<\/strong> \u2013 ensures maximum hygiene.<\/p>\n<\/li>\n<li data-start=\"777\" data-end=\"851\">\n<p data-start=\"779\" data-end=\"851\"><strong data-start=\"779\" data-end=\"795\">99.5% dust-free<\/strong> \u2013 does not interfere with breathing, minimizes dust.<\/p>\n<\/li>\n<li data-start=\"852\" data-end=\"921\">\n<p data-start=\"854\" data-end=\"921\"><strong data-start=\"854\" data-end=\"902\">Sand grains stick together and accumulate.<\/strong> \u2013 easy to clean.<\/p>\n<\/li>\n<li data-start=\"922\" data-end=\"986\">\n<p data-start=\"924\" data-end=\"986\"><strong data-start=\"924\" data-end=\"961\">Keeps the container dry and clean<\/strong> \u2013 long-term comfort.<\/p>\n<\/li>\n<li data-start=\"987\" data-end=\"1060\">\n<p data-start=\"989\" data-end=\"1060\"><strong data-start=\"989\" data-end=\"1017\">100% natural and safe<\/strong> \u2013 an ideal choice for your cat and your home.<\/p>\n<\/li>\n<\/ul>\n<p data-start=\"1062\" data-end=\"1153\"><strong data-start=\"1062\" data-end=\"1078\">Packaging:<\/strong> 5L, 10L, 20L<br data-start=\"1091\" data-end=\"1094\" \/><strong data-start=\"1094\" data-end=\"1114\">Country of manufacture:<\/strong> Turkey<br data-start=\"1122\" data-end=\"1125\" \/><strong data-start=\"1125\" data-end=\"1135\">Brand:<\/strong> Carnaval Pet Food<\/p>\n<\/div>\n<p><!-- .vgblk-rw-wrapper --><\/p>","protected":false},"excerpt":{"rendered":"<p>T\u0259bii Bentonit Pi\u015fik Qumu \u2013 Qoxusuz v\u0259 Rahat \u0130stifad\u0259 Y\u00fcks\u0259k keyfiyy\u0259tli bentonit mineral\u0131ndan haz\u0131rlanm\u0131\u015f bu gigiyenik pi\u015fik qumu Carnaval Pet Food (T\u00fcrkiy\u0259) istehsal\u0131d\u0131r. 100% t\u0259bii v\u0259 ekoloji c\u0259h\u0259td\u0259n t\u0259miz olan m\u0259hsul y\u0131\u011f\u0131lan strukturu v\u0259 qoxu udma qabiliyy\u0259ti il\u0259 se\u00e7ilir. M\u0259hsulun \u00fcst\u00fcnl\u00fckl\u0259ri: T\u0259bii y\u0131\u011f\u0131lan qurulu\u015f \u2013 sidikl\u0259 t\u0259masda d\u0259rhal topalan\u0131r v\u0259 mayeni s\u00fcr\u0259tl\u0259 udur. Qoxunu udan&#8230;<\/p>","protected":false},"featured_media":989788,"comment_status":"closed","ping_status":"closed","template":"","meta":{"nf_dc_page":"","_monsterinsights_skip_tracking":false,"_monsterinsights_sitenote_active":false,"_monsterinsights_sitenote_note":"","_monsterinsights_sitenote_category":0},"product_brand":[],"product_cat":[244,51,247],"product_tag":[],"class_list":{"0":"post-989787","1":"product","2":"type-product","3":"status-publish","4":"has-post-thumbnail","6":"product_cat-it-ve-pisik-mehsullari","7":"product_cat-cat","8":"product_cat-qum-ve-kosmetik-vasiteler","10":"first","11":"instock","12":"shipping-taxable","13":"product-type-simple"},"jetpack_sharing_enabled":true,"_links":{"self":[{"href":"https:\/\/agrovetazerbaijan.az\/en\/wp-json\/wp\/v2\/product\/989787","targetHints":{"allow":["GET"]}}],"collection":[{"href":"https:\/\/agrovetazerbaijan.az\/en\/wp-json\/wp\/v2\/product"}],"about":[{"href":"https:\/\/agrovetazerbaijan.az\/en\/wp-json\/wp\/v2\/types\/product"}],"replies":[{"embeddable":true,"href":"https:\/\/agrovetazerbaijan.az\/en\/wp-json\/wp\/v2\/comments?post=989787"}],"version-history":[{"count":2,"href":"https:\/\/agrovetazerbaijan.az\/en\/wp-json\/wp\/v2\/product\/989787\/revisions"}],"predecessor-version":[{"id":989790,"href":"https:\/\/agrovetazerbaijan.az\/en\/wp-json\/wp\/v2\/product\/989787\/revisions\/989790"}],"wp:featuredmedia":[{"embeddable":true,"href":"https:\/\/agrovetazerbaijan.az\/en\/wp-json\/wp\/v2\/media\/989788"}],"wp:attachment":[{"href":"https:\/\/agrovetazerbaijan.az\/en\/wp-json\/wp\/v2\/media?parent=989787"}],"wp:term":[{"taxonomy":"product_brand","embeddable":true,"href":"https:\/\/agrovetazerbaijan.az\/en\/wp-json\/wp\/v2\/product_brand?post=989787"},{"taxonomy":"product_cat","embeddable":true,"href":"https:\/\/agrovetazerbaijan.az\/en\/wp-json\/wp\/v2\/product_cat?post=989787"},{"taxonomy":"product_tag","embeddable":true,"href":"https:\/\/agrovetazerbaijan.az\/en\/wp-json\/wp\/v2\/product_tag?post=989787"}],"curies":[{"name":"wp","href":"https:\/\/api.w.org\/{rel}","templated":true}]}}