{"id":989784,"date":"2025-07-10T11:27:42","date_gmt":"2025-07-10T11:27:42","guid":{"rendered":"https:\/\/agrovetazerbaijan.az\/?post_type=product&#038;p=989784"},"modified":"2025-07-10T11:27:55","modified_gmt":"2025-07-10T11:27:55","slug":"carnaval-lavanda-clumping-cat-litter-pisik-qumulavanda","status":"publish","type":"product","link":"https:\/\/agrovetazerbaijan.az\/en\/product\/carnaval-lavanda-clumping-cat-litter-pisik-qumulavanda\/","title":{"rendered":"Carnaval Lavender Clumping Cat Litter Cat Litter (Lavender)"},"content":{"rendered":"<div class=\"vgblk-rw-wrapper limit-wrapper\">\n<p data-start=\"103\" data-end=\"147\"><strong data-start=\"103\" data-end=\"147\">Lavender Scented Natural Bentonite Cat Litter<\/strong><\/p>\n<p data-start=\"149\" data-end=\"440\">Turkey <em data-start=\"160\" data-end=\"179\">Carnaval Pet Food<\/em> This lavender-scented cat litter, produced by the company, is a natural and environmentally friendly product made from high-quality bentonite mineral, 100%. With its hygienic and stackable structure, it ensures the comfort of both your cat and your home.<\/p>\n<p data-start=\"442\" data-end=\"459\"><strong data-start=\"442\" data-end=\"459\">Advantages:<\/strong><\/p>\n<ul data-start=\"460\" data-end=\"979\">\n<li data-start=\"460\" data-end=\"539\">\n<p data-start=\"462\" data-end=\"539\"><strong data-start=\"462\" data-end=\"487\">Naturally accumulating formula<\/strong> \u2013 It immediately clumps upon contact with urine, quickly absorbing fluid.<\/p>\n<\/li>\n<li data-start=\"540\" data-end=\"618\">\n<p data-start=\"542\" data-end=\"618\"><strong data-start=\"542\" data-end=\"572\">Lavender scented particles<\/strong> \u2013 absorbs odor and prevents it from spreading.<\/p>\n<\/li>\n<li data-start=\"619\" data-end=\"680\">\n<p data-start=\"621\" data-end=\"680\"><strong data-start=\"621\" data-end=\"652\">Non-stick texture<\/strong> \u2013 keeps the house clean.<\/p>\n<\/li>\n<li data-start=\"681\" data-end=\"756\">\n<p data-start=\"683\" data-end=\"756\"><strong data-start=\"683\" data-end=\"714\">High water retention capacity<\/strong> \u2013 maintains hygiene at the maximum level.<\/p>\n<\/li>\n<li data-start=\"757\" data-end=\"830\">\n<p data-start=\"759\" data-end=\"830\"><strong data-start=\"759\" data-end=\"778\">99.5% dust-free<\/strong> \u2013 does not affect breathing and comfort of use.<\/p>\n<\/li>\n<li data-start=\"831\" data-end=\"892\">\n<p data-start=\"833\" data-end=\"892\"><strong data-start=\"833\" data-end=\"852\">Easy to clean<\/strong> \u2013 keeps the container dry and tidy.<\/p>\n<\/li>\n<li data-start=\"893\" data-end=\"979\">\n<p data-start=\"895\" data-end=\"979\"><strong data-start=\"895\" data-end=\"943\">Sand grains stick together and accumulate.<\/strong> \u2013 waste disposal becomes easier.<\/p>\n<\/li>\n<\/ul>\n<p data-start=\"981\" data-end=\"1075\"><strong data-start=\"981\" data-end=\"1005\">Packaging types:<\/strong> 5L, 10L, 20L<br data-start=\"1018\" data-end=\"1021\" \/><strong data-start=\"1021\" data-end=\"1031\">Origin:<\/strong> Turkey<br data-start=\"1039\" data-end=\"1042\" \/><strong data-start=\"1042\" data-end=\"1057\">Manufacturer:<\/strong> Carnaval Pet Food<\/p>\n<p data-start=\"1077\" data-end=\"1156\">A natural and hygienic choice for your cat \u2013 both comfort and cleanliness in one!<\/p>\n<\/div>\n<p><!-- .vgblk-rw-wrapper --><\/p>","protected":false},"excerpt":{"rendered":"<p>Lavanda \u018ftirli T\u0259bii Bentonit Pi\u015fik Qumu T\u00fcrkiy\u0259nin Carnaval Pet Food \u015firk\u0259ti t\u0259r\u0259find\u0259n istehsal edil\u0259n bu lavanda \u0259tirli pi\u015fik qumu y\u00fcks\u0259k keyfiyy\u0259tli bentonit mineral\u0131ndan haz\u0131rlanm\u0131\u015f, 100% t\u0259bii v\u0259 ekoloji c\u0259h\u0259td\u0259n t\u0259miz bir m\u0259hsuldur. Gigiyenik v\u0259 y\u0131\u011f\u0131lan qurulu\u015fu il\u0259 h\u0259m pi\u015fiyinizin, h\u0259m d\u0259 evinizin rahatl\u0131\u011f\u0131n\u0131 t\u0259min edir. \u00dcst\u00fcnl\u00fckl\u0259ri: T\u0259bii y\u0131\u011f\u0131lan formula \u2013 sidikl\u0259 t\u0259masda d\u0259rhal y\u0131\u011f\u0131l\u0131r, mayeni&#8230;<\/p>","protected":false},"featured_media":989785,"comment_status":"closed","ping_status":"closed","template":"","meta":{"nf_dc_page":"","_monsterinsights_skip_tracking":false,"_monsterinsights_sitenote_active":false,"_monsterinsights_sitenote_note":"","_monsterinsights_sitenote_category":0},"product_brand":[],"product_cat":[247,244,51],"product_tag":[],"class_list":{"0":"post-989784","1":"product","2":"type-product","3":"status-publish","4":"has-post-thumbnail","6":"product_cat-qum-ve-kosmetik-vasiteler","7":"product_cat-it-ve-pisik-mehsullari","8":"product_cat-cat","10":"first","11":"instock","12":"shipping-taxable","13":"product-type-simple"},"jetpack_sharing_enabled":true,"_links":{"self":[{"href":"https:\/\/agrovetazerbaijan.az\/en\/wp-json\/wp\/v2\/product\/989784","targetHints":{"allow":["GET"]}}],"collection":[{"href":"https:\/\/agrovetazerbaijan.az\/en\/wp-json\/wp\/v2\/product"}],"about":[{"href":"https:\/\/agrovetazerbaijan.az\/en\/wp-json\/wp\/v2\/types\/product"}],"replies":[{"embeddable":true,"href":"https:\/\/agrovetazerbaijan.az\/en\/wp-json\/wp\/v2\/comments?post=989784"}],"version-history":[{"count":1,"href":"https:\/\/agrovetazerbaijan.az\/en\/wp-json\/wp\/v2\/product\/989784\/revisions"}],"predecessor-version":[{"id":989786,"href":"https:\/\/agrovetazerbaijan.az\/en\/wp-json\/wp\/v2\/product\/989784\/revisions\/989786"}],"wp:featuredmedia":[{"embeddable":true,"href":"https:\/\/agrovetazerbaijan.az\/en\/wp-json\/wp\/v2\/media\/989785"}],"wp:attachment":[{"href":"https:\/\/agrovetazerbaijan.az\/en\/wp-json\/wp\/v2\/media?parent=989784"}],"wp:term":[{"taxonomy":"product_brand","embeddable":true,"href":"https:\/\/agrovetazerbaijan.az\/en\/wp-json\/wp\/v2\/product_brand?post=989784"},{"taxonomy":"product_cat","embeddable":true,"href":"https:\/\/agrovetazerbaijan.az\/en\/wp-json\/wp\/v2\/product_cat?post=989784"},{"taxonomy":"product_tag","embeddable":true,"href":"https:\/\/agrovetazerbaijan.az\/en\/wp-json\/wp\/v2\/product_tag?post=989784"}],"curies":[{"name":"wp","href":"https:\/\/api.w.org\/{rel}","templated":true}]}}