{"id":989780,"date":"2025-07-10T09:07:44","date_gmt":"2025-07-10T09:07:44","guid":{"rendered":"https:\/\/agrovetazerbaijan.az\/?post_type=product&#038;p=989780"},"modified":"2025-07-10T11:35:00","modified_gmt":"2025-07-10T11:35:00","slug":"carnaval-baby-powder-clumping-cat-litter-pisik-qumu-usaq-pudrasi","status":"publish","type":"product","link":"https:\/\/agrovetazerbaijan.az\/en\/product\/carnaval-baby-powder-clumping-cat-litter-pisik-qumu-usaq-pudrasi\/","title":{"rendered":"Carnaval Marseille soap Clumping Cat Litter Cat litter (Marseille)"},"content":{"rendered":"<div class=\"vgblk-rw-wrapper limit-wrapper\">\n<p data-start=\"78\" data-end=\"145\"><strong data-start=\"78\" data-end=\"145\">Natural Bentonite Cat Litter \u2013 High Quality, Maximum Hygiene<\/strong><\/p>\n<p data-start=\"147\" data-end=\"451\">This cat litter 100% made from high-quality bentonite mineral by Carnaval Pet Food (Turkey) is natural and environmentally friendly. The sand quickly clumps when it comes into contact with urine and immediately absorbs the liquid. This makes cleaning easier and effectively prevents odor.<\/p>\n<p data-start=\"453\" data-end=\"475\"><strong data-start=\"453\" data-end=\"475\">Main advantages:<\/strong><\/p>\n<ul data-start=\"476\" data-end=\"868\">\n<li data-start=\"476\" data-end=\"570\">\n<p data-start=\"478\" data-end=\"570\">Put an end to unpleasant odors thanks to fine odor-absorbing particles and powdery fragrance components.<\/p>\n<\/li>\n<li data-start=\"571\" data-end=\"633\">\n<p data-start=\"573\" data-end=\"633\">Hygienic and dry container with high water retention capacity.<\/p>\n<\/li>\n<li data-start=\"634\" data-end=\"699\">\n<p data-start=\"636\" data-end=\"699\">99.5% dust-free \u2013 does not interfere with breathing and does not pollute the environment.<\/p>\n<\/li>\n<li data-start=\"700\" data-end=\"772\">\n<p data-start=\"702\" data-end=\"772\">The sand grains are perfectly collected and collected - easy to clean.<\/p>\n<\/li>\n<li data-start=\"773\" data-end=\"821\">\n<p data-start=\"775\" data-end=\"821\">It doesn&#039;t stick to paws - it keeps the house clean.<\/p>\n<\/li>\n<li data-start=\"822\" data-end=\"868\">\n<p data-start=\"824\" data-end=\"868\">Different packaging options: 5L, 10L, 20L<\/p>\n<\/li>\n<\/ul>\n<p data-start=\"870\" data-end=\"934\">It is the ideal choice for your cat&#039;s comfort and the cleanliness of your home.<\/p>\n<\/div>\n<p><!-- .vgblk-rw-wrapper --><\/p>","protected":false},"excerpt":{"rendered":"<p>T\u0259bii Bentonit Pi\u015fik Qumu \u2013 Y\u00fcks\u0259k Keyfiyy\u0259t, Maksimum Gigiyena Carnaval Pet Food (T\u00fcrkiy\u0259) t\u0259r\u0259find\u0259n y\u00fcks\u0259k keyfiyy\u0259tli bentonit mineral\u0131ndan haz\u0131rlanm\u0131\u015f bu pi\u015fik qumu 100% t\u0259bii v\u0259 ekoloji c\u0259h\u0259td\u0259n t\u0259mizdir. Qum sidikl\u0259 t\u0259masda olduqda tez bir \u015f\u0259kild\u0259 y\u0131\u011f\u0131l\u0131r v\u0259 mayeni d\u0259rhal tutur. Bu say\u0259d\u0259 h\u0259m t\u0259mizlik asanla\u015f\u0131r, h\u0259m d\u0259 qoxunun qar\u015f\u0131s\u0131 effektiv \u015f\u0259kild\u0259 al\u0131n\u0131r. \u018fsas \u00fcst\u00fcnl\u00fckl\u0259ri: Qoxunu&#8230;<\/p>","protected":false},"featured_media":989781,"comment_status":"closed","ping_status":"closed","template":"","meta":{"nf_dc_page":"","_monsterinsights_skip_tracking":false,"_monsterinsights_sitenote_active":false,"_monsterinsights_sitenote_note":"","_monsterinsights_sitenote_category":0},"product_brand":[],"product_cat":[247,244,51],"product_tag":[],"class_list":{"0":"post-989780","1":"product","2":"type-product","3":"status-publish","4":"has-post-thumbnail","6":"product_cat-qum-ve-kosmetik-vasiteler","7":"product_cat-it-ve-pisik-mehsullari","8":"product_cat-cat","10":"first","11":"instock","12":"shipping-taxable","13":"product-type-simple"},"jetpack_sharing_enabled":true,"_links":{"self":[{"href":"https:\/\/agrovetazerbaijan.az\/en\/wp-json\/wp\/v2\/product\/989780","targetHints":{"allow":["GET"]}}],"collection":[{"href":"https:\/\/agrovetazerbaijan.az\/en\/wp-json\/wp\/v2\/product"}],"about":[{"href":"https:\/\/agrovetazerbaijan.az\/en\/wp-json\/wp\/v2\/types\/product"}],"replies":[{"embeddable":true,"href":"https:\/\/agrovetazerbaijan.az\/en\/wp-json\/wp\/v2\/comments?post=989780"}],"version-history":[{"count":3,"href":"https:\/\/agrovetazerbaijan.az\/en\/wp-json\/wp\/v2\/product\/989780\/revisions"}],"predecessor-version":[{"id":989840,"href":"https:\/\/agrovetazerbaijan.az\/en\/wp-json\/wp\/v2\/product\/989780\/revisions\/989840"}],"wp:featuredmedia":[{"embeddable":true,"href":"https:\/\/agrovetazerbaijan.az\/en\/wp-json\/wp\/v2\/media\/989781"}],"wp:attachment":[{"href":"https:\/\/agrovetazerbaijan.az\/en\/wp-json\/wp\/v2\/media?parent=989780"}],"wp:term":[{"taxonomy":"product_brand","embeddable":true,"href":"https:\/\/agrovetazerbaijan.az\/en\/wp-json\/wp\/v2\/product_brand?post=989780"},{"taxonomy":"product_cat","embeddable":true,"href":"https:\/\/agrovetazerbaijan.az\/en\/wp-json\/wp\/v2\/product_cat?post=989780"},{"taxonomy":"product_tag","embeddable":true,"href":"https:\/\/agrovetazerbaijan.az\/en\/wp-json\/wp\/v2\/product_tag?post=989780"}],"curies":[{"name":"wp","href":"https:\/\/api.w.org\/{rel}","templated":true}]}}