{"id":989717,"date":"2025-06-20T15:53:17","date_gmt":"2025-06-20T15:53:17","guid":{"rendered":"https:\/\/agrovetazerbaijan.az\/?post_type=product&#038;p=989717"},"modified":"2025-06-20T15:53:38","modified_gmt":"2025-06-20T15:53:38","slug":"gromax","status":"publish","type":"product","link":"https:\/\/agrovetazerbaijan.az\/en\/product\/gromax\/","title":{"rendered":"Gromax"},"content":{"rendered":"<div class=\"vgblk-rw-wrapper limit-wrapper\">\n<h3 data-start=\"196\" data-end=\"247\"><strong data-start=\"200\" data-end=\"247\">Gromax \u2013 Combined Anticoccidial Feed Additive<\/strong><\/h3>\n<p data-start=\"249\" data-end=\"307\"><strong data-start=\"249\" data-end=\"261\">Ingredients:<\/strong><br data-start=\"261\" data-end=\"264\" \/>\ud83d\udd39 Maduramicin \u2013 0.75%<br data-start=\"286\" data-end=\"289\" \/>\ud83d\udd39 Nicarbazin \u2013 8%<\/p>\n<hr data-start=\"309\" data-end=\"312\" \/>\n<p data-start=\"314\" data-end=\"679\"><strong data-start=\"314\" data-end=\"326\">Description:<\/strong><br data-start=\"326\" data-end=\"329\" \/><strong data-start=\"329\" data-end=\"340\">Gromax<\/strong>, combined composition, broad-spectrum effect <strong data-start=\"388\" data-end=\"421\">coccidiostatic feed additive<\/strong>In veterinary medicine, it is used to prevent coccidiosis in broilers and young birds. The composition <strong data-start=\"547\" data-end=\"562\">Maduramicin<\/strong> and <strong data-start=\"566\" data-end=\"580\">Nicarbazin<\/strong> ingredients have a synergistic effect on the main <strong data-start=\"621\" data-end=\"632\">Eimeria<\/strong> provides high effectiveness against various types.<\/p>\n<hr data-start=\"681\" data-end=\"684\" \/>\n<p data-start=\"686\" data-end=\"768\"><strong data-start=\"686\" data-end=\"708\">Spectrum of Activity:<\/strong><br data-start=\"708\" data-end=\"711\" \/>Gromax is the following <strong data-start=\"729\" data-end=\"740\">Eimeria<\/strong> Active against the following species:<\/p>\n<ul data-start=\"769\" data-end=\"924\">\n<li data-start=\"769\" data-end=\"790\">\n<p data-start=\"771\" data-end=\"790\"><em data-start=\"771\" data-end=\"788\">Eimeria tenella<\/em><\/p>\n<\/li>\n<li data-start=\"791\" data-end=\"808\">\n<p data-start=\"793\" data-end=\"808\"><em data-start=\"793\" data-end=\"806\">E. necatrix<\/em><\/p>\n<\/li>\n<li data-start=\"809\" data-end=\"828\">\n<p data-start=\"811\" data-end=\"828\"><em data-start=\"811\" data-end=\"826\">E. acervulina<\/em><\/p>\n<\/li>\n<li data-start=\"829\" data-end=\"846\">\n<p data-start=\"831\" data-end=\"846\"><em data-start=\"831\" data-end=\"844\">E. brunetti<\/em><\/p>\n<\/li>\n<li data-start=\"847\" data-end=\"862\">\n<p data-start=\"849\" data-end=\"862\"><em data-start=\"849\" data-end=\"860\">E. mewati<\/em><\/p>\n<\/li>\n<li data-start=\"863\" data-end=\"881\">\n<p data-start=\"865\" data-end=\"881\"><em data-start=\"865\" data-end=\"879\">E. adenoides<\/em><\/p>\n<\/li>\n<li data-start=\"882\" data-end=\"904\">\n<p data-start=\"884\" data-end=\"904\"><em data-start=\"884\" data-end=\"902\">E. mellagrimitis<\/em><\/p>\n<\/li>\n<li data-start=\"905\" data-end=\"924\">\n<p data-start=\"907\" data-end=\"924\"><em data-start=\"907\" data-end=\"924\">E. gallopavonis<\/em><\/p>\n<\/li>\n<\/ul>\n<hr data-start=\"926\" data-end=\"929\" \/>\n<p data-start=\"931\" data-end=\"978\"><strong data-start=\"931\" data-end=\"951\">Usage Dosage:<\/strong><br data-start=\"951\" data-end=\"954\" \/>\u27a4 <strong data-start=\"956\" data-end=\"978\">500 grams\/ton of feed<\/strong><\/p>\n<hr data-start=\"980\" data-end=\"983\" \/>\n<p data-start=\"985\" data-end=\"1008\"><strong data-start=\"985\" data-end=\"1006\">Usage Instructions:<\/strong><\/p>\n<ul data-start=\"1009\" data-end=\"1199\">\n<li data-start=\"1009\" data-end=\"1105\">\n<p data-start=\"1011\" data-end=\"1105\"><strong data-start=\"1011\" data-end=\"1032\">Broiler chickens:<\/strong> Starting from 1 day of age <strong data-start=\"1060\" data-end=\"1076\">5 days to slaughter<\/strong> It is given continuously until the end.<\/p>\n<\/li>\n<li data-start=\"1106\" data-end=\"1199\">\n<p data-start=\"1108\" data-end=\"1199\"><strong data-start=\"1108\" data-end=\"1139\">Chicken repair young:<\/strong> From 1 day old <strong data-start=\"1156\" data-end=\"1182\">Up to 16 weeks of age<\/strong> is used.<\/p>\n<\/li>\n<\/ul>\n<hr data-start=\"1201\" data-end=\"1204\" \/>\n<p data-start=\"1206\" data-end=\"1284\"><strong data-start=\"1206\" data-end=\"1222\">Packaging:<\/strong> 25 kg bag<br data-start=\"1233\" data-end=\"1236\" \/><strong data-start=\"1236\" data-end=\"1251\">Manufacturer:<\/strong> <em data-start=\"1252\" data-end=\"1273\">Zenex Animal Health<\/em>, India<\/p>\n<\/div>\n<p><!-- .vgblk-rw-wrapper --><\/p>","protected":false},"excerpt":{"rendered":"<p>Qromaks \u2013 Kombin\u0259 Antikoksidial Yem \u018flav\u0259si T\u0259rkibi:\ud83d\udd39 Maduramicin \u2013 0.75%\ud83d\udd39 Nicarbazin \u2013 8% T\u0259sviri:Qromaks, kombin\u0259 t\u0259rkibli, geni\u015f spektrli t\u0259sir\u0259 malik koksidiostatik yem \u0259lav\u0259sidir. Baytarl\u0131qda broyler v\u0259 t\u0259mir cavan qu\u015flarda koksidiyoz x\u0259st\u0259likl\u0259rinin qar\u015f\u0131s\u0131n\u0131n al\u0131nmas\u0131nda istifad\u0259 olunur. T\u0259rkibind\u0259ki Maduramicin v\u0259 Nicarbazin madd\u0259l\u0259ri sinerji t\u0259sir g\u00f6st\u0259r\u0259r\u0259k \u0259sas Eimeria n\u00f6vl\u0259rin\u0259 qar\u015f\u0131 y\u00fcks\u0259k effektivlik t\u0259min edir. F\u0259aliyy\u0259t Spektri:Qromaks a\u015fa\u011f\u0131dak\u0131 Eimeria&#8230;<\/p>","protected":false},"featured_media":989718,"comment_status":"closed","ping_status":"closed","template":"","meta":{"nf_dc_page":"","_monsterinsights_skip_tracking":false,"_monsterinsights_sitenote_active":false,"_monsterinsights_sitenote_note":"","_monsterinsights_sitenote_category":0},"product_brand":[],"product_cat":[160,241,68],"product_tag":[],"class_list":{"0":"post-989717","1":"product","2":"type-product","3":"status-publish","4":"has-post-thumbnail","6":"product_cat-nutrients","7":"product_cat-koksidiallar","8":"product_cat-poultry","10":"first","11":"instock","12":"shipping-taxable","13":"product-type-simple"},"jetpack_sharing_enabled":true,"_links":{"self":[{"href":"https:\/\/agrovetazerbaijan.az\/en\/wp-json\/wp\/v2\/product\/989717","targetHints":{"allow":["GET"]}}],"collection":[{"href":"https:\/\/agrovetazerbaijan.az\/en\/wp-json\/wp\/v2\/product"}],"about":[{"href":"https:\/\/agrovetazerbaijan.az\/en\/wp-json\/wp\/v2\/types\/product"}],"replies":[{"embeddable":true,"href":"https:\/\/agrovetazerbaijan.az\/en\/wp-json\/wp\/v2\/comments?post=989717"}],"version-history":[{"count":1,"href":"https:\/\/agrovetazerbaijan.az\/en\/wp-json\/wp\/v2\/product\/989717\/revisions"}],"predecessor-version":[{"id":989719,"href":"https:\/\/agrovetazerbaijan.az\/en\/wp-json\/wp\/v2\/product\/989717\/revisions\/989719"}],"wp:featuredmedia":[{"embeddable":true,"href":"https:\/\/agrovetazerbaijan.az\/en\/wp-json\/wp\/v2\/media\/989718"}],"wp:attachment":[{"href":"https:\/\/agrovetazerbaijan.az\/en\/wp-json\/wp\/v2\/media?parent=989717"}],"wp:term":[{"taxonomy":"product_brand","embeddable":true,"href":"https:\/\/agrovetazerbaijan.az\/en\/wp-json\/wp\/v2\/product_brand?post=989717"},{"taxonomy":"product_cat","embeddable":true,"href":"https:\/\/agrovetazerbaijan.az\/en\/wp-json\/wp\/v2\/product_cat?post=989717"},{"taxonomy":"product_tag","embeddable":true,"href":"https:\/\/agrovetazerbaijan.az\/en\/wp-json\/wp\/v2\/product_tag?post=989717"}],"curies":[{"name":"wp","href":"https:\/\/api.w.org\/{rel}","templated":true}]}}