{"id":989713,"date":"2025-06-20T15:50:43","date_gmt":"2025-06-20T15:50:43","guid":{"rendered":"https:\/\/agrovetazerbaijan.az\/?post_type=product&#038;p=989713"},"modified":"2025-06-20T15:51:01","modified_gmt":"2025-06-20T15:51:01","slug":"monywin-plus","status":"publish","type":"product","link":"https:\/\/agrovetazerbaijan.az\/en\/product\/monywin-plus\/","title":{"rendered":"Moneywin Plus"},"content":{"rendered":"<div class=\"vgblk-rw-wrapper limit-wrapper\">\n<h3 data-start=\"185\" data-end=\"241\"><strong data-start=\"189\" data-end=\"241\">Monivin Plus \u2013 Combined Anticoccidial Feed Additive<\/strong><\/h3>\n<p data-start=\"243\" data-end=\"295\"><strong data-start=\"243\" data-end=\"255\">Ingredients:<\/strong><br data-start=\"255\" data-end=\"258\" \/>\ud83d\udd39 Monensin \u2013 8%<br data-start=\"274\" data-end=\"277\" \/>\ud83d\udd39 Nicarbazin \u2013 8%<\/p>\n<hr data-start=\"297\" data-end=\"300\" \/>\n<p data-start=\"302\" data-end=\"569\"><strong data-start=\"302\" data-end=\"314\">Description:<\/strong><br data-start=\"314\" data-end=\"317\" \/><strong data-start=\"317\" data-end=\"333\">Monivin Plus<\/strong> \u2013 has a wide spectrum of effects <strong data-start=\"364\" data-end=\"397\">combined anticoccidial<\/strong> It is a feed additive. It contains <strong data-start=\"427\" data-end=\"453\">Monensin and Nicarbazin<\/strong> The main parasites that parasitize birds, exerting a synergistic effect <strong data-start=\"511\" data-end=\"522\">Eimeria<\/strong> provides high effectiveness against various types.<\/p>\n<hr data-start=\"571\" data-end=\"574\" \/>\n<p data-start=\"576\" data-end=\"644\"><strong data-start=\"576\" data-end=\"598\">Spectrum of Activity:<\/strong><br data-start=\"598\" data-end=\"601\" \/>The following <strong data-start=\"611\" data-end=\"627\">to coccidia<\/strong> is active against:<\/p>\n<ul data-start=\"645\" data-end=\"800\">\n<li data-start=\"645\" data-end=\"666\">\n<p data-start=\"647\" data-end=\"666\"><em data-start=\"647\" data-end=\"664\">Eimeria tenella<\/em><\/p>\n<\/li>\n<li data-start=\"667\" data-end=\"684\">\n<p data-start=\"669\" data-end=\"684\"><em data-start=\"669\" data-end=\"682\">E. necatrix<\/em><\/p>\n<\/li>\n<li data-start=\"685\" data-end=\"704\">\n<p data-start=\"687\" data-end=\"704\"><em data-start=\"687\" data-end=\"702\">E. acervulina<\/em><\/p>\n<\/li>\n<li data-start=\"705\" data-end=\"722\">\n<p data-start=\"707\" data-end=\"722\"><em data-start=\"707\" data-end=\"720\">E. brunetti<\/em><\/p>\n<\/li>\n<li data-start=\"723\" data-end=\"738\">\n<p data-start=\"725\" data-end=\"738\"><em data-start=\"725\" data-end=\"736\">E. mewati<\/em><\/p>\n<\/li>\n<li data-start=\"739\" data-end=\"757\">\n<p data-start=\"741\" data-end=\"757\"><em data-start=\"741\" data-end=\"755\">E. adenoides<\/em><\/p>\n<\/li>\n<li data-start=\"758\" data-end=\"780\">\n<p data-start=\"760\" data-end=\"780\"><em data-start=\"760\" data-end=\"778\">E. mellagrimitis<\/em><\/p>\n<\/li>\n<li data-start=\"781\" data-end=\"800\">\n<p data-start=\"783\" data-end=\"800\"><em data-start=\"783\" data-end=\"800\">E. gallopavonis<\/em><\/p>\n<\/li>\n<\/ul>\n<hr data-start=\"802\" data-end=\"805\" \/>\n<p data-start=\"807\" data-end=\"854\"><strong data-start=\"807\" data-end=\"827\">Usage Dosage:<\/strong><br data-start=\"827\" data-end=\"830\" \/>\u27a4 <strong data-start=\"832\" data-end=\"854\">500 grams\/ton of feed<\/strong><\/p>\n<hr data-start=\"856\" data-end=\"859\" \/>\n<p data-start=\"861\" data-end=\"884\"><strong data-start=\"861\" data-end=\"882\">Usage Instructions:<\/strong><\/p>\n<ul data-start=\"885\" data-end=\"1072\">\n<li data-start=\"885\" data-end=\"981\">\n<p data-start=\"887\" data-end=\"981\"><strong data-start=\"887\" data-end=\"908\">Broiler chickens:<\/strong> Slaughter from 1 day of age <strong data-start=\"943\" data-end=\"952\">1 day<\/strong> used until the end.<\/p>\n<\/li>\n<li data-start=\"982\" data-end=\"1072\">\n<p data-start=\"984\" data-end=\"1072\"><strong data-start=\"984\" data-end=\"1015\">Chicken repair young:<\/strong> From 1 day old <strong data-start=\"1032\" data-end=\"1055\">Up to 16 weeks of age<\/strong> is given continuously.<\/p>\n<\/li>\n<\/ul>\n<hr data-start=\"1074\" data-end=\"1077\" \/>\n<p data-start=\"1079\" data-end=\"1158\"><strong data-start=\"1079\" data-end=\"1095\">Packaging:<\/strong> 25 kg bag<br data-start=\"1106\" data-end=\"1109\" \/><strong data-start=\"1109\" data-end=\"1124\">Manufacturer:<\/strong> <em data-start=\"1125\" data-end=\"1146\">Zenex Animal Health<\/em> \u2013 India<\/p>\n<\/div>\n<p><!-- .vgblk-rw-wrapper --><\/p>","protected":false},"excerpt":{"rendered":"<p>Monivin Plus \u2013 Kombin\u0259 Antikoksidial Yem \u018flav\u0259si T\u0259rkibi:\ud83d\udd39 Monensin \u2013 8%\ud83d\udd39 Nicarbazin \u2013 8% T\u0259sviri:Monivin Plus \u2013 geni\u015f t\u0259sir spektrin\u0259 malik kombin\u0259 edilmi\u015f antikoksidial yem \u0259lav\u0259sidir. T\u0259rkibind\u0259ki Monensin v\u0259 Nicarbazin sinergik t\u0259sir g\u00f6st\u0259r\u0259r\u0259k, qu\u015flarda parazitlik ed\u0259n \u0259sas Eimeria n\u00f6vl\u0259rin\u0259 qar\u015f\u0131 y\u00fcks\u0259k effektivlik t\u0259min edir. F\u0259aliyy\u0259t Spektri:A\u015fa\u011f\u0131dak\u0131 koksidialara qar\u015f\u0131 f\u0259ald\u0131r: Eimeria tenella E. necatrix E. acervulina&#8230;<\/p>","protected":false},"featured_media":989714,"comment_status":"closed","ping_status":"closed","template":"","meta":{"nf_dc_page":"","_monsterinsights_skip_tracking":false,"_monsterinsights_sitenote_active":false,"_monsterinsights_sitenote_note":"","_monsterinsights_sitenote_category":0},"product_brand":[],"product_cat":[160,241,68],"product_tag":[],"class_list":{"0":"post-989713","1":"product","2":"type-product","3":"status-publish","4":"has-post-thumbnail","6":"product_cat-nutrients","7":"product_cat-koksidiallar","8":"product_cat-poultry","10":"first","11":"instock","12":"shipping-taxable","13":"product-type-simple"},"jetpack_sharing_enabled":true,"_links":{"self":[{"href":"https:\/\/agrovetazerbaijan.az\/en\/wp-json\/wp\/v2\/product\/989713","targetHints":{"allow":["GET"]}}],"collection":[{"href":"https:\/\/agrovetazerbaijan.az\/en\/wp-json\/wp\/v2\/product"}],"about":[{"href":"https:\/\/agrovetazerbaijan.az\/en\/wp-json\/wp\/v2\/types\/product"}],"replies":[{"embeddable":true,"href":"https:\/\/agrovetazerbaijan.az\/en\/wp-json\/wp\/v2\/comments?post=989713"}],"version-history":[{"count":2,"href":"https:\/\/agrovetazerbaijan.az\/en\/wp-json\/wp\/v2\/product\/989713\/revisions"}],"predecessor-version":[{"id":989716,"href":"https:\/\/agrovetazerbaijan.az\/en\/wp-json\/wp\/v2\/product\/989713\/revisions\/989716"}],"wp:featuredmedia":[{"embeddable":true,"href":"https:\/\/agrovetazerbaijan.az\/en\/wp-json\/wp\/v2\/media\/989714"}],"wp:attachment":[{"href":"https:\/\/agrovetazerbaijan.az\/en\/wp-json\/wp\/v2\/media?parent=989713"}],"wp:term":[{"taxonomy":"product_brand","embeddable":true,"href":"https:\/\/agrovetazerbaijan.az\/en\/wp-json\/wp\/v2\/product_brand?post=989713"},{"taxonomy":"product_cat","embeddable":true,"href":"https:\/\/agrovetazerbaijan.az\/en\/wp-json\/wp\/v2\/product_cat?post=989713"},{"taxonomy":"product_tag","embeddable":true,"href":"https:\/\/agrovetazerbaijan.az\/en\/wp-json\/wp\/v2\/product_tag?post=989713"}],"curies":[{"name":"wp","href":"https:\/\/api.w.org\/{rel}","templated":true}]}}