{"id":989710,"date":"2025-06-20T15:31:55","date_gmt":"2025-06-20T15:31:55","guid":{"rendered":"https:\/\/agrovetazerbaijan.az\/?post_type=product&#038;p=989710"},"modified":"2025-06-20T15:32:13","modified_gmt":"2025-06-20T15:32:13","slug":"roviclin-yem-%c9%99lav%c9%99si","status":"publish","type":"product","link":"https:\/\/agrovetazerbaijan.az\/en\/product\/roviclin-yem-%c9%99lav%c9%99si\/","title":{"rendered":"Roviclin feed additive"},"content":{"rendered":"<div class=\"vgblk-rw-wrapper limit-wrapper\">\n<h3 data-start=\"191\" data-end=\"235\"><strong data-start=\"195\" data-end=\"235\">Roviklin \u2013 Anticoccidial Feed Additive<\/strong><\/h3>\n<p data-start=\"237\" data-end=\"285\"><strong data-start=\"237\" data-end=\"249\">Ingredients:<\/strong><br data-start=\"249\" data-end=\"252\" \/>\ud83d\udd39 Robenidine Hydrochloride \u2013 10%<\/p>\n<hr data-start=\"287\" data-end=\"290\" \/>\n<p data-start=\"292\" data-end=\"579\"><strong data-start=\"292\" data-end=\"304\">Description:<\/strong><br data-start=\"304\" data-end=\"307\" \/><strong data-start=\"307\" data-end=\"319\">Roviklin<\/strong> \u2013 parasitic in birds and other animals <strong data-start=\"363\" data-end=\"374\">Eimeria<\/strong> highly effective against species <strong data-start=\"416\" data-end=\"448\">anticoccidial feed additive<\/strong>It is used for the prevention of coccidiosis diseases, especially during the breeding period of broilers and maintenance young.<\/p>\n<hr data-start=\"581\" data-end=\"584\" \/>\n<p data-start=\"586\" data-end=\"671\"><strong data-start=\"586\" data-end=\"608\">Spectrum of Activity:<\/strong><br data-start=\"608\" data-end=\"611\" \/>Roviklin&#039;s following <strong data-start=\"630\" data-end=\"641\">Eimeria<\/strong> It is effective against the following types:<\/p>\n<ul data-start=\"672\" data-end=\"901\">\n<li data-start=\"672\" data-end=\"691\">\n<p data-start=\"674\" data-end=\"691\"><em data-start=\"674\" data-end=\"689\">E. acervulina<\/em><\/p>\n<\/li>\n<li data-start=\"692\" data-end=\"707\">\n<p data-start=\"694\" data-end=\"707\"><em data-start=\"694\" data-end=\"705\">E. maxima<\/em><\/p>\n<\/li>\n<li data-start=\"708\" data-end=\"724\">\n<p data-start=\"710\" data-end=\"724\"><em data-start=\"710\" data-end=\"722\">E. tenella<\/em><\/p>\n<\/li>\n<li data-start=\"725\" data-end=\"742\">\n<p data-start=\"727\" data-end=\"742\"><em data-start=\"727\" data-end=\"740\">E. brunetti<\/em><\/p>\n<\/li>\n<li data-start=\"743\" data-end=\"760\">\n<p data-start=\"745\" data-end=\"760\"><em data-start=\"745\" data-end=\"758\">E. necatrix<\/em><\/p>\n<\/li>\n<li data-start=\"761\" data-end=\"775\">\n<p data-start=\"763\" data-end=\"775\"><em data-start=\"763\" data-end=\"773\">E. mitis<\/em><\/p>\n<\/li>\n<li data-start=\"776\" data-end=\"792\">\n<p data-start=\"778\" data-end=\"792\"><em data-start=\"778\" data-end=\"790\">E. praecox<\/em><\/p>\n<\/li>\n<li data-start=\"793\" data-end=\"808\">\n<p data-start=\"795\" data-end=\"808\"><em data-start=\"795\" data-end=\"806\">E. hagani<\/em><\/p>\n<\/li>\n<li data-start=\"809\" data-end=\"827\">\n<p data-start=\"811\" data-end=\"827\"><em data-start=\"811\" data-end=\"825\">E. adenoides<\/em><\/p>\n<\/li>\n<li data-start=\"828\" data-end=\"850\">\n<p data-start=\"830\" data-end=\"850\"><em data-start=\"830\" data-end=\"848\">E. meleagrimitis<\/em><\/p>\n<\/li>\n<li data-start=\"851\" data-end=\"867\">\n<p data-start=\"853\" data-end=\"867\"><em data-start=\"853\" data-end=\"865\">E. anceris<\/em><\/p>\n<\/li>\n<li data-start=\"868\" data-end=\"901\">\n<p data-start=\"870\" data-end=\"901\"><em data-start=\"870\" data-end=\"883\">E. truncata<\/em><br data-start=\"883\" data-end=\"886\" \/>and other types<\/p>\n<\/li>\n<\/ul>\n<hr data-start=\"903\" data-end=\"906\" \/>\n<p data-start=\"908\" data-end=\"961\"><strong data-start=\"908\" data-end=\"928\">Usage Dosage:<\/strong><br data-start=\"928\" data-end=\"931\" \/>\u27a4 <strong data-start=\"933\" data-end=\"961\">330 \u2013 400 grams \/ ton of feed<\/strong><\/p>\n<hr data-start=\"963\" data-end=\"966\" \/>\n<p data-start=\"968\" data-end=\"991\"><strong data-start=\"968\" data-end=\"989\">Usage Instructions:<\/strong><\/p>\n<ul data-start=\"992\" data-end=\"1171\">\n<li data-start=\"992\" data-end=\"1084\">\n<p data-start=\"994\" data-end=\"1084\"><strong data-start=\"994\" data-end=\"1015\">Broiler chickens:<\/strong> It is given continuously from 1 day of age until 5 days before slaughter.<\/p>\n<\/li>\n<li data-start=\"1085\" data-end=\"1171\">\n<p data-start=\"1087\" data-end=\"1171\"><strong data-start=\"1087\" data-end=\"1118\">Chicken repair young:<\/strong> It is used from 1 day of age to 16 weeks of age.<\/p>\n<\/li>\n<\/ul>\n<hr data-start=\"1173\" data-end=\"1176\" \/>\n<p data-start=\"1178\" data-end=\"1257\"><strong data-start=\"1178\" data-end=\"1194\">Packaging:<\/strong> 25 kg bag<br data-start=\"1205\" data-end=\"1208\" \/><strong data-start=\"1208\" data-end=\"1223\">Manufacturer:<\/strong> <em data-start=\"1224\" data-end=\"1245\">Zenex Animal Health<\/em> \u2013 India<\/p>\n<\/div>\n<p><!-- .vgblk-rw-wrapper --><\/p>","protected":false},"excerpt":{"rendered":"<p>Roviklin \u2013 Antikoksidial Yem \u018flav\u0259si T\u0259rkibi:\ud83d\udd39 Robenidine Hydrochloride \u2013 10% T\u0259sviri:Roviklin \u2013 qu\u015f v\u0259 dig\u0259r heyvanlarda parazitlik ed\u0259n Eimeria n\u00f6vl\u0259rin\u0259 qar\u015f\u0131 y\u00fcks\u0259k t\u0259sir\u0259 malik olan antikoksidial yem \u0259lav\u0259sidir. X\u00fcsusil\u0259 broyler v\u0259 t\u0259mir cavanlar\u0131n\u0131n yeti\u015fdirilm\u0259 d\u00f6vr\u00fcnd\u0259 koksidiyoz x\u0259st\u0259likl\u0259rinin qar\u015f\u0131s\u0131n\u0131n al\u0131nmas\u0131 \u00fc\u00e7\u00fcn istifad\u0259 olunur. F\u0259aliyy\u0259t Spektri:Roviklin a\u015fa\u011f\u0131dak\u0131 Eimeria n\u00f6vl\u0259rin\u0259 qar\u015f\u0131 t\u0259sirlidir: E. acervulina E. maxima E. tenella&#8230;<\/p>","protected":false},"featured_media":989711,"comment_status":"closed","ping_status":"closed","template":"","meta":{"nf_dc_page":"","_monsterinsights_skip_tracking":false,"_monsterinsights_sitenote_active":false,"_monsterinsights_sitenote_note":"","_monsterinsights_sitenote_category":0},"product_brand":[],"product_cat":[160,241,68],"product_tag":[],"class_list":{"0":"post-989710","1":"product","2":"type-product","3":"status-publish","4":"has-post-thumbnail","6":"product_cat-nutrients","7":"product_cat-koksidiallar","8":"product_cat-poultry","10":"first","11":"instock","12":"shipping-taxable","13":"product-type-simple"},"jetpack_sharing_enabled":true,"_links":{"self":[{"href":"https:\/\/agrovetazerbaijan.az\/en\/wp-json\/wp\/v2\/product\/989710","targetHints":{"allow":["GET"]}}],"collection":[{"href":"https:\/\/agrovetazerbaijan.az\/en\/wp-json\/wp\/v2\/product"}],"about":[{"href":"https:\/\/agrovetazerbaijan.az\/en\/wp-json\/wp\/v2\/types\/product"}],"replies":[{"embeddable":true,"href":"https:\/\/agrovetazerbaijan.az\/en\/wp-json\/wp\/v2\/comments?post=989710"}],"version-history":[{"count":1,"href":"https:\/\/agrovetazerbaijan.az\/en\/wp-json\/wp\/v2\/product\/989710\/revisions"}],"predecessor-version":[{"id":989712,"href":"https:\/\/agrovetazerbaijan.az\/en\/wp-json\/wp\/v2\/product\/989710\/revisions\/989712"}],"wp:featuredmedia":[{"embeddable":true,"href":"https:\/\/agrovetazerbaijan.az\/en\/wp-json\/wp\/v2\/media\/989711"}],"wp:attachment":[{"href":"https:\/\/agrovetazerbaijan.az\/en\/wp-json\/wp\/v2\/media?parent=989710"}],"wp:term":[{"taxonomy":"product_brand","embeddable":true,"href":"https:\/\/agrovetazerbaijan.az\/en\/wp-json\/wp\/v2\/product_brand?post=989710"},{"taxonomy":"product_cat","embeddable":true,"href":"https:\/\/agrovetazerbaijan.az\/en\/wp-json\/wp\/v2\/product_cat?post=989710"},{"taxonomy":"product_tag","embeddable":true,"href":"https:\/\/agrovetazerbaijan.az\/en\/wp-json\/wp\/v2\/product_tag?post=989710"}],"curies":[{"name":"wp","href":"https:\/\/api.w.org\/{rel}","templated":true}]}}