{"id":989707,"date":"2025-06-20T15:26:19","date_gmt":"2025-06-20T15:26:19","guid":{"rendered":"https:\/\/agrovetazerbaijan.az\/?post_type=product&#038;p=989707"},"modified":"2025-06-20T15:26:42","modified_gmt":"2025-06-20T15:26:42","slug":"monacox-yem-%c9%99lav%c9%99si","status":"publish","type":"product","link":"https:\/\/agrovetazerbaijan.az\/en\/product\/monacox-yem-%c9%99lav%c9%99si\/","title":{"rendered":"Monacox feed additive"},"content":{"rendered":"<div class=\"vgblk-rw-wrapper limit-wrapper\">\n<h3 data-start=\"235\" data-end=\"277\"><strong data-start=\"239\" data-end=\"277\">Monacox \u2013 Antioxidant Feed Additive<\/strong><\/h3>\n<p data-start=\"279\" data-end=\"319\"><strong data-start=\"279\" data-end=\"291\">Ingredients:<\/strong><br data-start=\"291\" data-end=\"294\" \/>Maduramicin Ammonium \u2013 1%<\/p>\n<p data-start=\"321\" data-end=\"556\"><strong data-start=\"321\" data-end=\"333\">Description:<\/strong><br data-start=\"333\" data-end=\"336\" \/><strong data-start=\"336\" data-end=\"347\">Monaco<\/strong>, a powerful drug used in veterinary medicine <strong data-start=\"383\" data-end=\"414\">antioxidant feed additive<\/strong>. The content <strong data-start=\"429\" data-end=\"444\">Maduramicin<\/strong> It has a broad-spectrum protective effect against coccidiosis in broilers and maintenance chickens.<\/p>\n<p data-start=\"558\" data-end=\"655\"><strong data-start=\"558\" data-end=\"580\">Spectrum of activity:<\/strong><br data-start=\"580\" data-end=\"583\" \/>It is highly effective against the following species of Eimeria parasites:<\/p>\n<ul data-start=\"656\" data-end=\"811\">\n<li data-start=\"656\" data-end=\"677\">\n<p data-start=\"658\" data-end=\"677\"><em data-start=\"658\" data-end=\"675\">Eimeria tenella<\/em><\/p>\n<\/li>\n<li data-start=\"678\" data-end=\"695\">\n<p data-start=\"680\" data-end=\"695\"><em data-start=\"680\" data-end=\"693\">E. necatrix<\/em><\/p>\n<\/li>\n<li data-start=\"696\" data-end=\"715\">\n<p data-start=\"698\" data-end=\"715\"><em data-start=\"698\" data-end=\"713\">E. acervulina<\/em><\/p>\n<\/li>\n<li data-start=\"716\" data-end=\"733\">\n<p data-start=\"718\" data-end=\"733\"><em data-start=\"718\" data-end=\"731\">E. brunetti<\/em><\/p>\n<\/li>\n<li data-start=\"734\" data-end=\"749\">\n<p data-start=\"736\" data-end=\"749\"><em data-start=\"736\" data-end=\"747\">E. mewati<\/em><\/p>\n<\/li>\n<li data-start=\"750\" data-end=\"768\">\n<p data-start=\"752\" data-end=\"768\"><em data-start=\"752\" data-end=\"766\">E. adenoides<\/em><\/p>\n<\/li>\n<li data-start=\"769\" data-end=\"791\">\n<p data-start=\"771\" data-end=\"791\"><em data-start=\"771\" data-end=\"789\">E. mellagrimitis<\/em><\/p>\n<\/li>\n<li data-start=\"792\" data-end=\"811\">\n<p data-start=\"794\" data-end=\"811\"><em data-start=\"794\" data-end=\"811\">E. gallopavonis<\/em><\/p>\n<\/li>\n<\/ul>\n<p data-start=\"813\" data-end=\"860\"><strong data-start=\"813\" data-end=\"833\">Usage dosage:<\/strong><br data-start=\"833\" data-end=\"836\" \/>\u27a4 <strong data-start=\"838\" data-end=\"860\">500 grams\/ton of feed<\/strong><\/p>\n<p data-start=\"862\" data-end=\"885\"><strong data-start=\"862\" data-end=\"883\">Instructions for use:<\/strong><\/p>\n<ul data-start=\"886\" data-end=\"1066\">\n<li data-start=\"886\" data-end=\"979\">\n<p data-start=\"888\" data-end=\"979\"><strong data-start=\"888\" data-end=\"909\">Broiler chickens:<\/strong> It is given continuously from 1 day of age until 5 days before slaughter.<\/p>\n<\/li>\n<li data-start=\"980\" data-end=\"1066\">\n<p data-start=\"982\" data-end=\"1066\"><strong data-start=\"982\" data-end=\"1013\">Chicken repair young:<\/strong> It is used from 1 day of age to 16 weeks of age.<\/p>\n<\/li>\n<\/ul>\n<p data-start=\"1068\" data-end=\"1141\"><strong data-start=\"1068\" data-end=\"1084\">Packaging:<\/strong> 25 kg<br data-start=\"1090\" data-end=\"1093\" \/><strong data-start=\"1093\" data-end=\"1108\">Manufacturer:<\/strong> <em data-start=\"1109\" data-end=\"1130\">Zenex Animal Health<\/em>, India<\/p>\n<\/div>\n<p><!-- .vgblk-rw-wrapper --><\/p>","protected":false},"excerpt":{"rendered":"<p>Monacox \u2013 Antikoksidal Yem \u018flav\u0259si T\u0259rkibi:Maduramicin Ammonium \u2013 1% T\u0259sviri:Monacox, baytarl\u0131qda istifad\u0259 olunan g\u00fccl\u00fc antikoksidal yem \u0259lav\u0259sidir. T\u0259rkibind\u0259ki Maduramicin say\u0259sind\u0259 broyler v\u0259 t\u0259mir cavanlar\u0131nda koksidiyoz x\u0259st\u0259likl\u0259rin\u0259 qar\u015f\u0131 geni\u015f spektrli qoruyucu t\u0259sir g\u00f6st\u0259rir. F\u0259aliyy\u0259t spektri:A\u015fa\u011f\u0131dak\u0131 n\u00f6v Eimeria parazitl\u0259rin\u0259 qar\u015f\u0131 y\u00fcks\u0259k effektivlik g\u00f6st\u0259rir: Eimeria tenella E. necatrix E. acervulina E. brunetti E. mivati E. adenoides E. mellagrimitis&#8230;<\/p>","protected":false},"featured_media":989708,"comment_status":"closed","ping_status":"closed","template":"","meta":{"nf_dc_page":"","_monsterinsights_skip_tracking":false,"_monsterinsights_sitenote_active":false,"_monsterinsights_sitenote_note":"","_monsterinsights_sitenote_category":0},"product_brand":[],"product_cat":[241,160,68],"product_tag":[],"class_list":{"0":"post-989707","1":"product","2":"type-product","3":"status-publish","4":"has-post-thumbnail","6":"product_cat-koksidiallar","7":"product_cat-nutrients","8":"product_cat-poultry","10":"first","11":"instock","12":"shipping-taxable","13":"product-type-simple"},"jetpack_sharing_enabled":true,"_links":{"self":[{"href":"https:\/\/agrovetazerbaijan.az\/en\/wp-json\/wp\/v2\/product\/989707","targetHints":{"allow":["GET"]}}],"collection":[{"href":"https:\/\/agrovetazerbaijan.az\/en\/wp-json\/wp\/v2\/product"}],"about":[{"href":"https:\/\/agrovetazerbaijan.az\/en\/wp-json\/wp\/v2\/types\/product"}],"replies":[{"embeddable":true,"href":"https:\/\/agrovetazerbaijan.az\/en\/wp-json\/wp\/v2\/comments?post=989707"}],"version-history":[{"count":1,"href":"https:\/\/agrovetazerbaijan.az\/en\/wp-json\/wp\/v2\/product\/989707\/revisions"}],"predecessor-version":[{"id":989709,"href":"https:\/\/agrovetazerbaijan.az\/en\/wp-json\/wp\/v2\/product\/989707\/revisions\/989709"}],"wp:featuredmedia":[{"embeddable":true,"href":"https:\/\/agrovetazerbaijan.az\/en\/wp-json\/wp\/v2\/media\/989708"}],"wp:attachment":[{"href":"https:\/\/agrovetazerbaijan.az\/en\/wp-json\/wp\/v2\/media?parent=989707"}],"wp:term":[{"taxonomy":"product_brand","embeddable":true,"href":"https:\/\/agrovetazerbaijan.az\/en\/wp-json\/wp\/v2\/product_brand?post=989707"},{"taxonomy":"product_cat","embeddable":true,"href":"https:\/\/agrovetazerbaijan.az\/en\/wp-json\/wp\/v2\/product_cat?post=989707"},{"taxonomy":"product_tag","embeddable":true,"href":"https:\/\/agrovetazerbaijan.az\/en\/wp-json\/wp\/v2\/product_tag?post=989707"}],"curies":[{"name":"wp","href":"https:\/\/api.w.org\/{rel}","templated":true}]}}