{"id":989704,"date":"2025-06-20T15:13:54","date_gmt":"2025-06-20T15:13:54","guid":{"rendered":"https:\/\/agrovetazerbaijan.az\/?post_type=product&#038;p=989704"},"modified":"2025-06-20T15:27:38","modified_gmt":"2025-06-20T15:27:38","slug":"coxistac-yem-%c9%99lav%c9%99si","status":"publish","type":"product","link":"https:\/\/agrovetazerbaijan.az\/en\/product\/coxistac-yem-%c9%99lav%c9%99si\/","title":{"rendered":"Coxistac feed supplement"},"content":{"rendered":"<div class=\"vgblk-rw-wrapper limit-wrapper\">\n<h3 data-start=\"160\" data-end=\"205\">\ud83d\udc14 <strong data-start=\"167\" data-end=\"205\">Coxistac (Salinomycin Sodium 12%)<\/strong><\/h3>\n<p data-start=\"207\" data-end=\"426\"><strong data-start=\"207\" data-end=\"219\">Description:<\/strong><br data-start=\"219\" data-end=\"222\" \/>Coxsackie \u2014 <strong data-start=\"234\" data-end=\"276\">antibiotic with coccidiostatic effect<\/strong>The following Eimeria species are responsible for the disease in broiler and layer chickens: <strong data-start=\"351\" data-end=\"397\">Treatment and prevention of coccidiosis<\/strong> used for the purpose of:<\/p>\n<ul data-start=\"427\" data-end=\"529\">\n<li data-start=\"427\" data-end=\"442\">\n<p data-start=\"429\" data-end=\"442\"><em data-start=\"429\" data-end=\"440\">E. mewati<\/em><\/p>\n<\/li>\n<li data-start=\"443\" data-end=\"460\">\n<p data-start=\"445\" data-end=\"460\"><em data-start=\"445\" data-end=\"458\">E. brunetti<\/em><\/p>\n<\/li>\n<li data-start=\"461\" data-end=\"477\">\n<p data-start=\"463\" data-end=\"477\"><em data-start=\"463\" data-end=\"475\">E. tenella<\/em><\/p>\n<\/li>\n<li data-start=\"478\" data-end=\"497\">\n<p data-start=\"480\" data-end=\"497\"><em data-start=\"480\" data-end=\"495\">E. acervulina<\/em><\/p>\n<\/li>\n<li data-start=\"498\" data-end=\"513\">\n<p data-start=\"500\" data-end=\"513\"><em data-start=\"500\" data-end=\"511\">E. maxima<\/em><\/p>\n<\/li>\n<li data-start=\"514\" data-end=\"529\">\n<p data-start=\"516\" data-end=\"529\"><em data-start=\"516\" data-end=\"529\">E. necatrix<\/em><\/p>\n<\/li>\n<\/ul>\n<hr data-start=\"531\" data-end=\"534\" \/>\n<p data-start=\"536\" data-end=\"575\"><strong data-start=\"536\" data-end=\"548\">Ingredients:<\/strong><br data-start=\"548\" data-end=\"551\" \/>Salinomycin Sodium \u2013 12%<\/p>\n<hr data-start=\"577\" data-end=\"580\" \/>\n<p data-start=\"582\" data-end=\"628\"><strong data-start=\"582\" data-end=\"602\">Usage dosage:<\/strong><br data-start=\"602\" data-end=\"605\" \/>\ud83d\udfe1 500 grams \/ 1 ton of feed<\/p>\n<hr data-start=\"630\" data-end=\"633\" \/>\n<p data-start=\"635\" data-end=\"658\"><strong data-start=\"635\" data-end=\"656\">Instructions for use:<\/strong><\/p>\n<ul data-start=\"659\" data-end=\"846\">\n<li data-start=\"659\" data-end=\"747\">\n<p data-start=\"661\" data-end=\"747\"><strong data-start=\"661\" data-end=\"682\">Broiler chickens:<\/strong> Starting from 1 day of age <strong data-start=\"710\" data-end=\"736\">1 day before slaughter<\/strong> is given.<\/p>\n<\/li>\n<li data-start=\"748\" data-end=\"846\">\n<p data-start=\"750\" data-end=\"846\"><strong data-start=\"750\" data-end=\"788\">Repair young chickens (laying):<\/strong> From 1 day old <strong data-start=\"805\" data-end=\"825\">16 weeks old<\/strong> is applied until.<\/p>\n<\/li>\n<\/ul>\n<hr data-start=\"848\" data-end=\"851\" \/>\n<p data-start=\"853\" data-end=\"965\">\ud83d\udce6 <strong data-start=\"856\" data-end=\"872\">Packaging:<\/strong> 25 kg bag<br data-start=\"883\" data-end=\"886\" \/>\ud83c\udfed <strong data-start=\"889\" data-end=\"904\">Manufacturer:<\/strong> <strong data-start=\"905\" data-end=\"928\">Zenex Animal Health<\/strong>, India<br data-start=\"939\" data-end=\"942\" \/>\ud83c\udf0d <strong data-start=\"945\" data-end=\"955\">Origin:<\/strong> India<\/p>\n<\/div>\n<p><!-- .vgblk-rw-wrapper --><\/p>","protected":false},"excerpt":{"rendered":"<p>\ud83d\udc14 Koksistak (Salinomycin Sodium 12%) T\u0259sviri:Koksistak \u2014 koksidiostatik t\u0259sir\u0259 malik antibiotikdir. \u018ftlik v\u0259 yumurtal\u0131q toyuqlarda a\u015fa\u011f\u0131dak\u0131 Eimeria n\u00f6vl\u0259rinin t\u00f6r\u0259tdiyi koksidiozlar\u0131n m\u00fcalic\u0259si v\u0259 profilaktikas\u0131 m\u0259qs\u0259dil\u0259 istifad\u0259 olunur: E. mivati E. brunetti E. tenella E. acervulina E. maxima E. necatrix T\u0259rkibi:Salinomycin Sodium \u2013 12% \u0130stifad\u0259 dozas\u0131:\ud83d\udfe1 500 qram \/ 1 ton yem \u0130stifad\u0259 qaydas\u0131: Broyler c\u00fcc\u0259l\u0259ri: 1&#8230;<\/p>","protected":false},"featured_media":989705,"comment_status":"closed","ping_status":"closed","template":"","meta":{"nf_dc_page":"","_monsterinsights_skip_tracking":false,"_monsterinsights_sitenote_active":false,"_monsterinsights_sitenote_note":"","_monsterinsights_sitenote_category":0},"product_brand":[],"product_cat":[160,241,68],"product_tag":[],"class_list":{"0":"post-989704","1":"product","2":"type-product","3":"status-publish","4":"has-post-thumbnail","6":"product_cat-nutrients","7":"product_cat-koksidiallar","8":"product_cat-poultry","10":"first","11":"instock","12":"shipping-taxable","13":"product-type-simple"},"jetpack_sharing_enabled":true,"_links":{"self":[{"href":"https:\/\/agrovetazerbaijan.az\/en\/wp-json\/wp\/v2\/product\/989704","targetHints":{"allow":["GET"]}}],"collection":[{"href":"https:\/\/agrovetazerbaijan.az\/en\/wp-json\/wp\/v2\/product"}],"about":[{"href":"https:\/\/agrovetazerbaijan.az\/en\/wp-json\/wp\/v2\/types\/product"}],"replies":[{"embeddable":true,"href":"https:\/\/agrovetazerbaijan.az\/en\/wp-json\/wp\/v2\/comments?post=989704"}],"version-history":[{"count":1,"href":"https:\/\/agrovetazerbaijan.az\/en\/wp-json\/wp\/v2\/product\/989704\/revisions"}],"predecessor-version":[{"id":989706,"href":"https:\/\/agrovetazerbaijan.az\/en\/wp-json\/wp\/v2\/product\/989704\/revisions\/989706"}],"wp:featuredmedia":[{"embeddable":true,"href":"https:\/\/agrovetazerbaijan.az\/en\/wp-json\/wp\/v2\/media\/989705"}],"wp:attachment":[{"href":"https:\/\/agrovetazerbaijan.az\/en\/wp-json\/wp\/v2\/media?parent=989704"}],"wp:term":[{"taxonomy":"product_brand","embeddable":true,"href":"https:\/\/agrovetazerbaijan.az\/en\/wp-json\/wp\/v2\/product_brand?post=989704"},{"taxonomy":"product_cat","embeddable":true,"href":"https:\/\/agrovetazerbaijan.az\/en\/wp-json\/wp\/v2\/product_cat?post=989704"},{"taxonomy":"product_tag","embeddable":true,"href":"https:\/\/agrovetazerbaijan.az\/en\/wp-json\/wp\/v2\/product_tag?post=989704"}],"curies":[{"name":"wp","href":"https:\/\/api.w.org\/{rel}","templated":true}]}}